{"id":23308,"date":"2025-10-20T15:20:52","date_gmt":"2025-10-20T14:20:52","guid":{"rendered":"https:\/\/ake.de\/przedsiebiorstwo\/"},"modified":"2025-10-20T15:20:53","modified_gmt":"2025-10-20T14:20:53","slug":"przedsiebiorstwo","status":"publish","type":"page","link":"https:\/\/ake.de\/pl\/przedsiebiorstwo\/","title":{"rendered":"Przedsi\u0119biorstwo"},"content":{"rendered":"<p><div class=\"fusion-fullwidth fullwidth-box nonhundred-percent-fullwidth non-hundred-percent-height-scrolling\"  style='background-color: rgba(255,255,255,0);background-position: center center;background-repeat: no-repeat;padding-top:0px;padding-right:0px;padding-bottom:0px;padding-left:0px;'><div class=\"fusion-builder-row fusion-row \"><div  class=\"fusion-layout-column fusion_builder_column fusion_builder_column_1_1  fusion-one-full fusion-column-first fusion-column-last 1_1\"  style='margin-top:0px;margin-bottom:0px;'>\n\t\t\t\t\t<div class=\"fusion-column-wrapper\" style=\"padding: 0px 0px 0px 0px;background-position:left top;background-repeat:no-repeat;-webkit-background-size:cover;-moz-background-size:cover;-o-background-size:cover;background-size:cover;\"  data-bg-url=\"\">\n\t\t\t\t\t\t<div class=\"fusion-title title fusion-sep-none fusion-title-size-one\" style=\"margin-top:20px;margin-bottom:0px;\"><h1 class=\"title-heading-left\"><p style=\"text-align: left;\"><span style=\"color: #9d9d9d;\">Przedsi\u0119biorstwo<\/span><\/p><\/h1><\/div><div class=\"fusion-clearfix\"><\/div>\n\n\t\t\t\t\t<\/div>\n\t\t\t\t<\/div><\/div><\/div><div class=\"fusion-fullwidth fullwidth-box nonhundred-percent-fullwidth non-hundred-percent-height-scrolling\"  style='background-color: rgba(255,255,255,0);background-position: center center;background-repeat: no-repeat;padding-top:0px;padding-right:0px;padding-bottom:0px;padding-left:0px;'><div class=\"fusion-builder-row fusion-row \"><div  class=\"fusion-layout-column fusion_builder_column fusion_builder_column_1_1  fusion-one-full fusion-column-first fusion-column-last border-content3 1_1\"  style='margin-top:0px;margin-bottom:0px;'>\n\t\t\t\t\t<div class=\"fusion-column-wrapper\" style=\"padding: 0px 0px 0px 0px;background-image: url('https:\/\/www.ake.de\/wp-content\/uploads\/2020\/11\/win-puzzel-scaled.jpg');background-position:left top;background-repeat:no-repeat;-webkit-background-size:cover;-moz-background-size:cover;-o-background-size:cover;background-size:cover;\"  data-bg-url=\"https:\/\/www.ake.de\/wp-content\/uploads\/2020\/11\/win-puzzel-scaled.jpg\">\n\t\t\t\t\t\t<style type='text\/css'>.reading-box-container-1 .element-bottomshadow:before,.reading-box-container-1 .element-bottomshadow:after{opacity:0.70;}<\/style><div class=\"fusion-reading-box-container reading-box-container-1\" style=\"margin-top:0px;margin-bottom:100px;\"><div class=\"reading-box\" style=\"background-color:rgba(246,246,246,0);border-width:0px;border-color:#424242;border-style:solid;\"><h2>Jobs: Machen Sie Karriere bei uns!<\/h2><div class=\"reading-box-additional fusion-reading-box-additional\"><a name=\"karriere\"><\/a><br \/>\nZapraszamy do kontaktu w sprawie pracy u jednego z wiod\u0105cych producent\u00f3w pi\u0142 tarczowych<\/div><div class=\"fusion-clearfix\"><\/div><\/div><\/div><div class=\"fusion-clearfix\"><\/div>\n\n\t\t\t\t\t<\/div>\n\t\t\t\t<\/div><\/div><\/div><div class=\"fusion-fullwidth fullwidth-box border-content4 nonhundred-percent-fullwidth non-hundred-percent-height-scrolling\"  style='background-color: rgba(255,255,255,0);background-position: center center;background-repeat: no-repeat;padding-top:10px;padding-right:10px;padding-bottom:0px;padding-left:10px;margin-bottom: 30px;'><div class=\"fusion-builder-row fusion-row \"><div  class=\"fusion-layout-column fusion_builder_column fusion_builder_column_1_2  fusion-one-half fusion-column-first border-content-start1 1_2\"  style='margin-top:0px;margin-bottom:10px;width:50%;width:calc(50% - ( ( 4% ) * 0.5 ) );margin-right: 4%;'>\n\t\t\t\t\t<div class=\"fusion-column-wrapper\" style=\"padding: 0px 0px 0px 0px;background-position:left top;background-repeat:no-repeat;-webkit-background-size:cover;-moz-background-size:cover;-o-background-size:cover;background-size:cover;\"  data-bg-url=\"\">\n\t\t\t\t\t\t<div class=\"fusion-column-content-centered\"><div class=\"fusion-column-content\"><div class=\"fusion-button-wrapperleft\"><style type=\"text\/css\" scoped=\"scoped\">.fusion-button.button-1 .fusion-button-text, .fusion-button.button-1 i {color:#9d9d9d;}.fusion-button.button-1 {border-width:0px;border-color:#9d9d9d;}.fusion-button.button-1 .fusion-button-icon-divider{border-color:#9d9d9d;}.fusion-button.button-1:hover .fusion-button-text, .fusion-button.button-1:hover i,.fusion-button.button-1:focus .fusion-button-text, .fusion-button.button-1:focus i,.fusion-button.button-1:active .fusion-button-text, .fusion-button.button-1:active{color:#4242af;}.fusion-button.button-1:hover, .fusion-button.button-1:focus, .fusion-button.button-1:active{border-width:0px;border-color:#4242af;}.fusion-button.button-1:hover .fusion-button-icon-divider, .fusion-button.button-1:hover .fusion-button-icon-divider, .fusion-button.button-1:active .fusion-button-icon-divider{border-color:#4242af;}.fusion-button.button-1{width:100%;}<\/style><a class=\"fusion-button button-flat fusion-button-square button-xlarge button-default button-1\" target=\"_self\" href=\"https:\/\/ake.de\/bewerbung\/\"><span class=\"fusion-button-text\">Do\u015bwiadczenie zawodowe<\/span><\/a><\/div><\/div><\/div><div class=\"fusion-clearfix\"><\/div>\n\n\t\t\t\t\t<\/div>\n\t\t\t\t<\/div><div  class=\"fusion-layout-column fusion_builder_column fusion_builder_column_1_2  fusion-one-half fusion-column-last border-content-start1 1_2\"  style='margin-top:0px;margin-bottom:10px;width:50%;width:calc(50% - ( ( 4% ) * 0.5 ) );'>\n\t\t\t\t\t<div class=\"fusion-column-wrapper\" style=\"padding: 0px 0px 0px 0px;background-position:left top;background-repeat:no-repeat;-webkit-background-size:cover;-moz-background-size:cover;-o-background-size:cover;background-size:cover;\"  data-bg-url=\"\">\n\t\t\t\t\t\t<div class=\"fusion-column-content-centered\"><div class=\"fusion-column-content\"><div class=\"fusion-button-wrapperleft\"><style type=\"text\/css\" scoped=\"scoped\">.fusion-button.button-2 .fusion-button-text, .fusion-button.button-2 i {color:#9d9d9d;}.fusion-button.button-2 {border-width:0px;border-color:#9d9d9d;}.fusion-button.button-2 .fusion-button-icon-divider{border-color:#9d9d9d;}.fusion-button.button-2:hover .fusion-button-text, .fusion-button.button-2:hover i,.fusion-button.button-2:focus .fusion-button-text, .fusion-button.button-2:focus i,.fusion-button.button-2:active .fusion-button-text, .fusion-button.button-2:active{color:#4242af;}.fusion-button.button-2:hover, .fusion-button.button-2:focus, .fusion-button.button-2:active{border-width:0px;border-color:#4242af;}.fusion-button.button-2:hover .fusion-button-icon-divider, .fusion-button.button-2:hover .fusion-button-icon-divider, .fusion-button.button-2:active .fusion-button-icon-divider{border-color:#4242af;}.fusion-button.button-2{width:100%;}<\/style><a class=\"fusion-button button-flat fusion-button-square button-xlarge button-default button-2\" target=\"_self\" href=\"https:\/\/ake.de\/berufseinsteiger\/\"><span class=\"fusion-button-text\">Osoby rozpoczynaj\u0105ce karier\u0119 zawodow\u0105<\/span><\/a><\/div><\/div><\/div><div class=\"fusion-clearfix\"><\/div>\n\n\t\t\t\t\t<\/div>\n\t\t\t\t<\/div><\/div><\/div><div class=\"fusion-fullwidth fullwidth-box nonhundred-percent-fullwidth non-hundred-percent-height-scrolling\"  style='background-color: rgba(255,255,255,0);background-position: center center;background-repeat: no-repeat;padding-top:0px;padding-right:0px;padding-bottom:0px;padding-left:0px;'><div class=\"fusion-builder-row fusion-row \"><div  class=\"fusion-layout-column fusion_builder_column fusion_builder_column_1_1  fusion-one-full fusion-column-first fusion-column-last border-content3 1_1\"  style='margin-top:0px;margin-bottom:0px;'>\n\t\t\t\t\t<div class=\"fusion-column-wrapper\" style=\"padding: 0px 0px 0px 0px;background-image: url('https:\/\/ake.de\/wp-content\/uploads\/2019\/10\/RundumAKE.jpg');background-position:left center;background-repeat:no-repeat;-webkit-background-size:cover;-moz-background-size:cover;-o-background-size:cover;background-size:cover;\"  data-bg-url=\"https:\/\/ake.de\/wp-content\/uploads\/2019\/10\/RundumAKE.jpg\">\n\t\t\t\t\t\t<style type='text\/css'>.reading-box-container-2 .element-bottomshadow:before,.reading-box-container-2 .element-bottomshadow:after{opacity:0.70;}<\/style><div class=\"fusion-reading-box-container reading-box-container-2\" style=\"margin-top:0px;margin-bottom:100px;\"><div class=\"reading-box\" style=\"background-color:rgba(246,246,246,0);border-width:0px;border-color:#424242;border-style:solid;\"><h2>Rund um AKE<\/h2><div class=\"reading-box-additional fusion-reading-box-additional\">\n<p><span style=\"color: #ffffff;\">Dowiedz si\u0119 wi\u0119cej o naszej rodzinnej,<\/span><br \/>\n<span style=\"color: #ffffff;\">\u015bredniej wielko\u015bci firmie dzia\u0142aj\u0105cej na rynku mi\u0119dzynarodowym.<\/span><\/p>\n<p>&nbsp;<\/p>\n<\/div><div class=\"fusion-clearfix\"><\/div><\/div><\/div><div class=\"fusion-clearfix\"><\/div>\n\n\t\t\t\t\t<\/div>\n\t\t\t\t<\/div><\/div><\/div><div class=\"fusion-fullwidth fullwidth-box border-content4 nonhundred-percent-fullwidth non-hundred-percent-height-scrolling\"  style='background-color: rgba(255,255,255,0);background-position: center center;background-repeat: no-repeat;padding-top:10px;padding-right:10px;padding-bottom:0px;padding-left:10px;margin-bottom: 30px;'><div class=\"fusion-builder-row fusion-row \"><div  class=\"fusion-layout-column fusion_builder_column fusion_builder_column_1_2  fusion-one-half fusion-column-first border-content-start1 1_2\"  style='margin-top:0px;margin-bottom:10px;width:50%;width:calc(50% - ( ( 4% ) * 0.5 ) );margin-right: 4%;'>\n\t\t\t\t\t<div class=\"fusion-column-wrapper\" style=\"padding: 0px 0px 0px 0px;background-position:left top;background-repeat:no-repeat;-webkit-background-size:cover;-moz-background-size:cover;-o-background-size:cover;background-size:cover;\"  data-bg-url=\"\">\n\t\t\t\t\t\t<div class=\"fusion-column-content-centered\"><div class=\"fusion-column-content\"><div class=\"fusion-button-wrapperleft\"><style type=\"text\/css\" scoped=\"scoped\">.fusion-button.button-3 .fusion-button-text, .fusion-button.button-3 i {color:#9d9d9d;}.fusion-button.button-3 {border-width:0px;border-color:#9d9d9d;}.fusion-button.button-3 .fusion-button-icon-divider{border-color:#9d9d9d;}.fusion-button.button-3:hover .fusion-button-text, .fusion-button.button-3:hover i,.fusion-button.button-3:focus .fusion-button-text, .fusion-button.button-3:focus i,.fusion-button.button-3:active .fusion-button-text, .fusion-button.button-3:active{color:#4242af;}.fusion-button.button-3:hover, .fusion-button.button-3:focus, .fusion-button.button-3:active{border-width:0px;border-color:#4242af;}.fusion-button.button-3:hover .fusion-button-icon-divider, .fusion-button.button-3:hover .fusion-button-icon-divider, .fusion-button.button-3:active .fusion-button-icon-divider{border-color:#4242af;}.fusion-button.button-3{width:100%;}<\/style><a class=\"fusion-button button-flat fusion-button-square button-xlarge button-default button-3\" target=\"_self\" href=\"https:\/\/ake.de\/geschichte\/\"><span class=\"fusion-button-text\">Historia<\/span><\/a><\/div><\/div><\/div><div class=\"fusion-clearfix\"><\/div>\n\n\t\t\t\t\t<\/div>\n\t\t\t\t<\/div><div  class=\"fusion-layout-column fusion_builder_column fusion_builder_column_1_2  fusion-one-half fusion-column-last border-content-start1 1_2\"  style='margin-top:0px;margin-bottom:10px;width:50%;width:calc(50% - ( ( 4% ) * 0.5 ) );'>\n\t\t\t\t\t<div class=\"fusion-column-wrapper\" style=\"padding: 0px 0px 0px 0px;background-position:left top;background-repeat:no-repeat;-webkit-background-size:cover;-moz-background-size:cover;-o-background-size:cover;background-size:cover;\"  data-bg-url=\"\">\n\t\t\t\t\t\t<div class=\"fusion-column-content-centered\"><div class=\"fusion-column-content\"><div class=\"fusion-button-wrapperleft\"><style type=\"text\/css\" scoped=\"scoped\">.fusion-button.button-4 .fusion-button-text, .fusion-button.button-4 i {color:#9d9d9d;}.fusion-button.button-4 {border-width:0px;border-color:#9d9d9d;}.fusion-button.button-4 .fusion-button-icon-divider{border-color:#9d9d9d;}.fusion-button.button-4:hover .fusion-button-text, .fusion-button.button-4:hover i,.fusion-button.button-4:focus .fusion-button-text, .fusion-button.button-4:focus i,.fusion-button.button-4:active .fusion-button-text, .fusion-button.button-4:active{color:#4242af;}.fusion-button.button-4:hover, .fusion-button.button-4:focus, .fusion-button.button-4:active{border-width:0px;border-color:#4242af;}.fusion-button.button-4:hover .fusion-button-icon-divider, .fusion-button.button-4:hover .fusion-button-icon-divider, .fusion-button.button-4:active .fusion-button-icon-divider{border-color:#4242af;}.fusion-button.button-4{width:100%;}<\/style><a class=\"fusion-button button-flat fusion-button-square button-xlarge button-default button-4\" target=\"_self\" href=\"https:\/\/ake.de\/firmenphilosophie\/\"><span class=\"fusion-button-text\">Filozofia firmy<\/span><\/a><\/div><\/div><\/div><div class=\"fusion-clearfix\"><\/div>\n\n\t\t\t\t\t<\/div>\n\t\t\t\t<\/div><div  class=\"fusion-layout-column fusion_builder_column fusion_builder_column_1_1  fusion-one-full fusion-column-first fusion-column-last border-content-start1 1_1\"  style='margin-top:0px;margin-bottom:10px;'>\n\t\t\t\t\t<div class=\"fusion-column-wrapper\" style=\"padding: 0px 0px 0px 0px;background-position:left top;background-repeat:no-repeat;-webkit-background-size:cover;-moz-background-size:cover;-o-background-size:cover;background-size:cover;\"  data-bg-url=\"\">\n\t\t\t\t\t\t<div class=\"fusion-column-content-centered\"><div class=\"fusion-column-content\"><div class=\"fusion-button-wrapperleft\"><style type=\"text\/css\" scoped=\"scoped\">.fusion-button.button-5 .fusion-button-text, .fusion-button.button-5 i {color:#9d9d9d;}.fusion-button.button-5 {border-width:0px;border-color:#9d9d9d;}.fusion-button.button-5 .fusion-button-icon-divider{border-color:#9d9d9d;}.fusion-button.button-5:hover .fusion-button-text, .fusion-button.button-5:hover i,.fusion-button.button-5:focus .fusion-button-text, .fusion-button.button-5:focus i,.fusion-button.button-5:active .fusion-button-text, .fusion-button.button-5:active{color:#4242af;}.fusion-button.button-5:hover, .fusion-button.button-5:focus, .fusion-button.button-5:active{border-width:0px;border-color:#4242af;}.fusion-button.button-5:hover .fusion-button-icon-divider, .fusion-button.button-5:hover .fusion-button-icon-divider, .fusion-button.button-5:active .fusion-button-icon-divider{border-color:#4242af;}.fusion-button.button-5{width:100%;}<\/style><a class=\"fusion-button button-flat fusion-button-square button-xlarge button-default button-5\" target=\"_self\" href=\"https:\/\/ake.de\/messen-veranstaltungen\/\"><span class=\"fusion-button-text\">Targi i wydarzenia<\/span><\/a><\/div><\/div><\/div><div class=\"fusion-clearfix\"><\/div>\n\n\t\t\t\t\t<\/div>\n\t\t\t\t<\/div><\/div><\/div><div class=\"fusion-fullwidth fullwidth-box nonhundred-percent-fullwidth non-hundred-percent-height-scrolling\"  style='background-color: rgba(255,255,255,0);background-position: center center;background-repeat: no-repeat;padding-top:0px;padding-right:0px;padding-bottom:0px;padding-left:0px;'><div class=\"fusion-builder-row fusion-row \"><div  class=\"fusion-layout-column fusion_builder_column fusion_builder_column_1_1  fusion-one-full fusion-column-first fusion-column-last border-content3 1_1\"  style='margin-top:0px;margin-bottom:0px;'>\n\t\t\t\t\t<div class=\"fusion-column-wrapper\" style=\"padding: 0px 0px 0px 0px;background-image: url('https:\/\/www.ake.de\/wp-content\/uploads\/2020\/11\/AKEWelt-scaled.jpg');background-position:left top;background-repeat:no-repeat;-webkit-background-size:cover;-moz-background-size:cover;-o-background-size:cover;background-size:cover;\"  data-bg-url=\"https:\/\/www.ake.de\/wp-content\/uploads\/2020\/11\/AKEWelt-scaled.jpg\">\n\t\t\t\t\t\t<style type='text\/css'>.reading-box-container-3 .element-bottomshadow:before,.reading-box-container-3 .element-bottomshadow:after{opacity:0.70;}<\/style><div class=\"fusion-reading-box-container reading-box-container-3\" style=\"margin-top:0px;margin-bottom:100px;\"><div class=\"reading-box\" style=\"background-color:rgba(246,246,246,0);border-width:0px;border-color:#424242;border-style:solid;\"><h2>AKE weltweit<\/h2><div class=\"reading-box-additional fusion-reading-box-additional\">\n<p><span style=\"color: #ffffff;\">Odkryj nasze lokalizacje i partner\u00f3w na ca\u0142ym \u015bwiecie.<\/span><br \/>\n<span style=\"color: #ffffff;\">Skorzystaj z naszej interaktywnej mapy \u015bwiata, aby znale\u017a\u0107 odpowiednie dla siebie<\/span><br \/>\n<span style=\"color: #ffffff;\">lokalizacje i skontaktowa\u0107 si\u0119 z nami.<\/span><\/p>\n<\/div><div class=\"fusion-clearfix\"><\/div><\/div><\/div><div class=\"fusion-clearfix\"><\/div>\n\n\t\t\t\t\t<\/div>\n\t\t\t\t<\/div><\/div><\/div><div class=\"fusion-fullwidth fullwidth-box border-content4 nonhundred-percent-fullwidth non-hundred-percent-height-scrolling\"  style='background-color: rgba(255,255,255,0);background-position: center center;background-repeat: no-repeat;padding-top:10px;padding-right:10px;padding-bottom:0px;padding-left:10px;margin-bottom: 30px;'><div class=\"fusion-builder-row fusion-row \"><div  class=\"fusion-layout-column fusion_builder_column fusion_builder_column_1_2  fusion-one-half fusion-column-first border-content-start1 1_2\"  style='margin-top:0px;margin-bottom:10px;width:50%;width:calc(50% - ( ( 4% ) * 0.5 ) );margin-right: 4%;'>\n\t\t\t\t\t<div class=\"fusion-column-wrapper\" style=\"padding: 0px 0px 0px 0px;background-position:left top;background-repeat:no-repeat;-webkit-background-size:cover;-moz-background-size:cover;-o-background-size:cover;background-size:cover;\"  data-bg-url=\"\">\n\t\t\t\t\t\t<div class=\"fusion-column-content-centered\"><div class=\"fusion-column-content\"><div class=\"fusion-button-wrapperleft\"><style type=\"text\/css\" scoped=\"scoped\">.fusion-button.button-6 .fusion-button-text, .fusion-button.button-6 i {color:#9d9d9d;}.fusion-button.button-6 {border-width:0px;border-color:#9d9d9d;}.fusion-button.button-6 .fusion-button-icon-divider{border-color:#9d9d9d;}.fusion-button.button-6:hover .fusion-button-text, .fusion-button.button-6:hover i,.fusion-button.button-6:focus .fusion-button-text, .fusion-button.button-6:focus i,.fusion-button.button-6:active .fusion-button-text, .fusion-button.button-6:active{color:#4242af;}.fusion-button.button-6:hover, .fusion-button.button-6:focus, .fusion-button.button-6:active{border-width:0px;border-color:#4242af;}.fusion-button.button-6:hover .fusion-button-icon-divider, .fusion-button.button-6:hover .fusion-button-icon-divider, .fusion-button.button-6:active .fusion-button-icon-divider{border-color:#4242af;}.fusion-button.button-6{width:100%;}<\/style><a class=\"fusion-button button-flat fusion-button-square button-xlarge button-default button-6\" target=\"_self\" href=\"https:\/\/ake.de\/kontakt\/\"><span class=\"fusion-button-text\">Niemcy<\/span><\/a><\/div><\/div><\/div><div class=\"fusion-clearfix\"><\/div>\n\n\t\t\t\t\t<\/div>\n\t\t\t\t<\/div><div  class=\"fusion-layout-column fusion_builder_column fusion_builder_column_1_2  fusion-one-half fusion-column-last border-content-start1 1_2\"  style='margin-top:0px;margin-bottom:10px;width:50%;width:calc(50% - ( ( 4% ) * 0.5 ) );'>\n\t\t\t\t\t<div class=\"fusion-column-wrapper\" style=\"padding: 0px 0px 0px 0px;background-position:left top;background-repeat:no-repeat;-webkit-background-size:cover;-moz-background-size:cover;-o-background-size:cover;background-size:cover;\"  data-bg-url=\"\">\n\t\t\t\t\t\t<div class=\"fusion-column-content-centered\"><div class=\"fusion-column-content\"><div class=\"fusion-button-wrapperleft\"><style type=\"text\/css\" scoped=\"scoped\">.fusion-button.button-7 .fusion-button-text, .fusion-button.button-7 i {color:#9d9d9d;}.fusion-button.button-7 {border-width:0px;border-color:#9d9d9d;}.fusion-button.button-7 .fusion-button-icon-divider{border-color:#9d9d9d;}.fusion-button.button-7:hover .fusion-button-text, .fusion-button.button-7:hover i,.fusion-button.button-7:focus .fusion-button-text, .fusion-button.button-7:focus i,.fusion-button.button-7:active .fusion-button-text, .fusion-button.button-7:active{color:#4242af;}.fusion-button.button-7:hover, .fusion-button.button-7:focus, .fusion-button.button-7:active{border-width:0px;border-color:#4242af;}.fusion-button.button-7:hover .fusion-button-icon-divider, .fusion-button.button-7:hover .fusion-button-icon-divider, .fusion-button.button-7:active .fusion-button-icon-divider{border-color:#4242af;}.fusion-button.button-7{width:100%;}<\/style><a class=\"fusion-button button-flat fusion-button-square button-xlarge button-default button-7\" target=\"_self\" href=\"https:\/\/ake.de\/ake-weltweit\/\"><span class=\"fusion-button-text\">Na ca\u0142ym \u015bwiecie<\/span><\/a><\/div><\/div><\/div><div class=\"fusion-clearfix\"><\/div>\n\n\t\t\t\t\t<\/div>\n\t\t\t\t<\/div><\/div><\/div><\/p>\n","protected":false},"excerpt":{"rendered":"","protected":false},"author":1,"featured_media":0,"parent":0,"menu_order":0,"comment_status":"closed","ping_status":"closed","template":"","meta":{"footnotes":""},"class_list":["post-23308","page","type-page","status-publish","hentry"],"_links":{"self":[{"href":"https:\/\/ake.de\/pl\/wp-json\/wp\/v2\/pages\/23308","targetHints":{"allow":["GET"]}}],"collection":[{"href":"https:\/\/ake.de\/pl\/wp-json\/wp\/v2\/pages"}],"about":[{"href":"https:\/\/ake.de\/pl\/wp-json\/wp\/v2\/types\/page"}],"author":[{"embeddable":true,"href":"https:\/\/ake.de\/pl\/wp-json\/wp\/v2\/users\/1"}],"replies":[{"embeddable":true,"href":"https:\/\/ake.de\/pl\/wp-json\/wp\/v2\/comments?post=23308"}],"version-history":[{"count":2,"href":"https:\/\/ake.de\/pl\/wp-json\/wp\/v2\/pages\/23308\/revisions"}],"predecessor-version":[{"id":23311,"href":"https:\/\/ake.de\/pl\/wp-json\/wp\/v2\/pages\/23308\/revisions\/23311"}],"wp:attachment":[{"href":"https:\/\/ake.de\/pl\/wp-json\/wp\/v2\/media?parent=23308"}],"curies":[{"name":"wp","href":"https:\/\/api.w.org\/{rel}","templated":true}]}}