{"id":23075,"date":"2025-09-01T12:56:22","date_gmt":"2025-09-01T11:56:22","guid":{"rendered":"https:\/\/ake.de\/impressum-2\/"},"modified":"2025-09-02T09:45:38","modified_gmt":"2025-09-02T08:45:38","slug":"impressum-2","status":"publish","type":"page","link":"https:\/\/ake.de\/pl\/impressum-2\/","title":{"rendered":"Impressum"},"content":{"rendered":"<div class=\"fusion-fullwidth fullwidth-box nonhundred-percent-fullwidth non-hundred-percent-height-scrolling\"  style='background-color: rgba(255,255,255,0);background-position: center center;background-repeat: no-repeat;padding-top:0px;padding-right:0px;padding-bottom:0px;padding-left:0px;'><div class=\"fusion-builder-row fusion-row \"><div  class=\"fusion-layout-column fusion_builder_column fusion_builder_column_1_1  fusion-one-full fusion-column-first fusion-column-last 1_1\"  style='margin-top:0px;margin-bottom:0px;'>\n\t\t\t\t\t<div class=\"fusion-column-wrapper\" style=\"padding: 0px 0px 0px 0px;background-position:left top;background-repeat:no-repeat;-webkit-background-size:cover;-moz-background-size:cover;-o-background-size:cover;background-size:cover;\"  data-bg-url=\"\">\n\t\t\t\t\t\t<div class=\"fusion-title title fusion-sep-none fusion-title-size-one\" style=\"margin-top:20px;margin-bottom:0px;\"><h1 class=\"title-heading-left\"><h1 style=\"text-align: left;\"><span style=\"color: #9d9d9d;\">Impressum<\/span><\/h1>\n<p>zgodnie z \u00a7 5 TMG, \u00a7 55 RStV i \u00a7 36 VSBG<\/p><\/h1><\/div><div class=\"fusion-text\"><p><strong>AKE Knebel GmbH &amp; Co. KG<\/strong><\/p>\n<p>H\u00f6lzlestra\u00dfe 14 + 16<br \/>\n72336 Balingen | Deutschland<\/p>\n<p>Telefon: +49 7433 261-0<br \/>\nE-Mail: info(at)ake.de<br \/>\nWebsite: www.ake.de<\/p>\n<p><strong>Reprezentowany przez:<\/strong><br \/>\nAKE Knebel GmbH &amp;; Co. KG AKE Knebel GmbH &amp; Co. KG jest reprezentowana przez wsp\u00f3lnika ponosz\u0105cego osobist\u0105 odpowiedzialno\u015b\u0107: AKE Knebel GmbH, Balingen-Engstlatt<\/p>\n<p><strong>Prezes:<\/strong><br \/>\nAlexander Knebel, Dipl.-Wirtsch.-Ing. (TU), MBE<\/p>\n<p><strong>Wpis do rejestru:<\/strong><br \/>\nSiedziba sp\u00f3\u0142ki: Balingen<br \/>\nS\u0105d rejestrowy: S\u0105d Rejonowy Stuttgart<br \/>\nNumer rejestru handlowego: HRA 410660<\/p>\n<p>Rejestr sp\u00f3\u0142ki komplementarnej z o.o.:<br \/>\nSp\u00f3\u0142ka zarz\u0105dzaj\u0105ca i udzia\u0142owa AKE Knebel GmbH<br \/>\nNumer rejestru handlowego: HRB 410418<br \/>\nS\u0105d rejestrowy: S\u0105d Rejonowy w Stuttgarcie<\/p>\n<p><strong>Numer identyfikacyjny podatku zgodnie z  \u00a7 27a UStG:<\/strong><br \/>\nDE144842232<\/p>\n<p><strong>Odpowiedzialno\u015b\u0107 za tre\u015b\u0107 zgodnie z \u00a7 55 ust. 2 RStV (Umowa o radiofonii i mediach): <\/strong><br \/>\nAlexander Knebel<br \/>\nH\u00f6lzlestra\u00dfe 14 + 16, 72336 Balingen<\/p>\n<p><strong>Informacja zgodnie z \u00a7 36 ustawy o rozstrzyganiu spor\u00f3w konsumenckich (VSBG):<\/strong><br \/>\nNie jeste\u015bmy zobowi\u0105zani ani gotowi do udzia\u0142u w post\u0119powaniu rozstrzygaj\u0105cym spory przed organem mediacyjnym ds. konsument\u00f3w.<\/p>\n<p><strong>Wy\u0142\u0105czenie odpowiedzialno\u015bci:<\/strong><br \/>\nPomimo starannej kontroli tre\u015bci, nie ponosimy odpowiedzialno\u015bci za tre\u015bci link\u00f3w zewn\u0119trznych. Za tre\u015b\u0107 stron, do kt\u00f3rych prowadz\u0105 linki, odpowiedzialni s\u0105 wy\u0142\u0105cznie ich operatorzy.<\/p>\n<\/div><div class=\"fusion-text\"><h3><strong>\u0179r\u00f3d\u0142a, zdj\u0119cia<\/strong><\/h3>\n<p>\u00a9 <span class=\"blue bleu-de-france-text\" data-t=\"detail-panel-content-author-name\">Ulia Koltyrina <\/span>\u2013 stock.adobe.com <\/p>\n<p>\u00a9 <span class=\"blue bleu-de-france-text\" data-t=\"detail-panel-content-author-name\">bunditinay <\/span>\u2013 stock.adobe.com<\/p>\n<p>\u00a9 <span class=\"blue bleu-de-france-text\" data-t=\"detail-panel-content-author-name\"> surfmedia <\/span>\u2013 stock.adobe.com<\/p>\n<p>\u00a9 <span class=\"blue bleu-de-france-text\" data-t=\"detail-panel-content-author-name\">Alexander Zamaraev <\/span>\u2013 stock.adobe.com<\/p>\n<p>\u00a9 <span class=\"blue bleu-de-france-text\" data-t=\"detail-panel-content-author-name\">Guntar Feldmann <\/span>\u2013 stock.adobe.com<\/p>\n<p>\u00a9 <span class=\"blue bleu-de-france-text\" data-t=\"detail-panel-content-author-name\">Artem <\/span>\u2013 stock.adobe.com<\/p>\n<p>\u00a9 <span class=\"blue bleu-de-france-text\" data-t=\"detail-panel-content-author-name\">Stefan Richter <\/span>\u2013 stock.adobe.com<\/p>\n<p>\u00a9 <span class=\"blue bleu-de-france-text\" data-t=\"detail-panel-content-author-name\">Artem Shadrin <\/span>\u2013 stock.adobe.com<\/p>\n<p>\u00a9 <span class=\"blue bleu-de-france-text\" data-t=\"detail-panel-content-author-name\">Dusan Kostic <\/span>\u2013 stock.adobe.com<\/p>\n<p>\u00a9 sveta \u2013 stock.adobe.com<\/p>\n<p>\u00a9 oatawa \u2013 stock.adobe.com<\/p>\n<p>\u00a9 crazymedia \u2013 stock.adobe.com<\/p>\n<p>\u00a9 Worawut \u2013 stock.adobe.com<\/p>\n<p class=\"no-margin\"><span class=\"blue bleu-de-france-text\" data-t=\"detail-panel-content-author-name\">\u00a9 peterschreiber.media \u2013 stock.adobe.com<\/span><\/p>\n<p><span class=\"blue bleu-de-france-text\" data-t=\"detail-panel-content-author-name\">\u00a9 pathdoc \u2013 stock.adobe.com<\/span><\/p>\n<p><span class=\"blue bleu-de-france-text\" data-t=\"detail-panel-content-author-name\">\u00a9 <\/span><span class=\"blue bleu-de-france-text\" data-t=\"detail-panel-content-author-name\">Philip Steury <\/span><span class=\"blue bleu-de-france-text\" data-t=\"detail-panel-content-author-name\">\u2013 stock.adobe.com<\/span><\/p>\n<p><span class=\"blue bleu-de-france-text\" data-t=\"detail-panel-content-author-name\">\u00a9 <\/span><span class=\"blue bleu-de-france-text\" data-t=\"detail-panel-content-author-name\">Olivier Le Moal <\/span><span class=\"blue bleu-de-france-text\" data-t=\"detail-panel-content-author-name\">\u2013 stock.adobe.com<\/span><\/p>\n<p><span class=\"blue bleu-de-france-text\" data-t=\"detail-panel-content-author-name\">\u00a9 <\/span><span class=\"blue bleu-de-france-text\" data-t=\"detail-panel-content-author-name\">eyetronic <\/span><span class=\"blue bleu-de-france-text\" data-t=\"detail-panel-content-author-name\">\u2013 stock.adobe.com<\/span><\/p>\n<p><span class=\"blue bleu-de-france-text\" data-t=\"detail-panel-content-author-name\">\u00a9 <\/span><span class=\"blue bleu-de-france-text\" data-t=\"detail-panel-content-author-name\">Hoda Bogdan <\/span><span class=\"blue bleu-de-france-text\" data-t=\"detail-panel-content-author-name\">\u2013 stock.adobe.com<\/span><\/p>\n<p><span class=\"blue bleu-de-france-text\" data-t=\"detail-panel-content-author-name\">\u00a9 <\/span><span class=\"blue bleu-de-france-text\" data-t=\"detail-panel-content-author-name\">Ramona Heim <\/span><span class=\"blue bleu-de-france-text\" data-t=\"detail-panel-content-author-name\">\u2013 stock.adobe.com<\/span><\/p>\n<p><span class=\"blue bleu-de-france-text\" data-t=\"detail-panel-content-author-name\">\u00a9 <\/span><span class=\"blue bleu-de-france-text\" data-t=\"detail-panel-content-author-name\">KPixMining <\/span><span class=\"blue bleu-de-france-text\" data-t=\"detail-panel-content-author-name\">\u2013 stock.adobe.com<\/span><\/p>\n<p><span class=\"blue bleu-de-france-text\" data-t=\"detail-panel-content-author-name\">\u00a9 <\/span><span class=\"blue bleu-de-france-text\" data-t=\"detail-panel-content-author-name\">fotomek <\/span><span class=\"blue bleu-de-france-text\" data-t=\"detail-panel-content-author-name\">\u2013 stock.adobe.com<\/span><\/p>\n<p><span class=\"blue bleu-de-france-text\" data-t=\"detail-panel-content-author-name\">\u00a9 <\/span><span class=\"blue bleu-de-france-text\" data-t=\"detail-panel-content-author-name\">doomu <\/span><span class=\"blue bleu-de-france-text\" data-t=\"detail-panel-content-author-name\">\u2013 stock.adobe.com<\/span><\/p>\n<p><span class=\"blue bleu-de-france-text\" data-t=\"detail-panel-content-author-name\">\u00a9 Aleksander<\/span> <span class=\"blue bleu-de-france-text\" data-t=\"detail-panel-content-author-name\">\u2013 stock.adobe.com<\/span><\/p>\n<p><span class=\"blue bleu-de-france-text\" data-t=\"detail-panel-content-author-name\">\u00a9 <\/span><span class=\"blue bleu-de-france-text\" data-t=\"detail-panel-content-author-name\">anammarques <\/span> <span class=\"blue bleu-de-france-text\" data-t=\"detail-panel-content-author-name\">\u2013 stock.adobe.com<\/span><\/p>\n<p><span class=\"blue bleu-de-france-text\" data-t=\"detail-panel-content-author-name\">\u00a9 <\/span><span class=\"blue bleu-de-france-text\" data-t=\"detail-panel-content-author-name\">Grecaud Paul<\/span> <span class=\"blue bleu-de-france-text\" data-t=\"detail-panel-content-author-name\">\u2013 stock.adobe.com<\/span><\/p>\n<p><span class=\"blue bleu-de-france-text\" data-t=\"detail-panel-content-author-name\">\u00a9 <\/span><span class=\"blue bleu-de-france-text\" data-t=\"detail-panel-content-author-name\">Viktoria <\/span><span class=\"blue bleu-de-france-text\" data-t=\"detail-panel-content-author-name\">\u2013 stock.adobe.com<\/span><\/p>\n<p><span class=\"blue bleu-de-france-text\" data-t=\"detail-panel-content-author-name\">\u00a9 <\/span><span class=\"blue bleu-de-france-text\" data-t=\"detail-panel-content-author-name\">vit <\/span><span class=\"blue bleu-de-france-text\" data-t=\"detail-panel-content-author-name\">\u2013 stock.adobe.com<\/span><\/p>\n<p><span class=\"blue bleu-de-france-text\" data-t=\"detail-panel-content-author-name\">\u00a9 <\/span><span class=\"blue bleu-de-france-text\" data-t=\"detail-panel-content-author-name\">Zerbor <\/span><span class=\"blue bleu-de-france-text\" data-t=\"detail-panel-content-author-name\">\u2013 stock.adobe.com<\/span><\/p>\n<p><span class=\"blue bleu-de-france-text\" data-t=\"detail-panel-content-author-name\">\u00a9 <\/span><span class=\"blue bleu-de-france-text\" data-t=\"detail-panel-content-author-name\">EtiAmmos <\/span><span class=\"blue bleu-de-france-text\" data-t=\"detail-panel-content-author-name\">\u2013 stock.adobe.com<\/span><\/p>\n<p><span class=\"blue bleu-de-france-text\" data-t=\"detail-panel-content-author-name\">\u00a9 <\/span><span class=\"blue bleu-de-france-text\" data-t=\"detail-panel-content-author-name\">Joachim Wendler <\/span><span class=\"blue bleu-de-france-text\" data-t=\"detail-panel-content-author-name\">\u2013 stock.adobe.com<\/span><\/p>\n<p><span class=\"blue bleu-de-france-text\" data-t=\"detail-panel-content-author-name\">\u00a9 <\/span><span class=\"blue bleu-de-france-text\" data-t=\"detail-panel-content-author-name\">zephyr_p <\/span><span class=\"blue bleu-de-france-text\" data-t=\"detail-panel-content-author-name\">\u2013 stock.adobe.com<\/span><\/p>\n<p><span class=\"blue bleu-de-france-text\" data-t=\"detail-panel-content-author-name\">\u00a9 tiero<\/span> <span class=\"blue bleu-de-france-text\" data-t=\"detail-panel-content-author-name\">\u2013 stock.adobe.com<\/span><\/p>\n<p><span class=\"blue bleu-de-france-text\" data-t=\"detail-panel-content-author-name\">\u00a9 <\/span><span class=\"blue bleu-de-france-text\" data-t=\"detail-panel-content-author-name\">srki66 <\/span><span class=\"blue bleu-de-france-text\" data-t=\"detail-panel-content-author-name\">\u2013 stock.adobe.com<\/span><\/p>\n<p><span class=\"blue bleu-de-france-text\" data-t=\"detail-panel-content-author-name\">\u00a9 <\/span><span class=\"blue bleu-de-france-text\" data-t=\"detail-panel-content-author-name\">sveta <\/span><span class=\"blue bleu-de-france-text\" data-t=\"detail-panel-content-author-name\">\u2013 stock.adobe.com<\/span><\/p>\n<p><span class=\"blue bleu-de-france-text\" data-t=\"detail-panel-content-author-name\">\u00a9 aykuterd<\/span> <span class=\"blue bleu-de-france-text\" data-t=\"detail-panel-content-author-name\">\u2013 stock.adobe.com<\/span><\/p>\n<p><span class=\"blue bleu-de-france-text\" data-t=\"detail-panel-content-author-name\">\u00a9 <\/span><span class=\"blue bleu-de-france-text\" data-t=\"detail-panel-content-author-name\">jarrycz <\/span><span class=\"blue bleu-de-france-text\" data-t=\"detail-panel-content-author-name\">\u2013 stock.adobe.com<\/span><\/p>\n<p><span class=\"blue bleu-de-france-text\" data-t=\"detail-panel-content-author-name\">\u00a9 gen_A<\/span> <span class=\"blue bleu-de-france-text\" data-t=\"detail-panel-content-author-name\">\u2013 stock.adobe.com<\/span><\/p>\n<p><span class=\"blue bleu-de-france-text\" data-t=\"detail-panel-content-author-name\">\u00a9 <\/span><span class=\"blue bleu-de-france-text\" data-t=\"detail-panel-content-author-name\">Maksym Yemelyanov <\/span> <span class=\"blue bleu-de-france-text\" data-t=\"detail-panel-content-author-name\">\u2013 stock.adobe.com<\/span><\/p>\n<p><span class=\"blue bleu-de-france-text\" data-t=\"detail-panel-content-author-name\">\u00a9 <\/span><span class=\"blue bleu-de-france-text\" data-t=\"detail-panel-content-author-name\">Andrei Merkulov <\/span> <span class=\"blue bleu-de-france-text\" data-t=\"detail-panel-content-author-name\">\u2013 stock.adobe.com<\/span><\/p>\n<p><span class=\"blue bleu-de-france-text\" data-t=\"detail-panel-content-author-name\">\u00a9 <\/span><span class=\"blue bleu-de-france-text\" data-t=\"detail-panel-content-author-name\">Anton Balazh <\/span> <span class=\"blue bleu-de-france-text\" data-t=\"detail-panel-content-author-name\">\u2013 stock.adobe.com<\/span><\/p>\n<p><span class=\"blue bleu-de-france-text\" data-t=\"detail-panel-content-author-name\">\u00a9 <\/span><span class=\"blue bleu-de-france-text\" data-t=\"detail-panel-content-author-name\">kishivan <\/span> <span class=\"blue bleu-de-france-text\" data-t=\"detail-panel-content-author-name\">\u2013 stock.adobe.com<\/span><\/p>\n<p><span class=\"blue bleu-de-france-text\" data-t=\"detail-panel-content-author-name\">\u00a9 3desc<\/span> <span class=\"blue bleu-de-france-text\" data-t=\"detail-panel-content-author-name\">\u2013 stock.adobe.com<\/span><\/p>\n<p><span class=\"blue bleu-de-france-text\" data-t=\"detail-panel-content-author-name\">\u00a9 Florian Manz<br \/>\n<\/span><\/p>\n<p>\u00a9\u00ae\u2122Karrideo Image- i Eventfilm Inh. Christian Wei\u00dfe <\/p>\n<p>\u00a9 Norman Ill<span class=\"blue bleu-de-france-text\" data-t=\"detail-panel-content-author-name\"><br \/>\n<\/span><\/p>\n<\/div><div class=\"fusion-clearfix\"><\/div>\n\n\t\t\t\t\t<\/div>\n\t\t\t\t<\/div><\/div><\/div>\n","protected":false},"excerpt":{"rendered":"","protected":false},"author":1,"featured_media":0,"parent":0,"menu_order":0,"comment_status":"closed","ping_status":"closed","template":"","meta":{"footnotes":""},"class_list":["post-23075","page","type-page","status-publish","hentry"],"_links":{"self":[{"href":"https:\/\/ake.de\/pl\/wp-json\/wp\/v2\/pages\/23075","targetHints":{"allow":["GET"]}}],"collection":[{"href":"https:\/\/ake.de\/pl\/wp-json\/wp\/v2\/pages"}],"about":[{"href":"https:\/\/ake.de\/pl\/wp-json\/wp\/v2\/types\/page"}],"author":[{"embeddable":true,"href":"https:\/\/ake.de\/pl\/wp-json\/wp\/v2\/users\/1"}],"replies":[{"embeddable":true,"href":"https:\/\/ake.de\/pl\/wp-json\/wp\/v2\/comments?post=23075"}],"version-history":[{"count":5,"href":"https:\/\/ake.de\/pl\/wp-json\/wp\/v2\/pages\/23075\/revisions"}],"predecessor-version":[{"id":23080,"href":"https:\/\/ake.de\/pl\/wp-json\/wp\/v2\/pages\/23075\/revisions\/23080"}],"wp:attachment":[{"href":"https:\/\/ake.de\/pl\/wp-json\/wp\/v2\/media?parent=23075"}],"curies":[{"name":"wp","href":"https:\/\/api.w.org\/{rel}","templated":true}]}}