{"id":23072,"date":"2025-09-01T12:24:16","date_gmt":"2025-09-01T11:24:16","guid":{"rendered":"https:\/\/ake.de\/owh\/"},"modified":"2025-09-02T09:56:20","modified_gmt":"2025-09-02T08:56:20","slug":"owh","status":"publish","type":"page","link":"https:\/\/ake.de\/pl\/owh\/","title":{"rendered":"OWH"},"content":{"rendered":"<div class=\"fusion-fullwidth fullwidth-box nonhundred-percent-fullwidth non-hundred-percent-height-scrolling\"  style='background-color: rgba(255,255,255,0);background-position: center center;background-repeat: no-repeat;padding-top:0px;padding-right:0px;padding-bottom:0px;padding-left:0px;'><div class=\"fusion-builder-row fusion-row \"><div  class=\"fusion-layout-column fusion_builder_column fusion_builder_column_1_1  fusion-one-full fusion-column-first fusion-column-last 1_1\"  style='margin-top:0px;margin-bottom:0px;'>\n\t\t\t\t\t<div class=\"fusion-column-wrapper\" style=\"padding: 0px 0px 0px 0px;background-position:left top;background-repeat:no-repeat;-webkit-background-size:cover;-moz-background-size:cover;-o-background-size:cover;background-size:cover;\"  data-bg-url=\"\">\n\t\t\t\t\t\t<div class=\"fusion-title title fusion-sep-none fusion-title-size-one\" style=\"margin-top:20px;margin-bottom:0px;\"><h1 class=\"title-heading-left\"><p style=\"text-align: left;\"><span style=\"color: #9d9d9d;\">Og\u00f3lne warunki handlowe<br \/>\n<\/span><\/p><\/h1><\/div><div class=\"fusion-text\"><div id=\"c78\" class=\"csc-default csc-space-after-30\">\n<h2>Warunki handlowe i warunki dostaw AKE GmbH<\/h2>\n<\/div>\n<div id=\"c81\" class=\"csc-default csc-space-after-30\">\n<div class=\"csc-header csc-header-n2\">\n<h3>\u00a7 1 Zakres obowi\u0105zywania<\/h3>\n<\/div>\n<p>Poni\u017csze og\u00f3lne warunki handlowe maj\u0105 zastosowanie wy\u0142\u0105cznie \u2013 nawet je\u015bli w poszczeg\u00f3lnych przypadkach nie ma do nich odniesienia \u2013 do wszystkich naszych ofert, dostaw i us\u0142ug, a w szczeg\u00f3lno\u015bci r\u00f3wnie\u017c do przysz\u0142ych transakcji. Odmienne uzgodnienia wymagaj\u0105 naszego pisemnego potwierdzenia, aby by\u0142y skuteczne. Odmienne warunki zamawiaj\u0105cego nie maj\u0105 zastosowania, nawet je\u015bli w poszczeg\u00f3lnych przypadkach nie wyra\u017camy wobec nich wyra\u017anego sprzeciwu.  <\/p>\n<\/div>\n<div id=\"c80\" class=\"csc-default csc-space-after-30\">\n<div class=\"csc-header csc-header-n3\">\n<h3>\u00a7 2 Oferty i zawarcie umowy<\/h3>\n<\/div>\n<p>(1) Nasze oferty i kosztorysy s\u0105 zawsze niewi\u0105\u017c\u0105ce i bez zobowi\u0105za\u0144. Decyduj\u0105ce znaczenie dla zawarcia umowy ma nasze pisemne potwierdzenie zam\u00f3wienia. Wymiary, wagi, ilustracje i rysunki lub inne dane s\u0105 wi\u0105\u017c\u0105ce dla realizacji zam\u00f3wienia tylko wtedy, gdy zostanie to wyra\u017anie potwierdzone na pi\u015bmie. Dane techniczne naszych w\u0142asnych produkt\u00f3w oraz produkt\u00f3w znajduj\u0105cych si\u0119 w naszym programie handlowym mog\u0105 ulec zmianie.<br \/>\n(2) O zakresie zam\u00f3wienia decyduje wy\u0142\u0105cznie nasze potwierdzenie zam\u00f3wienia. P\u00f3\u017aniejsze uzupe\u0142nienia, zmiany lub inne dodatkowe uzgodnienia wymagaj\u0105 naszego pisemnego potwierdzenia, aby by\u0142y skuteczne.<br \/>\n(3) O ile nie zaznaczono inaczej, wymiary podane s\u0105 w milimetrach. Tolerancje zgodne z normami DIN lub normami zak\u0142adowymi AKE. <\/p>\n<\/div>\n<div id=\"c79\" class=\"csc-default csc-space-after-30\">\n<div class=\"csc-header csc-header-n4\">\n<h3>\u00a7 3 Ceny<\/h3>\n<\/div>\n<p>(1) Uzgodnione ceny s\u0105 cenami netto w euro bez opakowania, transportu i ubezpieczenia. Do cen doliczany jest podatek VAT w wysoko\u015bci okre\u015blonej przepisami prawa.<br \/>\n(2) Do obliczenia cen netto decyduj\u0105ce znaczenie maj\u0105 ustalone przez nas liczby sztuk, ilo\u015bci i wagi, o ile odbiorca nie zg\u0142osi natychmiastowego sprzeciwu. Ceny jednostkowe dotycz\u0105 podanych standardowych wersji. W przypadku ponownych zam\u00f3wie\u0144 produkt\u00f3w wykonanych na specjalne zam\u00f3wienie zastrzegamy sobie prawo do ponownego obliczenia cen.<br \/>\n(3) Je\u015bli po zawarciu umowy koszty zwi\u0105zane z zam\u00f3wieniem ulegn\u0105 istotnej zmianie, strony umowy s\u0105 zobowi\u0105zane do uzgodnienia dostosowania cen. Zmiana jest istotna, je\u015bli op\u0142aty ulegn\u0105 zmianie o wi\u0119cej ni\u017c 20%. W przypadku niepowodzenia negocjacji, mamy prawo do odst\u0105pienia od umowy w ci\u0105gu dw\u00f3ch tygodni od niepowodzenia negocjacji.<br \/>\n(4) Zestawy narz\u0119dzi sk\u0142adaj\u0105ce si\u0119 z kombinacji narz\u0119dzi rozliczamy zgodnie z cennikiem narz\u0119dzi pojedynczych. W przypadku kombinacji narz\u0119dzi, kt\u00f3re nie s\u0105 zawarte w cenniku, za dostosowanie pobieramy dop\u0142at\u0119 w wysoko\u015bci naszych og\u00f3lnych stawek.<br \/>\n(5) Obliczenie koszt\u00f3w wysy\u0142ki i opakowania zale\u017cy od warto\u015bci netto towaru, kt\u00f3r\u0105 wystawiamy na fakturze.<br \/>\nW przypadku dostaw krajowych: w przypadku zam\u00f3wie\u0144 poni\u017cej 250,00 EUR pobieramy op\u0142at\u0119 za wysy\u0142k\u0119 i opakowanie w wysoko\u015bci 8,00 EUR. Przy warto\u015bci netto towaru powy\u017cej 250,00 EUR dostarczamy towar bezp\u0142atnie, bez koszt\u00f3w wysy\u0142ki i opakowania. Dodatkowe koszty za przesy\u0142k\u0119 ekspresow\u0105 ponosi zamawiaj\u0105cy, podobnie jak koszty specjalnych form opakowania i wysy\u0142ki zgodnie z \u017cyczeniem zamawiaj\u0105cego.<br \/>\nW przypadku dostaw zagranicznych: koszty opakowania i wysy\u0142ki s\u0105 naliczane zgodnie z formu\u0142\u0105 loco fabryka (ponosi je zamawiaj\u0105cy).<br \/>\n(6) W przypadku realizacji niewielkich zam\u00f3wie\u0144 o warto\u015bci netto do 100,00 EUR zastrzegamy sobie prawo do naliczenia rycza\u0142towej op\u0142aty transakcyjnej w wysoko\u015bci 20,00 EUR.<br \/>\n(7) Jeste\u015bmy uprawnieni do obci\u0105\u017cenia zamawiaj\u0105cego standardowymi kosztami sprawdzenia zdolno\u015bci kredytowej.<br \/>\n(8) Za wysy\u0142k\u0119 towar\u00f3w do os\u00f3b trzecich pobieramy op\u0142at\u0119 rycza\u0142tow\u0105 za wysy\u0142k\u0119 bezpo\u015bredni\u0105 w wysoko\u015bci 15,00 EUR za ka\u017cd\u0105 przesy\u0142k\u0119.   <\/p>\n<\/div>\n<div id=\"c82\" class=\"csc-default csc-space-after-30\">\n<div class=\"csc-header csc-header-n5\">\n<h3>\u00a7 4 Warunki p\u0142atno\u015bci<\/h3>\n<\/div>\n<p>(1) O ile nie uzgodniono inaczej, kwota faktury jest p\u0142atna w ci\u0105gu 10 dni od daty wystawienia faktury z 2% skontem lub najp\u00f3\u017aniej po 30 dniach bez potr\u0105ce\u0144. Us\u0142ugi wykonywane na zlecenie (np. naprawy, us\u0142ugi serwisowe) s\u0105 p\u0142atne natychmiast po wystawieniu faktury bez potr\u0105ce\u0144. Powy\u017csze terminy p\u0142atno\u015bci uznaje si\u0119 za dotrzymane, je\u015bli w ci\u0105gu tych termin\u00f3w mo\u017cemy dysponowa\u0107 kwot\u0105. P\u0142atno\u015bci nale\u017cy dokonywa\u0107 bezp\u0142atnie na nasz rachunek p\u0142atniczy. P\u0142atno\u015bci got\u00f3wkowe s\u0105 r\u00f3wnowa\u017cne p\u0142atno\u015bciom na jedno z naszych kont biznesowych, gdy tylko wyka\u017ce to saldo na naszym koncie.<br \/>\n(2) Potr\u0105cenie jest dopuszczalne wy\u0142\u0105cznie w przypadku bezspornych lub prawomocnie stwierdzonych roszcze\u0144. Prawo zatrzymania towaru przez zamawiaj\u0105cego jest wykluczone, o ile nie wynika to z samej umowy.<br \/>\n(3) Jeste\u015bmy uprawnieni do \u017c\u0105dania p\u0142atno\u015bci zaliczkowych za wykonane us\u0142ugi.<br \/>\n(4) W przypadku pierwszych zam\u00f3wie\u0144 dostarczamy towary wy\u0142\u0105cznie za przedp\u0142at\u0105 lub za pobraniem. <\/p>\n<\/div>\n<div id=\"c83\" class=\"csc-default csc-space-after-30\">\n<div class=\"csc-header csc-header-n6\">\n<h3>\u00a7 5 Dostawa<\/h3>\n<\/div>\n<p>(1) Dostarczamy towary z naszego zak\u0142adu lub magazynu wysy\u0142kowego, o ile nie uzgodniono wyra\u017anie inaczej.<br \/>\n(2) Podane terminy dostaw maj\u0105 charakter wy\u0142\u0105cznie orientacyjny, o ile nie zosta\u0142y wyra\u017anie okre\u015blone jako wi\u0105\u017c\u0105ce.<br \/>\n(3) Termin dostawy rozpoczyna si\u0119 wraz z wys\u0142aniem potwierdzenia zam\u00f3wienia, jednak nie przed dostarczeniem przez zamawiaj\u0105cego wymaganych dokument\u00f3w, zezwole\u0144, zatwierdze\u0144 oraz przed otrzymaniem uzgodnionej zaliczki.<br \/>\n(4) Termin dostawy uznaje si\u0119 za dotrzymany, je\u017celi przed up\u0142ywem tego terminu nast\u0105pi wysy\u0142ka przedmiotu zam\u00f3wienia lub zamawiaj\u0105cy zostanie poinformowany o gotowo\u015bci do wysy\u0142ki.<br \/>\n(5) Nieprzewidziane zdarzenia, na kt\u00f3re nie mamy wp\u0142ywu (np. awarie, strajki, lokauty w naszej firmie, u jednego z naszych dostawc\u00f3w lub w przedsi\u0119biorstwie transportowym), powoduj\u0105 odpowiednie wyd\u0142u\u017cenie czasu dostawy. To samo dotyczy p\u00f3\u017aniejszych zmian w zam\u00f3wieniu.<br \/>\n(6) Zastrzegamy sobie prawo do prawid\u0142owej i terminowej dostawy. Ponadto mamy prawo do zmiany lub odst\u0105pienia od uzgodnionego przedmiotu zam\u00f3wienia, je\u017celi zmiana lub odst\u0105pienie od niego jest dla zamawiaj\u0105cego do zaakceptowania.<br \/>\n(7) W przypadku op\u00f3\u017anienia dostawy zamawiaj\u0105cy mo\u017ce, po wyznaczeniu nam odpowiedniego terminu na wykonanie us\u0142ugi, odst\u0105pi\u0107 od umowy w odniesieniu do jej cz\u0119\u015bci, kt\u00f3ra nie zosta\u0142a jeszcze zrealizowana. Zamawiaj\u0105cy mo\u017ce odst\u0105pi\u0107 od ca\u0142ej umowy tylko wtedy, gdy nie jest zainteresowany cz\u0119\u015bciowym wykonaniem us\u0142ugi.<br \/>\n(8) Je\u015bli dostawa zostanie op\u00f3\u017aniona na \u017cyczenie zamawiaj\u0105cego lub je\u015bli zamawiaj\u0105cy op\u00f3\u017ani si\u0119 z odbiorem, od nast\u0119pnego miesi\u0105ca kalendarzowego po powiadomieniu o gotowo\u015bci przedmiot\u00f3w zam\u00f3wienia, odbiorcy zostan\u0105 naliczone koszty magazynowania. Jeste\u015bmy jednak uprawnieni, po up\u0142ywie odpowiedniego terminu, do dysponowania przedmiotem zam\u00f3wienia w inny spos\u00f3b i ponownej dostawy do zamawiaj\u0105cego z odpowiednio przed\u0142u\u017conym terminem dostawy<br \/>\n(9) Zam\u00f3wienia na \u017c\u0105danie nale\u017cy, o ile nie uzgodniono inaczej, odebra\u0107 w ca\u0142o\u015bci w ci\u0105gu 3 miesi\u0119cy od potwierdzenia zam\u00f3wienia. Po up\u0142ywie tego terminu pozosta\u0142a cz\u0119\u015b\u0107 lub ca\u0142o\u015b\u0107 dostawy zostanie zrealizowana na koszt zamawiaj\u0105cego. Zamawiaj\u0105cy jest zobowi\u0105zany do odbioru dostawy. Punkt (8) niniejszego paragrafu ma odpowiednie zastosowanie.   <\/p>\n<\/div>\n<div id=\"c84\" class=\"csc-default csc-space-after-30\">\n<div class=\"csc-header csc-header-n7\">\n<h3>\u00a7 6 Przeniesienie ryzyka<\/h3>\n<\/div>\n<p>(1) Ryzyko przechodzi na zamawiaj\u0105cego w momencie opuszczenia przez przedmiot zam\u00f3wienia naszego zak\u0142adu lub magazynu, niezale\u017cnie od tego, czy transport odbywa si\u0119 \u015brodkami w\u0142asnymi, czy obcymi.<br \/>\n(2) Je\u015bli dostawa op\u00f3\u017ania si\u0119 z powodu okoliczno\u015bci, za kt\u00f3re odpowiedzialno\u015b\u0107 ponosi zamawiaj\u0105cy, ryzyko przechodzi na zamawiaj\u0105cego wraz z powiadomieniem o gotowo\u015bci odbioru zam\u00f3wienia. Dotyczy to r\u00f3wnie\u017c sytuacji, gdy realizowane s\u0105 dostawy cz\u0119\u015bciowe lub gdy przej\u0119li\u015bmy inne \u015bwiadczenia, np. koszty wysy\u0142ki, transport lub monta\u017c.<br \/>\n(3) Bez specjalnego \u017c\u0105dania zamawiaj\u0105cego dostawa nie jest ubezpieczona od uszkodze\u0144 spowodowanych st\u0142uczeniem i transportem, po\u017carem, kradzie\u017c\u0105 itp. Je\u015bli zamawiaj\u0105cy za\u017c\u0105da zawarcia ubezpieczenia, zostanie ono zawarte na koszt zamawiaj\u0105cego. <\/p>\n<\/div>\n<div id=\"c85\" class=\"csc-default csc-space-after-30\">\n<div class=\"csc-header csc-header-n8\">\n<h3>\u00a7 7 Zastrze\u017cenie w\u0142asno\u015bci<\/h3>\n<\/div>\n<p>(1) Zastrzegamy sobie prawo w\u0142asno\u015bci do wszystkich przedmiot\u00f3w zam\u00f3wienia do momentu ca\u0142kowitej zap\u0142aty wszystkich obecnych i przysz\u0142ych nale\u017cno\u015bci wynikaj\u0105cych ze stosunk\u00f3w handlowych z zamawiaj\u0105cym. Prawo to zastrzega si\u0119 bez wzgl\u0119du na podstaw\u0119 prawn\u0105 i moment powstania nale\u017cno\u015bci, w szczeg\u00f3lno\u015bci r\u00f3wnie\u017c nale\u017cno\u015bci z tytu\u0142u weksli, czek\u00f3w, polece\u0144 zap\u0142aty lub salda do wyr\u00f3wnania przez zamawiaj\u0105cego z istniej\u0105cego rachunku bie\u017c\u0105cego.<br \/>\n(2) Zamawiaj\u0105cy nie mo\u017ce zastawi\u0107 ani przenie\u015b\u0107 na zabezpieczenie przedmiotu zam\u00f3wienia obj\u0119tego zastrze\u017ceniem w\u0142asno\u015bci. W przypadku zaj\u0119cia, konfiskaty lub innych dyspozycji os\u00f3b trzecich, musi on niezw\u0142ocznie nas o tym poinformowa\u0107. Zamawiaj\u0105cy mo\u017ce odsprzedawa\u0107 przedmioty zam\u00f3wienia obj\u0119te zastrze\u017ceniem w\u0142asno\u015bci wy\u0142\u0105cznie w ramach prawid\u0142owej dzia\u0142alno\u015bci gospodarczej, o ile wierzytelno\u015b\u0107 z tytu\u0142u odsprzeda\u017cy przechodzi na nas. W przypadku odsprzeda\u017cy zamawiaj\u0105cy ju\u017c teraz ceduje na nas swoje wierzytelno\u015bci z tytu\u0142u odsprzeda\u017cy przedmiot\u00f3w zam\u00f3wienia, w tym odpowiednie wierzytelno\u015bci z tytu\u0142u weksli lub czek\u00f3w wraz ze wszystkimi prawami dodatkowymi. W przypadku sprzeda\u017cy przedmiotu zam\u00f3wienia wraz z innymi towarami, kt\u00f3re nie nale\u017c\u0105 do nas, za cen\u0119 ca\u0142kowit\u0105, cesja nast\u0119puje tylko w wysoko\u015bci kwoty, kt\u00f3r\u0105 naliczyli\u015bmy zamawiaj\u0105cemu za wsp\u00f3\u0142sprzedany przedmiot zam\u00f3wienia, \u0142\u0105cznie z podatkiem VAT. Nie jest wymagane szczeg\u00f3lne o\u015bwiadczenie o cesji dla poszczeg\u00f3lnych przypadk\u00f3w sprzeda\u017cy.<br \/>\n(3) Zamawiaj\u0105cy pobiera nale\u017cno\u015bci z tytu\u0142u odsprzeda\u017cy w imieniu powierniczym, o ile wyra\u017camy na to zgod\u0119. Na nasze \u017c\u0105danie informuje on swoich klient\u00f3w o cesji, jednocze\u015bnie na o tym powiadamiaj\u0105c .<br \/>\n(4) W przypadku przetwarzania, \u0142\u0105czenia lub mieszania przedmiotu zam\u00f3wienia z innymi rzeczami, kt\u00f3re nie nale\u017c\u0105 do nas, zamawiaj\u0105cy niniejszym przenosi na nas wsp\u00f3\u0142w\u0142asno\u015b\u0107 nowej rzeczy w wysoko\u015bci ceny sprzeda\u017cy naliczonej zamawiaj\u0105cemu, wraz z podatkiem VAT. Zamawiaj\u0105cy przechowuje now\u0105 rzecz dla nas nieodp\u0142atnie.<br \/>\n(5) Je\u017celi warto\u015b\u0107 udzielonych nam zabezpiecze\u0144 przekracza \u0142\u0105czn\u0105 warto\u015b\u0107 naszych wierzytelno\u015bci o ponad 20%, na \u017c\u0105danie zamawiaj\u0105cego jeste\u015bmy zobowi\u0105zani do zwolnienia zabezpiecze\u0144 wed\u0142ug naszego wyboru.<br \/>\n(6) W przypadku naruszenia obowi\u0105zk\u00f3w przez zamawiaj\u0105cego, w szczeg\u00f3lno\u015bci w przypadku op\u00f3\u017anienia w p\u0142atno\u015bci, po odst\u0105pieniu od umowy mamy prawo do odebrania przedmiotu zam\u00f3wienia, a zamawiaj\u0105cy jest zobowi\u0105zany do jego zwrotu. W takim przypadku koszty odbioru pokrywa zamawiaj\u0105cy. Za u\u017cytkowanie dostarczonych i odebranych przedmiot\u00f3w przys\u0142uguje nam odszkodowanie za u\u017cytkowanie oraz rekompensata za utrat\u0119 warto\u015bci w wysoko\u015bci odpowiadaj\u0105cej rynkowej cenie wynajmu za okres u\u017cytkowania. Zamawiaj\u0105cy ma jednak prawo udowodni\u0107, \u017ce nie ponie\u015bli\u015bmy \u017cadnej szkody lub \u017ce nasza szkoda jest znacznie ni\u017csza ni\u017c kwota rycza\u0142towa.   <\/p>\n<\/div>\n<div id=\"c86\" class=\"csc-default csc-space-after-30\">\n<div class=\"csc-header csc-header-n9\">\n<h3>\u00a7 8 Zastaw<\/h3>\n<\/div>\n<p>W celu zabezpieczenia naszych roszcze\u0144 przys\u0142uguje nam wynikaj\u0105ce z umowy prawo zastawu na przedmiocie zam\u00f3wienia, kt\u00f3ry wszed\u0142 w nasze posiadanie.<br \/>\nUmowne prawo zastawu mo\u017ce by\u0107 r\u00f3wnie\u017c dochodzone z tytu\u0142u wierzytelno\u015bci wynikaj\u0105cych z wcze\u015bniej zrealizowanych zam\u00f3wie\u0144 lub innych us\u0142ug, o ile s\u0105 one zwi\u0105zane z przedmiotem zam\u00f3wienia. W odniesieniu do dalszych roszcze\u0144 wynikaj\u0105cych ze stosunku handlowego przys\u0142uguje nam umowne prawo zastawu tylko wtedy, gdy roszczenia te s\u0105 bezsporne lub istnieje prawomocny tytu\u0142 wykonawczy, a przedmiot zam\u00f3wienia nale\u017cy do zamawiaj\u0105cego. <\/p>\n<\/div>\n<div id=\"c87\" class=\"csc-default csc-space-after-30\">\n<div class=\"csc-header csc-header-n10\">\n<h3>\u00a7 9 Wady fizyczne\/ gwarancje<\/h3>\n<\/div>\n<p>(1) W przypadku dostawy nowych rzeczy termin na zg\u0142oszenie reklamacji wynosi jeden rok i rozpoczyna si\u0119 w momencie dostawy lub odbioru przedmiot\u00f3w zam\u00f3wienia. W przypadku rzeczy u\u017cywanych reklamacje s\u0105 wykluczone. Skr\u00f3cenie terminu przedawnienia (zdanie 1) lub wy\u0142\u0105czenie roszcze\u0144 z tytu\u0142u wad (zdanie 2) nie dotyczy szk\u00f3d wynikaj\u0105cych z utraty \u017cycia, uszkodzenia cia\u0142a lub zdrowia ani szk\u00f3d spowodowanych przez nas lub naszych wsp\u00f3\u0142pracownik\u00f3w w wyniku ra\u017c\u0105cego niedbalstwa lub umy\u015blnego dzia\u0142ania.<br \/>\n(2) Oczywiste wady samego towaru lub b\u0142\u0119dy w instrukcji monta\u017cu, o ile s\u0105 dost\u0119pne, b\u0142\u0119dne dostawy i rozbie\u017cno\u015bci ilo\u015bciowe nale\u017cy zg\u0142asza\u0107 na pi\u015bmie niezw\u0142ocznie po stwierdzeniu wady, najp\u00f3\u017aniej jednak w ci\u0105gu 7 dni roboczych od otrzymania przedmiot\u00f3w zam\u00f3wienia. Je\u015bli wada w rozumieniu niniejszego postanowienia ujawni si\u0119 p\u00f3\u017aniej, nale\u017cy niezw\u0142ocznie zg\u0142osi\u0107 jej wyst\u0105pienie.<br \/>\n(3) Je\u015bli dostarczony towar jest wadliwy, usuniemy wady przedmiotu zam\u00f3wienia lub wymienimy przedmiot zam\u00f3wienia zgodnie z ustalonymi przez nas procedurami. Wymienione cz\u0119\u015bci staj\u0105 si\u0119 nasz\u0105 w\u0142asno\u015bci\u0105. Nie ponosimy dodatkowych koszt\u00f3w usuni\u0119cia wad lub dostawy zast\u0119pczej, kt\u00f3re powsta\u0142y w wyniku przeniesienia przedmiotu zam\u00f3wienia przez zamawiaj\u0105cego po dostawie do miejsca innego ni\u017c pierwotne miejsce dostawy, chyba \u017ce przeniesienie to jest zgodne z przeznaczeniem.<br \/>\n(4) Je\u017celi odm\u00f3wili\u015bmy usuni\u0119cia wad i dostawy zast\u0119pczej ze wzgl\u0119du na nieproporcjonalne koszty lub je\u017celi usuni\u0119cie wad lub dostawa zast\u0119pcza \u2013 w razie potrzeby powt\u00f3rzona co najmniej dwukrotnie \u2013 ostatecznie nie powiod\u0142a si\u0119 lub jest nie do przyj\u0119cia dla zamawiaj\u0105cego, mo\u017ce on wed\u0142ug w\u0142asnego uznania za\u017c\u0105da\u0107 obni\u017cenia rekompensaty lub odst\u0105pi\u0107 od umowy, je\u017celi wada jest istotna. Dalsze roszczenia zamawiaj\u0105cego reguluje \u00a7 10 (Odpowiedzialno\u015b\u0107).<br \/>\n(5) Je\u015bli reklamacja oka\u017ce si\u0119 bezzasadna, zamawiaj\u0105cy ponosi koszty powsta\u0142e w wyniku naszego procesu reklamacyjnego zgodnie z obowi\u0105zuj\u0105cymi w tym czasie stawkami.<br \/>\n(6) Gwarancje dotycz\u0105ce jako\u015bci i\/lub trwa\u0142o\u015bci przedmiotu zam\u00f3wienia s\u0105 skuteczne wy\u0142\u0105cznie w przypadku z\u0142o\u017cenia przez nas pisemnego o\u015bwiadczenia gwarancyjnego.<\/p>\n<\/div>\n<div id=\"c88\" class=\"csc-default csc-space-after-30\">\n<div class=\"csc-header csc-header-n11\">\n<h3>\u00a7 10 Odpowiedzialno\u015b\u0107<\/h3>\n<\/div>\n<p>(1) Odpowiedzialno\u015b\u0107 za szkody osobowe reguluj\u0105 przepisy ustawowe.<br \/>\n(2) Wyklucza si\u0119 wszelkie inne roszczenia odszkodowawcze zamawiaj\u0105cego wynikaj\u0105ce z naruszenia naszych zobowi\u0105za\u0144 umownych lub ustawowych. W szczeg\u00f3lno\u015bci nie ponosimy odpowiedzialno\u015bci za szkody powsta\u0142e w samym przedmiocie zam\u00f3wienia. Ponadto nie ponosimy odpowiedzialno\u015bci za szkody nast\u0119pcze, utrat\u0119 zysk\u00f3w lub inne szkody maj\u0105tkowe.<br \/>\n(3) Powy\u017csze wy\u0142\u0105czenie odpowiedzialno\u015bci nie ma zastosowania, je\u017celi szkoda zosta\u0142a spowodowana przez nas lub naszych wsp\u00f3\u0142pracownik\u00f3w w spos\u00f3b umy\u015blny lub w wyniku ra\u017c\u0105cego niedbalstwa. W przypadku naruszenia przez nas istotnych zobowi\u0105za\u0144 umownych ponosimy odpowiedzialno\u015b\u0107 r\u00f3wnie\u017c za niewielkie zaniedbanie, chyba \u017ce chodzi o szkody nietypowe dla umowy i nieprzewidywalne.<br \/>\n(4) Je\u015bli spowodowali\u015bmy szkod\u0119, za kt\u00f3r\u0105 odpowiedzialno\u015b\u0107 nie jest wy\u0142\u0105czona zgodnie z niniejszym paragrafem, wy\u0142\u0105cznie w wyniku zaniedbania, odpowiedzialno\u015b\u0107 jest ograniczona do kwoty 1 500 000,00 EUR za ka\u017cdy przypadek szkody i 3 000 000,00 EUR za ka\u017cdy rok kalendarzowy \u0142\u0105cznie a w przypadku szk\u00f3d maj\u0105tkowych do 50 000,00 EUR za ka\u017cdy przypadek szkody i 100 000,00 EUR \u0142\u0105cznie za ka\u017cdy rok kalendarzowy. Ograniczenie odpowiedzialno\u015bci nie dotyczy szk\u00f3d osobowych (punkt 1).<br \/>\n(5) Powy\u017csze postanowienia nie ograniczaj\u0105 prawa zamawiaj\u0105cego do odst\u0105pienia od umowy. To samo dotyczy odpowiedzialno\u015bci zgodnie z ustaw\u0105 o odpowiedzialno\u015bci za produkt. <\/p>\n<\/div>\n<div id=\"c89\" class=\"csc-default csc-space-after-30\">\n<div class=\"csc-header csc-header-n12\">\n<h3>\u00a7 11 Prawa ochronne \/ przechowywanie dokument\u00f3w<\/h3>\n<\/div>\n<p>(1) Zastrzegamy sobie wszelkie prawa ochronne (np. prawa autorskie) do naszych rysunk\u00f3w, ilustracji, szkic\u00f3w, wzor\u00f3w, innych dokument\u00f3w i katalog\u00f3w. Wy\u017cej wymienione dokumenty lub wzory nie mog\u0105 by\u0107 rozpowszechniane, powielane ani publikowane, nawet we fragmentach, bez naszej zgody.<br \/>\n(2) Je\u015bli zamawiaj\u0105cy udost\u0119pnia nam dokumenty, jest on zobowi\u0105zany do ich odebrania po zako\u0144czeniu realizacji zam\u00f3wienia. Po zako\u0144czeniu realizacji zam\u00f3wienia przechowujemy te dokumenty przez maksymalnie 3 miesi\u0105ce. <\/p>\n<\/div>\n<div id=\"c90\" class=\"csc-default csc-space-after-30\">\n<div class=\"csc-header csc-header-n13\">\n<h3>\u00a7 12 Niewa\u017cno\u015b\u0107 poszczeg\u00f3lnych postanowie\u0144<\/h3>\n<\/div>\n<p>Niewa\u017cno\u015b\u0107 poszczeg\u00f3lnych postanowie\u0144 niniejszych warunk\u00f3w handlowych nie ma wp\u0142ywu na wa\u017cno\u015b\u0107 pozosta\u0142ych postanowie\u0144.<\/p>\n<\/div>\n<div id=\"c91\" class=\"csc-default csc-space-after-30\">\n<div class=\"csc-header csc-header-n14\">\n<h3>\u00a7 13 Wyb\u00f3r prawa w\u0142a\u015bciwego, miejsce wykonania umowy i w\u0142a\u015bciwo\u015b\u0107 s\u0105d\u00f3w<\/h3>\n<\/div>\n<p>(1) Wszystkie istniej\u0105ce z nami stosunki prawne podlegaj\u0105 prawu niemieckiemu. Prawo niemieckie ma r\u00f3wnie\u017c zastosowanie do niniejszych Og\u00f3lnych Warunk\u00f3w Handlowych. Wyklucza si\u0119 stosowanie Konwencji Narod\u00f3w Zjednoczonych z dnia 11 kwietnia 1980 r. o umowach mi\u0119dzynarodowej sprzeda\u017cy towar\u00f3w (CISG \u2013 \u201ewiede\u0144skie prawo sprzeda\u017cy\u201d).<br \/>\n2) W stosunkach handlowych z kupcami, przedsi\u0119biorcami, osobami prawnymi prawa publicznego lub specjalnymi funduszami prawa publicznego miejscem wykonania zobowi\u0105zania i w\u0142a\u015bciwo\u015bci\u0105 s\u0105dow\u0105 dla obu stron jest 72336 Balingen. Dotyczy to wszystkich obecnych i przysz\u0142ych roszcze\u0144 wynikaj\u0105cych ze stosunk\u00f3w handlowych, w szczeg\u00f3lno\u015bci r\u00f3wnie\u017c pow\u00f3dztw w sprawach wekslowych i dokumentowych.<br \/>\nW razie konieczno\u015bci jeste\u015bmy r\u00f3wnie\u017c uprawnieni do wniesienia pozwu w siedzibie zamawiaj\u0105cego. <\/p>\n<p>Stan: 01.05.2022<\/p>\n<\/div>\n<\/div><div class=\"fusion-clearfix\"><\/div>\n\n\t\t\t\t\t<\/div>\n\t\t\t\t<\/div><\/div><\/div>\n","protected":false},"excerpt":{"rendered":"","protected":false},"author":1,"featured_media":0,"parent":0,"menu_order":0,"comment_status":"closed","ping_status":"closed","template":"","meta":{"footnotes":""},"class_list":["post-23072","page","type-page","status-publish","hentry"],"_links":{"self":[{"href":"https:\/\/ake.de\/pl\/wp-json\/wp\/v2\/pages\/23072","targetHints":{"allow":["GET"]}}],"collection":[{"href":"https:\/\/ake.de\/pl\/wp-json\/wp\/v2\/pages"}],"about":[{"href":"https:\/\/ake.de\/pl\/wp-json\/wp\/v2\/types\/page"}],"author":[{"embeddable":true,"href":"https:\/\/ake.de\/pl\/wp-json\/wp\/v2\/users\/1"}],"replies":[{"embeddable":true,"href":"https:\/\/ake.de\/pl\/wp-json\/wp\/v2\/comments?post=23072"}],"version-history":[{"count":5,"href":"https:\/\/ake.de\/pl\/wp-json\/wp\/v2\/pages\/23072\/revisions"}],"predecessor-version":[{"id":23083,"href":"https:\/\/ake.de\/pl\/wp-json\/wp\/v2\/pages\/23072\/revisions\/23083"}],"wp:attachment":[{"href":"https:\/\/ake.de\/pl\/wp-json\/wp\/v2\/media?parent=23072"}],"curies":[{"name":"wp","href":"https:\/\/api.w.org\/{rel}","templated":true}]}}