{"id":22957,"date":"2025-08-21T13:28:09","date_gmt":"2025-08-21T12:28:09","guid":{"rendered":"https:\/\/ake.de\/filozofia-firmy\/"},"modified":"2025-09-04T10:57:57","modified_gmt":"2025-09-04T09:57:57","slug":"filozofia-firmy","status":"publish","type":"page","link":"https:\/\/ake.de\/pl\/filozofia-firmy\/","title":{"rendered":"Filozofia firmy"},"content":{"rendered":"<div class=\"fusion-fullwidth fullwidth-box nonhundred-percent-fullwidth non-hundred-percent-height-scrolling\"  style='background-color: rgba(255,255,255,0);background-position: center center;background-repeat: no-repeat;padding-top:0px;padding-right:0px;padding-bottom:0px;padding-left:0px;'><div class=\"fusion-builder-row fusion-row \"><div  class=\"fusion-layout-column fusion_builder_column fusion_builder_column_1_1  fusion-one-full fusion-column-first fusion-column-last 1_1\"  style='margin-top:0px;margin-bottom:20px;'>\n\t\t\t\t\t<div class=\"fusion-column-wrapper\" style=\"padding: 0px 0px 0px 0px;background-position:left top;background-repeat:no-repeat;-webkit-background-size:cover;-moz-background-size:cover;-o-background-size:cover;background-size:cover;\"  data-bg-url=\"\">\n\t\t\t\t\t\t<div class=\"fusion-title title fusion-sep-none fusion-title-size-one\" style=\"margin-top:20px;margin-bottom:0px;\"><h1 class=\"title-heading-left\"><p style=\"text-align: left;\"><span style=\"color: #9d9d9d;\">Filozofia firmy<\/span><\/p><\/h1><\/div>\n\t\t<!-- MasterSlider -->\n\t\t<div id=\"P_MS62449cebb15e2\" class=\"master-slider-parent ms-parent-id-32\" style=\"\" >\n\n\t\t\t\n\t\t\t<!-- MasterSlider Main -->\n\t\t\t<div id=\"MS62449cebb15e2\" class=\"master-slider ms-skin-default\" >\n\t\t\t\t \t\t\t\t \n<div class=\"ms-overlay-layers\">\t\t\t\t\t<div  class=\"ms-layer  msp-cn-32-18\" style=\"\"   data-effect=\"t(true,-150,n,n,n,n,n,n,n,n,n,n,n,n,n)\"  data-delay=\"400\" data-ease=\"easeOutQuint\"              data-widthlimit=\"500\"  data-offset-x=\"0\" data-offset-y=\"100\" data-origin=\"tl\"   >\n<h3 style=\"text-align: right;\"><span style=\"color: #ffffff;\"><em>\"Think global<br \/>- act local!\"<br \/><br \/><\/em>- Alexander Knebel<\/span><em><br \/><\/em><\/h3><\/div>\n\n\t\t\t\t\t<div  class=\"ms-layer  msp-cn-9-17\" style=\"\"   data-effect=\"t(true,-150,n,n,n,n,n,n,n,n,n,n,n,n,n)\"   data-ease=\"easeOutQuint\"              data-widthlimit=\"1750\"  data-offset-x=\"0\" data-offset-y=\"20\" data-origin=\"tl\"   >\n<h3 style=\"text-align: left;\"><strong><span style=\"color: #ffffff;\">Gesch\u00e4ftsf\u00fchrer<\/span><br \/><\/strong><\/h3><\/div>\n\n\t\t\t\t\t<img decoding=\"async\"  class=\"ms-layer\" src=\"https:\/\/ake.de\/wp-content\/plugins\/masterslider\/public\/assets\/css\/blank.gif\" data-src=\"https:\/\/ake.de\/wp-content\/uploads\/2019\/04\/AlexanderKnebel-3.png\" alt=\"\" style=\"width:250px;\"  data-effect=\"t(true,-500,n,n,n,n,n,n,n,n,n,n,n,n,n)\" data-duration=\"600\"  data-ease=\"easeOutQuint\"        data-type=\"image\"      data-widthlimit=\"500\"    data-offset-x=\"0\" data-offset-y=\"30\" data-origin=\"tl\"  \/>\n\n<\/div>\n\t\t\t<div  class=\"ms-slide\" data-delay=\"3\" data-fill-mode=\"fill\"   >\n\t\t\t\t\t<img decoding=\"async\" src=\"https:\/\/ake.de\/wp-content\/plugins\/masterslider\/public\/assets\/css\/blank.gif\" alt=\"\" title=\"\" data-src=\"https:\/\/ake.de\/wp-content\/uploads\/2019\/04\/PhilosophieUHR-1.jpg\" \/>\n\n\n\t\t\t\t<\/div>\n\n\t\t\t<\/div>\n\t\t\t<!-- END MasterSlider Main -->\n\n\t\t\t \n\t\t<\/div>\n\t\t<!-- END MasterSlider -->\n\n\t\t<script>\n\t\t( window.MSReady = window.MSReady || [] ).push( function( $ ) {\n\n\t\t\t\"use strict\";\n\t\t\tvar masterslider_15e2 = new MasterSlider();\n\n\t\t\t\/\/ slider controls\n\t\t\t\/\/ slider setup\n\t\t\tmasterslider_15e2.setup(\"MS62449cebb15e2\", {\n\t\t\t\twidth           : 1920,\n\t\t\t\theight          : 360,\n\t\t\t\tminHeight       : 200,\n\t\t\t\tspace           : 0,\n\t\t\t\tstart           : 1,\n\t\t\t\tgrabCursor      : true,\n\t\t\t\tswipe           : false,\n\t\t\t\tmouse           : false,\n\t\t\t\tkeyboard        : false,\n\t\t\t\tlayout          : \"fullwidth\",\n\t\t\t\twheel           : false,\n\t\t\t\tautoplay        : false,\n                instantStartLayers:false,\n\t\t\t\tmobileBGVideo:false,\n\t\t\t\tloop            : false,\n\t\t\t\tshuffle         : false,\n\t\t\t\tpreload         : 'all',\n\t\t\t\theightLimit     : true,\n\t\t\t\tautoHeight      : false,\n\t\t\t\tsmoothHeight    : true,\n\t\t\t\tendPause        : false,\n\t\t\t\toverPause       : false,\n\t\t\t\tfillMode        : \"fill\",\n\t\t\t\tcenterControls  : false,\n\t\t\t\tstartOnAppear   : false,\n\t\t\t\tlayersMode      : \"center\",\n\t\t\t\tautofillTarget  : \"\",\n\t\t\t\thideLayers      : false,\n\t\t\t\tfullscreenMargin: 0,\n\t\t\t\tspeed           : 20,\n\t\t\t\tdir             : \"h\",\n\t\t\t\tresponsive      : true,\n\t\t\t\ttabletWidth     : 768,\n\t\t\t\ttabletHeight    : null,\n\t\t\t\tphoneWidth      : 480,\n\t\t\t\tphoneHeight    : null,\n\t\t\t\tsizingReference : window,\n\t\t\t\tparallaxMode    : 'swipe',\n\t\t\t\tview            : \"fade\"\n\t\t\t});\n\n\t\t\t\n\t\t\twindow.masterslider_instances = window.masterslider_instances || [];\n\t\t\twindow.masterslider_instances.push( masterslider_15e2 );\n\t\t});\n\t\t<\/script>\n\n<div class=\"fusion-clearfix\"><\/div>\n\n\t\t\t\t\t<\/div>\n\t\t\t\t<\/div><div  class=\"fusion-layout-column fusion_builder_column fusion_builder_column_1_5  fusion-one-fifth fusion-column-first 1_5\"  style='margin-top:0px;margin-bottom:0px;width:20%;width:calc(20% - ( ( 4% + 4% ) * 0.2 ) );margin-right: 4%;'>\n\t\t\t\t\t<div class=\"fusion-column-wrapper\" style=\"padding: 0px 0px 0px 0px;background-position:left top;background-repeat:no-repeat;-webkit-background-size:cover;-moz-background-size:cover;-o-background-size:cover;background-size:cover;\"  data-bg-url=\"\">\n\t\t\t\t\t\t<div class=\"fusion-clearfix\"><\/div>\n\n\t\t\t\t\t<\/div>\n\t\t\t\t<\/div><div  class=\"fusion-layout-column fusion_builder_column fusion_builder_column_3_5  fusion-three-fifth 3_5\"  style='margin-top:0px;margin-bottom:20px;width:60%;width:calc(60% - ( ( 4% + 4% ) * 0.6 ) );margin-right: 4%;'>\n\t\t\t\t\t<div class=\"fusion-column-wrapper\" style=\"padding: 0px 0px 0px 0px;background-position:left top;background-repeat:no-repeat;-webkit-background-size:cover;-moz-background-size:cover;-o-background-size:cover;background-size:cover;\"  data-bg-url=\"\">\n\t\t\t\t\t\t<div class=\"fusion-text\"><h3 style=\"text-align: left;\"><strong>Nasza wiedza i do\u015bwiadczenie &#8211; dla Pa\u0144stwa sukcesu<br \/>\n<\/strong><\/h3>\n<\/div><div class=\"fusion-text\"><p>AKE to \u015bredniej wielko\u015bci firma rodzinna dzia\u0142aj\u0105ca na rynku mi\u0119dzynarodowym. Nasza pozycja zapewnia naszym klientom znaczne korzy\u015bci. Znajd\u0105 u nas Pa\u0144stwo r\u00f3\u017cnorodno\u015b\u0107 i kompetencje du\u017cej firmy, a jednocze\u015bnie skorzystaj\u0105 z szybko\u015bci i elastyczno\u015bci ma\u0142ej firmy. Nasza specjalizacja, przys\u0142owiowa precyzja, innowacyjno\u015b\u0107 i ogromne do\u015bwiadczenie sprawiaj\u0105, \u017ce nasi klienci osi\u0105gaj\u0105 sukcesy. Od ponad 50 lat AKE jest synonimem najwy\u017cszej jako\u015bci w przemy\u015ble i rzemio\u015ble. Obecnie AKE jest jednym z wiod\u0105cych \u015bwiatowych producent\u00f3w pi\u0142 tarczowych i narz\u0119dzi frezarskich.<\/p>\n<\/div><div class=\"fusion-clearfix\"><\/div>\n\n\t\t\t\t\t<\/div>\n\t\t\t\t<\/div><div  class=\"fusion-layout-column fusion_builder_column fusion_builder_column_1_5  fusion-one-fifth fusion-column-last 1_5\"  style='margin-top:0px;margin-bottom:0px;width:20%;width:calc(20% - ( ( 4% + 4% ) * 0.2 ) );'>\n\t\t\t\t\t<div class=\"fusion-column-wrapper\" style=\"padding: 0px 0px 0px 0px;background-position:left top;background-repeat:no-repeat;-webkit-background-size:cover;-moz-background-size:cover;-o-background-size:cover;background-size:cover;\"  data-bg-url=\"\">\n\t\t\t\t\t\t<div class=\"fusion-clearfix\"><\/div>\n\n\t\t\t\t\t<\/div>\n\t\t\t\t<\/div><div  class=\"fusion-layout-column fusion_builder_column fusion_builder_column_1_1  fusion-one-full fusion-column-first fusion-column-last 1_1\"  style='margin-top:0px;margin-bottom:0px;'>\n\t\t\t\t\t<div class=\"fusion-column-wrapper\" style=\"padding: 0px 0px 0px 0px;background-position:left top;background-repeat:no-repeat;-webkit-background-size:cover;-moz-background-size:cover;-o-background-size:cover;background-size:cover;\"  data-bg-url=\"\">\n\t\t\t\t\t\t<div class=\"fusion-sep-clear\"><\/div><div class=\"fusion-separator fusion-full-width-sep sep-shadow\" style=\"background:radial-gradient(ellipse at 50% -50% , #9d9d9d 0px, rgba(255, 255, 255, 0) 80%) repeat scroll 0 0 rgba(0, 0, 0, 0);background:-webkit-radial-gradient(ellipse at 50% -50% , #9d9d9d 0px, rgba(255, 255, 255, 0) 80%) repeat scroll 0 0 rgba(0, 0, 0, 0);background:-moz-radial-gradient(ellipse at 50% -50% , #9d9d9d 0px, rgba(255, 255, 255, 0) 80%) repeat scroll 0 0 rgba(0, 0, 0, 0);background:-o-radial-gradient(ellipse at 50% -50% , #9d9d9d 0px, rgba(255, 255, 255, 0) 80%) repeat scroll 0 0 rgba(0, 0, 0, 0);margin-left: auto;margin-right: auto;margin-top:;margin-bottom:20px;\"><\/div><div class=\"fusion-clearfix\"><\/div>\n\n\t\t\t\t\t<\/div>\n\t\t\t\t<\/div><div  data-animationType=fadeInDown data-animationDuration=0.6 data-animationOffset=100% class=\"fusion-layout-column fusion_builder_column fusion_builder_column_2_3  fusion-two-third fusion-column-first fusion-animated 2_3\"  style='margin-top:20px;margin-bottom:0px;width:66.66%;width:calc(66.66% - ( ( 4% ) * 0.6666 ) );margin-right: 4%;'>\n\t\t\t\t\t<div class=\"fusion-column-wrapper\" style=\"padding: 0px 0px 0px 0px;background-position:left top;background-repeat:no-repeat;-webkit-background-size:cover;-moz-background-size:cover;-o-background-size:cover;background-size:cover;\"  data-bg-url=\"\">\n\t\t\t\t\t\t<span class=\"fusion-imageframe imageframe-none imageframe-1 hover-type-none\"><img decoding=\"async\" src=\"http:\/\/ake.de\/wp-content\/uploads\/2019\/04\/PhilosophieTeam.jpg\" width=\"\" height=\"\" alt=\"\" title=\"PhilosophieTeam\" class=\"img-responsive wp-image-16882\" srcset=\"https:\/\/ake.de\/wp-content\/uploads\/2019\/04\/PhilosophieTeam-200x53.jpg 200w, https:\/\/ake.de\/wp-content\/uploads\/2019\/04\/PhilosophieTeam-400x107.jpg 400w, https:\/\/ake.de\/wp-content\/uploads\/2019\/04\/PhilosophieTeam-600x160.jpg 600w, https:\/\/ake.de\/wp-content\/uploads\/2019\/04\/PhilosophieTeam-800x213.jpg 800w, https:\/\/ake.de\/wp-content\/uploads\/2019\/04\/PhilosophieTeam-1200x320.jpg 1200w, https:\/\/ake.de\/wp-content\/uploads\/2019\/04\/PhilosophieTeam.jpg 1500w\" sizes=\"(max-width: 1200px) 100vw, 1200px\" \/><\/span><div class=\"fusion-clearfix\"><\/div>\n\n\t\t\t\t\t<\/div>\n\t\t\t\t<\/div><div  data-animationType=fadeInDown data-animationDuration=0.6 data-animationOffset=100% class=\"fusion-layout-column fusion_builder_column fusion_builder_column_1_3  fusion-one-third fusion-column-last fusion-animated 1_3\"  style='margin-top:0px;margin-bottom:0px;width:33.33%;width:calc(33.33% - ( ( 4% ) * 0.3333 ) );'>\n\t\t\t\t\t<div class=\"fusion-column-wrapper\" style=\"padding: 0px 0px 0px 0px;background-position:left top;background-repeat:no-repeat;-webkit-background-size:cover;-moz-background-size:cover;-o-background-size:cover;background-size:cover;\"  data-bg-url=\"\">\n\t\t\t\t\t\t<div class=\"fusion-text\"><h3 style=\"text-align: left;\"><strong>Cutting &amp; better &#8211; wi\u0119cej ni\u017c tylko dobre ci\u0119cie<br \/>\n<\/strong><\/h3>\n<\/div><div class=\"fusion-text\"><p>Nie zostawiamy naszych klient\u00f3w samych z produktem. Najwy\u017cszy poziom satysfakcji osi\u0105ga si\u0119 poprzez intensywn\u0105 komunikacj\u0119 i wynikaj\u0105ce z niej g\u0142\u0119bokie zrozumienie dla siebie nawzajem. D\u0105\u017cenie do tego, aby zawsze dawa\u0107 klientom to, co najlepsze i by\u0107 o krok przed nimi, wyra\u017ca si\u0119 w ha\u015ble \u201eCutting &amp; better\u201d. Dla klient\u00f3w oznacza to \u201efeel better\u201d i \u201ebe better\u201d z AKE.<\/p>\n<\/div><div class=\"fusion-clearfix\"><\/div>\n\n\t\t\t\t\t<\/div>\n\t\t\t\t<\/div><div  data-animationType=fadeInDown data-animationDuration=0.6 data-animationOffset=100% class=\"fusion-layout-column fusion_builder_column fusion_builder_column_1_3  fusion-one-third fusion-column-first fusion-animated 1_3\"  style='margin-top:20px;margin-bottom:20px;width:33.33%;width:calc(33.33% - ( ( 4% ) * 0.3333 ) );margin-right: 4%;'>\n\t\t\t\t\t<div class=\"fusion-column-wrapper\" style=\"padding: 0px 0px 0px 0px;background-position:left top;background-repeat:no-repeat;-webkit-background-size:cover;-moz-background-size:cover;-o-background-size:cover;background-size:cover;\"  data-bg-url=\"\">\n\t\t\t\t\t\t<div class=\"fusion-text\"><h3 style=\"text-align: left;\"><strong>Specjalizacja jako sk\u0142adnik sukcesu<br \/>\n<\/strong><\/h3>\n<\/div><div class=\"fusion-text\"><p>Kiedy w firmie AKE powstaje pi\u0142a tarczowa, mo\u017cna \u015bledzi\u0107 ca\u0142y proces jej powstawania, od blachy po gotowe zaawansowane technologicznie narz\u0119dzie.<br \/>\nJako\u015b\u0107 naszych produkt\u00f3w mamy dos\u0142ownie \u201ew swoich r\u0119kach\u201d i dzi\u0119ki specjalistycznemu zespo\u0142owi technik\u00f3w mo\u017cemy zaoferowa\u0107 naszym klientom unikalne rozwi\u0105zania, idealnie dostosowane do ich potrzeb.<\/p>\n<\/div><div class=\"fusion-clearfix\"><\/div>\n\n\t\t\t\t\t<\/div>\n\t\t\t\t<\/div><div  data-animationType=fadeInDown data-animationDuration=0.6 data-animationOffset=100% class=\"fusion-layout-column fusion_builder_column fusion_builder_column_2_3  fusion-two-third fusion-column-last fusion-animated 2_3\"  style='margin-top:40px;margin-bottom:30px;width:66.66%;width:calc(66.66% - ( ( 4% ) * 0.6666 ) );'>\n\t\t\t\t\t<div class=\"fusion-column-wrapper\" style=\"padding: 0px 0px 0px 0px;background-position:left top;background-repeat:no-repeat;-webkit-background-size:cover;-moz-background-size:cover;-o-background-size:cover;background-size:cover;\"  data-bg-url=\"\">\n\t\t\t\t\t\t<span class=\"fusion-imageframe imageframe-none imageframe-2 hover-type-none\"><img loading=\"lazy\" decoding=\"async\" src=\"https:\/\/ake.de\/wp-content\/uploads\/2019\/10\/PhilosophieSpezi.jpg\" width=\"6250\" height=\"1667\" alt=\"\" title=\"PhilosophieSpezi\" class=\"img-responsive wp-image-18001\" srcset=\"https:\/\/ake.de\/wp-content\/uploads\/2019\/10\/PhilosophieSpezi-200x53.jpg 200w, https:\/\/ake.de\/wp-content\/uploads\/2019\/10\/PhilosophieSpezi-400x107.jpg 400w, https:\/\/ake.de\/wp-content\/uploads\/2019\/10\/PhilosophieSpezi-600x160.jpg 600w, https:\/\/ake.de\/wp-content\/uploads\/2019\/10\/PhilosophieSpezi-800x213.jpg 800w, https:\/\/ake.de\/wp-content\/uploads\/2019\/10\/PhilosophieSpezi-1200x320.jpg 1200w, https:\/\/ake.de\/wp-content\/uploads\/2019\/10\/PhilosophieSpezi.jpg 6250w\" sizes=\"auto, (max-width: 1200px) 100vw, 1200px\" \/><\/span><div class=\"fusion-clearfix\"><\/div>\n\n\t\t\t\t\t<\/div>\n\t\t\t\t<\/div><\/div><\/div>\n","protected":false},"excerpt":{"rendered":"","protected":false},"author":1,"featured_media":0,"parent":0,"menu_order":0,"comment_status":"closed","ping_status":"closed","template":"","meta":{"footnotes":""},"class_list":["post-22957","page","type-page","status-publish","hentry"],"_links":{"self":[{"href":"https:\/\/ake.de\/pl\/wp-json\/wp\/v2\/pages\/22957","targetHints":{"allow":["GET"]}}],"collection":[{"href":"https:\/\/ake.de\/pl\/wp-json\/wp\/v2\/pages"}],"about":[{"href":"https:\/\/ake.de\/pl\/wp-json\/wp\/v2\/types\/page"}],"author":[{"embeddable":true,"href":"https:\/\/ake.de\/pl\/wp-json\/wp\/v2\/users\/1"}],"replies":[{"embeddable":true,"href":"https:\/\/ake.de\/pl\/wp-json\/wp\/v2\/comments?post=22957"}],"version-history":[{"count":7,"href":"https:\/\/ake.de\/pl\/wp-json\/wp\/v2\/pages\/22957\/revisions"}],"predecessor-version":[{"id":23242,"href":"https:\/\/ake.de\/pl\/wp-json\/wp\/v2\/pages\/22957\/revisions\/23242"}],"wp:attachment":[{"href":"https:\/\/ake.de\/pl\/wp-json\/wp\/v2\/media?parent=22957"}],"curies":[{"name":"wp","href":"https:\/\/api.w.org\/{rel}","templated":true}]}}