{"id":22890,"date":"2025-08-14T13:59:48","date_gmt":"2025-08-14T12:59:48","guid":{"rendered":"https:\/\/ake.de\/strona-glowna\/"},"modified":"2025-10-20T14:06:15","modified_gmt":"2025-10-20T13:06:15","slug":"strona-glowna","status":"publish","type":"page","link":"https:\/\/ake.de\/pl\/","title":{"rendered":"Strona g\u0142\u00f3wna"},"content":{"rendered":"<p><div class=\"fusion-fullwidth fullwidth-box nonhundred-percent-fullwidth non-hundred-percent-height-scrolling\"  style='background-color: rgba(255,255,255,0);background-position: center center;background-repeat: no-repeat;padding-top:0px;padding-right:0px;padding-bottom:0px;padding-left:0px;'><div class=\"fusion-builder-row fusion-row \"><div  class=\"fusion-layout-column fusion_builder_column fusion_builder_column_1_1  fusion-one-full fusion-column-first fusion-column-last 1_1\"  style='margin-top:0px;margin-bottom:0px;'>\n\t\t\t\t\t<div class=\"fusion-column-wrapper\" style=\"padding: 0px 0px 0px 0px;background-position:left top;background-repeat:no-repeat;-webkit-background-size:cover;-moz-background-size:cover;-o-background-size:cover;background-size:cover;\"  data-bg-url=\"\">\n\t\t\t\t\t\t\n\t\t<!-- MasterSlider -->\n\t\t<div id=\"P_MS69ccbca21e779\" class=\"master-slider-parent ms-parent-id-8\" style=\"\" >\n\n\t\t\t\n\t\t\t<!-- MasterSlider Main -->\n\t\t\t<div id=\"MS69ccbca21e779\" class=\"master-slider ms-skin-minimal\" >\n\t\t\t\t \t\t\t\t \n\t\t\t<div  class=\"ms-slide\" data-delay=\"1\" data-fill-mode=\"fill\"   >\n\t\t\t\t\t<img decoding=\"async\" src=\"https:\/\/ake.de\/wp-content\/plugins\/masterslider\/public\/assets\/css\/blank.gif\" alt=\"\" title=\"\" data-src=\"https:\/\/ake.de\/wp-content\/uploads\/2026\/02\/AKE_Holz.jpg\" \/>\n\t<a href=\"https:\/\/ake.de\/markenprodukte\/\" target=\"_blank\"    ><\/a>\n\n\t\t\t\t\t<div  class=\"ms-layer  msp-cn-8-17\" style=\"\"   data-effect=\"t(true,-150,n,n,n,n,n,n,n,n,n,n,n,n,n)\"   data-ease=\"easeOutQuint\"              data-widthlimit=\"250\"  data-offset-x=\"0\" data-offset-y=\"20\" data-origin=\"tl\"   >\n<h1><span style=\"color: #ffffff;\"><strong>Willkommen!<\/strong><\/span><\/h1><\/div>\n\n\n\t\t\t\t<\/div>\n\t\t\t<div  class=\"ms-slide\" data-delay=\"5\" data-fill-mode=\"fill\"   >\n\t\t\t\t\t<img decoding=\"async\" src=\"https:\/\/ake.de\/wp-content\/plugins\/masterslider\/public\/assets\/css\/blank.gif\" alt=\"\" title=\"Banner_Website_WdM_HP\" data-src=\"https:\/\/ake.de\/wp-content\/uploads\/2026\/03\/Banner_WdM_03-26_Bombastic.jpg\" \/>\n\t<a href=\"https:\/\/ake.de\/werkzeug-monat\/\" target=\"_self\"    >Banner_Website_WdM_HP<\/a>\n\n\n\t\t\t\t<\/div>\n\t\t\t<div  class=\"ms-slide\" data-delay=\"4\" data-fill-mode=\"fill\"   >\n\t\t\t\t\t<img decoding=\"async\" src=\"https:\/\/ake.de\/wp-content\/plugins\/masterslider\/public\/assets\/css\/blank.gif\" alt=\"\" title=\"Slider_Expertenrat\" data-src=\"https:\/\/ake.de\/wp-content\/uploads\/2026\/02\/Slider_Expertenrat.jpg\" \/>\n\t<a href=\"https:\/\/ake.de\/expertenrat\/\"     >Slider_Expertenrat<\/a>\n\n\t\t\t\t\t<div  class=\"ms-layer\" style=\"\"     data-delay=\"2000\" data-ease=\"easeOutQuint\"       data-parallax=\"100\"         data-offset-x=\"1669\" data-offset-y=\"107\" data-origin=\"tl\"   >\n<img loading=\"lazy\" decoding=\"async\" class=\"alignnone  wp-image-24189\" src=\"https:\/\/ake.de\/wp-content\/uploads\/2026\/02\/Experte_Kai.jpg\" alt=\"\" width=\"180\" height=\"216\" srcset=\"https:\/\/ake.de\/wp-content\/uploads\/2026\/02\/Experte_Kai-200x240.jpg 200w, https:\/\/ake.de\/wp-content\/uploads\/2026\/02\/Experte_Kai.jpg 250w\" sizes=\"auto, (max-width: 180px) 100vw, 180px\" \/><\/div>\n\n\t\t\t\t\t<div  class=\"ms-layer\" style=\"\"    data-duration=\"1525\" data-delay=\"1500\" data-ease=\"easeOutQuint\"       data-parallax=\"100\"         data-offset-x=\"1473\" data-offset-y=\"107\" data-origin=\"tl\"   >\n<img loading=\"lazy\" decoding=\"async\" class=\"alignnone  wp-image-23845\" src=\"https:\/\/ake.de\/wp-content\/uploads\/2026\/02\/Experte_Lothar.jpg\" alt=\"\" width=\"180\" height=\"216\" srcset=\"https:\/\/ake.de\/wp-content\/uploads\/2026\/02\/Experte_Lothar-200x240.jpg 200w, https:\/\/ake.de\/wp-content\/uploads\/2026\/02\/Experte_Lothar.jpg 250w\" sizes=\"auto, (max-width: 180px) 100vw, 180px\" \/><\/div>\n\n\t\t\t\t\t<div  class=\"ms-layer\" style=\"\"    data-duration=\"2000\" data-delay=\"1000\" data-ease=\"easeOutQuint\"       data-parallax=\"100\"         data-offset-x=\"1278\" data-offset-y=\"107\" data-origin=\"tl\"   >\n<img loading=\"lazy\" decoding=\"async\" class=\"alignnone  wp-image-23859\" src=\"https:\/\/ake.de\/wp-content\/uploads\/2026\/02\/Experte_Wofgang.jpg\" alt=\"\" width=\"180\" height=\"216\" srcset=\"https:\/\/ake.de\/wp-content\/uploads\/2026\/02\/Experte_Wofgang-200x240.jpg 200w, https:\/\/ake.de\/wp-content\/uploads\/2026\/02\/Experte_Wofgang.jpg 250w\" sizes=\"auto, (max-width: 180px) 100vw, 180px\" \/><\/div>\n\n\t\t\t\t\t<div  class=\"ms-layer\" style=\"\"    data-duration=\"2512\" data-delay=\"500\" data-ease=\"easeOutQuint\"       data-parallax=\"100\"         data-offset-x=\"1083\" data-offset-y=\"107\" data-origin=\"tl\"   >\n<img loading=\"lazy\" decoding=\"async\" class=\"alignnone  wp-image-24196\" src=\"https:\/\/ake.de\/wp-content\/uploads\/2026\/02\/Experte_Rainer.jpg\" alt=\"\" width=\"180\" height=\"216\" srcset=\"https:\/\/ake.de\/wp-content\/uploads\/2026\/02\/Experte_Rainer-200x240.jpg 200w, https:\/\/ake.de\/wp-content\/uploads\/2026\/02\/Experte_Rainer.jpg 250w\" sizes=\"auto, (max-width: 180px) 100vw, 180px\" \/><\/div>\n\n\t\t\t\t\t<div  class=\"ms-layer\" style=\"\"    data-duration=\"3000\"  data-ease=\"easeOutQuint\"       data-parallax=\"100\"         data-offset-x=\"888\" data-offset-y=\"105\" data-origin=\"tl\"   >\n<img loading=\"lazy\" decoding=\"async\" class=\"alignnone  wp-image-23852\" src=\"https:\/\/ake.de\/wp-content\/uploads\/2026\/02\/Experte_Stefan.jpg\" alt=\"\" width=\"180\" height=\"216\" srcset=\"https:\/\/ake.de\/wp-content\/uploads\/2026\/02\/Experte_Stefan-200x240.jpg 200w, https:\/\/ake.de\/wp-content\/uploads\/2026\/02\/Experte_Stefan.jpg 250w\" sizes=\"auto, (max-width: 180px) 100vw, 180px\" \/><\/div>\n\n\n\t\t\t\t<\/div>\n\t\t\t<div  class=\"ms-slide\" data-delay=\"4\" data-fill-mode=\"fill\"   >\n\t\t\t\t\t<img decoding=\"async\" src=\"https:\/\/ake.de\/wp-content\/plugins\/masterslider\/public\/assets\/css\/blank.gif\" alt=\"\" title=\"Banner_Versand_120226\" data-src=\"https:\/\/ake.de\/wp-content\/uploads\/2026\/02\/Banner_Teste_uns_26.png\" \/>\n\t<a href=\"https:\/\/ake.de\/heute-bestellt-heute-gesendet\/\"     >Banner_Versand_120226<\/a>\n\n\n\t\t\t\t<\/div>\n\n\t\t\t<\/div>\n\t\t\t<!-- END MasterSlider Main -->\n\n\t\t\t \n\t\t<\/div>\n\t\t<!-- END MasterSlider -->\n\n\t\t<script>\n\t\t( window.MSReady = window.MSReady || [] ).push( function( $ ) {\n\n\t\t\t\"use strict\";\n\t\t\tvar masterslider_e779 = new MasterSlider();\n\n\t\t\t\/\/ slider controls\n\t\t\tmasterslider_e779.control('bullets'    ,{ autohide:false, overVideo:true, dir:'h', align:'bottom', space:6 , margin:10  });\n\t\t\t\/\/ slider setup\n\t\t\tmasterslider_e779.setup(\"MS69ccbca21e779\", {\n\t\t\t\twidth           : 1920,\n\t\t\t\theight          : 420,\n\t\t\t\tminHeight       : 200,\n\t\t\t\tspace           : 0,\n\t\t\t\tstart           : 1,\n\t\t\t\tgrabCursor      : false,\n\t\t\t\tswipe           : true,\n\t\t\t\tmouse           : false,\n\t\t\t\tkeyboard        : false,\n\t\t\t\tlayout          : \"fullwidth\",\n\t\t\t\twheel           : false,\n\t\t\t\tautoplay        : true,\n                instantStartLayers:false,\n\t\t\t\tmobileBGVideo:false,\n\t\t\t\tloop            : true,\n\t\t\t\tshuffle         : false,\n\t\t\t\tpreload         : 0,\n\t\t\t\theightLimit     : true,\n\t\t\t\tautoHeight      : false,\n\t\t\t\tsmoothHeight    : true,\n\t\t\t\tendPause        : false,\n\t\t\t\toverPause       : true,\n\t\t\t\tfillMode        : \"fill\",\n\t\t\t\tcenterControls  : false,\n\t\t\t\tstartOnAppear   : false,\n\t\t\t\tlayersMode      : \"center\",\n\t\t\t\tautofillTarget  : \"\",\n\t\t\t\thideLayers      : false,\n\t\t\t\tfullscreenMargin: 0,\n\t\t\t\tspeed           : 30,\n\t\t\t\tdir             : \"h\",\n\t\t\t\tresponsive      : true,\n\t\t\t\ttabletWidth     : 768,\n\t\t\t\ttabletHeight    : null,\n\t\t\t\tphoneWidth      : 480,\n\t\t\t\tphoneHeight    : null,\n\t\t\t\tsizingReference : window,\n\t\t\t\tparallaxMode    : 'swipe',\n\t\t\t\tview            : \"basic\"\n\t\t\t});\n\n\t\t\t\n\t\t\twindow.masterslider_instances = window.masterslider_instances || [];\n\t\t\twindow.masterslider_instances.push( masterslider_e779 );\n\t\t});\n\t\t<\/script>\n\n<div class=\"fusion-clearfix\"><\/div>\n\n\t\t\t\t\t<\/div>\n\t\t\t\t<\/div><\/div><\/div><div class=\"fusion-fullwidth fullwidth-box nonhundred-percent-fullwidth non-hundred-percent-height-scrolling\"  style='background-color: #f4f4f4;background-position: center center;background-repeat: no-repeat;padding-top:0px;padding-right:0px;padding-bottom:0px;padding-left:0px;'><div class=\"fusion-builder-row fusion-row \"><div  class=\"fusion-layout-column fusion_builder_column fusion_builder_column_1_3  fusion-one-third fusion-column-first border-content-start1 fusion-column-inner-bg-wrapper 1_3\"  style='margin-top:20px;margin-bottom:20px;width:33.33%;width:calc(33.33% - ( ( 4% + 4% ) * 0.3333 ) );margin-right: 4%;'>\n\t\t\t\t\t<div class=\"fusion-column-wrapper\" style=\"padding: 0px 0px 0px 0px;\" data-bg-url=\"https:\/\/ake.de\/wp-content\/uploads\/2019\/10\/Gewerbegebiet.jpg\">\n\t\t\t\t\t\t<style type='text\/css'>.reading-box-container-1 .element-bottomshadow:before,.reading-box-container-1 .element-bottomshadow:after{opacity:0.00;}<\/style><div class=\"fusion-reading-box-container reading-box-container-1\" style=\"margin-top:0px;margin-bottom:0px;\"><div class=\"reading-box\" style=\"background-color:rgba(229,229,229,0);border-width:0px;border-color:#b5dd44;border-style:solid;\"><h2>Branchen<\/h2><div class=\"reading-box-additional fusion-reading-box-additional\"><span style=\"color: #ffffff;\">Znajd\u017a odpowiednie narz\u0119dzie w zale\u017cno\u015bci od zastosowania<\/span><\/div><div class=\"fusion-clearfix\"><\/div><\/div><\/div><div class=\"fusion-clearfix\"><\/div>\n\t\t\t\t\t<\/div>\n\t\t\t\t\t<span class=\"fusion-column-inner-bg hover-type-none\">\n\t\t\t\t\t\t<a href=\"https:\/\/ake.de\/werkzeuge-nach-branche\/\" aria-label=\"Gewerbegebiet\">\n\t\t\t\t\t\t\t<span class=\"fusion-column-inner-bg-image\" style=\"background-image: url('https:\/\/ake.de\/wp-content\/uploads\/2019\/10\/Gewerbegebiet.jpg');background-position:left center;background-repeat:no-repeat;-webkit-background-size:cover;-moz-background-size:cover;-o-background-size:cover;background-size:cover;\"><\/span><\/a>\n\t\t\t\t\t<\/span>\n\t\t\t\t<\/div><div  class=\"fusion-layout-column fusion_builder_column fusion_builder_column_1_3  fusion-one-third border-content-start1 fusion-column-inner-bg-wrapper 1_3\"  style='margin-top:20px;margin-bottom:20px;width:33.33%;width:calc(33.33% - ( ( 4% + 4% ) * 0.3333 ) );margin-right: 4%;'>\n\t\t\t\t\t<div class=\"fusion-column-wrapper\" style=\"padding: 0px 0px 0px 0px;\" data-bg-url=\"https:\/\/ake.de\/wp-content\/uploads\/2019\/04\/Gl\u00fchbirne.jpg\">\n\t\t\t\t\t\t<style type='text\/css'>.reading-box-container-2 .element-bottomshadow:before,.reading-box-container-2 .element-bottomshadow:after{opacity:0.00;}<\/style><div class=\"fusion-reading-box-container reading-box-container-2\" style=\"margin-top:0px;margin-bottom:0px;\"><div class=\"reading-box\" style=\"background-color:rgba(229,229,229,0);border-width:0px;border-color:#b5dd44;border-style:solid;\"><h2>Marken &amp; Produkte<\/h2><div class=\"reading-box-additional fusion-reading-box-additional\">\n<p><span style=\"color: #ffffff;\">Wi\u0119cej informacji na temat naszych narz\u0119dzi<\/span><br \/>\n<span style=\"color: #ffffff;\">Marki, technologie i produkty<\/span><\/p>\n<\/div><div class=\"fusion-clearfix\"><\/div><\/div><\/div><div class=\"fusion-clearfix\"><\/div>\n\t\t\t\t\t<\/div>\n\t\t\t\t\t<span class=\"fusion-column-inner-bg hover-type-none\">\n\t\t\t\t\t\t<a href=\"https:\/\/ake.de\/markenprodukte\/\" aria-label=\"Gl\u00fchbirne\">\n\t\t\t\t\t\t\t<span class=\"fusion-column-inner-bg-image\" style=\"background-image: url('https:\/\/ake.de\/wp-content\/uploads\/2019\/04\/Gl\u00fchbirne.jpg');background-position:left center;background-repeat:no-repeat;-webkit-background-size:cover;-moz-background-size:cover;-o-background-size:cover;background-size:cover;\"><\/span><\/a>\n\t\t\t\t\t<\/span>\n\t\t\t\t<\/div><div  class=\"fusion-layout-column fusion_builder_column fusion_builder_column_1_3  fusion-one-third fusion-column-last border-content-start1 fusion-column-inner-bg-wrapper 1_3\"  style='margin-top:20px;margin-bottom:20px;width:33.33%;width:calc(33.33% - ( ( 4% + 4% ) * 0.3333 ) );'>\n\t\t\t\t\t<div class=\"fusion-column-wrapper\" style=\"padding: 0px 0px 0px 0px;\" data-bg-url=\"https:\/\/ake.de\/wp-content\/uploads\/2019\/10\/Katalogeoffen.jpg\">\n\t\t\t\t\t\t<style type='text\/css'>.reading-box-container-3 .element-bottomshadow:before,.reading-box-container-3 .element-bottomshadow:after{opacity:0.00;}<\/style><div class=\"fusion-reading-box-container reading-box-container-3\" style=\"margin-top:0px;margin-bottom:0px;\"><div class=\"reading-box\" style=\"background-color:rgba(229,229,229,0);border-width:0px;border-color:#b5dd44;border-style:solid;\"><h2>Kataloge &amp; Brosch\u00fcren<\/h2><div class=\"reading-box-additional fusion-reading-box-additional\">\n<p><span style=\"color: #ffffff;\">Erkunden Sie unser umfangreiches<\/span><br \/>\n<span style=\"color: #ffffff;\">Produktprogramm.<\/span><\/p>\n<\/div><div class=\"fusion-clearfix\"><\/div><\/div><\/div><div class=\"fusion-clearfix\"><\/div>\n\t\t\t\t\t<\/div>\n\t\t\t\t\t<span class=\"fusion-column-inner-bg hover-type-none\">\n\t\t\t\t\t\t<a href=\"https:\/\/ake.de\/kataloge-broschueren\/\" aria-label=\"Katalogeoffen\">\n\t\t\t\t\t\t\t<span class=\"fusion-column-inner-bg-image\" style=\"background-image: url('https:\/\/ake.de\/wp-content\/uploads\/2019\/10\/Katalogeoffen.jpg');background-position:left center;background-repeat:no-repeat;-webkit-background-size:cover;-moz-background-size:cover;-o-background-size:cover;background-size:cover;\"><\/span><\/a>\n\t\t\t\t\t<\/span>\n\t\t\t\t<\/div><div  class=\"fusion-layout-column fusion_builder_column fusion_builder_column_1_3  fusion-one-third fusion-column-first border-content-start1 fusion-column-inner-bg-wrapper 1_3\"  style='margin-top:20px;margin-bottom:20px;width:33.33%;width:calc(33.33% - ( ( 4% + 4% ) * 0.3333 ) );margin-right: 4%;'>\n\t\t\t\t\t<div class=\"fusion-column-wrapper\" style=\"padding: 0px 0px 0px 0px;\" data-bg-url=\"https:\/\/ake.de\/wp-content\/uploads\/2019\/04\/AktuellesZeitung.jpg\">\n\t\t\t\t\t\t<style type='text\/css'>.reading-box-container-4 .element-bottomshadow:before,.reading-box-container-4 .element-bottomshadow:after{opacity:0.00;}<\/style><div class=\"fusion-reading-box-container reading-box-container-4\" style=\"margin-top:0px;margin-bottom:0px;\"><div class=\"reading-box\" style=\"background-color:rgba(229,229,229,0);border-width:0px;border-color:#b5dd44;border-style:solid;\"><h2>AKE Aktuell<\/h2><div class=\"reading-box-additional fusion-reading-box-additional\">\n<p><span style=\"color: #ffffff;\">Die wichtigsten Neuigkeiten f\u00fcr Sie<\/span><br \/>\n<span style=\"color: #ffffff;\">auf einen Blick.<\/span><\/p>\n<\/div><div class=\"fusion-clearfix\"><\/div><\/div><\/div><div class=\"fusion-clearfix\"><\/div>\n\t\t\t\t\t<\/div>\n\t\t\t\t\t<span class=\"fusion-column-inner-bg hover-type-none\">\n\t\t\t\t\t\t<a href=\"https:\/\/ake.de\/ake-aktuell\/\" aria-label=\"AktuellesZeitung\">\n\t\t\t\t\t\t\t<span class=\"fusion-column-inner-bg-image\" style=\"background-image: url('https:\/\/ake.de\/wp-content\/uploads\/2019\/04\/AktuellesZeitung.jpg');background-position:left center;background-repeat:no-repeat;-webkit-background-size:cover;-moz-background-size:cover;-o-background-size:cover;background-size:cover;\"><\/span><\/a>\n\t\t\t\t\t<\/span>\n\t\t\t\t<\/div><div  class=\"fusion-layout-column fusion_builder_column fusion_builder_column_1_3  fusion-one-third border-content-start1 fusion-column-inner-bg-wrapper 1_3\"  style='margin-top:20px;margin-bottom:20px;width:33.33%;width:calc(33.33% - ( ( 4% + 4% ) * 0.3333 ) );margin-right: 4%;'>\n\t\t\t\t\t<div class=\"fusion-column-wrapper\" style=\"padding: 0px 0px 0px 0px;\" data-bg-url=\"https:\/\/ake.de\/wp-content\/uploads\/2019\/04\/UnternehmenH\u00e4nde.jpg\">\n\t\t\t\t\t\t<style type='text\/css'>.reading-box-container-5 .element-bottomshadow:before,.reading-box-container-5 .element-bottomshadow:after{opacity:0.00;}<\/style><div class=\"fusion-reading-box-container reading-box-container-5\" style=\"margin-top:0px;margin-bottom:0px;\"><div class=\"reading-box\" style=\"background-color:rgba(229,229,229,0);border-width:0px;border-color:#b5dd44;border-style:solid;\"><h2>Unternehmen<\/h2><div class=\"reading-box-additional fusion-reading-box-additional\">\n<p><span style=\"color: #ffffff;\">M\u00f6chten Sie mehr \u00fcber AKE erfahren<\/span><br \/>\n<span style=\"color: #ffffff;\">oder Teil von uns werden?<\/span><\/p>\n<\/div><div class=\"fusion-clearfix\"><\/div><\/div><\/div><div class=\"fusion-clearfix\"><\/div>\n\t\t\t\t\t<\/div>\n\t\t\t\t\t<span class=\"fusion-column-inner-bg hover-type-none\">\n\t\t\t\t\t\t<a href=\"https:\/\/ake.de\/unternehmen\/\" aria-label=\"UnternehmenH\u00e4nde\">\n\t\t\t\t\t\t\t<span class=\"fusion-column-inner-bg-image\" style=\"background-image: url('https:\/\/ake.de\/wp-content\/uploads\/2019\/04\/UnternehmenH\u00e4nde.jpg');background-position:left center;background-repeat:no-repeat;-webkit-background-size:cover;-moz-background-size:cover;-o-background-size:cover;background-size:cover;\"><\/span><\/a>\n\t\t\t\t\t<\/span>\n\t\t\t\t<\/div><div  class=\"fusion-layout-column fusion_builder_column fusion_builder_column_1_3  fusion-one-third fusion-column-last border-content-start1 fusion-column-inner-bg-wrapper 1_3\"  style='margin-top:20px;margin-bottom:20px;width:33.33%;width:calc(33.33% - ( ( 4% + 4% ) * 0.3333 ) );'>\n\t\t\t\t\t<div class=\"fusion-column-wrapper\" style=\"padding: 0px 0px 0px 0px;\" data-bg-url=\"https:\/\/ake.de\/wp-content\/uploads\/2019\/04\/KontaktBild-1.jpg\">\n\t\t\t\t\t\t<style type='text\/css'>.reading-box-container-6 .element-bottomshadow:before,.reading-box-container-6 .element-bottomshadow:after{opacity:0.00;}<\/style><div class=\"fusion-reading-box-container reading-box-container-6\" style=\"margin-top:0px;margin-bottom:0px;\"><div class=\"reading-box\" style=\"background-color:rgba(229,229,229,0);border-width:0px;border-color:#b5dd44;border-style:solid;\"><h2>Kontakt<\/h2><div class=\"reading-box-additional fusion-reading-box-additional\">\n<p><span style=\"color: #ffffff;\">Bei Fragen kontaktieren Sie<\/span><br \/>\n<span style=\"color: #ffffff;\">gerne eine unserer Gesch\u00e4ftsstellen.<\/span><\/p>\n<\/div><div class=\"fusion-clearfix\"><\/div><\/div><\/div><div class=\"fusion-clearfix\"><\/div>\n\t\t\t\t\t<\/div>\n\t\t\t\t\t<span class=\"fusion-column-inner-bg hover-type-none\">\n\t\t\t\t\t\t<a href=\"https:\/\/ake.de\/kontakt\/\" aria-label=\"KontaktBild\">\n\t\t\t\t\t\t\t<span class=\"fusion-column-inner-bg-image\" style=\"background-image: url('https:\/\/ake.de\/wp-content\/uploads\/2019\/04\/KontaktBild-1.jpg');background-position:left center;background-repeat:no-repeat;-webkit-background-size:cover;-moz-background-size:cover;-o-background-size:cover;background-size:cover;\"><\/span><\/a>\n\t\t\t\t\t<\/span>\n\t\t\t\t<\/div><\/div><\/div><\/p>\n","protected":false},"excerpt":{"rendered":"","protected":false},"author":1,"featured_media":0,"parent":0,"menu_order":0,"comment_status":"closed","ping_status":"closed","template":"","meta":{"footnotes":""},"class_list":["post-22890","page","type-page","status-publish","hentry"],"_links":{"self":[{"href":"https:\/\/ake.de\/pl\/wp-json\/wp\/v2\/pages\/22890","targetHints":{"allow":["GET"]}}],"collection":[{"href":"https:\/\/ake.de\/pl\/wp-json\/wp\/v2\/pages"}],"about":[{"href":"https:\/\/ake.de\/pl\/wp-json\/wp\/v2\/types\/page"}],"author":[{"embeddable":true,"href":"https:\/\/ake.de\/pl\/wp-json\/wp\/v2\/users\/1"}],"replies":[{"embeddable":true,"href":"https:\/\/ake.de\/pl\/wp-json\/wp\/v2\/comments?post=22890"}],"version-history":[{"count":8,"href":"https:\/\/ake.de\/pl\/wp-json\/wp\/v2\/pages\/22890\/revisions"}],"predecessor-version":[{"id":23294,"href":"https:\/\/ake.de\/pl\/wp-json\/wp\/v2\/pages\/22890\/revisions\/23294"}],"wp:attachment":[{"href":"https:\/\/ake.de\/pl\/wp-json\/wp\/v2\/media?parent=22890"}],"curies":[{"name":"wp","href":"https:\/\/api.w.org\/{rel}","templated":true}]}}