{"id":3658,"date":"2019-02-19T11:23:30","date_gmt":"2019-02-19T10:23:30","guid":{"rendered":"http:\/\/wordpress-dev.ake.biz\/?page_id=3658"},"modified":"2024-06-10T12:10:07","modified_gmt":"2024-06-10T11:10:07","slug":"zerspaner","status":"publish","type":"page","link":"https:\/\/ake.de\/lt\/zerspaner\/","title":{"rendered":"Zerspaner"},"content":{"rendered":"<div class=\"fusion-fullwidth fullwidth-box nonhundred-percent-fullwidth non-hundred-percent-height-scrolling\"  style='background-color: rgba(255,255,255,0);background-position: center center;background-repeat: no-repeat;padding-top:0px;padding-right:0px;padding-bottom:0px;padding-left:0px;'><div class=\"fusion-builder-row fusion-row \"><div  class=\"fusion-layout-column fusion_builder_column fusion_builder_column_1_1  fusion-one-full fusion-column-first fusion-column-last 1_1\"  style='margin-top:0px;margin-bottom:20px;'>\n\t\t\t\t\t<div class=\"fusion-column-wrapper\" style=\"padding: 0px 0px 0px 0px;background-position:left top;background-repeat:no-repeat;-webkit-background-size:cover;-moz-background-size:cover;-o-background-size:cover;background-size:cover;\"  data-bg-url=\"\">\n\t\t\t\t\t\t<div class=\"fusion-title title fusion-sep-none fusion-title-size-one\" style=\"margin-top:20px;margin-bottom:0px;\"><h1 class=\"title-heading-left\"><p style=\"text-align: left;\"><span style=\"color: #9d9d9d;\">Zerspaner<br \/>\n<\/span><\/p><\/h1><\/div>\n\t\t<!-- MasterSlider -->\n\t\t<div id=\"P_MS624453e3e5465\" class=\"master-slider-parent ms-parent-id-65\" style=\"\" >\n\n\t\t\t\n\t\t\t<!-- MasterSlider Main -->\n\t\t\t<div id=\"MS624453e3e5465\" class=\"master-slider ms-skin-default\" >\n\t\t\t\t \t\t\t\t \n\t\t\t<div  class=\"ms-slide\" data-delay=\"3\" data-fill-mode=\"fill\"   >\n\t\t\t\t\t<img decoding=\"async\" src=\"https:\/\/ake.de\/wp-content\/plugins\/masterslider\/public\/assets\/css\/blank.gif\" alt=\"\" title=\"\" data-src=\"https:\/\/ake.de\/wp-content\/uploads\/2019\/10\/MusterHolu.jpg\" \/>\n\n\n\t\t\t\t<\/div>\n\n\t\t\t<\/div>\n\t\t\t<!-- END MasterSlider Main -->\n\n\t\t\t \n\t\t<\/div>\n\t\t<!-- END MasterSlider -->\n\n\t\t<script>\n\t\t( window.MSReady = window.MSReady || [] ).push( function( $ ) {\n\n\t\t\t\"use strict\";\n\t\t\tvar masterslider_5465 = new MasterSlider();\n\n\t\t\t\/\/ slider controls\n\t\t\t\/\/ slider setup\n\t\t\tmasterslider_5465.setup(\"MS624453e3e5465\", {\n\t\t\t\twidth           : 1920,\n\t\t\t\theight          : 360,\n\t\t\t\tminHeight       : 200,\n\t\t\t\tspace           : 0,\n\t\t\t\tstart           : 1,\n\t\t\t\tgrabCursor      : true,\n\t\t\t\tswipe           : false,\n\t\t\t\tmouse           : false,\n\t\t\t\tkeyboard        : false,\n\t\t\t\tlayout          : \"fullwidth\",\n\t\t\t\twheel           : false,\n\t\t\t\tautoplay        : false,\n                instantStartLayers:false,\n\t\t\t\tmobileBGVideo:false,\n\t\t\t\tloop            : false,\n\t\t\t\tshuffle         : false,\n\t\t\t\tpreload         : 'all',\n\t\t\t\theightLimit     : true,\n\t\t\t\tautoHeight      : false,\n\t\t\t\tsmoothHeight    : true,\n\t\t\t\tendPause        : false,\n\t\t\t\toverPause       : false,\n\t\t\t\tfillMode        : \"fill\",\n\t\t\t\tcenterControls  : false,\n\t\t\t\tstartOnAppear   : false,\n\t\t\t\tlayersMode      : \"center\",\n\t\t\t\tautofillTarget  : \"\",\n\t\t\t\thideLayers      : false,\n\t\t\t\tfullscreenMargin: 0,\n\t\t\t\tspeed           : 20,\n\t\t\t\tdir             : \"h\",\n\t\t\t\tresponsive      : true,\n\t\t\t\ttabletWidth     : 768,\n\t\t\t\ttabletHeight    : null,\n\t\t\t\tphoneWidth      : 480,\n\t\t\t\tphoneHeight    : null,\n\t\t\t\tsizingReference : window,\n\t\t\t\tparallaxMode    : 'swipe',\n\t\t\t\tview            : \"fade\"\n\t\t\t});\n\n\t\t\t\n\t\t\twindow.masterslider_instances = window.masterslider_instances || [];\n\t\t\twindow.masterslider_instances.push( masterslider_5465 );\n\t\t});\n\t\t<\/script>\n\n<div class=\"fusion-clearfix\"><\/div>\n\n\t\t\t\t\t<\/div>\n\t\t\t\t<\/div><div  class=\"fusion-layout-column fusion_builder_column fusion_builder_column_1_5  fusion-one-fifth fusion-column-first 1_5\"  style='margin-top:0px;margin-bottom:0px;width:20%;width:calc(20% - ( ( 4% + 4% ) * 0.2 ) );margin-right: 4%;'>\n\t\t\t\t\t<div class=\"fusion-column-wrapper\" style=\"padding: 0px 0px 0px 0px;background-position:left top;background-repeat:no-repeat;-webkit-background-size:cover;-moz-background-size:cover;-o-background-size:cover;background-size:cover;\"  data-bg-url=\"\">\n\t\t\t\t\t\t<div class=\"fusion-clearfix\"><\/div>\n\n\t\t\t\t\t<\/div>\n\t\t\t\t<\/div><div  class=\"fusion-layout-column fusion_builder_column fusion_builder_column_3_5  fusion-three-fifth 3_5\"  style='margin-top:0px;margin-bottom:20px;width:60%;width:calc(60% - ( ( 4% + 4% ) * 0.6 ) );margin-right: 4%;'>\n\t\t\t\t\t<div class=\"fusion-column-wrapper\" style=\"padding: 0px 0px 0px 0px;background-position:left top;background-repeat:no-repeat;-webkit-background-size:cover;-moz-background-size:cover;-o-background-size:cover;background-size:cover;\"  data-bg-url=\"\">\n\t\t\t\t\t\t<div class=\"fusion-text\"><h3 style=\"text-align: left;\"><strong>Zerspaner f\u00fcr die Holz- und M\u00f6belindustrie<br \/>\n<\/strong><\/h3>\n<\/div><div class=\"fusion-text\"><p style=\"text-align: left;\"><span style=\"font-size: 11.0pt; font-family: 'Arial',sans-serif;\">Holz ist einer der am vielseitigsten verwendbaren Rohstoffe \u00fcberhaupt. Die weltweit j\u00e4hrlich produzierte Holzmenge \u00fcbersteigt die Menge an produziertem Stahl, Aluminium und Beton deutlich. <\/span><span style=\"font-size: 11.0pt; font-family: 'Arial',sans-serif;\">Daneben z\u00e4hlt Holz zu den nachhaltigen Rohstoff- bzw. Energiequellen.<br \/>\n<\/span><\/p>\n<\/div><div class=\"fusion-text\"><p style=\"text-align: left;\">Als Werkzeughersteller f\u00fcr die Holzbe- und -verarbeitung sind wir gro\u00df geworden. Wir haben unsere Qualit\u00e4t im wahrsten Sinne des Wortes \u201eselbst in der Hand\u201c und bieten mit einem Spezialteam von Anwendungstechnikern kundenindividuelle und die f\u00fcr jeden Anwendungsfall optimalen Werkzeugl\u00f6sungen.<\/p>\n<p>Um die Vielfalt an unterschiedlichen Holzwerkstoffen mit und ohne Beschichtung bei jeden Anwendungsfall optimal bearbeiten zu k\u00f6nnen, bieten wir verschiedene Zerspanerl\u00f6sungen f\u00fcr unterschiedliche Einsatzzwecke.<\/p>\n<\/div><div class=\"fusion-clearfix\"><\/div>\n\n\t\t\t\t\t<\/div>\n\t\t\t\t<\/div><div  class=\"fusion-layout-column fusion_builder_column fusion_builder_column_1_5  fusion-one-fifth fusion-column-last 1_5\"  style='margin-top:0px;margin-bottom:0px;width:20%;width:calc(20% - ( ( 4% + 4% ) * 0.2 ) );'>\n\t\t\t\t\t<div class=\"fusion-column-wrapper\" style=\"padding: 0px 0px 0px 0px;background-position:left top;background-repeat:no-repeat;-webkit-background-size:cover;-moz-background-size:cover;-o-background-size:cover;background-size:cover;\"  data-bg-url=\"\">\n\t\t\t\t\t\t<div class=\"fusion-clearfix\"><\/div>\n\n\t\t\t\t\t<\/div>\n\t\t\t\t<\/div><div  class=\"fusion-layout-column fusion_builder_column fusion_builder_column_1_1  fusion-one-full fusion-column-first fusion-column-last 1_1\"  style='margin-top:0px;margin-bottom:0px;'>\n\t\t\t\t\t<div class=\"fusion-column-wrapper\" style=\"padding: 0px 0px 0px 0px;background-position:left top;background-repeat:no-repeat;-webkit-background-size:cover;-moz-background-size:cover;-o-background-size:cover;background-size:cover;\"  data-bg-url=\"\">\n\t\t\t\t\t\t<div class=\"fusion-sep-clear\"><\/div><div class=\"fusion-separator fusion-full-width-sep sep-shadow\" style=\"background:radial-gradient(ellipse at 50% -50% , #9d9d9d 0px, rgba(255, 255, 255, 0) 80%) repeat scroll 0 0 rgba(0, 0, 0, 0);background:-webkit-radial-gradient(ellipse at 50% -50% , #9d9d9d 0px, rgba(255, 255, 255, 0) 80%) repeat scroll 0 0 rgba(0, 0, 0, 0);background:-moz-radial-gradient(ellipse at 50% -50% , #9d9d9d 0px, rgba(255, 255, 255, 0) 80%) repeat scroll 0 0 rgba(0, 0, 0, 0);background:-o-radial-gradient(ellipse at 50% -50% , #9d9d9d 0px, rgba(255, 255, 255, 0) 80%) repeat scroll 0 0 rgba(0, 0, 0, 0);margin-left: auto;margin-right: auto;margin-top:;margin-bottom:20px;\"><\/div><div class=\"fusion-clearfix\"><\/div>\n\n\t\t\t\t\t<\/div>\n\t\t\t\t<\/div><div  data-animationType=fadeInDown data-animationDuration=0.6 data-animationOffset=100% class=\"fusion-layout-column fusion_builder_column fusion_builder_column_2_3  fusion-two-third fusion-column-first fusion-animated 2_3\"  style='margin-top:20px;margin-bottom:0px;width:66.66%;width:calc(66.66% - ( ( 4% ) * 0.6666 ) );margin-right: 4%;'>\n\t\t\t\t\t<div class=\"fusion-column-wrapper\" style=\"padding: 0px 0px 0px 0px;background-position:left top;background-repeat:no-repeat;-webkit-background-size:cover;-moz-background-size:cover;-o-background-size:cover;background-size:cover;\"  data-bg-url=\"\">\n\t\t\t\t\t\t<span class=\"fusion-imageframe imageframe-none imageframe-1 hover-type-none\"><img loading=\"lazy\" decoding=\"async\" src=\"https:\/\/ake.de\/wp-content\/uploads\/2019\/10\/CollageZerspaner.jpg\" width=\"1500\" height=\"400\" alt=\"\" title=\"CollageZerspaner\" class=\"img-responsive wp-image-19384\" srcset=\"https:\/\/ake.de\/wp-content\/uploads\/2019\/10\/CollageZerspaner-200x53.jpg 200w, https:\/\/ake.de\/wp-content\/uploads\/2019\/10\/CollageZerspaner-400x107.jpg 400w, https:\/\/ake.de\/wp-content\/uploads\/2019\/10\/CollageZerspaner-600x160.jpg 600w, https:\/\/ake.de\/wp-content\/uploads\/2019\/10\/CollageZerspaner-800x213.jpg 800w, https:\/\/ake.de\/wp-content\/uploads\/2019\/10\/CollageZerspaner-1200x320.jpg 1200w, https:\/\/ake.de\/wp-content\/uploads\/2019\/10\/CollageZerspaner.jpg 1500w\" sizes=\"auto, (max-width: 1200px) 100vw, 1200px\" \/><\/span><div class=\"fusion-clearfix\"><\/div>\n\n\t\t\t\t\t<\/div>\n\t\t\t\t<\/div><div  data-animationType=fadeInDown data-animationDuration=0.6 data-animationOffset=100% class=\"fusion-layout-column fusion_builder_column fusion_builder_column_1_3  fusion-one-third fusion-column-last fusion-animated 1_3\"  style='margin-top:0px;margin-bottom:0px;width:33.33%;width:calc(33.33% - ( ( 4% ) * 0.3333 ) );'>\n\t\t\t\t\t<div class=\"fusion-column-wrapper\" style=\"padding: 0px 0px 0px 0px;background-position:left top;background-repeat:no-repeat;-webkit-background-size:cover;-moz-background-size:cover;-o-background-size:cover;background-size:cover;\"  data-bg-url=\"\">\n\t\t\t\t\t\t<div class=\"fusion-text\"><h3 style=\"text-align: left;\"><strong>Unser Produktprogramm<\/strong><\/h3>\n<\/div><div class=\"fusion-text\"><ul>\n<li><strong>DP Kompakt-Zerspaner<br \/>\n<\/strong>F\u00fcr beschichtete oder unbeschichtete Plattenwerkstoffe (M\u00f6belteile)<\/li>\n<li><strong>Segment-Zerspaner<br \/>\n<\/strong>F\u00fcr unbeschichteten Plattenwerkstoffen<\/li>\n<li><strong>S\u00e4gen-Segment-Zerspaner<br \/>\n<\/strong>Bei gro\u00dfer Zerspanungsbreite<\/li>\n<li><strong>Vario-Zerspaner<br \/>\n<\/strong>Zum Formatieren und zur Restzerspanung von Vollholz<\/li>\n<\/ul>\n<\/div><div class=\"fusion-clearfix\"><\/div>\n\n\t\t\t\t\t<\/div>\n\t\t\t\t<\/div><div  data-animationType=fadeInDown data-animationDuration=0.6 data-animationOffset=100% class=\"fusion-layout-column fusion_builder_column fusion_builder_column_1_3  fusion-one-third fusion-column-first fusion-animated 1_3\"  style='margin-top:20px;margin-bottom:30px;width:33.33%;width:calc(33.33% - ( ( 4% ) * 0.3333 ) );margin-right: 4%;'>\n\t\t\t\t\t<div class=\"fusion-column-wrapper\" style=\"padding: 0px 0px 0px 0px;background-position:left top;background-repeat:no-repeat;-webkit-background-size:cover;-moz-background-size:cover;-o-background-size:cover;background-size:cover;\"  data-bg-url=\"\">\n\t\t\t\t\t\t<div class=\"fusion-text\"><h3 style=\"text-align: left;\"><strong>Ultra Streamline &#8211; <\/strong><strong>Kompaktzerspaner <\/strong><\/h3>\n<\/div><div class=\"fusion-text\"><p><strong>Zum wirtschaftlichen Formatieren von Holzwerkstoffplatten mit und ohne Beschichtung<\/strong><br \/>\nMit Spanf\u00fchrung zum Formatieren und zur Herstellung von ausrissfreien schmalfl\u00e4chenkanten und Werkst\u00fcckkanten.<\/p>\n<p><strong>ULTRA Ausf\u00fchrung (Keine Schnittbreitenreduzierung beim Nachsch\u00e4rfen)<\/strong><br \/>\nDer Zerspaner kann am Umfang und an der Flanke um den gleichen Betrag nachgeschliffen werden.<\/p>\n<\/div><div class=\"fusion-clearfix\"><\/div>\n\n\t\t\t\t\t<\/div>\n\t\t\t\t<\/div><div  data-animationType=fadeInDown data-animationDuration=0.6 data-animationOffset=100% class=\"fusion-layout-column fusion_builder_column fusion_builder_column_2_3  fusion-two-third fusion-column-last fusion-animated 2_3\"  style='margin-top:40px;margin-bottom:40px;width:66.66%;width:calc(66.66% - ( ( 4% ) * 0.6666 ) );'>\n\t\t\t\t\t<div class=\"fusion-column-wrapper\" style=\"padding: 0px 0px 0px 0px;background-position:left top;background-repeat:no-repeat;-webkit-background-size:cover;-moz-background-size:cover;-o-background-size:cover;background-size:cover;\"  data-bg-url=\"\">\n\t\t\t\t\t\t<span class=\"fusion-imageframe imageframe-none imageframe-2 hover-type-none\"><img decoding=\"async\" src=\"http:\/\/ake.de\/wp-content\/uploads\/2019\/05\/UltraStreamline.jpg\" width=\"\" height=\"\" alt=\"\" title=\"UltraStreamline\" class=\"img-responsive wp-image-8395\" srcset=\"https:\/\/ake.de\/wp-content\/uploads\/2019\/05\/UltraStreamline-200x53.jpg 200w, https:\/\/ake.de\/wp-content\/uploads\/2019\/05\/UltraStreamline-400x107.jpg 400w, https:\/\/ake.de\/wp-content\/uploads\/2019\/05\/UltraStreamline-600x160.jpg 600w, https:\/\/ake.de\/wp-content\/uploads\/2019\/05\/UltraStreamline-800x213.jpg 800w, https:\/\/ake.de\/wp-content\/uploads\/2019\/05\/UltraStreamline-1200x320.jpg 1200w, https:\/\/ake.de\/wp-content\/uploads\/2019\/05\/UltraStreamline.jpg 1500w\" sizes=\"(max-width: 1200px) 100vw, 1200px\" \/><\/span><div class=\"fusion-clearfix\"><\/div>\n\n\t\t\t\t\t<\/div>\n\t\t\t\t<\/div><div  data-animationType=fadeInDown data-animationDuration=0.6 data-animationOffset=100% class=\"fusion-layout-column fusion_builder_column fusion_builder_column_1_1  fusion-one-full fusion-column-first fusion-column-last fusion-column-inner-bg-wrapper fusion-animated 1_1\"  style='margin-top:30px;margin-bottom:0px;'>\n\t\t\t\t\t<div class=\"fusion-column-wrapper\" style=\"padding: 0px 0px 0px 0px;\" data-bg-url=\"\">\n\t\t\t\t\t\t\t\n\t\t<!-- MasterSlider -->\n\t\t<div id=\"P_MS68503cf56cf7a\" class=\"master-slider-parent ms-parent-id-28\" style=\"\" >\n\n\t\t\t\n\t\t\t<!-- MasterSlider Main -->\n\t\t\t<div id=\"MS68503cf56cf7a\" class=\"master-slider ms-skin-default\" >\n\t\t\t\t \t\t\t\t \n<div class=\"ms-overlay-layers\">\t\t\t\t\t<div  class=\"ms-layer  msp-cn-28-17\" style=\"\"   data-effect=\"t(true,-150,n,n,n,n,n,n,n,n,n,n,n,n,n)\"   data-ease=\"easeOutQuint\"              data-widthlimit=\"1750\"  data-offset-x=\"0\" data-offset-y=\"20\" data-origin=\"tl\"   >\n<h2 style=\"text-align: left;\"><strong>Bl\u00e4ttern Sie sich <br \/>durch unseren Katalog!<br \/><\/strong><\/h2><\/div>\n\n<\/div>\n\t\t\t<div  class=\"ms-slide\" data-delay=\"3\" data-fill-mode=\"fill\"   >\n\t\t\t\t\t<img decoding=\"async\" src=\"https:\/\/ake.de\/wp-content\/plugins\/masterslider\/public\/assets\/css\/blank.gif\" alt=\"\" title=\"Katalog2025+katalogmitHolz_EN\" data-src=\"https:\/\/ake.de\/wp-content\/uploads\/2025\/06\/Katalog2025katalogmitHolz_DE-scaled.jpg\" \/>\n\t<a href=\"https:\/\/ake.de\/flip-pdf\/de\/AKE%20Gesamtkatalog\/index.html\" target=\"_blank\"    >Katalog2025+katalogmitHolz_EN<\/a>\n\n\n\t\t\t\t<\/div>\n\n\t\t\t<\/div>\n\t\t\t<!-- END MasterSlider Main -->\n\n\t\t\t \n\t\t<\/div>\n\t\t<!-- END MasterSlider -->\n\n\t\t<script>\n\t\t( window.MSReady = window.MSReady || [] ).push( function( $ ) {\n\n\t\t\t\"use strict\";\n\t\t\tvar masterslider_cf7a = new MasterSlider();\n\n\t\t\t\/\/ slider controls\n\t\t\t\/\/ slider setup\n\t\t\tmasterslider_cf7a.setup(\"MS68503cf56cf7a\", {\n\t\t\t\twidth           : 1920,\n\t\t\t\theight          : 520,\n\t\t\t\tminHeight       : 200,\n\t\t\t\tspace           : 0,\n\t\t\t\tstart           : 1,\n\t\t\t\tgrabCursor      : true,\n\t\t\t\tswipe           : false,\n\t\t\t\tmouse           : false,\n\t\t\t\tkeyboard        : false,\n\t\t\t\tlayout          : \"fullwidth\",\n\t\t\t\twheel           : false,\n\t\t\t\tautoplay        : false,\n                instantStartLayers:false,\n\t\t\t\tmobileBGVideo:false,\n\t\t\t\tloop            : false,\n\t\t\t\tshuffle         : false,\n\t\t\t\tpreload         : 'all',\n\t\t\t\theightLimit     : true,\n\t\t\t\tautoHeight      : false,\n\t\t\t\tsmoothHeight    : true,\n\t\t\t\tendPause        : false,\n\t\t\t\toverPause       : false,\n\t\t\t\tfillMode        : \"fill\",\n\t\t\t\tcenterControls  : false,\n\t\t\t\tstartOnAppear   : false,\n\t\t\t\tlayersMode      : \"center\",\n\t\t\t\tautofillTarget  : \"\",\n\t\t\t\thideLayers      : false,\n\t\t\t\tfullscreenMargin: 0,\n\t\t\t\tspeed           : 20,\n\t\t\t\tdir             : \"h\",\n\t\t\t\tresponsive      : true,\n\t\t\t\ttabletWidth     : 768,\n\t\t\t\ttabletHeight    : null,\n\t\t\t\tphoneWidth      : 480,\n\t\t\t\tphoneHeight    : null,\n\t\t\t\tsizingReference : window,\n\t\t\t\tparallaxMode    : 'swipe',\n\t\t\t\tview            : \"fade\"\n\t\t\t});\n\n\t\t\t\n\t\t\twindow.masterslider_instances = window.masterslider_instances || [];\n\t\t\twindow.masterslider_instances.push( masterslider_cf7a );\n\t\t});\n\t\t<\/script>\n\n<div class=\"fusion-clearfix\"><\/div>\n\t\t\t\t\t<\/div>\n\t\t\t\t\t<span class=\"fusion-column-inner-bg hover-type-none\">\n\t\t\t\t\t\t<a href=\"https:\/\/ake.de\/flip-pdf\/de\/AKE%20Gesamtkatalog\/index.html\" rel=\"noopener noreferrer\" target=\"_blank\" aria-label=\"\">\n\t\t\t\t\t\t\t<span class=\"fusion-column-inner-bg-image\" style=\"background-position:left top;background-repeat:no-repeat;-webkit-background-size:cover;-moz-background-size:cover;-o-background-size:cover;background-size:cover;\"><\/span><\/a>\n\t\t\t\t\t<\/span>\n\t\t\t\t<\/div><\/div><\/div>\n","protected":false},"excerpt":{"rendered":"","protected":false},"author":1,"featured_media":0,"parent":0,"menu_order":0,"comment_status":"closed","ping_status":"closed","template":"","meta":{"footnotes":""},"class_list":["post-3658","page","type-page","status-publish","hentry"],"_links":{"self":[{"href":"https:\/\/ake.de\/lt\/wp-json\/wp\/v2\/pages\/3658","targetHints":{"allow":["GET"]}}],"collection":[{"href":"https:\/\/ake.de\/lt\/wp-json\/wp\/v2\/pages"}],"about":[{"href":"https:\/\/ake.de\/lt\/wp-json\/wp\/v2\/types\/page"}],"author":[{"embeddable":true,"href":"https:\/\/ake.de\/lt\/wp-json\/wp\/v2\/users\/1"}],"replies":[{"embeddable":true,"href":"https:\/\/ake.de\/lt\/wp-json\/wp\/v2\/comments?post=3658"}],"version-history":[{"count":17,"href":"https:\/\/ake.de\/lt\/wp-json\/wp\/v2\/pages\/3658\/revisions"}],"predecessor-version":[{"id":22567,"href":"https:\/\/ake.de\/lt\/wp-json\/wp\/v2\/pages\/3658\/revisions\/22567"}],"wp:attachment":[{"href":"https:\/\/ake.de\/lt\/wp-json\/wp\/v2\/media?parent=3658"}],"curies":[{"name":"wp","href":"https:\/\/api.w.org\/{rel}","templated":true}]}}