{"id":20318,"date":"2022-06-05T19:05:14","date_gmt":"2022-06-05T18:05:14","guid":{"rendered":"https:\/\/ake.de\/juridine-informacija\/"},"modified":"2024-08-26T07:38:14","modified_gmt":"2024-08-26T06:38:14","slug":"juridine-informacija","status":"publish","type":"page","link":"https:\/\/ake.de\/lt\/juridine-informacija\/","title":{"rendered":"Juridin\u0117 informacija"},"content":{"rendered":"<div class=\"fusion-fullwidth fullwidth-box nonhundred-percent-fullwidth non-hundred-percent-height-scrolling\"  style='background-color: rgba(255,255,255,0);background-position: center center;background-repeat: no-repeat;padding-top:0px;padding-right:0px;padding-bottom:0px;padding-left:0px;'><div class=\"fusion-builder-row fusion-row \"><div  class=\"fusion-layout-column fusion_builder_column fusion_builder_column_1_1  fusion-one-full fusion-column-first fusion-column-last 1_1\"  style='margin-top:0px;margin-bottom:0px;'>\n\t\t\t\t\t<div class=\"fusion-column-wrapper\" style=\"padding: 0px 0px 0px 0px;background-position:left top;background-repeat:no-repeat;-webkit-background-size:cover;-moz-background-size:cover;-o-background-size:cover;background-size:cover;\"  data-bg-url=\"\">\n\t\t\t\t\t\t<div class=\"fusion-title title fusion-sep-none fusion-title-size-one\" style=\"margin-top:20px;margin-bottom:0px;\"><h1 class=\"title-heading-left\"><p style=\"text-align: left;\"><span style=\"color: #9d9d9d;\">Juridin\u0117 informacija<\/span><\/p><\/h1><\/div><div class=\"fusion-text\"><p><b>AKE Knebel GmbH &amp; Co. KG<\/b><\/p>\n<p>H\u00f6lzlestra\u00dfe 14 + 16<br \/>\n72336 Balingenas | Vokietija<\/p>\n<p>Tel: +49 (0) 7433 | 261 0<br \/>\nFaks: +49 (0) 7433 | 261 100<br \/>\nEl.pa\u0161tas: <a href=\"mailto:info@ake.de\">info@ake.de<\/a><br \/>\nInterneto puslapis: <a href=\"http:\/\/www.ake.de\" data-htmlarea-external=\"1\">www.ake.de<\/a><\/p>\n<p>Registruota buvein\u0117: Balingenas<br \/>\n\u0160tutgarto apygardos teismo komercinis registras: HRA 410660<br \/>\nAsmeni\u0161kai atsakingas partneris: Verwaltungs- und Beteiligungsgesellschaft AKE Knebel GmbH, Balingen-Engstlatt, \u0160tutgarto apygardos teismo komercinis registras: HRB 410418<\/p>\n<p>Vykdantysis direktorius:<br \/>\nAleksandras Knebel, Dipl.-Wirtsch.-Ing.. (TU) MBE<\/p>\n<p>PVM mok\u0117tojo kodas pagal Pardavimo mokes\u010dio \u012fstatymo (Vokietijos prid\u0117tin\u0117s vert\u0117s mokes\u010dio \u012fstatymo) 27a skirsn\u012f:<br \/>\nDE144842232<\/p>\n<p>Atsakomyb\u0117s apribojimas: Net jei atid\u017eiai tikrinamas i\u0161orini\u0173 nuorod\u0173 turinys, neprisiimame jokios atsakomyb\u0117s u\u017e toki\u0173 nuorod\u0173 turin\u012f. Atsakomyb\u0117 u\u017e bet koki\u0173 i\u0161orini\u0173 svetaini\u0173, kuriose yra nuorod\u0173, turin\u012f, tenka tik t\u0173 svetaini\u0173 valdytojams.<\/p>\n<\/div><div class=\"fusion-text\"><div class=\"oSioSc\">\n<div id=\"tw-target\">\n<div id=\"tw-target-text-container\" class=\"gsrt tw-ta-container tw-nfl\">\n<h3><span lang=\"en\" tabindex=\"0\">Nuoroda \u012f \u0161altinio vaizdus<\/span><strong>:<\/strong><\/h3>\n<\/div>\n<\/div>\n<\/div>\n<p>\u00a9 <span class=\"blue bleu-de-france-text\" data-t=\"detail-panel-content-author-name\">Ulia Koltyrina <\/span>\u2013 stock.adobe.com<\/p>\n<p>\u00a9 <span class=\"blue bleu-de-france-text\" data-t=\"detail-panel-content-author-name\">bunditinay <\/span>\u2013 stock.adobe.com<\/p>\n<p>\u00a9 <span class=\"blue bleu-de-france-text\" data-t=\"detail-panel-content-author-name\"> surfmedia <\/span>\u2013 stock.adobe.com<\/p>\n<p>\u00a9 <span class=\"blue bleu-de-france-text\" data-t=\"detail-panel-content-author-name\">Alexander Zamaraev <\/span>\u2013 stock.adobe.com<\/p>\n<p>\u00a9 <span class=\"blue bleu-de-france-text\" data-t=\"detail-panel-content-author-name\">Guntar Feldmann <\/span>\u2013 stock.adobe.com<\/p>\n<p>\u00a9 <span class=\"blue bleu-de-france-text\" data-t=\"detail-panel-content-author-name\">Artem <\/span>\u2013 stock.adobe.com<\/p>\n<p>\u00a9 <span class=\"blue bleu-de-france-text\" data-t=\"detail-panel-content-author-name\">Stefan Richter <\/span>\u2013 stock.adobe.com<\/p>\n<p>\u00a9 <span class=\"blue bleu-de-france-text\" data-t=\"detail-panel-content-author-name\">Artem Shadrin <\/span>\u2013 stock.adobe.com<\/p>\n<p>\u00a9 <span class=\"blue bleu-de-france-text\" data-t=\"detail-panel-content-author-name\">Dusan Kostic <\/span>\u2013 stock.adobe.com<\/p>\n<p>\u00a9 sveta \u2013 stock.adobe.com<\/p>\n<p>\u00a9 oatawa \u2013 stock.adobe.com<\/p>\n<p>\u00a9 crazymedia \u2013 stock.adobe.com<\/p>\n<p>\u00a9 Worawut \u2013 stock.adobe.com<\/p>\n<p class=\"no-margin\"><span class=\"blue bleu-de-france-text\" data-t=\"detail-panel-content-author-name\">\u00a9 peterschreiber.media \u2013 stock.adobe.com<\/span><\/p>\n<p><span class=\"blue bleu-de-france-text\" data-t=\"detail-panel-content-author-name\">\u00a9 pathdoc \u2013 stock.adobe.com<\/span><\/p>\n<p><span class=\"blue bleu-de-france-text\" data-t=\"detail-panel-content-author-name\">\u00a9 <\/span><span class=\"blue bleu-de-france-text\" data-t=\"detail-panel-content-author-name\">Philip Steury <\/span><span class=\"blue bleu-de-france-text\" data-t=\"detail-panel-content-author-name\">\u2013 stock.adobe.com<\/span><\/p>\n<p><span class=\"blue bleu-de-france-text\" data-t=\"detail-panel-content-author-name\">\u00a9 <\/span><span class=\"blue bleu-de-france-text\" data-t=\"detail-panel-content-author-name\">Olivier Le Moal <\/span><span class=\"blue bleu-de-france-text\" data-t=\"detail-panel-content-author-name\">\u2013 stock.adobe.com<\/span><\/p>\n<p><span class=\"blue bleu-de-france-text\" data-t=\"detail-panel-content-author-name\">\u00a9 <\/span><span class=\"blue bleu-de-france-text\" data-t=\"detail-panel-content-author-name\">eyetronic <\/span><span class=\"blue bleu-de-france-text\" data-t=\"detail-panel-content-author-name\">\u2013 stock.adobe.com<\/span><\/p>\n<p><span class=\"blue bleu-de-france-text\" data-t=\"detail-panel-content-author-name\">\u00a9 <\/span><span class=\"blue bleu-de-france-text\" data-t=\"detail-panel-content-author-name\">Hoda Bogdan <\/span><span class=\"blue bleu-de-france-text\" data-t=\"detail-panel-content-author-name\">\u2013 stock.adobe.com<\/span><\/p>\n<p><span class=\"blue bleu-de-france-text\" data-t=\"detail-panel-content-author-name\">\u00a9 <\/span><span class=\"blue bleu-de-france-text\" data-t=\"detail-panel-content-author-name\">Ramona Heim <\/span><span class=\"blue bleu-de-france-text\" data-t=\"detail-panel-content-author-name\">\u2013 stock.adobe.com<\/span><\/p>\n<p><span class=\"blue bleu-de-france-text\" data-t=\"detail-panel-content-author-name\">\u00a9 <\/span><span class=\"blue bleu-de-france-text\" data-t=\"detail-panel-content-author-name\">KPixMining <\/span><span class=\"blue bleu-de-france-text\" data-t=\"detail-panel-content-author-name\">\u2013 stock.adobe.com<\/span><\/p>\n<p><span class=\"blue bleu-de-france-text\" data-t=\"detail-panel-content-author-name\">\u00a9 <\/span><span class=\"blue bleu-de-france-text\" data-t=\"detail-panel-content-author-name\">fotomek <\/span><span class=\"blue bleu-de-france-text\" data-t=\"detail-panel-content-author-name\">\u2013 stock.adobe.com<\/span><\/p>\n<p><span class=\"blue bleu-de-france-text\" data-t=\"detail-panel-content-author-name\">\u00a9 <\/span><span class=\"blue bleu-de-france-text\" data-t=\"detail-panel-content-author-name\">doomu <\/span><span class=\"blue bleu-de-france-text\" data-t=\"detail-panel-content-author-name\">\u2013 stock.adobe.com<\/span><\/p>\n<p><span class=\"blue bleu-de-france-text\" data-t=\"detail-panel-content-author-name\">\u00a9 Aleksander<\/span> <span class=\"blue bleu-de-france-text\" data-t=\"detail-panel-content-author-name\">\u2013 stock.adobe.com<\/span><\/p>\n<p><span class=\"blue bleu-de-france-text\" data-t=\"detail-panel-content-author-name\">\u00a9 <\/span><span class=\"blue bleu-de-france-text\" data-t=\"detail-panel-content-author-name\">anammarques <\/span> <span class=\"blue bleu-de-france-text\" data-t=\"detail-panel-content-author-name\">\u2013 stock.adobe.com<\/span><\/p>\n<p><span class=\"blue bleu-de-france-text\" data-t=\"detail-panel-content-author-name\">\u00a9 <\/span><span class=\"blue bleu-de-france-text\" data-t=\"detail-panel-content-author-name\">Grecaud Paul<\/span> <span class=\"blue bleu-de-france-text\" data-t=\"detail-panel-content-author-name\">\u2013 stock.adobe.com<\/span><\/p>\n<p><span class=\"blue bleu-de-france-text\" data-t=\"detail-panel-content-author-name\">\u00a9 <\/span><span class=\"blue bleu-de-france-text\" data-t=\"detail-panel-content-author-name\">Viktoria <\/span><span class=\"blue bleu-de-france-text\" data-t=\"detail-panel-content-author-name\">\u2013 stock.adobe.com<\/span><\/p>\n<p><span class=\"blue bleu-de-france-text\" data-t=\"detail-panel-content-author-name\">\u00a9 <\/span><span class=\"blue bleu-de-france-text\" data-t=\"detail-panel-content-author-name\">vit <\/span><span class=\"blue bleu-de-france-text\" data-t=\"detail-panel-content-author-name\">\u2013 stock.adobe.com<\/span><\/p>\n<p><span class=\"blue bleu-de-france-text\" data-t=\"detail-panel-content-author-name\">\u00a9 <\/span><span class=\"blue bleu-de-france-text\" data-t=\"detail-panel-content-author-name\">Zerbor <\/span><span class=\"blue bleu-de-france-text\" data-t=\"detail-panel-content-author-name\">\u2013 stock.adobe.com<\/span><\/p>\n<p><span class=\"blue bleu-de-france-text\" data-t=\"detail-panel-content-author-name\">\u00a9 <\/span><span class=\"blue bleu-de-france-text\" data-t=\"detail-panel-content-author-name\">EtiAmmos <\/span><span class=\"blue bleu-de-france-text\" data-t=\"detail-panel-content-author-name\">\u2013 stock.adobe.com<\/span><\/p>\n<p><span class=\"blue bleu-de-france-text\" data-t=\"detail-panel-content-author-name\">\u00a9 <\/span><span class=\"blue bleu-de-france-text\" data-t=\"detail-panel-content-author-name\">Joachim Wendler <\/span><span class=\"blue bleu-de-france-text\" data-t=\"detail-panel-content-author-name\">\u2013 stock.adobe.com<\/span><\/p>\n<p><span class=\"blue bleu-de-france-text\" data-t=\"detail-panel-content-author-name\">\u00a9 <\/span><span class=\"blue bleu-de-france-text\" data-t=\"detail-panel-content-author-name\">zephyr_p <\/span><span class=\"blue bleu-de-france-text\" data-t=\"detail-panel-content-author-name\">\u2013 stock.adobe.com<\/span><\/p>\n<p><span class=\"blue bleu-de-france-text\" data-t=\"detail-panel-content-author-name\">\u00a9 tiero<\/span> <span class=\"blue bleu-de-france-text\" data-t=\"detail-panel-content-author-name\">\u2013 stock.adobe.com<\/span><\/p>\n<p><span class=\"blue bleu-de-france-text\" data-t=\"detail-panel-content-author-name\">\u00a9 <\/span><span class=\"blue bleu-de-france-text\" data-t=\"detail-panel-content-author-name\">srki66 <\/span><span class=\"blue bleu-de-france-text\" data-t=\"detail-panel-content-author-name\">\u2013 stock.adobe.com<\/span><\/p>\n<p><span class=\"blue bleu-de-france-text\" data-t=\"detail-panel-content-author-name\">\u00a9 <\/span><span class=\"blue bleu-de-france-text\" data-t=\"detail-panel-content-author-name\">sveta <\/span><span class=\"blue bleu-de-france-text\" data-t=\"detail-panel-content-author-name\">\u2013 stock.adobe.com<\/span><\/p>\n<p><span class=\"blue bleu-de-france-text\" data-t=\"detail-panel-content-author-name\">\u00a9 aykuterd<\/span> <span class=\"blue bleu-de-france-text\" data-t=\"detail-panel-content-author-name\">\u2013 stock.adobe.com<\/span><\/p>\n<p><span class=\"blue bleu-de-france-text\" data-t=\"detail-panel-content-author-name\">\u00a9 <\/span><span class=\"blue bleu-de-france-text\" data-t=\"detail-panel-content-author-name\">jarrycz <\/span><span class=\"blue bleu-de-france-text\" data-t=\"detail-panel-content-author-name\">\u2013 stock.adobe.com<\/span><\/p>\n<p><span class=\"blue bleu-de-france-text\" data-t=\"detail-panel-content-author-name\">\u00a9 gen_A<\/span> <span class=\"blue bleu-de-france-text\" data-t=\"detail-panel-content-author-name\">\u2013 stock.adobe.com<\/span><\/p>\n<p><span class=\"blue bleu-de-france-text\" data-t=\"detail-panel-content-author-name\">\u00a9 <\/span><span class=\"blue bleu-de-france-text\" data-t=\"detail-panel-content-author-name\">Maksym Yemelyanov <\/span> <span class=\"blue bleu-de-france-text\" data-t=\"detail-panel-content-author-name\">\u2013 stock.adobe.com<\/span><\/p>\n<p><span class=\"blue bleu-de-france-text\" data-t=\"detail-panel-content-author-name\">\u00a9 <\/span><span class=\"blue bleu-de-france-text\" data-t=\"detail-panel-content-author-name\">Andrei Merkulov <\/span> <span class=\"blue bleu-de-france-text\" data-t=\"detail-panel-content-author-name\">\u2013 stock.adobe.com<\/span><\/p>\n<p><span class=\"blue bleu-de-france-text\" data-t=\"detail-panel-content-author-name\">\u00a9 <\/span><span class=\"blue bleu-de-france-text\" data-t=\"detail-panel-content-author-name\">Anton Balazh <\/span> <span class=\"blue bleu-de-france-text\" data-t=\"detail-panel-content-author-name\">\u2013 stock.adobe.com<\/span><\/p>\n<p><span class=\"blue bleu-de-france-text\" data-t=\"detail-panel-content-author-name\">\u00a9 <\/span><span class=\"blue bleu-de-france-text\" data-t=\"detail-panel-content-author-name\">kishivan <\/span> <span class=\"blue bleu-de-france-text\" data-t=\"detail-panel-content-author-name\">\u2013 stock.adobe.com<\/span><\/p>\n<p><span class=\"blue bleu-de-france-text\" data-t=\"detail-panel-content-author-name\">\u00a9 3desc<\/span> <span class=\"blue bleu-de-france-text\" data-t=\"detail-panel-content-author-name\">\u2013 stock.adobe.com<\/span><\/p>\n<p><span class=\"blue bleu-de-france-text\" data-t=\"detail-panel-content-author-name\">\u00a9 Florian Manz<br \/>\n<\/span><\/p>\n<p>\u00a9\u00ae\u2122Karrideo Image- und Eventfilm Inh. Christian Wei\u00dfe<\/p>\n<p><span class=\"blue bleu-de-france-text\" data-t=\"detail-panel-content-author-name\">\u00a9 Norman Ill<br \/>\n<\/span><\/p>\n<\/div><div class=\"fusion-clearfix\"><\/div>\n\n\t\t\t\t\t<\/div>\n\t\t\t\t<\/div><\/div><\/div>\n","protected":false},"excerpt":{"rendered":"","protected":false},"author":1,"featured_media":0,"parent":0,"menu_order":0,"comment_status":"closed","ping_status":"closed","template":"","meta":{"footnotes":""},"class_list":["post-20318","page","type-page","status-publish","hentry"],"_links":{"self":[{"href":"https:\/\/ake.de\/lt\/wp-json\/wp\/v2\/pages\/20318","targetHints":{"allow":["GET"]}}],"collection":[{"href":"https:\/\/ake.de\/lt\/wp-json\/wp\/v2\/pages"}],"about":[{"href":"https:\/\/ake.de\/lt\/wp-json\/wp\/v2\/types\/page"}],"author":[{"embeddable":true,"href":"https:\/\/ake.de\/lt\/wp-json\/wp\/v2\/users\/1"}],"replies":[{"embeddable":true,"href":"https:\/\/ake.de\/lt\/wp-json\/wp\/v2\/comments?post=20318"}],"version-history":[{"count":3,"href":"https:\/\/ake.de\/lt\/wp-json\/wp\/v2\/pages\/20318\/revisions"}],"predecessor-version":[{"id":22581,"href":"https:\/\/ake.de\/lt\/wp-json\/wp\/v2\/pages\/20318\/revisions\/22581"}],"wp:attachment":[{"href":"https:\/\/ake.de\/lt\/wp-json\/wp\/v2\/media?parent=20318"}],"curies":[{"name":"wp","href":"https:\/\/api.w.org\/{rel}","templated":true}]}}