{"id":20305,"date":"2022-06-05T12:03:51","date_gmt":"2022-06-05T11:03:51","guid":{"rendered":"https:\/\/ake.de\/istorija\/"},"modified":"2022-06-05T12:03:57","modified_gmt":"2022-06-05T11:03:57","slug":"istorija","status":"publish","type":"page","link":"https:\/\/ake.de\/lt\/istorija\/","title":{"rendered":"Istorija"},"content":{"rendered":"<div class=\"fusion-fullwidth fullwidth-box nonhundred-percent-fullwidth non-hundred-percent-height-scrolling\"  style='background-color: rgba(255,255,255,0);background-position: center center;background-repeat: no-repeat;padding-top:0px;padding-right:0px;padding-bottom:0px;padding-left:0px;'><div class=\"fusion-builder-row fusion-row \"><div  class=\"fusion-layout-column fusion_builder_column fusion_builder_column_1_1  fusion-one-full fusion-column-first fusion-column-last 1_1\"  style='margin-top:0px;margin-bottom:20px;'>\n\t\t\t\t\t<div class=\"fusion-column-wrapper\" style=\"padding: 0px 0px 0px 0px;background-position:left top;background-repeat:no-repeat;-webkit-background-size:cover;-moz-background-size:cover;-o-background-size:cover;background-size:cover;\"  data-bg-url=\"\">\n\t\t\t\t\t\t<div class=\"fusion-title title fusion-sep-none fusion-title-size-one\" style=\"margin-top:20px;margin-bottom:0px;\"><h1 class=\"title-heading-left\"><p style=\"text-align: left;\"><span style=\"color: #9d9d9d;\">Istorija<\/span><\/p><\/h1><\/div>\n\t\t<!-- MasterSlider -->\n\t\t<div id=\"P_MS62444b72229e1\" class=\"master-slider-parent ms-parent-id-105\" style=\"\" >\n\n\t\t\t\n\t\t\t<!-- MasterSlider Main -->\n\t\t\t<div id=\"MS62444b72229e1\" class=\"master-slider ms-skin-default\" >\n\t\t\t\t \t\t\t\t \n<div class=\"ms-overlay-layers\">\t\t\t\t\t<div  class=\"ms-layer  msp-cn-33-18\" style=\"\"   data-effect=\"t(true,-150,n,n,n,n,n,n,n,n,n,n,n,n,n)\"  data-delay=\"400\" data-ease=\"easeOutQuint\"              data-widthlimit=\"500\"  data-offset-x=\"0\" data-offset-y=\"100\" data-origin=\"tl\"   >\n<h2 style=\"text-align: right;\"><span style=\"color: #ffffff;\"><em>\"Unlike any other<\/em><em>!\"<br \/><br \/><\/em>- Albert Knebel<\/span><em><br \/><\/em><\/h2><\/div>\n\n\t\t\t\t\t<div  class=\"ms-layer  msp-cn-9-17\" style=\"\"   data-effect=\"t(true,-150,n,n,n,n,n,n,n,n,n,n,n,n,n)\"   data-ease=\"easeOutQuint\"              data-widthlimit=\"1750\"  data-offset-x=\"0\" data-offset-y=\"20\" data-origin=\"tl\"   >\n<h3 style=\"text-align: left;\"><strong><span style=\"color: #ffffff;\">Company founder<\/span><br \/><\/strong><\/h3><\/div>\n\n\t\t\t\t\t<img decoding=\"async\"  class=\"ms-layer\" src=\"http:\/\/ake.de\/wp-content\/plugins\/masterslider\/public\/assets\/css\/blank.gif\" data-src=\"http:\/\/ake.de\/wp-content\/uploads\/2019\/04\/Herr-Frau-Knebel_2005_Foto.png\" alt=\"\" style=\"width:350px;\"  data-effect=\"t(true,-500,n,n,n,n,n,n,n,n,n,n,n,n,n)\" data-duration=\"600\"  data-ease=\"easeOutQuint\"        data-type=\"image\"      data-widthlimit=\"500\"    data-offset-x=\"-20\" data-offset-y=\"30\" data-origin=\"tl\"  \/>\n\n<\/div>\n\t\t\t<div  class=\"ms-slide\" data-delay=\"3\" data-fill-mode=\"fill\"   >\n\t\t\t\t\t<img decoding=\"async\" src=\"http:\/\/ake.de\/wp-content\/plugins\/masterslider\/public\/assets\/css\/blank.gif\" alt=\"\" title=\"\" data-src=\"http:\/\/ake.de\/wp-content\/uploads\/2019\/04\/Geb\u00e4ude_Luftbild-1.jpg\" \/>\n\n\n\t\t\t\t<\/div>\n\n\t\t\t<\/div>\n\t\t\t<!-- END MasterSlider Main -->\n\n\t\t\t \n\t\t<\/div>\n\t\t<!-- END MasterSlider -->\n\n\t\t<script>\n\t\t( window.MSReady = window.MSReady || [] ).push( function( $ ) {\n\n\t\t\t\"use strict\";\n\t\t\tvar masterslider_29e1 = new MasterSlider();\n\n\t\t\t\/\/ slider controls\n\t\t\t\/\/ slider setup\n\t\t\tmasterslider_29e1.setup(\"MS62444b72229e1\", {\n\t\t\t\twidth           : 1920,\n\t\t\t\theight          : 360,\n\t\t\t\tminHeight       : 200,\n\t\t\t\tspace           : 0,\n\t\t\t\tstart           : 1,\n\t\t\t\tgrabCursor      : true,\n\t\t\t\tswipe           : false,\n\t\t\t\tmouse           : false,\n\t\t\t\tkeyboard        : false,\n\t\t\t\tlayout          : \"fullwidth\",\n\t\t\t\twheel           : false,\n\t\t\t\tautoplay        : false,\n                instantStartLayers:false,\n\t\t\t\tmobileBGVideo:false,\n\t\t\t\tloop            : false,\n\t\t\t\tshuffle         : false,\n\t\t\t\tpreload         : 'all',\n\t\t\t\theightLimit     : true,\n\t\t\t\tautoHeight      : false,\n\t\t\t\tsmoothHeight    : true,\n\t\t\t\tendPause        : false,\n\t\t\t\toverPause       : false,\n\t\t\t\tfillMode        : \"fill\",\n\t\t\t\tcenterControls  : false,\n\t\t\t\tstartOnAppear   : false,\n\t\t\t\tlayersMode      : \"center\",\n\t\t\t\tautofillTarget  : \"\",\n\t\t\t\thideLayers      : false,\n\t\t\t\tfullscreenMargin: 0,\n\t\t\t\tspeed           : 20,\n\t\t\t\tdir             : \"h\",\n\t\t\t\tresponsive      : true,\n\t\t\t\ttabletWidth     : 768,\n\t\t\t\ttabletHeight    : null,\n\t\t\t\tphoneWidth      : 480,\n\t\t\t\tphoneHeight    : null,\n\t\t\t\tsizingReference : window,\n\t\t\t\tparallaxMode    : 'swipe',\n\t\t\t\tview            : \"fade\"\n\t\t\t});\n\n\t\t\t\n\t\t\twindow.masterslider_instances = window.masterslider_instances || [];\n\t\t\twindow.masterslider_instances.push( masterslider_29e1 );\n\t\t});\n\t\t<\/script>\n\n<div class=\"fusion-clearfix\"><\/div>\n\n\t\t\t\t\t<\/div>\n\t\t\t\t<\/div><div  class=\"fusion-layout-column fusion_builder_column fusion_builder_column_1_5  fusion-one-fifth fusion-column-first 1_5\"  style='margin-top:0px;margin-bottom:0px;width:20%;width:calc(20% - ( ( 4% + 4% ) * 0.2 ) );margin-right: 4%;'>\n\t\t\t\t\t<div class=\"fusion-column-wrapper\" style=\"padding: 0px 0px 0px 0px;background-position:left top;background-repeat:no-repeat;-webkit-background-size:cover;-moz-background-size:cover;-o-background-size:cover;background-size:cover;\"  data-bg-url=\"\">\n\t\t\t\t\t\t<div class=\"fusion-clearfix\"><\/div>\n\n\t\t\t\t\t<\/div>\n\t\t\t\t<\/div><div  class=\"fusion-layout-column fusion_builder_column fusion_builder_column_3_5  fusion-three-fifth 3_5\"  style='margin-top:0px;margin-bottom:20px;width:60%;width:calc(60% - ( ( 4% + 4% ) * 0.6 ) );margin-right: 4%;'>\n\t\t\t\t\t<div class=\"fusion-column-wrapper\" style=\"padding: 0px 0px 0px 0px;background-position:left top;background-repeat:no-repeat;-webkit-background-size:cover;-moz-background-size:cover;-o-background-size:cover;background-size:cover;\"  data-bg-url=\"\">\n\t\t\t\t\t\t<div class=\"fusion-text\"><h3 style=\"text-align: left;\"><strong>Nuo dild\u017ei\u0173 dirbtuv\u0117s iki \u012franki\u0173 specialisto &#8211;<\/strong> <strong>\u012emon\u0117s istorija siekia daugiau bei 50 met\u0173<\/strong><\/h3>\n<h3 style=\"text-align: left;\"><strong> <\/strong><\/h3>\n<\/div><div class=\"fusion-text\"><p style=\"text-align: left;\"><span style=\"font-size: 11.0pt; font-family: 'Arial',sans-serif;\">Kai 1960m. Albertas Knebelis pagamino pirm\u0105j\u012f diskin\u012f pj\u016bkl\u0105 su kietlydinio dantukais savo t\u0117vo dild\u017ei\u0173 gamybos dirbuv\u0117se Enstlatto kaime, Balingene, tik\u0117tina, kad nei jis, nei penki jo darbuotojai niekada neb\u016bt\u0173 pagalvoj\u0119, kad per ateinan\u010dius penkiasde\u0161imt met\u0173 jie i\u0161augt\u0173 \u012f tarptautin\u0119, visame pasaulyje veikian\u010di\u0105 \u012fmon\u0119, kurioje dirbs 500 darbuotoj\u0173. Prad\u0117ti buvo sunku &#8211; nedidel\u0117 Alberto dirbutv\u0117, kurios metin\u0117 apyvarta 1961 metai siek\u0117 vos 25000 Vokietijos marki\u0173, ne kart\u0105 tur\u0117jo pakovoti d\u0117l i\u0161likimo. <\/span><\/p>\n<\/div><div class=\"fusion-text\"><p style=\"text-align: left;\">Tik septintojo de\u0161imtme\u010dio pabaigoje reikalai prad\u0117jo ger\u0117ti, kai prasid\u0117jo diskini\u0173 pj\u016bkl\u0173 su kietlydinio dantukais bumas medienos pramon\u0117je ir tuo pa\u010diu metu keli resviso darbuotojai i\u0161\u0117jo i\u0161 didel\u0117s konkuruojan\u010dios \u012fmon\u0117s, kad gal\u0117t\u0173 prad\u0117ti dirbti A. Knebel Werkzeugfabrik. Tuo metu diskiniai pj\u016bklai su kietlydinio dantukais buvo ypatingai brang\u016bs. 1968m. diskinis pj\u016bklas 300mm skesmens Z96 kainavo 190 Vokietijos marki\u0173. Palyginimui, standartinis darbo u\u017emokestis tuo metu buvo 350,75 Vokietijos marki\u0173 per m\u0117nes\u012f.<\/p>\n<\/div><div class=\"fusion-text\"><p style=\"text-align: left;\">\u0160ios s\u0117km\u0117s u\u017edirbti pinigai buvo investuoti \u012f naujus darbuotojus ir \u012frengimus, o 1971m. ir \u012f nauj\u0105 pastat\u0105 H\u00f6lzlestra\u00dfe gatv\u0117je, Balingene. V\u0117liau buvo \u012fkurtas filialas Herforde ir pirmoji u\u017esienio dukterin\u0117 \u012fmon\u0117 Strasb\u016bre. 1975m. esamos galandimo stakl\u0117s nebebuvo pakankamai geros, kad b\u016bt\u0173 galima pagaminti \u012frankius, kuri\u0173 kokyb\u0117s tikimasi i\u0161 A|K|E, tai paskatino Albert\u0105 Knebel sukurti savo &#8220;AKEmat&#8221; stakles.<\/p>\n<\/div><div class=\"fusion-text\"><p>\u0160ios stakl\u0117s i\u0161 prad\u017ei\u0173 buvo gaminamos naudojimui AKE Knebel \u012fmon\u0117je, v\u0117liau &#8211; klientams visame pasaulyje. Tolesni ambicingos \u012fmon\u0117s k\u016brimo etapai buvo pjovimo lazeriu technologijos \u012fdiegimas, gamyba deimantini\u0173 frez\u0173 ir pj\u016bkl\u0173, bei kit\u0173 dukterini\u0173 \u012fmoni\u0173 ir pasaulinio partneri\u0173 tinklo k\u016brimas. Keletas patent\u0173 ir naujovi\u0173, kaip Mustang med\u017eio masyvo pjovimo diskiniai pj\u016bklai ar Bombastic diskiniai pj\u016bklai, skirti aliuminio apdirbimui, \u017eymiai sustiprino \u012fmon\u0117s pad\u0117t\u012f rinkoje. 2000m. prad\u017eioje Albertas Knebel perdav\u0117 \u012fmon\u0117s valdym\u0105 savo s\u016bnui Aleksandrui Knebel, taip pad\u0117damas pagrindus tolesniam s\u0117kmingam \u0161eimos verslui.<\/p>\n<\/div><div class=\"fusion-clearfix\"><\/div>\n\n\t\t\t\t\t<\/div>\n\t\t\t\t<\/div><div  class=\"fusion-layout-column fusion_builder_column fusion_builder_column_1_5  fusion-one-fifth fusion-column-last 1_5\"  style='margin-top:0px;margin-bottom:0px;width:20%;width:calc(20% - ( ( 4% + 4% ) * 0.2 ) );'>\n\t\t\t\t\t<div class=\"fusion-column-wrapper\" style=\"padding: 0px 0px 0px 0px;background-position:left top;background-repeat:no-repeat;-webkit-background-size:cover;-moz-background-size:cover;-o-background-size:cover;background-size:cover;\"  data-bg-url=\"\">\n\t\t\t\t\t\t<div class=\"fusion-clearfix\"><\/div>\n\n\t\t\t\t\t<\/div>\n\t\t\t\t<\/div><div  class=\"fusion-layout-column fusion_builder_column fusion_builder_column_1_1  fusion-one-full fusion-column-first fusion-column-last 1_1\"  style='margin-top:0px;margin-bottom:0px;'>\n\t\t\t\t\t<div class=\"fusion-column-wrapper\" style=\"padding: 0px 0px 0px 0px;background-position:left top;background-repeat:no-repeat;-webkit-background-size:cover;-moz-background-size:cover;-o-background-size:cover;background-size:cover;\"  data-bg-url=\"\">\n\t\t\t\t\t\t<div class=\"fusion-sep-clear\"><\/div><div class=\"fusion-separator fusion-full-width-sep sep-shadow\" style=\"background:radial-gradient(ellipse at 50% -50% , #9d9d9d 0px, rgba(255, 255, 255, 0) 80%) repeat scroll 0 0 rgba(0, 0, 0, 0);background:-webkit-radial-gradient(ellipse at 50% -50% , #9d9d9d 0px, rgba(255, 255, 255, 0) 80%) repeat scroll 0 0 rgba(0, 0, 0, 0);background:-moz-radial-gradient(ellipse at 50% -50% , #9d9d9d 0px, rgba(255, 255, 255, 0) 80%) repeat scroll 0 0 rgba(0, 0, 0, 0);background:-o-radial-gradient(ellipse at 50% -50% , #9d9d9d 0px, rgba(255, 255, 255, 0) 80%) repeat scroll 0 0 rgba(0, 0, 0, 0);margin-left: auto;margin-right: auto;margin-top:;margin-bottom:20px;\"><\/div><div class=\"fusion-clearfix\"><\/div>\n\n\t\t\t\t\t<\/div>\n\t\t\t\t<\/div><div  data-animationType=fadeInDown data-animationDuration=0.6 data-animationOffset=100% class=\"fusion-layout-column fusion_builder_column fusion_builder_column_2_3  fusion-two-third fusion-column-first fusion-animated 2_3\"  style='margin-top:20px;margin-bottom:0px;width:66.66%;width:calc(66.66% - ( ( 4% ) * 0.6666 ) );margin-right: 4%;'>\n\t\t\t\t\t<div class=\"fusion-column-wrapper\" style=\"padding: 0px 0px 0px 0px;background-position:left top;background-repeat:no-repeat;-webkit-background-size:cover;-moz-background-size:cover;-o-background-size:cover;background-size:cover;\"  data-bg-url=\"\">\n\t\t\t\t\t\t<span class=\"fusion-imageframe imageframe-none imageframe-1 hover-type-none\"><img decoding=\"async\" src=\"http:\/\/ake.de\/wp-content\/uploads\/2019\/04\/AKEWerk1960.jpg\" width=\"\" height=\"\" alt=\"\" title=\"AKEWerk1960\" class=\"img-responsive wp-image-20306\" srcset=\"https:\/\/ake.de\/wp-content\/uploads\/2019\/04\/AKEWerk1960-200x53.jpg 200w, https:\/\/ake.de\/wp-content\/uploads\/2019\/04\/AKEWerk1960-400x107.jpg 400w, https:\/\/ake.de\/wp-content\/uploads\/2019\/04\/AKEWerk1960-600x160.jpg 600w, https:\/\/ake.de\/wp-content\/uploads\/2019\/04\/AKEWerk1960-800x213.jpg 800w, https:\/\/ake.de\/wp-content\/uploads\/2019\/04\/AKEWerk1960-1200x320.jpg 1200w, https:\/\/ake.de\/wp-content\/uploads\/2019\/04\/AKEWerk1960.jpg 6250w\" sizes=\"(max-width: 1200px) 100vw, 1200px\" \/><\/span><div class=\"fusion-clearfix\"><\/div>\n\n\t\t\t\t\t<\/div>\n\t\t\t\t<\/div><div  data-animationType=fadeInDown data-animationDuration=0.6 data-animationOffset=100% class=\"fusion-layout-column fusion_builder_column fusion_builder_column_1_3  fusion-one-third fusion-column-last fusion-animated 1_3\"  style='margin-top:0px;margin-bottom:0px;width:33.33%;width:calc(33.33% - ( ( 4% ) * 0.3333 ) );'>\n\t\t\t\t\t<div class=\"fusion-column-wrapper\" style=\"padding: 0px 0px 0px 0px;background-position:left top;background-repeat:no-repeat;-webkit-background-size:cover;-moz-background-size:cover;-o-background-size:cover;background-size:cover;\"  data-bg-url=\"\">\n\t\t\t\t\t\t<div class=\"fusion-text\"><h3 style=\"text-align: left;\"><strong>M\u016bs\u0173 kelias &#8230;<\/strong><\/h3>\n<\/div><div class=\"fusion-text\"><p><strong>1960m. AKE Knebel \u012fk\u016brimas<\/strong><br \/>\n1975m. AKE France \u012fk\u016brimas<br \/>\n1980m. AKE Knebel &amp; Forster \u012fk\u016brimas<br \/>\n1990m. AKE Bernau ir AKE Hungary \u012fk\u016brimas<br \/>\n1995m. AKE Rietberg \u012fk\u016brimas<br \/>\n1997m. nupirkta WAGNER diskini\u0173 pj\u016bkl\u0173 gamyba<br \/>\n1999m. AKE Romania \u012fk\u016brimas<br \/>\n2002m. AKE Poland \u012fk\u016brimas<br \/>\n2004m. aplinkos apsaugos apdovanojimas u\u017e termo pavir\u0161iaus apdirbimo technologij\u0105, AKE UK \u012fk\u016brimas<\/p>\n<\/div><div class=\"fusion-clearfix\"><\/div>\n\n\t\t\t\t\t<\/div>\n\t\t\t\t<\/div><div  data-animationType=fadeInDown data-animationDuration=0.6 data-animationOffset=100% class=\"fusion-layout-column fusion_builder_column fusion_builder_column_1_3  fusion-one-third fusion-column-first fusion-animated 1_3\"  style='margin-top:20px;margin-bottom:20px;width:33.33%;width:calc(33.33% - ( ( 4% ) * 0.3333 ) );margin-right: 4%;'>\n\t\t\t\t\t<div class=\"fusion-column-wrapper\" style=\"padding: 0px 0px 0px 0px;background-position:left top;background-repeat:no-repeat;-webkit-background-size:cover;-moz-background-size:cover;-o-background-size:cover;background-size:cover;\"  data-bg-url=\"\">\n\t\t\t\t\t\t<div class=\"fusion-text\"><h3 style=\"text-align: left;\"><strong>&#8230; \u012f s\u0117km\u0119<br \/>\n<\/strong><\/h3>\n<\/div><div class=\"fusion-text\"><p>2006m. AKE Technology Thailand \u012fk\u016brimas<br \/>\n2006m. AKE China \u012fk\u016brimas<br \/>\n2007m. Bad Oeynhausen ir Rietberg filial\u0173 konsolidavimas<br \/>\n2008m. AKE Czech Republic ir AKE RUS \u012fk\u016brmas<br \/>\n2009m. i\u0161skirtinis CMT partneris Vokietijoje<br \/>\n<strong>2010m. \u012fmon\u0117s 50-met\u0173 jubiliejus<\/strong><br \/>\n2011m. AKE Woodtech Malaysia \u012fk\u016brimas<br \/>\n2013m. LIGNA Inovacij\u0173 prizo apdovanojimas<br \/>\n2014m. Red Dot dizaino apdovanojimas, VR Inovacij\u0173 prizo apdovanojimas<\/p>\n<\/div><div class=\"fusion-clearfix\"><\/div>\n\n\t\t\t\t\t<\/div>\n\t\t\t\t<\/div><div  data-animationType=fadeInDown data-animationDuration=0.6 data-animationOffset=100% class=\"fusion-layout-column fusion_builder_column fusion_builder_column_2_3  fusion-two-third fusion-column-last fusion-animated 2_3\"  style='margin-top:40px;margin-bottom:30px;width:66.66%;width:calc(66.66% - ( ( 4% ) * 0.6666 ) );'>\n\t\t\t\t\t<div class=\"fusion-column-wrapper\" style=\"padding: 0px 0px 0px 0px;background-position:left top;background-repeat:no-repeat;-webkit-background-size:cover;-moz-background-size:cover;-o-background-size:cover;background-size:cover;\"  data-bg-url=\"\">\n\t\t\t\t\t\t<span class=\"fusion-imageframe imageframe-none imageframe-2 hover-type-none\"><img decoding=\"async\" src=\"http:\/\/ake.de\/wp-content\/uploads\/2019\/04\/Ausstellung.jpg\" width=\"\" height=\"\" alt=\"\" title=\"Ausstellung\" class=\"img-responsive wp-image-20307\" srcset=\"https:\/\/ake.de\/wp-content\/uploads\/2019\/04\/Ausstellung-200x53.jpg 200w, https:\/\/ake.de\/wp-content\/uploads\/2019\/04\/Ausstellung-400x107.jpg 400w, https:\/\/ake.de\/wp-content\/uploads\/2019\/04\/Ausstellung-600x160.jpg 600w, https:\/\/ake.de\/wp-content\/uploads\/2019\/04\/Ausstellung-800x213.jpg 800w, https:\/\/ake.de\/wp-content\/uploads\/2019\/04\/Ausstellung-1200x320.jpg 1200w, https:\/\/ake.de\/wp-content\/uploads\/2019\/04\/Ausstellung.jpg 6250w\" sizes=\"(max-width: 1200px) 100vw, 1200px\" \/><\/span><div class=\"fusion-clearfix\"><\/div>\n\n\t\t\t\t\t<\/div>\n\t\t\t\t<\/div><\/div><\/div>\n","protected":false},"excerpt":{"rendered":"","protected":false},"author":1,"featured_media":0,"parent":0,"menu_order":0,"comment_status":"closed","ping_status":"closed","template":"","meta":{"footnotes":""},"class_list":["post-20305","page","type-page","status-publish","hentry"],"_links":{"self":[{"href":"https:\/\/ake.de\/lt\/wp-json\/wp\/v2\/pages\/20305","targetHints":{"allow":["GET"]}}],"collection":[{"href":"https:\/\/ake.de\/lt\/wp-json\/wp\/v2\/pages"}],"about":[{"href":"https:\/\/ake.de\/lt\/wp-json\/wp\/v2\/types\/page"}],"author":[{"embeddable":true,"href":"https:\/\/ake.de\/lt\/wp-json\/wp\/v2\/users\/1"}],"replies":[{"embeddable":true,"href":"https:\/\/ake.de\/lt\/wp-json\/wp\/v2\/comments?post=20305"}],"version-history":[{"count":3,"href":"https:\/\/ake.de\/lt\/wp-json\/wp\/v2\/pages\/20305\/revisions"}],"predecessor-version":[{"id":20311,"href":"https:\/\/ake.de\/lt\/wp-json\/wp\/v2\/pages\/20305\/revisions\/20311"}],"wp:attachment":[{"href":"https:\/\/ake.de\/lt\/wp-json\/wp\/v2\/media?parent=20305"}],"curies":[{"name":"wp","href":"https:\/\/api.w.org\/{rel}","templated":true}]}}