{"id":19583,"date":"2022-02-19T16:33:22","date_gmt":"2022-02-19T15:33:22","guid":{"rendered":"https:\/\/ake.de\/prekiu-zenklai-ir-gaminiai\/"},"modified":"2023-10-12T13:06:16","modified_gmt":"2023-10-12T12:06:16","slug":"prekiu-zenklai-ir-gaminiai","status":"publish","type":"page","link":"https:\/\/ake.de\/lt\/prekiu-zenklai-ir-gaminiai\/","title":{"rendered":"Preki\u0173 \u017eenklai ir gaminiai"},"content":{"rendered":"<p><div class=\"fusion-fullwidth fullwidth-box nonhundred-percent-fullwidth non-hundred-percent-height-scrolling\"  style='background-color: rgba(255,255,255,0);background-position: center center;background-repeat: no-repeat;padding-top:0px;padding-right:0px;padding-bottom:0px;padding-left:0px;'><div class=\"fusion-builder-row fusion-row \"><div  class=\"fusion-layout-column fusion_builder_column fusion_builder_column_1_1  fusion-one-full fusion-column-first fusion-column-last 1_1\"  style='margin-top:0px;margin-bottom:0px;'>\n\t\t\t\t\t<div class=\"fusion-column-wrapper\" style=\"padding: 0px 0px 0px 0px;background-position:left top;background-repeat:no-repeat;-webkit-background-size:cover;-moz-background-size:cover;-o-background-size:cover;background-size:cover;\"  data-bg-url=\"\">\n\t\t\t\t\t\t<div class=\"fusion-title title fusion-sep-none fusion-title-size-one\" style=\"margin-top:20px;margin-bottom:0px;\"><h1 class=\"title-heading-left\">Preki\u0173 \u017eenklai ir technologijos<\/h1><\/div><div class=\"fusion-clearfix\"><\/div>\n\n\t\t\t\t\t<\/div>\n\t\t\t\t<\/div><\/div><\/div><div class=\"fusion-fullwidth fullwidth-box nonhundred-percent-fullwidth non-hundred-percent-height-scrolling\"  style='background-color: rgba(255,255,255,0);background-position: center center;background-repeat: no-repeat;padding-top:0px;padding-right:0px;padding-bottom:0px;padding-left:0px;'><div class=\"fusion-builder-row fusion-row \"><div  class=\"fusion-layout-column fusion_builder_column fusion_builder_column_1_4  fusion-one-fourth fusion-column-first border-content-start1 fusion-column-inner-bg-wrapper 1_4\"  style='margin-top:20px;margin-bottom:20px;width:25%;width:calc(25% - ( ( 4% + 4% + 4% ) * 0.25 ) );margin-right: 4%;'>\n\t\t\t\t\t<div class=\"fusion-column-wrapper\" style=\"padding: 30px 20px 50px 20px;\" data-bg-url=\"https:\/\/ake.de\/wp-content\/uploads\/2019\/10\/LOGO_-AKE-button.jpg\">\n\t\t\t\t\t\t<style type='text\/css'>.reading-box-container-1 .element-bottomshadow:before,.reading-box-container-1 .element-bottomshadow:after{opacity:0.00;}<\/style><div class=\"fusion-reading-box-container reading-box-container-1\" style=\"margin-top:0px;margin-bottom:0px;\"><div class=\"reading-box\" style=\"background-color:rgba(229,229,229,0);border-width:0px;border-color:#b5dd44;border-style:solid;\"><div class=\"fusion-reading-box-flex\"><\/div><\/div><\/div><div class=\"fusion-clearfix\"><\/div>\n\t\t\t\t\t<\/div>\n\t\t\t\t\t<span class=\"fusion-column-inner-bg hover-type-none\">\n\t\t\t\t\t\t<a href=\"https:\/\/ake.de\/ake\/\" aria-label=\"LOGO_ AKE button\">\n\t\t\t\t\t\t\t<span class=\"fusion-column-inner-bg-image\" style=\"background-image: url('https:\/\/ake.de\/wp-content\/uploads\/2019\/10\/LOGO_-AKE-button.jpg');background-position:center center;background-repeat:no-repeat;-webkit-background-size:cover;-moz-background-size:cover;-o-background-size:cover;background-size:cover;\"><\/span><\/a>\n\t\t\t\t\t<\/span>\n\t\t\t\t<\/div><div  class=\"fusion-layout-column fusion_builder_column fusion_builder_column_1_4  fusion-one-fourth border-content-start1 fusion-column-inner-bg-wrapper 1_4\"  style='margin-top:20px;margin-bottom:20px;width:25%;width:calc(25% - ( ( 4% + 4% + 4% ) * 0.25 ) );margin-right: 4%;'>\n\t\t\t\t\t<div class=\"fusion-column-wrapper\" style=\"padding: 30px 20px 50px 20px;\" data-bg-url=\"https:\/\/ake.de\/wp-content\/uploads\/2019\/06\/Logo_blueline-2.jpg\">\n\t\t\t\t\t\t<style type='text\/css'>.reading-box-container-2 .element-bottomshadow:before,.reading-box-container-2 .element-bottomshadow:after{opacity:0.00;}<\/style><div class=\"fusion-reading-box-container reading-box-container-2\" style=\"margin-top:0px;margin-bottom:0px;\"><div class=\"reading-box\" style=\"background-color:rgba(229,229,229,0);border-width:0px;border-color:#b5dd44;border-style:solid;\"><div class=\"fusion-reading-box-flex\"><\/div><\/div><\/div><div class=\"fusion-clearfix\"><\/div>\n\t\t\t\t\t<\/div>\n\t\t\t\t\t<span class=\"fusion-column-inner-bg hover-type-none\">\n\t\t\t\t\t\t<a href=\"https:\/\/ake.de\/en\/blueline\/\" aria-label=\"Logo_blueline\">\n\t\t\t\t\t\t\t<span class=\"fusion-column-inner-bg-image\" style=\"background-image: url('https:\/\/ake.de\/wp-content\/uploads\/2019\/06\/Logo_blueline-2.jpg');background-position:center center;background-repeat:no-repeat;-webkit-background-size:cover;-moz-background-size:cover;-o-background-size:cover;background-size:cover;\"><\/span><\/a>\n\t\t\t\t\t<\/span>\n\t\t\t\t<\/div><div  class=\"fusion-layout-column fusion_builder_column fusion_builder_column_1_4  fusion-one-fourth border-content-start1 fusion-column-inner-bg-wrapper 1_4\"  style='margin-top:20px;margin-bottom:20px;width:25%;width:calc(25% - ( ( 4% + 4% + 4% ) * 0.25 ) );margin-right: 4%;'>\n\t\t\t\t\t<div class=\"fusion-column-wrapper\" style=\"padding: 30px 20px 50px 20px;\" data-bg-url=\"https:\/\/ake.de\/wp-content\/uploads\/2019\/10\/LOGO_Wagner-button.jpg\">\n\t\t\t\t\t\t<style type='text\/css'>.reading-box-container-3 .element-bottomshadow:before,.reading-box-container-3 .element-bottomshadow:after{opacity:0.00;}<\/style><div class=\"fusion-reading-box-container reading-box-container-3\" style=\"margin-top:0px;margin-bottom:0px;\"><div class=\"reading-box\" style=\"background-color:rgba(229,229,229,0);border-width:0px;border-color:#b5dd44;border-style:solid;\"><div class=\"fusion-reading-box-flex\"><\/div><\/div><\/div><div class=\"fusion-clearfix\"><\/div>\n\t\t\t\t\t<\/div>\n\t\t\t\t\t<span class=\"fusion-column-inner-bg hover-type-none\">\n\t\t\t\t\t\t<a href=\"https:\/\/ake.de\/stahlindustrie\/\" aria-label=\"LOGO_Wagner button\">\n\t\t\t\t\t\t\t<span class=\"fusion-column-inner-bg-image\" style=\"background-image: url('https:\/\/ake.de\/wp-content\/uploads\/2019\/10\/LOGO_Wagner-button.jpg');background-position:center center;background-repeat:no-repeat;-webkit-background-size:cover;-moz-background-size:cover;-o-background-size:cover;background-size:cover;\"><\/span><\/a>\n\t\t\t\t\t<\/span>\n\t\t\t\t<\/div><div  class=\"fusion-layout-column fusion_builder_column fusion_builder_column_1_4  fusion-one-fourth fusion-column-last border-content-start1 fusion-column-inner-bg-wrapper 1_4\"  style='margin-top:20px;margin-bottom:20px;width:25%;width:calc(25% - ( ( 4% + 4% + 4% ) * 0.25 ) );'>\n\t\t\t\t\t<div class=\"fusion-column-wrapper\" style=\"padding: 30px 20px 50px 20px;\" data-bg-url=\"https:\/\/ake.de\/wp-content\/uploads\/2019\/10\/LOGO_zerspanung-button.jpg\">\n\t\t\t\t\t\t<style type='text\/css'>.reading-box-container-4 .element-bottomshadow:before,.reading-box-container-4 .element-bottomshadow:after{opacity:0.00;}<\/style><div class=\"fusion-reading-box-container reading-box-container-4\" style=\"margin-top:0px;margin-bottom:0px;\"><div class=\"reading-box\" style=\"background-color:rgba(229,229,229,0);border-width:0px;border-color:#b5dd44;border-style:solid;\"><div class=\"fusion-reading-box-flex\"><\/div><\/div><\/div><div class=\"fusion-clearfix\"><\/div>\n\t\t\t\t\t<\/div>\n\t\t\t\t\t<span class=\"fusion-column-inner-bg hover-type-none\">\n\t\t\t\t\t\t<a href=\"https:\/\/ake.de\/zerspanung-2-0\/\" aria-label=\"LOGO_zerspanung button\">\n\t\t\t\t\t\t\t<span class=\"fusion-column-inner-bg-image\" style=\"background-image: url('https:\/\/ake.de\/wp-content\/uploads\/2019\/10\/LOGO_zerspanung-button.jpg');background-position:center center;background-repeat:no-repeat;-webkit-background-size:cover;-moz-background-size:cover;-o-background-size:cover;background-size:cover;\"><\/span><\/a>\n\t\t\t\t\t<\/span>\n\t\t\t\t<\/div><\/div><\/div><div class=\"fusion-fullwidth fullwidth-box nonhundred-percent-fullwidth non-hundred-percent-height-scrolling\"  style='background-color: rgba(255,255,255,0);background-position: center center;background-repeat: no-repeat;padding-top:0px;padding-right:0px;padding-bottom:0px;padding-left:0px;'><div class=\"fusion-builder-row fusion-row \"><div  class=\"fusion-layout-column fusion_builder_column fusion_builder_column_1_1  fusion-one-full fusion-column-first fusion-column-last 1_1\"  style='margin-top:0px;margin-bottom:0px;'>\n\t\t\t\t\t<div class=\"fusion-column-wrapper\" style=\"padding: 0px 0px 0px 0px;background-position:left top;background-repeat:no-repeat;-webkit-background-size:cover;-moz-background-size:cover;-o-background-size:cover;background-size:cover;\"  data-bg-url=\"\">\n\t\t\t\t\t\t<div class=\"fusion-title title fusion-sep-none fusion-title-size-one\" style=\"margin-top:10px;margin-bottom:0px;\"><h1 class=\"title-heading-left\">\u012eranki\u0173 sprendimai<\/h1><\/div><div class=\"fusion-clearfix\"><\/div>\n\n\t\t\t\t\t<\/div>\n\t\t\t\t<\/div><\/div><\/div><div class=\"fusion-fullwidth fullwidth-box nonhundred-percent-fullwidth non-hundred-percent-height-scrolling\"  style='background-color: rgba(255,255,255,0);background-position: center center;background-repeat: no-repeat;padding-top:0px;padding-right:0px;padding-bottom:0px;padding-left:0px;'><div class=\"fusion-builder-row fusion-row \"><div  class=\"fusion-layout-column fusion_builder_column fusion_builder_column_1_3  fusion-one-third fusion-column-first border-content-start1 fusion-column-inner-bg-wrapper 1_3\"  style='margin-top:20px;margin-bottom:20px;width:33.33%;width:calc(33.33% - ( ( 4% + 4% ) * 0.3333 ) );margin-right: 4%;'>\n\t\t\t\t\t<div class=\"fusion-column-wrapper\" style=\"padding: 0px 0px 0px 0px;\" data-bg-url=\"https:\/\/ake.de\/wp-content\/uploads\/2019\/10\/Kreiss\u00e4gebl\u00e4tterAllg..jpg\">\n\t\t\t\t\t\t<style type='text\/css'>.reading-box-container-5 .element-bottomshadow:before,.reading-box-container-5 .element-bottomshadow:after{opacity:0.00;}<\/style><div class=\"fusion-reading-box-container reading-box-container-5\" style=\"margin-top:0px;margin-bottom:0px;\"><div class=\"reading-box\" style=\"background-color:rgba(229,229,229,0);border-width:0px;border-color:#b5dd44;border-style:solid;\"><h2>Diskini\u0173 pj\u016bkl\u0173 diskai<\/h2><div class=\"reading-box-additional fusion-reading-box-additional\">\n<p><span style=\"color: #ffffff;\">AKE diskini\u0173 pj\u016bkl\u0173 rasite visoms <\/span><br \/>\n<span style=\"color: #ffffff;\">med\u017eiagoms, pvz. mediena ir medienos <\/span><br \/>\n<span style=\"color: #ffffff;\">pagrindu pagamintos med\u017eiagos, <\/span><br \/>\n<span style=\"color: #ffffff;\">metalas, plastikas, kompozitas.<\/span><\/p>\n<\/div><div class=\"fusion-clearfix\"><\/div><\/div><\/div><div class=\"fusion-clearfix\"><\/div>\n\t\t\t\t\t<\/div>\n\t\t\t\t\t<span class=\"fusion-column-inner-bg hover-type-none\">\n\t\t\t\t\t\t<a href=\"https:\/\/ake.de\/kreissaegeblaetter\/\" aria-label=\"Kreiss\u00e4gebl\u00e4tterAllg.\">\n\t\t\t\t\t\t\t<span class=\"fusion-column-inner-bg-image\" style=\"background-image: url('https:\/\/ake.de\/wp-content\/uploads\/2019\/10\/Kreiss\u00e4gebl\u00e4tterAllg..jpg');background-position:left center;background-repeat:no-repeat;-webkit-background-size:cover;-moz-background-size:cover;-o-background-size:cover;background-size:cover;\"><\/span><\/a>\n\t\t\t\t\t<\/span>\n\t\t\t\t<\/div><div  class=\"fusion-layout-column fusion_builder_column fusion_builder_column_1_3  fusion-one-third border-content-start1 fusion-column-inner-bg-wrapper 1_3\"  style='margin-top:20px;margin-bottom:20px;width:33.33%;width:calc(33.33% - ( ( 4% + 4% ) * 0.3333 ) );margin-right: 4%;'>\n\t\t\t\t\t<div class=\"fusion-column-wrapper\" style=\"padding: 0px 0px 0px 0px;\" data-bg-url=\"https:\/\/ake.de\/wp-content\/uploads\/2019\/10\/ZerspanerAllg.jpg\">\n\t\t\t\t\t\t<style type='text\/css'>.reading-box-container-6 .element-bottomshadow:before,.reading-box-container-6 .element-bottomshadow:after{opacity:0.00;}<\/style><div class=\"fusion-reading-box-container reading-box-container-6\" style=\"margin-top:0px;margin-bottom:0px;\"><div class=\"reading-box\" style=\"background-color:rgba(229,229,229,0);border-width:0px;border-color:#b5dd44;border-style:solid;\"><h2>Hoggeriai<\/h2><div class=\"reading-box-additional fusion-reading-box-additional\">\n<p><span style=\"color: #ffffff;\">Si\u016blome \u012fvairius smulkinimo <\/span><br \/>\n<span style=\"color: #ffffff;\">sprendimus, kad b\u016bt\u0173 u\u017etikrintas <\/span><br \/>\n<span style=\"color: #ffffff;\">optimalus apdirbimas visoms <\/span><br \/>\n<span style=\"color: #ffffff;\">taikymo sritims.<\/span><\/p>\n<\/div><div class=\"fusion-clearfix\"><\/div><\/div><\/div><div class=\"fusion-clearfix\"><\/div>\n\t\t\t\t\t<\/div>\n\t\t\t\t\t<span class=\"fusion-column-inner-bg hover-type-none\">\n\t\t\t\t\t\t<a href=\"https:\/\/ake.de\/zerspaner\/\" aria-label=\"ZerspanerAllg\">\n\t\t\t\t\t\t\t<span class=\"fusion-column-inner-bg-image\" style=\"background-image: url('https:\/\/ake.de\/wp-content\/uploads\/2019\/10\/ZerspanerAllg.jpg');background-position:left center;background-repeat:no-repeat;-webkit-background-size:cover;-moz-background-size:cover;-o-background-size:cover;background-size:cover;\"><\/span><\/a>\n\t\t\t\t\t<\/span>\n\t\t\t\t<\/div><div  class=\"fusion-layout-column fusion_builder_column fusion_builder_column_1_3  fusion-one-third fusion-column-last border-content-start1 fusion-column-inner-bg-wrapper 1_3\"  style='margin-top:20px;margin-bottom:20px;width:33.33%;width:calc(33.33% - ( ( 4% + 4% ) * 0.3333 ) );'>\n\t\t\t\t\t<div class=\"fusion-column-wrapper\" style=\"padding: 0px 0px 0px 0px;\" data-bg-url=\"https:\/\/ake.de\/wp-content\/uploads\/2019\/10\/Bohrungsfr\u00e4serAllg..jpg\">\n\t\t\t\t\t\t<style type='text\/css'>.reading-box-container-7 .element-bottomshadow:before,.reading-box-container-7 .element-bottomshadow:after{opacity:0.00;}<\/style><div class=\"fusion-reading-box-container reading-box-container-7\" style=\"margin-top:0px;margin-bottom:0px;\"><div class=\"reading-box\" style=\"background-color:rgba(229,229,229,0);border-width:0px;border-color:#b5dd44;border-style:solid;\"><h2>Gr\u0119\u017eini\u0173 frezos<\/h2><div class=\"reading-box-additional fusion-reading-box-additional\">\n<p><span style=\"color: #ffffff;\">Tiek amatams, tiek pramonei <\/span><br \/>\n<span style=\"color: #ffffff;\">si\u016blome galyb\u0119 frez\u0173, siekiant <\/span><br \/>\n<span style=\"color: #000000;\"><span style=\"color: #ffffff;\">u\u017etikrinti geriausi\u0105 rezultat\u0105.<\/span><br \/>\n<span style=\"color: #ffffff;\">\u00a0\u00a0<\/span><br \/>\n<\/span><\/p>\n<\/div><div class=\"fusion-clearfix\"><\/div><\/div><\/div><div class=\"fusion-clearfix\"><\/div>\n\t\t\t\t\t<\/div>\n\t\t\t\t\t<span class=\"fusion-column-inner-bg hover-type-none\">\n\t\t\t\t\t\t<a href=\"https:\/\/ake.de\/bohrungsfraeser\/\" aria-label=\"Bohrungsfr\u00e4serAllg.\">\n\t\t\t\t\t\t\t<span class=\"fusion-column-inner-bg-image\" style=\"background-image: url('https:\/\/ake.de\/wp-content\/uploads\/2019\/10\/Bohrungsfr\u00e4serAllg..jpg');background-position:left center;background-repeat:no-repeat;-webkit-background-size:cover;-moz-background-size:cover;-o-background-size:cover;background-size:cover;\"><\/span><\/a>\n\t\t\t\t\t<\/span>\n\t\t\t\t<\/div><div  class=\"fusion-layout-column fusion_builder_column fusion_builder_column_1_3  fusion-one-third fusion-column-first border-content-start1 fusion-column-inner-bg-wrapper 1_3\"  style='margin-top:20px;margin-bottom:30px;width:33.33%;width:calc(33.33% - ( ( 4% + 4% ) * 0.3333 ) );margin-right: 4%;'>\n\t\t\t\t\t<div class=\"fusion-column-wrapper\" style=\"padding: 0px 0px 0px 0px;\" data-bg-url=\"https:\/\/ake.de\/wp-content\/uploads\/2019\/10\/Schaftfr\u00e4serAllg.jpg\">\n\t\t\t\t\t\t<style type='text\/css'>.reading-box-container-8 .element-bottomshadow:before,.reading-box-container-8 .element-bottomshadow:after{opacity:0.00;}<\/style><div class=\"fusion-reading-box-container reading-box-container-8\" style=\"margin-top:0px;margin-bottom:0px;\"><div class=\"reading-box\" style=\"background-color:rgba(229,229,229,0);border-width:0px;border-color:#b5dd44;border-style:solid;\"><h2>Galin\u0117s frezos<\/h2><div class=\"reading-box-additional fusion-reading-box-additional\">\n<p><span style=\"color: #ffffff;\">Si\u016blome tinkam\u0105 kotini\u0173 frez\u0173 <\/span><br \/>\n<span style=\"color: #ffffff;\">sprendim\u0105 su optimalia pjovimo <\/span><br \/>\n<span style=\"color: #ffffff;\">med\u017eiaga visoms taikymo sritims.<\/span><\/p>\n<\/div><div class=\"fusion-clearfix\"><\/div><\/div><\/div><div class=\"fusion-clearfix\"><\/div>\n\t\t\t\t\t<\/div>\n\t\t\t\t\t<span class=\"fusion-column-inner-bg hover-type-none\">\n\t\t\t\t\t\t<a href=\"https:\/\/ake.de\/schaftfraeser\/\" aria-label=\"Schaftfr\u00e4serAllg\">\n\t\t\t\t\t\t\t<span class=\"fusion-column-inner-bg-image\" style=\"background-image: url('https:\/\/ake.de\/wp-content\/uploads\/2019\/10\/Schaftfr\u00e4serAllg.jpg');background-position:left center;background-repeat:no-repeat;-webkit-background-size:cover;-moz-background-size:cover;-o-background-size:cover;background-size:cover;\"><\/span><\/a>\n\t\t\t\t\t<\/span>\n\t\t\t\t<\/div><div  class=\"fusion-layout-column fusion_builder_column fusion_builder_column_1_3  fusion-one-third border-content-start1 fusion-column-inner-bg-wrapper 1_3\"  style='margin-top:20px;margin-bottom:20px;width:33.33%;width:calc(33.33% - ( ( 4% + 4% ) * 0.3333 ) );margin-right: 4%;'>\n\t\t\t\t\t<div class=\"fusion-column-wrapper\" style=\"padding: 0px 0px 0px 0px;\" data-bg-url=\"https:\/\/ake.de\/wp-content\/uploads\/2019\/10\/BohrerAllg.jpg\">\n\t\t\t\t\t\t<style type='text\/css'>.reading-box-container-9 .element-bottomshadow:before,.reading-box-container-9 .element-bottomshadow:after{opacity:0.00;}<\/style><div class=\"fusion-reading-box-container reading-box-container-9\" style=\"margin-top:0px;margin-bottom:0px;\"><div class=\"reading-box\" style=\"background-color:rgba(229,229,229,0);border-width:0px;border-color:#b5dd44;border-style:solid;\"><h2>Gr\u0105\u017etas<\/h2><div class=\"reading-box-additional fusion-reading-box-additional\">\n<p><span style=\"color: #ffffff;\">\u0160iandienos reikalavimai gr\u0105\u017etams<br \/>\nyra labai \u012fvair\u016bs, atsi\u017evelgiant \u012f<br \/>\ngamyb\u0105 ir vartojim\u0105.<\/span><\/p>\n<\/div><div class=\"fusion-clearfix\"><\/div><\/div><\/div><div class=\"fusion-clearfix\"><\/div>\n\t\t\t\t\t<\/div>\n\t\t\t\t\t<span class=\"fusion-column-inner-bg hover-type-none\">\n\t\t\t\t\t\t<a href=\"https:\/\/ake.de\/bohrer\/\" aria-label=\"BohrerAllg\">\n\t\t\t\t\t\t\t<span class=\"fusion-column-inner-bg-image\" style=\"background-image: url('https:\/\/ake.de\/wp-content\/uploads\/2019\/10\/BohrerAllg.jpg');background-position:left center;background-repeat:no-repeat;-webkit-background-size:cover;-moz-background-size:cover;-o-background-size:cover;background-size:cover;\"><\/span><\/a>\n\t\t\t\t\t<\/span>\n\t\t\t\t<\/div><div  class=\"fusion-layout-column fusion_builder_column fusion_builder_column_1_3  fusion-one-third fusion-column-last border-content-start1 fusion-column-inner-bg-wrapper 1_3\"  style='margin-top:20px;margin-bottom:20px;width:33.33%;width:calc(33.33% - ( ( 4% + 4% ) * 0.3333 ) );'>\n\t\t\t\t\t<div class=\"fusion-column-wrapper\" style=\"padding: 0px 0px 0px 0px;\" data-bg-url=\"https:\/\/ake.de\/wp-content\/uploads\/2019\/10\/MesserAllg.jpg\">\n\t\t\t\t\t\t<style type='text\/css'>.reading-box-container-10 .element-bottomshadow:before,.reading-box-container-10 .element-bottomshadow:after{opacity:0.00;}<\/style><div class=\"fusion-reading-box-container reading-box-container-10\" style=\"margin-top:0px;margin-bottom:0px;\"><div class=\"reading-box\" style=\"background-color:rgba(229,229,229,0);border-width:0px;border-color:#b5dd44;border-style:solid;\"><h2>Peilis<\/h2><div class=\"reading-box-additional fusion-reading-box-additional\">\n<p><span style=\"color: #ffffff;\">M\u016bs\u0173 standartiniame asortimente<br \/>\nrasite vis\u0173 populiari\u0173 tip\u0173 peili\u0173<br \/>\nnuo obliavimo iki profiliavimo peili\u0173.<\/span><\/p>\n<\/div><div class=\"fusion-clearfix\"><\/div><\/div><\/div><div class=\"fusion-clearfix\"><\/div>\n\t\t\t\t\t<\/div>\n\t\t\t\t\t<span class=\"fusion-column-inner-bg hover-type-none\">\n\t\t\t\t\t\t<a href=\"https:\/\/ake.de\/messer\/\" aria-label=\"MesserAllg\">\n\t\t\t\t\t\t\t<span class=\"fusion-column-inner-bg-image\" style=\"background-image: url('https:\/\/ake.de\/wp-content\/uploads\/2019\/10\/MesserAllg.jpg');background-position:left center;background-repeat:no-repeat;-webkit-background-size:cover;-moz-background-size:cover;-o-background-size:cover;background-size:cover;\"><\/span><\/a>\n\t\t\t\t\t<\/span>\n\t\t\t\t<\/div><div  class=\"fusion-layout-column fusion_builder_column fusion_builder_column_1_3  fusion-one-third fusion-column-first border-content-start1 fusion-column-inner-bg-wrapper 1_3\"  style='margin-top:20px;margin-bottom:20px;width:33.33%;width:calc(33.33% - ( ( 4% + 4% ) * 0.3333 ) );margin-right: 4%;'>\n\t\t\t\t\t<div class=\"fusion-column-wrapper\" style=\"padding: 0px 0px 0px 0px;\" data-bg-url=\"https:\/\/ake.de\/wp-content\/uploads\/2019\/10\/SpannsystemeAllg.jpg\">\n\t\t\t\t\t\t<style type='text\/css'>.reading-box-container-11 .element-bottomshadow:before,.reading-box-container-11 .element-bottomshadow:after{opacity:0.00;}<\/style><div class=\"fusion-reading-box-container reading-box-container-11\" style=\"margin-top:0px;margin-bottom:0px;\"><div class=\"reading-box\" style=\"background-color:rgba(229,229,229,0);border-width:0px;border-color:#b5dd44;border-style:solid;\"><h2>Prispaudimo sistemos<\/h2><div class=\"reading-box-additional fusion-reading-box-additional\">\n<p><span style=\"color: #ffffff;\">Auk\u0161t\u0173j\u0173 technologij\u0173 \u012frankiams <\/span><br \/>\n<span style=\"color: #ffffff;\">reikalingas tinkamas tvirtinimas <\/span><br \/>\n<span style=\"color: #ffffff;\">tobulam rezultatui.<\/span><\/p>\n<\/div><div class=\"fusion-clearfix\"><\/div><\/div><\/div><div class=\"fusion-clearfix\"><\/div>\n\t\t\t\t\t<\/div>\n\t\t\t\t\t<span class=\"fusion-column-inner-bg hover-type-none\">\n\t\t\t\t\t\t<a href=\"https:\/\/ake.de\/spannsystem\/\" aria-label=\"SpannsystemeAllg\">\n\t\t\t\t\t\t\t<span class=\"fusion-column-inner-bg-image\" style=\"background-image: url('https:\/\/ake.de\/wp-content\/uploads\/2019\/10\/SpannsystemeAllg.jpg');background-position:left center;background-repeat:no-repeat;-webkit-background-size:cover;-moz-background-size:cover;-o-background-size:cover;background-size:cover;\"><\/span><\/a>\n\t\t\t\t\t<\/span>\n\t\t\t\t<\/div><div  class=\"fusion-layout-column fusion_builder_column fusion_builder_column_1_3  fusion-one-third border-content-start1 fusion-column-inner-bg-wrapper 1_3\"  style='margin-top:20px;margin-bottom:20px;width:33.33%;width:calc(33.33% - ( ( 4% + 4% ) * 0.3333 ) );margin-right: 4%;'>\n\t\t\t\t\t<div class=\"fusion-column-wrapper\" style=\"padding: 0px 0px 0px 0px;\" data-bg-url=\"https:\/\/ake.de\/wp-content\/uploads\/2019\/10\/Zubeh\u00f6rAllg..jpg\">\n\t\t\t\t\t\t<style type='text\/css'>.reading-box-container-12 .element-bottomshadow:before,.reading-box-container-12 .element-bottomshadow:after{opacity:0.00;}<\/style><div class=\"fusion-reading-box-container reading-box-container-12\" style=\"margin-top:0px;margin-bottom:0px;\"><div class=\"reading-box\" style=\"background-color:rgba(229,229,229,0);border-width:0px;border-color:#b5dd44;border-style:solid;\"><h2>Aksesuarai<\/h2><div class=\"reading-box-additional fusion-reading-box-additional\">\n<p><span style=\"color: #ffffff;\">\u012e m\u016bs\u0173 pried\u0173 asortiment\u0105 <\/span><br \/>\n<span style=\"color: #ffffff;\">\u012feina viskas, ko Jums reikia, <\/span><br \/>\n<span style=\"color: #ffffff;\">nuo var\u017eto iki AKE valiklio.<\/span><\/p>\n<\/div><div class=\"fusion-clearfix\"><\/div><\/div><\/div><div class=\"fusion-clearfix\"><\/div>\n\t\t\t\t\t<\/div>\n\t\t\t\t\t<span class=\"fusion-column-inner-bg hover-type-none\">\n\t\t\t\t\t\t<a href=\"https:\/\/ake.de\/zubehoer\/\" aria-label=\"Zubeh\u00f6rAllg.\">\n\t\t\t\t\t\t\t<span class=\"fusion-column-inner-bg-image\" style=\"background-image: url('https:\/\/ake.de\/wp-content\/uploads\/2019\/10\/Zubeh\u00f6rAllg..jpg');background-position:left center;background-repeat:no-repeat;-webkit-background-size:cover;-moz-background-size:cover;-o-background-size:cover;background-size:cover;\"><\/span><\/a>\n\t\t\t\t\t<\/span>\n\t\t\t\t<\/div><div  class=\"fusion-layout-column fusion_builder_column fusion_builder_column_1_3  fusion-one-third fusion-column-last border-content-start1 fusion-column-inner-bg-wrapper 1_3\"  style='margin-top:20px;margin-bottom:20px;width:33.33%;width:calc(33.33% - ( ( 4% + 4% ) * 0.3333 ) );'>\n\t\t\t\t\t<div class=\"fusion-column-wrapper\" style=\"padding: 0px 0px 0px 0px;\" data-bg-url=\"https:\/\/ake.de\/wp-content\/uploads\/2019\/10\/RtaAllg.jpg\">\n\t\t\t\t\t\t<style type='text\/css'>.reading-box-container-13 .element-bottomshadow:before,.reading-box-container-13 .element-bottomshadow:after{opacity:0.00;}<\/style><div class=\"fusion-reading-box-container reading-box-container-13\" style=\"margin-top:0px;margin-bottom:0px;\"><div class=\"reading-box\" style=\"background-color:rgba(229,229,229,0);border-width:0px;border-color:#b5dd44;border-style:solid;\"><h2>Metrologija<\/h2><div class=\"reading-box-additional fusion-reading-box-additional\">\n<p><span style=\"color: #ffffff;\">Atraskite m\u016bs\u0173 naujov\u0119\u00a0<\/span><br \/>\n<span style=\"color: #ffffff;\"><em>Real-Time-Analyser,\u00a0<\/em>kuri <\/span><br \/>\n<span style=\"color: #ffffff;\">matavim\u0105 pavers puikiu potyriu.<\/span><\/p>\n<\/div><div class=\"fusion-clearfix\"><\/div><\/div><\/div><div class=\"fusion-clearfix\"><\/div>\n\t\t\t\t\t<\/div>\n\t\t\t\t\t<span class=\"fusion-column-inner-bg hover-type-none\">\n\t\t\t\t\t\t<a href=\"https:\/\/www.real-time-analyser.de\/en\" rel=\"noopener noreferrer\" target=\"_blank\" aria-label=\"RtaAllg\">\n\t\t\t\t\t\t\t<span class=\"fusion-column-inner-bg-image\" style=\"background-image: url('https:\/\/ake.de\/wp-content\/uploads\/2019\/10\/RtaAllg.jpg');background-position:left center;background-repeat:no-repeat;-webkit-background-size:cover;-moz-background-size:cover;-o-background-size:cover;background-size:cover;\"><\/span><\/a>\n\t\t\t\t\t<\/span>\n\t\t\t\t<\/div><\/div><\/div><\/p>\n","protected":false},"excerpt":{"rendered":"","protected":false},"author":1,"featured_media":0,"parent":0,"menu_order":0,"comment_status":"closed","ping_status":"closed","template":"","meta":{"footnotes":""},"class_list":["post-19583","page","type-page","status-publish","hentry"],"_links":{"self":[{"href":"https:\/\/ake.de\/lt\/wp-json\/wp\/v2\/pages\/19583","targetHints":{"allow":["GET"]}}],"collection":[{"href":"https:\/\/ake.de\/lt\/wp-json\/wp\/v2\/pages"}],"about":[{"href":"https:\/\/ake.de\/lt\/wp-json\/wp\/v2\/types\/page"}],"author":[{"embeddable":true,"href":"https:\/\/ake.de\/lt\/wp-json\/wp\/v2\/users\/1"}],"replies":[{"embeddable":true,"href":"https:\/\/ake.de\/lt\/wp-json\/wp\/v2\/comments?post=19583"}],"version-history":[{"count":10,"href":"https:\/\/ake.de\/lt\/wp-json\/wp\/v2\/pages\/19583\/revisions"}],"predecessor-version":[{"id":22392,"href":"https:\/\/ake.de\/lt\/wp-json\/wp\/v2\/pages\/19583\/revisions\/22392"}],"wp:attachment":[{"href":"https:\/\/ake.de\/lt\/wp-json\/wp\/v2\/media?parent=19583"}],"curies":[{"name":"wp","href":"https:\/\/api.w.org\/{rel}","templated":true}]}}