{"id":19548,"date":"2022-02-16T10:37:45","date_gmt":"2022-02-16T09:37:45","guid":{"rendered":"https:\/\/ake.de\/titulinis-puslapis\/"},"modified":"2023-10-11T14:59:41","modified_gmt":"2023-10-11T13:59:41","slug":"titulinis-puslapis","status":"publish","type":"page","link":"https:\/\/ake.de\/lt\/","title":{"rendered":"Pagrindinis puslapis"},"content":{"rendered":"<p><div class=\"fusion-fullwidth fullwidth-box nonhundred-percent-fullwidth non-hundred-percent-height-scrolling\"  style='background-color: rgba(255,255,255,0);background-position: center center;background-repeat: no-repeat;padding-top:0px;padding-right:0px;padding-bottom:0px;padding-left:0px;'><div class=\"fusion-builder-row fusion-row \"><div  class=\"fusion-layout-column fusion_builder_column fusion_builder_column_1_1  fusion-one-full fusion-column-first fusion-column-last fusion-column-inner-bg-wrapper 1_1\"  style='margin-top:0px;margin-bottom:0px;'>\n\t\t\t\t\t<div class=\"fusion-column-wrapper\" style=\"padding: 0px 0px 0px 0px;\" data-bg-url=\"\">\n\t\t\t\t\t\t<div class=\"nk-awb \"  style=\"padding-top: 0px; padding-bottom: 45%; padding-left: 0px; padding-right: 0px; margin-top: 0px; margin-bottom: 0px; margin-left: 0px; margin-right: 0px;\">\n\n\n\n<div class=\"nk-awb-wrap\" data-awb-type=\"video\" data-awb-stretch=\"true\" data-awb-image-background-size=\"cover\" data-awb-image-background-position=\"50% 50%\" data-awb-video=\"mp4:https:\/\/ake.de\/wp-content\/uploads\/2022\/07\/Video-Intro-Web-V3.mp4\" data-awb-video-start-time=\"0\" data-awb-video-end-time=\"0\" data-awb-video-volume=\"0\" data-awb-video-always-play=\"true\" data-awb-video-mobile=\"true\"><div  class=\"nk-awb-inner\"><\/div><\/div><\/div><div class=\"fusion-clearfix\"><\/div>\n\t\t\t\t\t<\/div>\n\t\t\t\t\t<span class=\"fusion-column-inner-bg hover-type-none\">\n\t\t\t\t\t\t<a href=\"https:\/\/www.ake.de\/boardline-die-evolution-der-plattenbearbeitung\/\" aria-label=\"\">\n\t\t\t\t\t\t\t<span class=\"fusion-column-inner-bg-image\" style=\"background-position:left top;background-repeat:no-repeat;-webkit-background-size:cover;-moz-background-size:cover;-o-background-size:cover;background-size:cover;\"><\/span><\/a>\n\t\t\t\t\t<\/span>\n\t\t\t\t<\/div><\/div><\/div><div class=\"fusion-fullwidth fullwidth-box nonhundred-percent-fullwidth non-hundred-percent-height-scrolling\"  style='background-color: #f4f4f4;background-position: center center;background-repeat: no-repeat;padding-top:0px;padding-right:0px;padding-bottom:0px;padding-left:0px;'><div class=\"fusion-builder-row fusion-row \"><div  class=\"fusion-layout-column fusion_builder_column fusion_builder_column_1_3  fusion-one-third fusion-column-first border-content-start1 fusion-column-inner-bg-wrapper 1_3\"  style='margin-top:20px;margin-bottom:20px;width:33.33%;width:calc(33.33% - ( ( 4% + 4% ) * 0.3333 ) );margin-right: 4%;'>\n\t\t\t\t\t<div class=\"fusion-column-wrapper\" style=\"padding: 0px 0px 0px 0px;\" data-bg-url=\"https:\/\/ake.de\/wp-content\/uploads\/2019\/10\/Gewerbegebiet.jpg\">\n\t\t\t\t\t\t<style type='text\/css'>.reading-box-container-1 .element-bottomshadow:before,.reading-box-container-1 .element-bottomshadow:after{opacity:0.00;}<\/style><div class=\"fusion-reading-box-container reading-box-container-1\" style=\"margin-top:0px;margin-bottom:0px;\"><div class=\"reading-box\" style=\"background-color:rgba(229,229,229,0);border-width:0px;border-color:#b5dd44;border-style:solid;\"><h2>Pramon\u0117s \u0161akos<\/h2><div class=\"reading-box-additional fusion-reading-box-additional\">\n<p><span style=\"color: #ffffff;\"><span class=\"--l --r sentence_highlight\">Raskite tinkamus \u012frankius<br \/>\n<\/span><span class=\"--l --r sentence_highlight\">savo taikymo sri\u010diai.<\/span><\/span><\/p>\n<\/div><div class=\"fusion-clearfix\"><\/div><\/div><\/div><div class=\"fusion-clearfix\"><\/div>\n\t\t\t\t\t<\/div>\n\t\t\t\t\t<span class=\"fusion-column-inner-bg hover-type-none\">\n\t\t\t\t\t\t<a href=\"https:\/\/ake.de\/lt\/irankiai-pagal-pramones-saka\/\" aria-label=\"Gewerbegebiet\">\n\t\t\t\t\t\t\t<span class=\"fusion-column-inner-bg-image\" style=\"background-image: url('https:\/\/ake.de\/wp-content\/uploads\/2019\/10\/Gewerbegebiet.jpg');background-position:left center;background-repeat:no-repeat;-webkit-background-size:cover;-moz-background-size:cover;-o-background-size:cover;background-size:cover;\"><\/span><\/a>\n\t\t\t\t\t<\/span>\n\t\t\t\t<\/div><div  class=\"fusion-layout-column fusion_builder_column fusion_builder_column_1_3  fusion-one-third border-content-start1 fusion-column-inner-bg-wrapper 1_3\"  style='margin-top:20px;margin-bottom:20px;width:33.33%;width:calc(33.33% - ( ( 4% + 4% ) * 0.3333 ) );margin-right: 4%;'>\n\t\t\t\t\t<div class=\"fusion-column-wrapper\" style=\"padding: 0px 0px 0px 0px;\" data-bg-url=\"https:\/\/ake.de\/wp-content\/uploads\/2019\/04\/Gl\u00fchbirne.jpg\">\n\t\t\t\t\t\t<style type='text\/css'>.reading-box-container-2 .element-bottomshadow:before,.reading-box-container-2 .element-bottomshadow:after{opacity:0.00;}<\/style><div class=\"fusion-reading-box-container reading-box-container-2\" style=\"margin-top:0px;margin-bottom:0px;\"><div class=\"reading-box\" style=\"background-color:rgba(229,229,229,0);border-width:0px;border-color:#b5dd44;border-style:solid;\"><h2>Prek\u0117s \u017eenklai ir produktai<\/h2><div class=\"reading-box-additional fusion-reading-box-additional\">\n<p><span style=\"color: #ffffff;\"><span class=\"--l --r sentence_highlight\">Su\u017einokite daugiau apie m\u016bs\u0173 <\/span><span class=\"--l --r sentence_highlight\">preki\u0173<br \/>\n\u017eenklais, technologijomis ir produktais.<\/span><\/span><\/p>\n<\/div><div class=\"fusion-clearfix\"><\/div><\/div><\/div><div class=\"fusion-clearfix\"><\/div>\n\t\t\t\t\t<\/div>\n\t\t\t\t\t<span class=\"fusion-column-inner-bg hover-type-none\">\n\t\t\t\t\t\t<a href=\"https:\/\/ake.de\/lt\/prekiu-zenklai-ir-gaminiai\/\" aria-label=\"Gl\u00fchbirne\">\n\t\t\t\t\t\t\t<span class=\"fusion-column-inner-bg-image\" style=\"background-image: url('https:\/\/ake.de\/wp-content\/uploads\/2019\/04\/Gl\u00fchbirne.jpg');background-position:left center;background-repeat:no-repeat;-webkit-background-size:cover;-moz-background-size:cover;-o-background-size:cover;background-size:cover;\"><\/span><\/a>\n\t\t\t\t\t<\/span>\n\t\t\t\t<\/div><div  class=\"fusion-layout-column fusion_builder_column fusion_builder_column_1_3  fusion-one-third fusion-column-last border-content-start1 fusion-column-inner-bg-wrapper 1_3\"  style='margin-top:20px;margin-bottom:20px;width:33.33%;width:calc(33.33% - ( ( 4% + 4% ) * 0.3333 ) );'>\n\t\t\t\t\t<div class=\"fusion-column-wrapper\" style=\"padding: 0px 0px 0px 0px;\" data-bg-url=\"https:\/\/ake.de\/wp-content\/uploads\/2019\/10\/Katalogeoffen.jpg\">\n\t\t\t\t\t\t<style type='text\/css'>.reading-box-container-3 .element-bottomshadow:before,.reading-box-container-3 .element-bottomshadow:after{opacity:0.00;}<\/style><div class=\"fusion-reading-box-container reading-box-container-3\" style=\"margin-top:0px;margin-bottom:0px;\"><div class=\"reading-box\" style=\"background-color:rgba(229,229,229,0);border-width:0px;border-color:#b5dd44;border-style:solid;\"><h2>Katalogai ir bro\u0161i\u016bros<\/h2><div class=\"reading-box-additional fusion-reading-box-additional\">\n<p><span style=\"color: #ffffff;\"><span class=\"--l --r sentence_highlight\">I\u0161nagrin\u0117kite m\u016bs\u0173 plat\u0173<br \/>\n<\/span><span class=\"--l --r sentence_highlight\">produkt\u0173 asortiment\u0105.<\/span><\/span><\/p>\n<\/div><div class=\"fusion-clearfix\"><\/div><\/div><\/div><div class=\"fusion-clearfix\"><\/div>\n\t\t\t\t\t<\/div>\n\t\t\t\t\t<span class=\"fusion-column-inner-bg hover-type-none\">\n\t\t\t\t\t\t<a href=\"https:\/\/ake.de\/lt\/katalogai-ir-lankstinukai\/\" aria-label=\"Katalogeoffen\">\n\t\t\t\t\t\t\t<span class=\"fusion-column-inner-bg-image\" style=\"background-image: url('https:\/\/ake.de\/wp-content\/uploads\/2019\/10\/Katalogeoffen.jpg');background-position:left center;background-repeat:no-repeat;-webkit-background-size:cover;-moz-background-size:cover;-o-background-size:cover;background-size:cover;\"><\/span><\/a>\n\t\t\t\t\t<\/span>\n\t\t\t\t<\/div><div  class=\"fusion-layout-column fusion_builder_column fusion_builder_column_1_3  fusion-one-third fusion-column-first border-content-start1 fusion-column-inner-bg-wrapper 1_3\"  style='margin-top:20px;margin-bottom:20px;width:33.33%;width:calc(33.33% - ( ( 4% + 4% ) * 0.3333 ) );margin-right: 4%;'>\n\t\t\t\t\t<div class=\"fusion-column-wrapper\" style=\"padding: 0px 0px 0px 0px;\" data-bg-url=\"https:\/\/ake.de\/wp-content\/uploads\/2019\/04\/AktuellesZeitung.jpg\">\n\t\t\t\t\t\t<style type='text\/css'>.reading-box-container-4 .element-bottomshadow:before,.reading-box-container-4 .element-bottomshadow:after{opacity:0.00;}<\/style><div class=\"fusion-reading-box-container reading-box-container-4\" style=\"margin-top:0px;margin-bottom:0px;\"><div class=\"reading-box\" style=\"background-color:rgba(229,229,229,0);border-width:0px;border-color:#b5dd44;border-style:solid;\"><h2>AKE naujienos<\/h2><div class=\"reading-box-additional fusion-reading-box-additional\">\n<p><span style=\"color: #ffffff;\"><span class=\"--l --r sentence_highlight\">Svarbiausios naujienos jums<br \/>\n<\/span><span class=\"--l --r sentence_highlight\">i\u0161 pirmo \u017evilgsnio.<\/span><\/span><\/p>\n<\/div><div class=\"fusion-clearfix\"><\/div><\/div><\/div><div class=\"fusion-clearfix\"><\/div>\n\t\t\t\t\t<\/div>\n\t\t\t\t\t<span class=\"fusion-column-inner-bg hover-type-none\">\n\t\t\t\t\t\t<a href=\"https:\/\/ake.de\/lt\/ake-naujienos\/\" aria-label=\"AktuellesZeitung\">\n\t\t\t\t\t\t\t<span class=\"fusion-column-inner-bg-image\" style=\"background-image: url('https:\/\/ake.de\/wp-content\/uploads\/2019\/04\/AktuellesZeitung.jpg');background-position:left center;background-repeat:no-repeat;-webkit-background-size:cover;-moz-background-size:cover;-o-background-size:cover;background-size:cover;\"><\/span><\/a>\n\t\t\t\t\t<\/span>\n\t\t\t\t<\/div><div  class=\"fusion-layout-column fusion_builder_column fusion_builder_column_1_3  fusion-one-third border-content-start1 fusion-column-inner-bg-wrapper 1_3\"  style='margin-top:20px;margin-bottom:20px;width:33.33%;width:calc(33.33% - ( ( 4% + 4% ) * 0.3333 ) );margin-right: 4%;'>\n\t\t\t\t\t<div class=\"fusion-column-wrapper\" style=\"padding: 0px 0px 0px 0px;\" data-bg-url=\"https:\/\/ake.de\/wp-content\/uploads\/2019\/04\/UnternehmenH\u00e4nde.jpg\">\n\t\t\t\t\t\t<style type='text\/css'>.reading-box-container-5 .element-bottomshadow:before,.reading-box-container-5 .element-bottomshadow:after{opacity:0.00;}<\/style><div class=\"fusion-reading-box-container reading-box-container-5\" style=\"margin-top:0px;margin-bottom:0px;\"><div class=\"reading-box\" style=\"background-color:rgba(229,229,229,0);border-width:0px;border-color:#b5dd44;border-style:solid;\"><h2>\u012emon\u0117<\/h2><div class=\"reading-box-additional fusion-reading-box-additional\">\n<p><span style=\"color: #ffffff;\"><span class=\"--l --r sentence_highlight\">Ar nor\u0117tum\u0117te su\u017einoti daugiau apie AKE<br \/>\n<\/span><span class=\"--l --r sentence_highlight\">arba tapti m\u016bs\u0173 dalimi?<\/span><\/span><\/p>\n<\/div><div class=\"fusion-clearfix\"><\/div><\/div><\/div><div class=\"fusion-clearfix\"><\/div>\n\t\t\t\t\t<\/div>\n\t\t\t\t\t<span class=\"fusion-column-inner-bg hover-type-none\">\n\t\t\t\t\t\t<a href=\"https:\/\/ake.de\/lt\/imone\/\" aria-label=\"UnternehmenH\u00e4nde\">\n\t\t\t\t\t\t\t<span class=\"fusion-column-inner-bg-image\" style=\"background-image: url('https:\/\/ake.de\/wp-content\/uploads\/2019\/04\/UnternehmenH\u00e4nde.jpg');background-position:left center;background-repeat:no-repeat;-webkit-background-size:cover;-moz-background-size:cover;-o-background-size:cover;background-size:cover;\"><\/span><\/a>\n\t\t\t\t\t<\/span>\n\t\t\t\t<\/div><div  class=\"fusion-layout-column fusion_builder_column fusion_builder_column_1_3  fusion-one-third fusion-column-last border-content-start1 fusion-column-inner-bg-wrapper 1_3\"  style='margin-top:20px;margin-bottom:20px;width:33.33%;width:calc(33.33% - ( ( 4% + 4% ) * 0.3333 ) );'>\n\t\t\t\t\t<div class=\"fusion-column-wrapper\" style=\"padding: 0px 0px 0px 0px;\" data-bg-url=\"https:\/\/ake.de\/wp-content\/uploads\/2019\/04\/KontaktBild-1.jpg\">\n\t\t\t\t\t\t<style type='text\/css'>.reading-box-container-6 .element-bottomshadow:before,.reading-box-container-6 .element-bottomshadow:after{opacity:0.00;}<\/style><div class=\"fusion-reading-box-container reading-box-container-6\" style=\"margin-top:0px;margin-bottom:0px;\"><div class=\"reading-box\" style=\"background-color:rgba(229,229,229,0);border-width:0px;border-color:#b5dd44;border-style:solid;\"><h2>Susisiekite su<\/h2><div class=\"reading-box-additional fusion-reading-box-additional\">\n<p><span style=\"color: #ffffff;\"><span class=\"--l --r sentence_highlight\">Jei turite klausim\u0173<br \/>\n<\/span><span class=\"--l --r sentence_highlight\">kreipkit\u0117s \u012f vien\u0105 i\u0161 m\u016bs\u0173 biur\u0173.<\/span><\/span><\/p>\n<\/div><div class=\"fusion-clearfix\"><\/div><\/div><\/div><div class=\"fusion-clearfix\"><\/div>\n\t\t\t\t\t<\/div>\n\t\t\t\t\t<span class=\"fusion-column-inner-bg hover-type-none\">\n\t\t\t\t\t\t<a href=\"https:\/\/ake.de\/lt\/ake-atstovybes-pasaulyje\/\" aria-label=\"KontaktBild\">\n\t\t\t\t\t\t\t<span class=\"fusion-column-inner-bg-image\" style=\"background-image: url('https:\/\/ake.de\/wp-content\/uploads\/2019\/04\/KontaktBild-1.jpg');background-position:left center;background-repeat:no-repeat;-webkit-background-size:cover;-moz-background-size:cover;-o-background-size:cover;background-size:cover;\"><\/span><\/a>\n\t\t\t\t\t<\/span>\n\t\t\t\t<\/div><\/div><\/div><\/p>\n","protected":false},"excerpt":{"rendered":"","protected":false},"author":1,"featured_media":0,"parent":0,"menu_order":0,"comment_status":"closed","ping_status":"closed","template":"","meta":{"footnotes":""},"class_list":["post-19548","page","type-page","status-publish","hentry"],"_links":{"self":[{"href":"https:\/\/ake.de\/lt\/wp-json\/wp\/v2\/pages\/19548","targetHints":{"allow":["GET"]}}],"collection":[{"href":"https:\/\/ake.de\/lt\/wp-json\/wp\/v2\/pages"}],"about":[{"href":"https:\/\/ake.de\/lt\/wp-json\/wp\/v2\/types\/page"}],"author":[{"embeddable":true,"href":"https:\/\/ake.de\/lt\/wp-json\/wp\/v2\/users\/1"}],"replies":[{"embeddable":true,"href":"https:\/\/ake.de\/lt\/wp-json\/wp\/v2\/comments?post=19548"}],"version-history":[{"count":24,"href":"https:\/\/ake.de\/lt\/wp-json\/wp\/v2\/pages\/19548\/revisions"}],"predecessor-version":[{"id":22387,"href":"https:\/\/ake.de\/lt\/wp-json\/wp\/v2\/pages\/19548\/revisions\/22387"}],"wp:attachment":[{"href":"https:\/\/ake.de\/lt\/wp-json\/wp\/v2\/media?parent=19548"}],"curies":[{"name":"wp","href":"https:\/\/api.w.org\/{rel}","templated":true}]}}