{"id":19852,"date":"2022-03-21T11:05:11","date_gmt":"2022-03-21T10:05:11","guid":{"rendered":"https:\/\/ake.de\/truciolatori\/"},"modified":"2022-03-21T11:05:15","modified_gmt":"2022-03-21T10:05:15","slug":"truciolatori","status":"publish","type":"page","link":"https:\/\/ake.de\/it\/truciolatori\/","title":{"rendered":"Truciolatori"},"content":{"rendered":"<div class=\"fusion-fullwidth fullwidth-box nonhundred-percent-fullwidth non-hundred-percent-height-scrolling\"  style='background-color: rgba(255,255,255,0);background-position: center center;background-repeat: no-repeat;padding-top:0px;padding-right:0px;padding-bottom:0px;padding-left:0px;'><div class=\"fusion-builder-row fusion-row \"><div  class=\"fusion-layout-column fusion_builder_column fusion_builder_column_1_1  fusion-one-full fusion-column-first fusion-column-last 1_1\"  style='margin-top:0px;margin-bottom:20px;'>\n\t\t\t\t\t<div class=\"fusion-column-wrapper\" style=\"padding: 0px 0px 0px 0px;background-position:left top;background-repeat:no-repeat;-webkit-background-size:cover;-moz-background-size:cover;-o-background-size:cover;background-size:cover;\"  data-bg-url=\"\">\n\t\t\t\t\t\t<div class=\"fusion-title title fusion-sep-none fusion-title-size-one\" style=\"margin-top:20px;margin-bottom:0px;\"><h1 class=\"title-heading-left\"><p style=\"text-align: left;\">Truciolatori<\/p><\/h1><\/div>\n\t\t<!-- MasterSlider -->\n\t\t<div id=\"P_MS624453e3e5465\" class=\"master-slider-parent ms-parent-id-65\" style=\"\" >\n\n\t\t\t\n\t\t\t<!-- MasterSlider Main -->\n\t\t\t<div id=\"MS624453e3e5465\" class=\"master-slider ms-skin-default\" >\n\t\t\t\t \t\t\t\t \n\t\t\t<div  class=\"ms-slide\" data-delay=\"3\" data-fill-mode=\"fill\"   >\n\t\t\t\t\t<img decoding=\"async\" src=\"https:\/\/ake.de\/wp-content\/plugins\/masterslider\/public\/assets\/css\/blank.gif\" alt=\"\" title=\"\" data-src=\"https:\/\/ake.de\/wp-content\/uploads\/2019\/10\/MusterHolu.jpg\" \/>\n\n\n\t\t\t\t<\/div>\n\n\t\t\t<\/div>\n\t\t\t<!-- END MasterSlider Main -->\n\n\t\t\t \n\t\t<\/div>\n\t\t<!-- END MasterSlider -->\n\n\t\t<script>\n\t\t( window.MSReady = window.MSReady || [] ).push( function( $ ) {\n\n\t\t\t\"use strict\";\n\t\t\tvar masterslider_5465 = new MasterSlider();\n\n\t\t\t\/\/ slider controls\n\t\t\t\/\/ slider setup\n\t\t\tmasterslider_5465.setup(\"MS624453e3e5465\", {\n\t\t\t\twidth           : 1920,\n\t\t\t\theight          : 360,\n\t\t\t\tminHeight       : 200,\n\t\t\t\tspace           : 0,\n\t\t\t\tstart           : 1,\n\t\t\t\tgrabCursor      : true,\n\t\t\t\tswipe           : false,\n\t\t\t\tmouse           : false,\n\t\t\t\tkeyboard        : false,\n\t\t\t\tlayout          : \"fullwidth\",\n\t\t\t\twheel           : false,\n\t\t\t\tautoplay        : false,\n                instantStartLayers:false,\n\t\t\t\tmobileBGVideo:false,\n\t\t\t\tloop            : false,\n\t\t\t\tshuffle         : false,\n\t\t\t\tpreload         : 'all',\n\t\t\t\theightLimit     : true,\n\t\t\t\tautoHeight      : false,\n\t\t\t\tsmoothHeight    : true,\n\t\t\t\tendPause        : false,\n\t\t\t\toverPause       : false,\n\t\t\t\tfillMode        : \"fill\",\n\t\t\t\tcenterControls  : false,\n\t\t\t\tstartOnAppear   : false,\n\t\t\t\tlayersMode      : \"center\",\n\t\t\t\tautofillTarget  : \"\",\n\t\t\t\thideLayers      : false,\n\t\t\t\tfullscreenMargin: 0,\n\t\t\t\tspeed           : 20,\n\t\t\t\tdir             : \"h\",\n\t\t\t\tresponsive      : true,\n\t\t\t\ttabletWidth     : 768,\n\t\t\t\ttabletHeight    : null,\n\t\t\t\tphoneWidth      : 480,\n\t\t\t\tphoneHeight    : null,\n\t\t\t\tsizingReference : window,\n\t\t\t\tparallaxMode    : 'swipe',\n\t\t\t\tview            : \"fade\"\n\t\t\t});\n\n\t\t\t\n\t\t\twindow.masterslider_instances = window.masterslider_instances || [];\n\t\t\twindow.masterslider_instances.push( masterslider_5465 );\n\t\t});\n\t\t<\/script>\n\n<div class=\"fusion-clearfix\"><\/div>\n\n\t\t\t\t\t<\/div>\n\t\t\t\t<\/div><div  class=\"fusion-layout-column fusion_builder_column fusion_builder_column_1_5  fusion-one-fifth fusion-column-first 1_5\"  style='margin-top:0px;margin-bottom:0px;width:20%;width:calc(20% - ( ( 4% + 4% ) * 0.2 ) );margin-right: 4%;'>\n\t\t\t\t\t<div class=\"fusion-column-wrapper\" style=\"padding: 0px 0px 0px 0px;background-position:left top;background-repeat:no-repeat;-webkit-background-size:cover;-moz-background-size:cover;-o-background-size:cover;background-size:cover;\"  data-bg-url=\"\">\n\t\t\t\t\t\t<div class=\"fusion-clearfix\"><\/div>\n\n\t\t\t\t\t<\/div>\n\t\t\t\t<\/div><div  class=\"fusion-layout-column fusion_builder_column fusion_builder_column_3_5  fusion-three-fifth 3_5\"  style='margin-top:0px;margin-bottom:20px;width:60%;width:calc(60% - ( ( 4% + 4% ) * 0.6 ) );margin-right: 4%;'>\n\t\t\t\t\t<div class=\"fusion-column-wrapper\" style=\"padding: 0px 0px 0px 0px;background-position:left top;background-repeat:no-repeat;-webkit-background-size:cover;-moz-background-size:cover;-o-background-size:cover;background-size:cover;\"  data-bg-url=\"\">\n\t\t\t\t\t\t<div class=\"fusion-text\"><h3>Macinatori per l&#8217;industria del legno e dell&#8217;arredamento<\/h3>\n<h3 style=\"text-align: left;\"><strong>\u00a0<\/strong><\/h3>\n<\/div><div class=\"fusion-text\"><p>Il legno \u00e8 generalmente una delle materie prime pi\u00f9 versatili. La quantit\u00e0 di legno prodotta annualmente supera nettamente la quantit\u00e0 di acciaio, alluminio e cemento. Oltre a questo, il legno \u00e8 una delle fonti sostenibili di materie prime e di energia.<\/p>\n<p style=\"text-align: left;\"><span style=\"font-size: 11.0pt; font-family: 'Arial',sans-serif;\">\u00a0<\/span><\/p>\n<\/div><div class=\"fusion-text\"><p>Siamo cresciuti come produttori di utensili per l&#8217;industria del legno e della lavorazione del legno. Noi stessi controlliamo personalmente la nostra qualit\u00e0, offrendo soluzioni di utensili personalizzati, adattati in modo ottimale ad ogni applicazione insieme ad un team specializzato di ingegneri applicativi.<\/p>\n<p>Per poter lavorare in modo ottimale una grande variet\u00e0 di diversi tipi di materiali a base di legno, con e senza rivestimento, la nostra gamma di prodotti comprende diverse soluzioni di utensili per diversi campi di applicazione.<\/p>\n<\/div><div class=\"fusion-clearfix\"><\/div>\n\n\t\t\t\t\t<\/div>\n\t\t\t\t<\/div><div  class=\"fusion-layout-column fusion_builder_column fusion_builder_column_1_5  fusion-one-fifth fusion-column-last 1_5\"  style='margin-top:0px;margin-bottom:0px;width:20%;width:calc(20% - ( ( 4% + 4% ) * 0.2 ) );'>\n\t\t\t\t\t<div class=\"fusion-column-wrapper\" style=\"padding: 0px 0px 0px 0px;background-position:left top;background-repeat:no-repeat;-webkit-background-size:cover;-moz-background-size:cover;-o-background-size:cover;background-size:cover;\"  data-bg-url=\"\">\n\t\t\t\t\t\t<div class=\"fusion-clearfix\"><\/div>\n\n\t\t\t\t\t<\/div>\n\t\t\t\t<\/div><div  class=\"fusion-layout-column fusion_builder_column fusion_builder_column_1_1  fusion-one-full fusion-column-first fusion-column-last 1_1\"  style='margin-top:0px;margin-bottom:0px;'>\n\t\t\t\t\t<div class=\"fusion-column-wrapper\" style=\"padding: 0px 0px 0px 0px;background-position:left top;background-repeat:no-repeat;-webkit-background-size:cover;-moz-background-size:cover;-o-background-size:cover;background-size:cover;\"  data-bg-url=\"\">\n\t\t\t\t\t\t<div class=\"fusion-sep-clear\"><\/div><div class=\"fusion-separator fusion-full-width-sep sep-shadow\" style=\"background:radial-gradient(ellipse at 50% -50% , #9d9d9d 0px, rgba(255, 255, 255, 0) 80%) repeat scroll 0 0 rgba(0, 0, 0, 0);background:-webkit-radial-gradient(ellipse at 50% -50% , #9d9d9d 0px, rgba(255, 255, 255, 0) 80%) repeat scroll 0 0 rgba(0, 0, 0, 0);background:-moz-radial-gradient(ellipse at 50% -50% , #9d9d9d 0px, rgba(255, 255, 255, 0) 80%) repeat scroll 0 0 rgba(0, 0, 0, 0);background:-o-radial-gradient(ellipse at 50% -50% , #9d9d9d 0px, rgba(255, 255, 255, 0) 80%) repeat scroll 0 0 rgba(0, 0, 0, 0);margin-left: auto;margin-right: auto;margin-top:;margin-bottom:20px;\"><\/div><div class=\"fusion-clearfix\"><\/div>\n\n\t\t\t\t\t<\/div>\n\t\t\t\t<\/div><div  data-animationType=fadeInDown data-animationDuration=0.6 data-animationOffset=100% class=\"fusion-layout-column fusion_builder_column fusion_builder_column_2_3  fusion-two-third fusion-column-first fusion-animated 2_3\"  style='margin-top:20px;margin-bottom:0px;width:66.66%;width:calc(66.66% - ( ( 4% ) * 0.6666 ) );margin-right: 4%;'>\n\t\t\t\t\t<div class=\"fusion-column-wrapper\" style=\"padding: 0px 0px 0px 0px;background-position:left top;background-repeat:no-repeat;-webkit-background-size:cover;-moz-background-size:cover;-o-background-size:cover;background-size:cover;\"  data-bg-url=\"\">\n\t\t\t\t\t\t<span class=\"fusion-imageframe imageframe-none imageframe-1 hover-type-none\"><img loading=\"lazy\" decoding=\"async\" src=\"https:\/\/ake.de\/wp-content\/uploads\/2019\/10\/CollageZerspaner.jpg\" width=\"1500\" height=\"400\" alt=\"\" title=\"CollageZerspaner\" class=\"img-responsive wp-image-18188\" srcset=\"https:\/\/ake.de\/wp-content\/uploads\/2019\/10\/CollageZerspaner-200x53.jpg 200w, https:\/\/ake.de\/wp-content\/uploads\/2019\/10\/CollageZerspaner-400x107.jpg 400w, https:\/\/ake.de\/wp-content\/uploads\/2019\/10\/CollageZerspaner-600x160.jpg 600w, https:\/\/ake.de\/wp-content\/uploads\/2019\/10\/CollageZerspaner-800x213.jpg 800w, https:\/\/ake.de\/wp-content\/uploads\/2019\/10\/CollageZerspaner-1200x320.jpg 1200w, https:\/\/ake.de\/wp-content\/uploads\/2019\/10\/CollageZerspaner.jpg 1500w\" sizes=\"auto, (max-width: 1200px) 100vw, 1200px\" \/><\/span><div class=\"fusion-clearfix\"><\/div>\n\n\t\t\t\t\t<\/div>\n\t\t\t\t<\/div><div  data-animationType=fadeInDown data-animationDuration=0.6 data-animationOffset=100% class=\"fusion-layout-column fusion_builder_column fusion_builder_column_1_3  fusion-one-third fusion-column-last fusion-animated 1_3\"  style='margin-top:0px;margin-bottom:0px;width:33.33%;width:calc(33.33% - ( ( 4% ) * 0.3333 ) );'>\n\t\t\t\t\t<div class=\"fusion-column-wrapper\" style=\"padding: 0px 0px 0px 0px;background-position:left top;background-repeat:no-repeat;-webkit-background-size:cover;-moz-background-size:cover;-o-background-size:cover;background-size:cover;\"  data-bg-url=\"\">\n\t\t\t\t\t\t<div class=\"fusion-text\"><h3 style=\"text-align: left;\"><strong>La nostra gamma di prodotti<\/strong><\/h3>\n<\/div><div class=\"fusion-text\"><ul>\n<li><strong>Truciolatori a segmenti<br \/>\n<\/strong>Per il taglio di pannelli non rivestiti<\/li>\n<li><strong>Truciolatori Vario<br \/>\n<\/strong>Per il taglio e lo sminuzzamento del materiale residuo del legno massiccio<\/li>\n<li><strong>Lame circolari<br \/>\n&#8211; segmento &#8211; truciolatori<br \/>\n<\/strong>Per la sezionatura di pannelli rivestiti e non rivestiti con grande larghezze da rimuovere<\/li>\n<\/ul>\n<\/div><div class=\"fusion-clearfix\"><\/div>\n\n\t\t\t\t\t<\/div>\n\t\t\t\t<\/div><div  data-animationType=fadeInDown data-animationDuration=0.6 data-animationOffset=100% class=\"fusion-layout-column fusion_builder_column fusion_builder_column_1_3  fusion-one-third fusion-column-first fusion-animated 1_3\"  style='margin-top:20px;margin-bottom:30px;width:33.33%;width:calc(33.33% - ( ( 4% ) * 0.3333 ) );margin-right: 4%;'>\n\t\t\t\t\t<div class=\"fusion-column-wrapper\" style=\"padding: 0px 0px 0px 0px;background-position:left top;background-repeat:no-repeat;-webkit-background-size:cover;-moz-background-size:cover;-o-background-size:cover;background-size:cover;\"  data-bg-url=\"\">\n\t\t\t\t\t\t<div class=\"fusion-text\"><h3 style=\"text-align: left;\"><strong>Ultra Streamline &#8211; Truciolatori compatti<\/strong><strong><br \/>\n<\/strong><\/h3>\n<\/div><div class=\"fusion-text\"><p><strong>Per la sezionatura efficiente di pannelli a base di legno con e senza rivestimento. Con guida del truciolo per la sezionatura e per produrre bordi senza scheggiature sul pezzo.<br \/>\n<\/strong>Design ULTRA (nessuna riduzione dello spessore di taglio durante la riaffilatura). Il truciolatore pu\u00f2 essere riaffilato con la stessa quantit\u00e0 sia sulla circonferenza che sul lato.<\/p>\n<\/div><div class=\"fusion-clearfix\"><\/div>\n\n\t\t\t\t\t<\/div>\n\t\t\t\t<\/div><div  data-animationType=fadeInDown data-animationDuration=0.6 data-animationOffset=100% class=\"fusion-layout-column fusion_builder_column fusion_builder_column_2_3  fusion-two-third fusion-column-last fusion-animated 2_3\"  style='margin-top:40px;margin-bottom:40px;width:66.66%;width:calc(66.66% - ( ( 4% ) * 0.6666 ) );'>\n\t\t\t\t\t<div class=\"fusion-column-wrapper\" style=\"padding: 0px 0px 0px 0px;background-position:left top;background-repeat:no-repeat;-webkit-background-size:cover;-moz-background-size:cover;-o-background-size:cover;background-size:cover;\"  data-bg-url=\"\">\n\t\t\t\t\t\t<span class=\"fusion-imageframe imageframe-none imageframe-2 hover-type-none\"><img decoding=\"async\" src=\"http:\/\/ake.de\/wp-content\/uploads\/2019\/05\/UltraStreamline.jpg\" width=\"\" height=\"\" alt=\"\" title=\"UltraStreamline\" class=\"img-responsive wp-image-16938\" srcset=\"https:\/\/ake.de\/wp-content\/uploads\/2019\/05\/UltraStreamline-200x53.jpg 200w, https:\/\/ake.de\/wp-content\/uploads\/2019\/05\/UltraStreamline-400x107.jpg 400w, https:\/\/ake.de\/wp-content\/uploads\/2019\/05\/UltraStreamline-600x160.jpg 600w, https:\/\/ake.de\/wp-content\/uploads\/2019\/05\/UltraStreamline-800x213.jpg 800w, https:\/\/ake.de\/wp-content\/uploads\/2019\/05\/UltraStreamline-1200x320.jpg 1200w, https:\/\/ake.de\/wp-content\/uploads\/2019\/05\/UltraStreamline.jpg 1500w\" sizes=\"(max-width: 1200px) 100vw, 1200px\" \/><\/span><div class=\"fusion-clearfix\"><\/div>\n\n\t\t\t\t\t<\/div>\n\t\t\t\t<\/div><div  data-animationType=fadeInDown data-animationDuration=0.6 data-animationOffset=100% class=\"fusion-layout-column fusion_builder_column fusion_builder_column_1_1  fusion-one-full fusion-column-first fusion-column-last fusion-animated 1_1\"  style='margin-top:30px;margin-bottom:0px;'>\n\t\t\t\t\t<div class=\"fusion-column-wrapper\" style=\"padding: 0px 0px 0px 0px;background-position:left top;background-repeat:no-repeat;-webkit-background-size:cover;-moz-background-size:cover;-o-background-size:cover;background-size:cover;\"  data-bg-url=\"\">\n\t\t\t\t\t\t\n\t\t<!-- MasterSlider -->\n\t\t<div id=\"P_MS68503cc150d37\" class=\"master-slider-parent ms-parent-id-118\" style=\"\" >\n\n\t\t\t\n\t\t\t<!-- MasterSlider Main -->\n\t\t\t<div id=\"MS68503cc150d37\" class=\"master-slider ms-skin-default\" >\n\t\t\t\t \t\t\t\t \n<div class=\"ms-overlay-layers\">\t\t\t\t\t<div  class=\"ms-layer  msp-cn-28-17\" style=\"\"   data-effect=\"t(true,-150,n,n,n,n,n,n,n,n,n,n,n,n,n)\"   data-ease=\"easeOutQuint\"              data-widthlimit=\"1750\"  data-offset-x=\"0\" data-offset-y=\"20\" data-origin=\"tl\"   >\n<h2 style=\"text-align: left;\"><strong>Scroll through our catalogue!<br \/><\/strong><\/h2><\/div>\n\n<\/div>\n\t\t\t<div  class=\"ms-slide\" data-delay=\"3\" data-fill-mode=\"fill\"   >\n\t\t\t\t\t<img decoding=\"async\" src=\"https:\/\/ake.de\/wp-content\/plugins\/masterslider\/public\/assets\/css\/blank.gif\" alt=\"\" title=\"Katalog2023+katalogmitHolz_EN\" data-src=\"https:\/\/ake.de\/wp-content\/uploads\/2025\/06\/Katalog2025katalogmitHolz_EN-scaled.jpg\" \/>\n\t<a href=\"https:\/\/ake.de\/flip-pdf\/en\/AKE%20Gesamtkatalog%20EN\/index.html\" target=\"_blank\"    >Katalog2023+katalogmitHolz_EN<\/a>\n\n\n\t\t\t\t<\/div>\n\n\t\t\t<\/div>\n\t\t\t<!-- END MasterSlider Main -->\n\n\t\t\t \n\t\t<\/div>\n\t\t<!-- END MasterSlider -->\n\n\t\t<script>\n\t\t( window.MSReady = window.MSReady || [] ).push( function( $ ) {\n\n\t\t\t\"use strict\";\n\t\t\tvar masterslider_0d37 = new MasterSlider();\n\n\t\t\t\/\/ slider controls\n\t\t\t\/\/ slider setup\n\t\t\tmasterslider_0d37.setup(\"MS68503cc150d37\", {\n\t\t\t\twidth           : 1920,\n\t\t\t\theight          : 450,\n\t\t\t\tminHeight       : 200,\n\t\t\t\tspace           : 0,\n\t\t\t\tstart           : 1,\n\t\t\t\tgrabCursor      : true,\n\t\t\t\tswipe           : false,\n\t\t\t\tmouse           : false,\n\t\t\t\tkeyboard        : false,\n\t\t\t\tlayout          : \"fullwidth\",\n\t\t\t\twheel           : false,\n\t\t\t\tautoplay        : false,\n                instantStartLayers:false,\n\t\t\t\tmobileBGVideo:false,\n\t\t\t\tloop            : false,\n\t\t\t\tshuffle         : false,\n\t\t\t\tpreload         : 'all',\n\t\t\t\theightLimit     : true,\n\t\t\t\tautoHeight      : false,\n\t\t\t\tsmoothHeight    : true,\n\t\t\t\tendPause        : false,\n\t\t\t\toverPause       : false,\n\t\t\t\tfillMode        : \"fill\",\n\t\t\t\tcenterControls  : false,\n\t\t\t\tstartOnAppear   : false,\n\t\t\t\tlayersMode      : \"center\",\n\t\t\t\tautofillTarget  : \"\",\n\t\t\t\thideLayers      : false,\n\t\t\t\tfullscreenMargin: 0,\n\t\t\t\tspeed           : 20,\n\t\t\t\tdir             : \"h\",\n\t\t\t\tresponsive      : true,\n\t\t\t\ttabletWidth     : 768,\n\t\t\t\ttabletHeight    : null,\n\t\t\t\tphoneWidth      : 480,\n\t\t\t\tphoneHeight    : null,\n\t\t\t\tsizingReference : window,\n\t\t\t\tparallaxMode    : 'swipe',\n\t\t\t\tview            : \"fade\"\n\t\t\t});\n\n\t\t\t\n\t\t\twindow.masterslider_instances = window.masterslider_instances || [];\n\t\t\twindow.masterslider_instances.push( masterslider_0d37 );\n\t\t});\n\t\t<\/script>\n\n<div class=\"fusion-clearfix\"><\/div>\n\n\t\t\t\t\t<\/div>\n\t\t\t\t<\/div><\/div><\/div>\n","protected":false},"excerpt":{"rendered":"","protected":false},"author":1,"featured_media":0,"parent":0,"menu_order":0,"comment_status":"closed","ping_status":"closed","template":"","meta":{"footnotes":""},"class_list":["post-19852","page","type-page","status-publish","hentry"],"_links":{"self":[{"href":"https:\/\/ake.de\/it\/wp-json\/wp\/v2\/pages\/19852","targetHints":{"allow":["GET"]}}],"collection":[{"href":"https:\/\/ake.de\/it\/wp-json\/wp\/v2\/pages"}],"about":[{"href":"https:\/\/ake.de\/it\/wp-json\/wp\/v2\/types\/page"}],"author":[{"embeddable":true,"href":"https:\/\/ake.de\/it\/wp-json\/wp\/v2\/users\/1"}],"replies":[{"embeddable":true,"href":"https:\/\/ake.de\/it\/wp-json\/wp\/v2\/comments?post=19852"}],"version-history":[{"count":3,"href":"https:\/\/ake.de\/it\/wp-json\/wp\/v2\/pages\/19852\/revisions"}],"predecessor-version":[{"id":19855,"href":"https:\/\/ake.de\/it\/wp-json\/wp\/v2\/pages\/19852\/revisions\/19855"}],"wp:attachment":[{"href":"https:\/\/ake.de\/it\/wp-json\/wp\/v2\/media?parent=19852"}],"curies":[{"name":"wp","href":"https:\/\/api.w.org\/{rel}","templated":true}]}}