{"id":19833,"date":"2022-03-21T10:01:48","date_gmt":"2022-03-21T09:01:48","guid":{"rendered":"https:\/\/ake.de\/informazioni-legali\/"},"modified":"2024-08-26T07:36:51","modified_gmt":"2024-08-26T06:36:51","slug":"informazioni-legali","status":"publish","type":"page","link":"https:\/\/ake.de\/it\/informazioni-legali\/","title":{"rendered":"Informazioni legali"},"content":{"rendered":"<div class=\"fusion-fullwidth fullwidth-box nonhundred-percent-fullwidth non-hundred-percent-height-scrolling\"  style='background-color: rgba(255,255,255,0);background-position: center center;background-repeat: no-repeat;padding-top:0px;padding-right:0px;padding-bottom:0px;padding-left:0px;'><div class=\"fusion-builder-row fusion-row \"><div  class=\"fusion-layout-column fusion_builder_column fusion_builder_column_1_1  fusion-one-full fusion-column-first fusion-column-last 1_1\"  style='margin-top:0px;margin-bottom:0px;'>\n\t\t\t\t\t<div class=\"fusion-column-wrapper\" style=\"padding: 0px 0px 0px 0px;background-position:left top;background-repeat:no-repeat;-webkit-background-size:cover;-moz-background-size:cover;-o-background-size:cover;background-size:cover;\"  data-bg-url=\"\">\n\t\t\t\t\t\t<div class=\"fusion-title title fusion-sep-none fusion-title-size-one\" style=\"margin-top:20px;margin-bottom:0px;\"><h1 class=\"title-heading-left\"><p style=\"text-align: left;\">Informazioni legali<\/p><\/h1><\/div><div class=\"fusion-text\"><p><b>AKE Knebel GmbH &amp; Co. KG<\/b><\/p>\n<p>H\u00f6lzlestra\u00dfe 14\u00a0+ 16<br \/>\n72336 Balingen | Germany<\/p>\n<p>Telefono: +49 (0) 7433 | 261 0<br \/>\nFax:\u00a0+49 (0) 7433 | 261 100<br \/>\nE-mail:\u00a0<a href=\"mailto:info@ake.de\">info@ake.de<\/a><br \/>\nWeb: <a href=\"http:\/\/www.ake.de\" data-htmlarea-external=\"1\">www.ake.de<\/a><\/p>\n<p>Sede legale: Balingen<br \/>\nStuttgart District Court commercial register: HRA 410660<br \/>\nPartner personalmente responsabile: Verwaltungs- und Beteiligungsgesellschaft AKE Knebel GmbH, Balingen-Engstlatt, Stuttgart District Court commercial register: HRB 410418<\/p>\n<p>Amministratore Delegato:<br \/>\nAlexander Knebel, Dipl.-Wirtsch.-Ing. (TU) MBE<\/p>\n<p>Numero di identificazione IVA secondo la sezione 27a dell&#8217;Umsatzsteuergesetz\u00a0(German Value Added Tax Act):<br \/>\nDE144842232<\/p>\n<p>Esclusione di responsabilit\u00e0: Anche se controlliamo attentamente il contenuto dei link esterni, non ci assumiamo alcuna responsabilit\u00e0 per il contenuto di tali link. La responsabilit\u00e0 per il contenuto dei siti esterni collegati \u00e8 esclusivamente degli operatori di tali siti.<\/p>\n<\/div><div class=\"fusion-text\"><div class=\"oSioSc\">\n<div id=\"tw-target\">\n<div id=\"tw-target-text-container\" class=\"gsrt tw-ta-container tw-nfl\">\n<h3><strong>Riferimento alle origini delle immagini:<\/strong><\/h3>\n<\/div>\n<\/div>\n<\/div>\n<p>\u00a9 <span class=\"blue bleu-de-france-text\" data-t=\"detail-panel-content-author-name\">Ulia Koltyrina <\/span>\u2013 stock.adobe.com<\/p>\n<p>\u00a9\u00a0<span class=\"blue bleu-de-france-text\" data-t=\"detail-panel-content-author-name\">bunditinay <\/span>\u2013 stock.adobe.com<\/p>\n<p>\u00a9\u00a0<span class=\"blue bleu-de-france-text\" data-t=\"detail-panel-content-author-name\"> surfmedia <\/span>\u2013 stock.adobe.com<\/p>\n<p>\u00a9\u00a0<span class=\"blue bleu-de-france-text\" data-t=\"detail-panel-content-author-name\">Alexander Zamaraev <\/span>\u2013 stock.adobe.com<\/p>\n<p>\u00a9 <span class=\"blue bleu-de-france-text\" data-t=\"detail-panel-content-author-name\">Guntar Feldmann <\/span>\u2013 stock.adobe.com<\/p>\n<p>\u00a9\u00a0<span class=\"blue bleu-de-france-text\" data-t=\"detail-panel-content-author-name\">Artem <\/span>\u2013 stock.adobe.com<\/p>\n<p>\u00a9 <span class=\"blue bleu-de-france-text\" data-t=\"detail-panel-content-author-name\">Stefan Richter <\/span>\u2013 stock.adobe.com<\/p>\n<p>\u00a9\u00a0<span class=\"blue bleu-de-france-text\" data-t=\"detail-panel-content-author-name\">Artem Shadrin <\/span>\u2013 stock.adobe.com<\/p>\n<p>\u00a9\u00a0<span class=\"blue bleu-de-france-text\" data-t=\"detail-panel-content-author-name\">Dusan Kostic <\/span>\u2013 stock.adobe.com<\/p>\n<p>\u00a9 sveta \u2013 stock.adobe.com<\/p>\n<p>\u00a9 oatawa \u2013 stock.adobe.com<\/p>\n<p>\u00a9 crazymedia \u2013 stock.adobe.com<\/p>\n<p>\u00a9 Worawut \u2013 stock.adobe.com<\/p>\n<p class=\"no-margin\"><span class=\"blue bleu-de-france-text\" data-t=\"detail-panel-content-author-name\">\u00a9 peterschreiber.media \u2013 stock.adobe.com<\/span><\/p>\n<p><span class=\"blue bleu-de-france-text\" data-t=\"detail-panel-content-author-name\">\u00a9 pathdoc \u2013 stock.adobe.com<\/span><\/p>\n<p><span class=\"blue bleu-de-france-text\" data-t=\"detail-panel-content-author-name\">\u00a9 <\/span><span class=\"blue bleu-de-france-text\" data-t=\"detail-panel-content-author-name\">Philip Steury <\/span><span class=\"blue bleu-de-france-text\" data-t=\"detail-panel-content-author-name\">\u2013 stock.adobe.com<\/span><\/p>\n<p><span class=\"blue bleu-de-france-text\" data-t=\"detail-panel-content-author-name\">\u00a9\u00a0<\/span><span class=\"blue bleu-de-france-text\" data-t=\"detail-panel-content-author-name\">Olivier Le Moal <\/span><span class=\"blue bleu-de-france-text\" data-t=\"detail-panel-content-author-name\">\u2013 stock.adobe.com<\/span><\/p>\n<p><span class=\"blue bleu-de-france-text\" data-t=\"detail-panel-content-author-name\">\u00a9\u00a0<\/span><span class=\"blue bleu-de-france-text\" data-t=\"detail-panel-content-author-name\">eyetronic <\/span><span class=\"blue bleu-de-france-text\" data-t=\"detail-panel-content-author-name\">\u2013 stock.adobe.com<\/span><\/p>\n<p><span class=\"blue bleu-de-france-text\" data-t=\"detail-panel-content-author-name\">\u00a9\u00a0<\/span><span class=\"blue bleu-de-france-text\" data-t=\"detail-panel-content-author-name\">Hoda Bogdan <\/span><span class=\"blue bleu-de-france-text\" data-t=\"detail-panel-content-author-name\">\u2013 stock.adobe.com<\/span><\/p>\n<p><span class=\"blue bleu-de-france-text\" data-t=\"detail-panel-content-author-name\">\u00a9\u00a0<\/span><span class=\"blue bleu-de-france-text\" data-t=\"detail-panel-content-author-name\">Ramona Heim <\/span><span class=\"blue bleu-de-france-text\" data-t=\"detail-panel-content-author-name\">\u2013 stock.adobe.com<\/span><\/p>\n<p><span class=\"blue bleu-de-france-text\" data-t=\"detail-panel-content-author-name\">\u00a9\u00a0<\/span><span class=\"blue bleu-de-france-text\" data-t=\"detail-panel-content-author-name\">KPixMining <\/span><span class=\"blue bleu-de-france-text\" data-t=\"detail-panel-content-author-name\">\u2013 stock.adobe.com<\/span><\/p>\n<p><span class=\"blue bleu-de-france-text\" data-t=\"detail-panel-content-author-name\">\u00a9 <\/span><span class=\"blue bleu-de-france-text\" data-t=\"detail-panel-content-author-name\">fotomek <\/span><span class=\"blue bleu-de-france-text\" data-t=\"detail-panel-content-author-name\">\u2013 stock.adobe.com<\/span><\/p>\n<p><span class=\"blue bleu-de-france-text\" data-t=\"detail-panel-content-author-name\">\u00a9 <\/span><span class=\"blue bleu-de-france-text\" data-t=\"detail-panel-content-author-name\">doomu <\/span><span class=\"blue bleu-de-france-text\" data-t=\"detail-panel-content-author-name\">\u2013 stock.adobe.com<\/span><\/p>\n<p><span class=\"blue bleu-de-france-text\" data-t=\"detail-panel-content-author-name\">\u00a9 Aleksander<\/span> <span class=\"blue bleu-de-france-text\" data-t=\"detail-panel-content-author-name\">\u2013 stock.adobe.com<\/span><\/p>\n<p><span class=\"blue bleu-de-france-text\" data-t=\"detail-panel-content-author-name\">\u00a9 <\/span><span class=\"blue bleu-de-france-text\" data-t=\"detail-panel-content-author-name\">anammarques <\/span> <span class=\"blue bleu-de-france-text\" data-t=\"detail-panel-content-author-name\">\u2013 stock.adobe.com<\/span><\/p>\n<p><span class=\"blue bleu-de-france-text\" data-t=\"detail-panel-content-author-name\">\u00a9 <\/span><span class=\"blue bleu-de-france-text\" data-t=\"detail-panel-content-author-name\">Grecaud Paul<\/span> <span class=\"blue bleu-de-france-text\" data-t=\"detail-panel-content-author-name\">\u2013 stock.adobe.com<\/span><\/p>\n<p><span class=\"blue bleu-de-france-text\" data-t=\"detail-panel-content-author-name\">\u00a9 <\/span><span class=\"blue bleu-de-france-text\" data-t=\"detail-panel-content-author-name\">Viktoria <\/span><span class=\"blue bleu-de-france-text\" data-t=\"detail-panel-content-author-name\">\u2013 stock.adobe.com<\/span><\/p>\n<p><span class=\"blue bleu-de-france-text\" data-t=\"detail-panel-content-author-name\">\u00a9 <\/span><span class=\"blue bleu-de-france-text\" data-t=\"detail-panel-content-author-name\">vit <\/span><span class=\"blue bleu-de-france-text\" data-t=\"detail-panel-content-author-name\">\u2013 stock.adobe.com<\/span><\/p>\n<p><span class=\"blue bleu-de-france-text\" data-t=\"detail-panel-content-author-name\">\u00a9 <\/span><span class=\"blue bleu-de-france-text\" data-t=\"detail-panel-content-author-name\">Zerbor <\/span><span class=\"blue bleu-de-france-text\" data-t=\"detail-panel-content-author-name\">\u2013 stock.adobe.com<\/span><\/p>\n<p><span class=\"blue bleu-de-france-text\" data-t=\"detail-panel-content-author-name\">\u00a9\u00a0<\/span><span class=\"blue bleu-de-france-text\" data-t=\"detail-panel-content-author-name\">EtiAmmos <\/span><span class=\"blue bleu-de-france-text\" data-t=\"detail-panel-content-author-name\">\u2013 stock.adobe.com<\/span><\/p>\n<p><span class=\"blue bleu-de-france-text\" data-t=\"detail-panel-content-author-name\">\u00a9 <\/span><span class=\"blue bleu-de-france-text\" data-t=\"detail-panel-content-author-name\">Joachim Wendler <\/span><span class=\"blue bleu-de-france-text\" data-t=\"detail-panel-content-author-name\">\u2013 stock.adobe.com<\/span><\/p>\n<p><span class=\"blue bleu-de-france-text\" data-t=\"detail-panel-content-author-name\">\u00a9\u00a0<\/span><span class=\"blue bleu-de-france-text\" data-t=\"detail-panel-content-author-name\">zephyr_p <\/span><span class=\"blue bleu-de-france-text\" data-t=\"detail-panel-content-author-name\">\u2013 stock.adobe.com<\/span><\/p>\n<p><span class=\"blue bleu-de-france-text\" data-t=\"detail-panel-content-author-name\">\u00a9 tiero<\/span> <span class=\"blue bleu-de-france-text\" data-t=\"detail-panel-content-author-name\">\u2013 stock.adobe.com<\/span><\/p>\n<p><span class=\"blue bleu-de-france-text\" data-t=\"detail-panel-content-author-name\">\u00a9 <\/span><span class=\"blue bleu-de-france-text\" data-t=\"detail-panel-content-author-name\">srki66 <\/span><span class=\"blue bleu-de-france-text\" data-t=\"detail-panel-content-author-name\">\u2013 stock.adobe.com<\/span><\/p>\n<p><span class=\"blue bleu-de-france-text\" data-t=\"detail-panel-content-author-name\">\u00a9 <\/span><span class=\"blue bleu-de-france-text\" data-t=\"detail-panel-content-author-name\">sveta <\/span><span class=\"blue bleu-de-france-text\" data-t=\"detail-panel-content-author-name\">\u2013 stock.adobe.com<\/span><\/p>\n<p><span class=\"blue bleu-de-france-text\" data-t=\"detail-panel-content-author-name\">\u00a9 aykuterd<\/span> <span class=\"blue bleu-de-france-text\" data-t=\"detail-panel-content-author-name\">\u2013 stock.adobe.com<\/span><\/p>\n<p><span class=\"blue bleu-de-france-text\" data-t=\"detail-panel-content-author-name\">\u00a9 <\/span><span class=\"blue bleu-de-france-text\" data-t=\"detail-panel-content-author-name\">jarrycz <\/span><span class=\"blue bleu-de-france-text\" data-t=\"detail-panel-content-author-name\">\u2013 stock.adobe.com<\/span><\/p>\n<p><span class=\"blue bleu-de-france-text\" data-t=\"detail-panel-content-author-name\">\u00a9 gen_A<\/span> <span class=\"blue bleu-de-france-text\" data-t=\"detail-panel-content-author-name\">\u2013 stock.adobe.com<\/span><\/p>\n<p><span class=\"blue bleu-de-france-text\" data-t=\"detail-panel-content-author-name\">\u00a9 <\/span><span class=\"blue bleu-de-france-text\" data-t=\"detail-panel-content-author-name\">Maksym Yemelyanov <\/span> <span class=\"blue bleu-de-france-text\" data-t=\"detail-panel-content-author-name\">\u2013 stock.adobe.com<\/span><\/p>\n<p><span class=\"blue bleu-de-france-text\" data-t=\"detail-panel-content-author-name\">\u00a9\u00a0<\/span><span class=\"blue bleu-de-france-text\" data-t=\"detail-panel-content-author-name\">Andrei Merkulov <\/span> <span class=\"blue bleu-de-france-text\" data-t=\"detail-panel-content-author-name\">\u2013 stock.adobe.com<\/span><\/p>\n<p><span class=\"blue bleu-de-france-text\" data-t=\"detail-panel-content-author-name\">\u00a9 <\/span><span class=\"blue bleu-de-france-text\" data-t=\"detail-panel-content-author-name\">Anton Balazh <\/span> <span class=\"blue bleu-de-france-text\" data-t=\"detail-panel-content-author-name\">\u2013 stock.adobe.com<\/span><\/p>\n<p><span class=\"blue bleu-de-france-text\" data-t=\"detail-panel-content-author-name\">\u00a9\u00a0<\/span><span class=\"blue bleu-de-france-text\" data-t=\"detail-panel-content-author-name\">kishivan <\/span> <span class=\"blue bleu-de-france-text\" data-t=\"detail-panel-content-author-name\">\u2013 stock.adobe.com<\/span><\/p>\n<p><span class=\"blue bleu-de-france-text\" data-t=\"detail-panel-content-author-name\">\u00a9 3desc<\/span> <span class=\"blue bleu-de-france-text\" data-t=\"detail-panel-content-author-name\">\u2013 stock.adobe.com<\/span><\/p>\n<p><span class=\"blue bleu-de-france-text\" data-t=\"detail-panel-content-author-name\">\u00a9 Florian Manz<br \/>\n<\/span><\/p>\n<p>\u00a9\u00ae\u2122Karrideo Image- und Eventfilm Inh. Christian Wei\u00dfe<\/p>\n<p><span class=\"blue bleu-de-france-text\" data-t=\"detail-panel-content-author-name\">\u00a9 Norman Ill<br \/>\n<\/span><\/p>\n<\/div><div class=\"fusion-clearfix\"><\/div>\n\n\t\t\t\t\t<\/div>\n\t\t\t\t<\/div><\/div><\/div>\n","protected":false},"excerpt":{"rendered":"","protected":false},"author":1,"featured_media":0,"parent":0,"menu_order":0,"comment_status":"closed","ping_status":"closed","template":"","meta":{"footnotes":""},"class_list":["post-19833","page","type-page","status-publish","hentry"],"_links":{"self":[{"href":"https:\/\/ake.de\/it\/wp-json\/wp\/v2\/pages\/19833","targetHints":{"allow":["GET"]}}],"collection":[{"href":"https:\/\/ake.de\/it\/wp-json\/wp\/v2\/pages"}],"about":[{"href":"https:\/\/ake.de\/it\/wp-json\/wp\/v2\/types\/page"}],"author":[{"embeddable":true,"href":"https:\/\/ake.de\/it\/wp-json\/wp\/v2\/users\/1"}],"replies":[{"embeddable":true,"href":"https:\/\/ake.de\/it\/wp-json\/wp\/v2\/comments?post=19833"}],"version-history":[{"count":3,"href":"https:\/\/ake.de\/it\/wp-json\/wp\/v2\/pages\/19833\/revisions"}],"predecessor-version":[{"id":22580,"href":"https:\/\/ake.de\/it\/wp-json\/wp\/v2\/pages\/19833\/revisions\/22580"}],"wp:attachment":[{"href":"https:\/\/ake.de\/it\/wp-json\/wp\/v2\/media?parent=19833"}],"curies":[{"name":"wp","href":"https:\/\/api.w.org\/{rel}","templated":true}]}}