{"id":19778,"date":"2022-03-20T23:05:23","date_gmt":"2022-03-20T22:05:23","guid":{"rendered":"https:\/\/ake.de\/cutting-2-0\/"},"modified":"2022-06-07T07:34:13","modified_gmt":"2022-06-07T06:34:13","slug":"cutting-2-0","status":"publish","type":"page","link":"https:\/\/ake.de\/it\/cutting-2-0\/","title":{"rendered":"Cutting 2.0"},"content":{"rendered":"<p><div class=\"fusion-fullwidth fullwidth-box nonhundred-percent-fullwidth non-hundred-percent-height-scrolling\"  style='background-color: rgba(255,255,255,0);background-position: center center;background-repeat: no-repeat;padding-top:0px;padding-right:0px;padding-bottom:0px;padding-left:0px;'><div class=\"fusion-builder-row fusion-row \"><div  class=\"fusion-layout-column fusion_builder_column fusion_builder_column_1_1  fusion-one-full fusion-column-first fusion-column-last 1_1\"  style='margin-top:0px;margin-bottom:20px;'>\n\t\t\t\t\t<div class=\"fusion-column-wrapper\" style=\"padding: 0px 0px 0px 0px;background-position:left top;background-repeat:no-repeat;-webkit-background-size:cover;-moz-background-size:cover;-o-background-size:cover;background-size:cover;\"  data-bg-url=\"\">\n\t\t\t\t\t\t<div class=\"fusion-title title fusion-sep-none fusion-title-size-one\" style=\"margin-top:20px;margin-bottom:0px;\"><h1 class=\"title-heading-left\"><p style=\"text-align: left;\"><span style=\"color: #9d9d9d;\">Cutting 2.0<br \/>\n<\/span><\/p><\/h1><\/div>\n\t\t<!-- MasterSlider -->\n\t\t<div id=\"P_MS62454dbc17c4c\" class=\"master-slider-parent ms-parent-id-108\" style=\"\" >\n\n\t\t\t\n\t\t\t<!-- MasterSlider Main -->\n\t\t\t<div id=\"MS62454dbc17c4c\" class=\"master-slider ms-skin-default\" >\n\t\t\t\t \t\t\t\t \n<div class=\"ms-overlay-layers\">\t\t\t\t\t<div  class=\"ms-layer  msp-cn-63-18\" style=\"\"   data-effect=\"t(true,-150,n,n,n,n,n,n,n,n,n,n,n,n,n)\"  data-delay=\"400\" data-ease=\"easeOutQuint\"              data-widthlimit=\"1750\"  data-offset-x=\"0\" data-offset-y=\"120\" data-origin=\"tl\"   >\n<h3 style=\"text-align: right;\"><span style=\"color: #ffffff;\"><em>\"The principle of cutting 2.0 <br \/>has changed our teaching<br \/>content fundamentally<\/em><em>!\"<br \/><br \/><\/em>- Klaus Sch\u00fchle<\/span><em><br \/><\/em><\/h3><\/div>\n\n\t\t\t\t\t<div  class=\"ms-layer  msp-cn-9-17\" style=\"\"   data-effect=\"t(true,-150,n,n,n,n,n,n,n,n,n,n,n,n,n)\"   data-ease=\"easeOutQuint\"              data-widthlimit=\"500\"  data-offset-x=\"0\" data-offset-y=\"20\" data-origin=\"tl\"   >\n<h2 style=\"text-align: left;\"><strong><img loading=\"lazy\" decoding=\"async\" class=\"alignnone wp-image-11002\" src=\"https:\/\/ake.de\/wp-content\/uploads\/2019\/10\/LOGO_Schule.png\" alt=\"\" width=\"204\" height=\"33\" srcset=\"https:\/\/ake.de\/wp-content\/uploads\/2019\/10\/LOGO_Schule-200x33.png 200w, https:\/\/ake.de\/wp-content\/uploads\/2019\/10\/LOGO_Schule-300x49.png 300w, https:\/\/ake.de\/wp-content\/uploads\/2019\/10\/LOGO_Schule-400x65.png 400w, https:\/\/ake.de\/wp-content\/uploads\/2019\/10\/LOGO_Schule-500x81.png 500w, https:\/\/ake.de\/wp-content\/uploads\/2019\/10\/LOGO_Schule-600x98.png 600w, https:\/\/ake.de\/wp-content\/uploads\/2019\/10\/LOGO_Schule-768x125.png 768w, https:\/\/ake.de\/wp-content\/uploads\/2019\/10\/LOGO_Schule-800x130.png 800w, https:\/\/ake.de\/wp-content\/uploads\/2019\/10\/LOGO_Schule-1200x195.png 1200w, https:\/\/ake.de\/wp-content\/uploads\/2019\/10\/LOGO_Schule-1280x208.png 1280w, https:\/\/ake.de\/wp-content\/uploads\/2019\/10\/LOGO_Schule-1500x244.png 1500w, https:\/\/ake.de\/wp-content\/uploads\/2019\/10\/LOGO_Schule-1920x312.png 1920w, https:\/\/ake.de\/wp-content\/uploads\/2019\/10\/LOGO_Schule.png 2354w\" sizes=\"auto, (max-width: 204px) 100vw, 204px\" \/><br \/><\/strong><\/h2><\/div>\n\n\t\t\t\t\t<img decoding=\"async\"  class=\"ms-layer\" src=\"https:\/\/www.ake.de\/wp-content\/plugins\/masterslider\/public\/assets\/css\/blank.gif\" data-src=\"https:\/\/www.ake.de\/wp-content\/uploads\/2019\/04\/KlausS.png\" alt=\"\" style=\"width:350px;\"  data-effect=\"t(true,-500,n,n,n,n,n,n,n,n,n,n,n,n,n)\" data-duration=\"600\"  data-ease=\"easeOutQuint\"        data-type=\"image\"      data-widthlimit=\"500\"    data-offset-x=\"-15\" data-offset-y=\"30\" data-origin=\"tl\"  \/>\n\n<\/div>\n\t\t\t<div  class=\"ms-slide\" data-delay=\"3\" data-fill-mode=\"fill\"   >\n\t\t\t\t\t<img decoding=\"async\" src=\"https:\/\/www.ake.de\/wp-content\/plugins\/masterslider\/public\/assets\/css\/blank.gif\" alt=\"\" title=\"\" data-src=\"https:\/\/www.ake.de\/wp-content\/uploads\/2019\/05\/Zerspanung2.0Slider-1.jpg\" \/>\n\n\n\t\t\t\t<\/div>\n\n\t\t\t<\/div>\n\t\t\t<!-- END MasterSlider Main -->\n\n\t\t\t \n\t\t<\/div>\n\t\t<!-- END MasterSlider -->\n\n\t\t<script>\n\t\t( window.MSReady = window.MSReady || [] ).push( function( $ ) {\n\n\t\t\t\"use strict\";\n\t\t\tvar masterslider_7c4c = new MasterSlider();\n\n\t\t\t\/\/ slider controls\n\t\t\t\/\/ slider setup\n\t\t\tmasterslider_7c4c.setup(\"MS62454dbc17c4c\", {\n\t\t\t\twidth           : 1920,\n\t\t\t\theight          : 360,\n\t\t\t\tminHeight       : 200,\n\t\t\t\tspace           : 0,\n\t\t\t\tstart           : 1,\n\t\t\t\tgrabCursor      : true,\n\t\t\t\tswipe           : false,\n\t\t\t\tmouse           : false,\n\t\t\t\tkeyboard        : false,\n\t\t\t\tlayout          : \"fullwidth\",\n\t\t\t\twheel           : false,\n\t\t\t\tautoplay        : false,\n                instantStartLayers:false,\n\t\t\t\tmobileBGVideo:false,\n\t\t\t\tloop            : false,\n\t\t\t\tshuffle         : false,\n\t\t\t\tpreload         : 'all',\n\t\t\t\theightLimit     : true,\n\t\t\t\tautoHeight      : false,\n\t\t\t\tsmoothHeight    : true,\n\t\t\t\tendPause        : false,\n\t\t\t\toverPause       : false,\n\t\t\t\tfillMode        : \"fill\",\n\t\t\t\tcenterControls  : false,\n\t\t\t\tstartOnAppear   : false,\n\t\t\t\tlayersMode      : \"center\",\n\t\t\t\tautofillTarget  : \"\",\n\t\t\t\thideLayers      : false,\n\t\t\t\tfullscreenMargin: 0,\n\t\t\t\tspeed           : 20,\n\t\t\t\tdir             : \"h\",\n\t\t\t\tresponsive      : true,\n\t\t\t\ttabletWidth     : 768,\n\t\t\t\ttabletHeight    : null,\n\t\t\t\tphoneWidth      : 480,\n\t\t\t\tphoneHeight    : null,\n\t\t\t\tsizingReference : window,\n\t\t\t\tparallaxMode    : 'swipe',\n\t\t\t\tview            : \"fade\"\n\t\t\t});\n\n\t\t\t\n\t\t\twindow.masterslider_instances = window.masterslider_instances || [];\n\t\t\twindow.masterslider_instances.push( masterslider_7c4c );\n\t\t});\n\t\t<\/script>\n\n<div class=\"fusion-clearfix\"><\/div>\n\n\t\t\t\t\t<\/div>\n\t\t\t\t<\/div><div  class=\"fusion-layout-column fusion_builder_column fusion_builder_column_1_5  fusion-one-fifth fusion-column-first 1_5\"  style='margin-top:0px;margin-bottom:0px;width:20%;width:calc(20% - ( ( 4% + 4% ) * 0.2 ) );margin-right: 4%;'>\n\t\t\t\t\t<div class=\"fusion-column-wrapper\" style=\"padding: 0px 0px 0px 0px;background-position:left top;background-repeat:no-repeat;-webkit-background-size:cover;-moz-background-size:cover;-o-background-size:cover;background-size:cover;\"  data-bg-url=\"\">\n\t\t\t\t\t\t<div class=\"fusion-clearfix\"><\/div>\n\n\t\t\t\t\t<\/div>\n\t\t\t\t<\/div><div  class=\"fusion-layout-column fusion_builder_column fusion_builder_column_3_5  fusion-three-fifth 3_5\"  style='margin-top:0px;margin-bottom:20px;width:60%;width:calc(60% - ( ( 4% + 4% ) * 0.6 ) );margin-right: 4%;'>\n\t\t\t\t\t<div class=\"fusion-column-wrapper\" style=\"padding: 0px 0px 0px 0px;background-position:left top;background-repeat:no-repeat;-webkit-background-size:cover;-moz-background-size:cover;-o-background-size:cover;background-size:cover;\"  data-bg-url=\"\">\n\t\t\t\t\t\t<div class=\"fusion-text\"><h3 style=\"text-align: left;\"><strong>Cutting 2.0 &#8211; Una vera storia di successo<br \/>\n<\/strong><\/h3>\n<\/div><div class=\"fusion-text\"><p>Dimenticate tutto quello che sapevate sulla lavorazione!<\/p>\n<p>Dall&#8217;invenzione della fresatura, la teoria del taglio non \u00e8 cambiata. Si d\u00e0 per scontato che i taglienti di un dente producano un truciolo. Questo viene alimentato in uno spazio di trucioli davanti al dente, tenuto in posizione e poi espulso dopo che il tagliente ha lasciato il pezzo. Idealmente nel sistema di estrazione.<\/p>\n<p>Questo principio non \u00e8 mai stato messo in discussione &#8211; fino a quando AKE ha presentato una novit\u00e0 mondiale alla fiera Ligna 2013 di Hannover e ha vinto il premio per l&#8217;innovazione.<\/p>\n<p>&nbsp;<\/p>\n<p><img loading=\"lazy\" decoding=\"async\" class=\"alignnone wp-image-16668 size-full\" src=\"http:\/\/ake.de\/wp-content\/uploads\/2019\/04\/csm_AKE-preise_7e7eb3c40e-e1555405293246.jpg\" alt=\"\" width=\"838\" height=\"112\" srcset=\"https:\/\/ake.de\/wp-content\/uploads\/2019\/04\/csm_AKE-preise_7e7eb3c40e-e1555405293246-200x27.jpg 200w, https:\/\/ake.de\/wp-content\/uploads\/2019\/04\/csm_AKE-preise_7e7eb3c40e-e1555405293246-300x40.jpg 300w, https:\/\/ake.de\/wp-content\/uploads\/2019\/04\/csm_AKE-preise_7e7eb3c40e-e1555405293246-400x53.jpg 400w, https:\/\/ake.de\/wp-content\/uploads\/2019\/04\/csm_AKE-preise_7e7eb3c40e-e1555405293246-600x80.jpg 600w, https:\/\/ake.de\/wp-content\/uploads\/2019\/04\/csm_AKE-preise_7e7eb3c40e-e1555405293246-768x103.jpg 768w, https:\/\/ake.de\/wp-content\/uploads\/2019\/04\/csm_AKE-preise_7e7eb3c40e-e1555405293246-800x107.jpg 800w, https:\/\/ake.de\/wp-content\/uploads\/2019\/04\/csm_AKE-preise_7e7eb3c40e-e1555405293246.jpg 838w\" sizes=\"auto, (max-width: 838px) 100vw, 838px\" \/><\/p>\n<\/div><div class=\"fusion-clearfix\"><\/div>\n\n\t\t\t\t\t<\/div>\n\t\t\t\t<\/div><div  class=\"fusion-layout-column fusion_builder_column fusion_builder_column_1_5  fusion-one-fifth fusion-column-last 1_5\"  style='margin-top:0px;margin-bottom:0px;width:20%;width:calc(20% - ( ( 4% + 4% ) * 0.2 ) );'>\n\t\t\t\t\t<div class=\"fusion-column-wrapper\" style=\"padding: 0px 0px 0px 0px;background-position:left top;background-repeat:no-repeat;-webkit-background-size:cover;-moz-background-size:cover;-o-background-size:cover;background-size:cover;\"  data-bg-url=\"\">\n\t\t\t\t\t\t<div class=\"fusion-clearfix\"><\/div>\n\n\t\t\t\t\t<\/div>\n\t\t\t\t<\/div><div  class=\"fusion-layout-column fusion_builder_column fusion_builder_column_1_1  fusion-one-full fusion-column-first fusion-column-last 1_1\"  style='margin-top:0px;margin-bottom:0px;'>\n\t\t\t\t\t<div class=\"fusion-column-wrapper\" style=\"padding: 0px 0px 0px 0px;background-position:left top;background-repeat:no-repeat;-webkit-background-size:cover;-moz-background-size:cover;-o-background-size:cover;background-size:cover;\"  data-bg-url=\"\">\n\t\t\t\t\t\t<div class=\"fusion-sep-clear\"><\/div><div class=\"fusion-separator fusion-full-width-sep sep-shadow\" style=\"background:radial-gradient(ellipse at 50% -50% , #9d9d9d 0px, rgba(255, 255, 255, 0) 80%) repeat scroll 0 0 rgba(0, 0, 0, 0);background:-webkit-radial-gradient(ellipse at 50% -50% , #9d9d9d 0px, rgba(255, 255, 255, 0) 80%) repeat scroll 0 0 rgba(0, 0, 0, 0);background:-moz-radial-gradient(ellipse at 50% -50% , #9d9d9d 0px, rgba(255, 255, 255, 0) 80%) repeat scroll 0 0 rgba(0, 0, 0, 0);background:-o-radial-gradient(ellipse at 50% -50% , #9d9d9d 0px, rgba(255, 255, 255, 0) 80%) repeat scroll 0 0 rgba(0, 0, 0, 0);margin-left: auto;margin-right: auto;margin-top:;margin-bottom:20px;\"><\/div><div class=\"fusion-clearfix\"><\/div>\n\n\t\t\t\t\t<\/div>\n\t\t\t\t<\/div><div  data-animationType=fadeInDown data-animationDuration=0.6 data-animationOffset=100% class=\"fusion-layout-column fusion_builder_column fusion_builder_column_2_3  fusion-two-third fusion-column-first fusion-animated 2_3\"  style='margin-top:20px;margin-bottom:0px;width:66.66%;width:calc(66.66% - ( ( 4% ) * 0.6666 ) );margin-right: 4%;'>\n\t\t\t\t\t<div class=\"fusion-column-wrapper\" style=\"padding: 0px 0px 0px 0px;background-position:left top;background-repeat:no-repeat;-webkit-background-size:cover;-moz-background-size:cover;-o-background-size:cover;background-size:cover;\"  data-bg-url=\"\">\n\t\t\t\t\t\t<span class=\"fusion-imageframe imageframe-none imageframe-1 hover-type-none\"><img decoding=\"async\" src=\"http:\/\/ake.de\/wp-content\/uploads\/2019\/05\/WettbewerberKSB-1.jpg\" width=\"\" height=\"\" alt=\"\" title=\"WettbewerberKSB\" class=\"img-responsive wp-image-16923\" srcset=\"https:\/\/ake.de\/wp-content\/uploads\/2019\/05\/WettbewerberKSB-1-200x53.jpg 200w, https:\/\/ake.de\/wp-content\/uploads\/2019\/05\/WettbewerberKSB-1-400x106.jpg 400w, https:\/\/ake.de\/wp-content\/uploads\/2019\/05\/WettbewerberKSB-1-600x159.jpg 600w, https:\/\/ake.de\/wp-content\/uploads\/2019\/05\/WettbewerberKSB-1-800x213.jpg 800w, https:\/\/ake.de\/wp-content\/uploads\/2019\/05\/WettbewerberKSB-1.jpg 1012w\" sizes=\"(max-width: 1200px) 100vw, 1012px\" \/><\/span><div class=\"fusion-clearfix\"><\/div>\n\n\t\t\t\t\t<\/div>\n\t\t\t\t<\/div><div  data-animationType=fadeInDown data-animationDuration=0.6 data-animationOffset=100% class=\"fusion-layout-column fusion_builder_column fusion_builder_column_1_3  fusion-one-third fusion-column-last fusion-animated 1_3\"  style='margin-top:0px;margin-bottom:0px;width:33.33%;width:calc(33.33% - ( ( 4% ) * 0.3333 ) );'>\n\t\t\t\t\t<div class=\"fusion-column-wrapper\" style=\"padding: 0px 0px 0px 0px;background-position:left top;background-repeat:no-repeat;-webkit-background-size:cover;-moz-background-size:cover;-o-background-size:cover;background-size:cover;\"  data-bg-url=\"\">\n\t\t\t\t\t\t<div class=\"fusion-text\"><h3 style=\"text-align: left;\"><strong>Approccio precedente<\/strong><\/h3>\n<\/div><div class=\"fusion-text\"><p>La linea di pensiero tradizionale e classica procede rigorosamente sul presupposto che ogni truciolo, prodotto da una punta, viene guidato nella cavit\u00e0 davanti al dente ed espulso dopo che il dente ha lasciato il pezzo. AKE ha messo in discussione questo dogma ed \u00e8 arrivata a scoperte molto interessanti, che alla fine hanno dato origine a una nuova generazione di lame, come la SuperSilent.<\/p>\n<\/div><div class=\"fusion-clearfix\"><\/div>\n\n\t\t\t\t\t<\/div>\n\t\t\t\t<\/div><div  data-animationType=fadeInDown data-animationDuration=0.6 data-animationOffset=100% class=\"fusion-layout-column fusion_builder_column fusion_builder_column_1_3  fusion-one-third fusion-column-first fusion-animated 1_3\"  style='margin-top:20px;margin-bottom:20px;width:33.33%;width:calc(33.33% - ( ( 4% ) * 0.3333 ) );margin-right: 4%;'>\n\t\t\t\t\t<div class=\"fusion-column-wrapper\" style=\"padding: 0px 0px 0px 0px;background-position:left top;background-repeat:no-repeat;-webkit-background-size:cover;-moz-background-size:cover;-o-background-size:cover;background-size:cover;\"  data-bg-url=\"\">\n\t\t\t\t\t\t<div class=\"fusion-text\"><h3 style=\"text-align: left;\"><strong>Nuova era<br \/>\n<\/strong><\/h3>\n<\/div><div class=\"fusion-text\"><p>Ci\u00f2 che rende Cutting 2.0 particolarmente speciale \u00e8 l&#8217;approccio innovativo alla modalit\u00e0 di taglio. Questo vale sia per le seghe circolari, come la SuperSilent, sia per le frese di recente sviluppo per l&#8217;avanzamento manuale e meccanico. Tutti i prodotti hanno una cosa in comune: il modo di frantumazione \u00e8 completamente diverso. Le gole sono state riposizionate per questo scopo, guidando via i trucioli in modo tale che si evita la scheggiatura multipla. La qualit\u00e0 del taglio \u00e8 quindi enormemente migliorata.<\/p>\n<\/div><div class=\"fusion-clearfix\"><\/div>\n\n\t\t\t\t\t<\/div>\n\t\t\t\t<\/div><div  data-animationType=fadeInDown data-animationDuration=0.6 data-animationOffset=100% class=\"fusion-layout-column fusion_builder_column fusion_builder_column_2_3  fusion-two-third fusion-column-last fusion-animated 2_3\"  style='margin-top:40px;margin-bottom:30px;width:66.66%;width:calc(66.66% - ( ( 4% ) * 0.6666 ) );'>\n\t\t\t\t\t<div class=\"fusion-column-wrapper\" style=\"padding: 0px 0px 0px 0px;background-position:left top;background-repeat:no-repeat;-webkit-background-size:cover;-moz-background-size:cover;-o-background-size:cover;background-size:cover;\"  data-bg-url=\"\">\n\t\t\t\t\t\t<span class=\"fusion-imageframe imageframe-none imageframe-2 hover-type-none\"><img decoding=\"async\" src=\"http:\/\/ake.de\/wp-content\/uploads\/2019\/05\/Zerspanung2.0Image.jpg\" width=\"\" height=\"\" alt=\"\" title=\"Zerspanung2.0Image\" class=\"img-responsive wp-image-16917\" srcset=\"https:\/\/ake.de\/wp-content\/uploads\/2019\/05\/Zerspanung2.0Image-200x53.jpg 200w, https:\/\/ake.de\/wp-content\/uploads\/2019\/05\/Zerspanung2.0Image-400x107.jpg 400w, https:\/\/ake.de\/wp-content\/uploads\/2019\/05\/Zerspanung2.0Image-600x160.jpg 600w, https:\/\/ake.de\/wp-content\/uploads\/2019\/05\/Zerspanung2.0Image-800x213.jpg 800w, https:\/\/ake.de\/wp-content\/uploads\/2019\/05\/Zerspanung2.0Image-1200x320.jpg 1200w, https:\/\/ake.de\/wp-content\/uploads\/2019\/05\/Zerspanung2.0Image.jpg 1500w\" sizes=\"(max-width: 1200px) 100vw, 1200px\" \/><\/span><div class=\"fusion-clearfix\"><\/div>\n\n\t\t\t\t\t<\/div>\n\t\t\t\t<\/div><\/div><\/div><div class=\"fusion-fullwidth fullwidth-box nonhundred-percent-fullwidth non-hundred-percent-height-scrolling\"  style='background-color: rgba(255,255,255,0);background-position: center center;background-repeat: no-repeat;padding-top:0px;padding-right:0px;padding-bottom:0px;padding-left:0px;'><div class=\"fusion-builder-row fusion-row \"><div  data-animationType=fadeInDown data-animationDuration=0.6 data-animationOffset=100% class=\"fusion-layout-column fusion_builder_column fusion_builder_column_1_1  fusion-one-full fusion-column-first fusion-column-last fusion-animated 1_1\"  style='margin-top:0px;margin-bottom:0px;'>\n\t\t\t\t\t<div class=\"fusion-column-wrapper\" style=\"padding: 0px 0px 0px 0px;background-position:left top;background-repeat:no-repeat;-webkit-background-size:cover;-moz-background-size:cover;-o-background-size:cover;background-size:cover;\"  data-bg-url=\"\">\n\t\t\t\t\t\t<div class=\"fusion-sep-clear\"><\/div><div class=\"fusion-separator fusion-full-width-sep sep-shadow\" style=\"background:radial-gradient(ellipse at 50% -50% , #9d9d9d 0px, rgba(255, 255, 255, 0) 80%) repeat scroll 0 0 rgba(0, 0, 0, 0);background:-webkit-radial-gradient(ellipse at 50% -50% , #9d9d9d 0px, rgba(255, 255, 255, 0) 80%) repeat scroll 0 0 rgba(0, 0, 0, 0);background:-moz-radial-gradient(ellipse at 50% -50% , #9d9d9d 0px, rgba(255, 255, 255, 0) 80%) repeat scroll 0 0 rgba(0, 0, 0, 0);background:-o-radial-gradient(ellipse at 50% -50% , #9d9d9d 0px, rgba(255, 255, 255, 0) 80%) repeat scroll 0 0 rgba(0, 0, 0, 0);margin-left: auto;margin-right: auto;margin-top:;margin-bottom:30px;\"><\/div><div class=\"fusion-text\"><h3 style=\"text-align: center;\"><strong>In evidenza<\/strong><\/h3>\n<\/div><div class=\"fusion-clearfix\"><\/div>\n\n\t\t\t\t\t<\/div>\n\t\t\t\t<\/div><div  data-animationType=fadeInDown data-animationDuration=0.6 data-animationOffset=100% class=\"fusion-layout-column fusion_builder_column fusion_builder_column_1_3  fusion-one-third fusion-column-first border-content-start1 fusion-column-inner-bg-wrapper fusion-animated 1_3\"  style='margin-top:5px;margin-bottom:20px;width:33.33%;width:calc(33.33% - ( ( 4% + 4% ) * 0.3333 ) );margin-right: 4%;'>\n\t\t\t\t\t<div class=\"fusion-column-wrapper\" style=\"padding: 0px 0px 0px 0px;\" data-bg-url=\"https:\/\/ake.de\/wp-content\/uploads\/2019\/10\/Plattenaufteil2.0.jpg\">\n\t\t\t\t\t\t<style type='text\/css'>.reading-box-container-1 .element-bottomshadow:before,.reading-box-container-1 .element-bottomshadow:after{opacity:0.00;}<\/style><div class=\"fusion-reading-box-container reading-box-container-1\" style=\"margin-top:0px;margin-bottom:0px;\"><div class=\"reading-box\" style=\"background-color:rgba(229,229,229,0);border-width:0px;border-color:#b5dd44;border-style:solid;\"><h2>Lame per sezionatrici 2.0<\/h2><div class=\"reading-box-additional fusion-reading-box-additional\">\n<p><span style=\"color: #ffffff;\">Qualit\u00e0 del taglio finito | Lunga durata<br \/>\n<\/span><\/p>\n<\/div><div class=\"fusion-clearfix\"><\/div><\/div><\/div><div class=\"fusion-clearfix\"><\/div>\n\t\t\t\t\t<\/div>\n\t\t\t\t\t<span class=\"fusion-column-inner-bg hover-type-none\">\n\t\t\t\t\t\t<a href=\"https:\/\/ake.de\/it\/lame-per-sezionatrici-2-0\/\" aria-label=\"Plattenaufteil2.0\">\n\t\t\t\t\t\t\t<span class=\"fusion-column-inner-bg-image\" style=\"background-image: url('https:\/\/ake.de\/wp-content\/uploads\/2019\/10\/Plattenaufteil2.0.jpg');background-position:left top;background-repeat:no-repeat;-webkit-background-size:cover;-moz-background-size:cover;-o-background-size:cover;background-size:cover;\"><\/span><\/a>\n\t\t\t\t\t<\/span>\n\t\t\t\t<\/div><div  data-animationType=fadeInDown data-animationDuration=0.6 data-animationOffset=100% class=\"fusion-layout-column fusion_builder_column fusion_builder_column_1_3  fusion-one-third border-content-start1 fusion-column-inner-bg-wrapper fusion-animated 1_3\"  style='margin-top:5px;margin-bottom:20px;width:33.33%;width:calc(33.33% - ( ( 4% + 4% ) * 0.3333 ) );margin-right: 4%;'>\n\t\t\t\t\t<div class=\"fusion-column-wrapper\" style=\"padding: 0px 0px 0px 0px;\" data-bg-url=\"https:\/\/ake.de\/wp-content\/uploads\/2019\/10\/Supersilent.jpg\">\n\t\t\t\t\t\t<style type='text\/css'>.reading-box-container-2 .element-bottomshadow:before,.reading-box-container-2 .element-bottomshadow:after{opacity:0.00;}<\/style><div class=\"fusion-reading-box-container reading-box-container-2\" style=\"margin-top:0px;margin-bottom:0px;\"><div class=\"reading-box\" style=\"background-color:rgba(229,229,229,0);border-width:0px;border-color:#b5dd44;border-style:solid;\"><h2>SuperSilent<\/h2><div class=\"reading-box-additional fusion-reading-box-additional\">\n<p><span style=\"color: #ffffff;\">Estremamente silenzioso |<\/span> <span style=\"color: #ffffff;\">Un risultato di taglio 10 e lode<\/span><\/p>\n<\/div><div class=\"fusion-clearfix\"><\/div><\/div><\/div><div class=\"fusion-clearfix\"><\/div>\n\t\t\t\t\t<\/div>\n\t\t\t\t\t<span class=\"fusion-column-inner-bg hover-type-none\">\n\t\t\t\t\t\t<a href=\"https:\/\/ake.de\/it\/supersilent-2\/\" aria-label=\"Supersilent\">\n\t\t\t\t\t\t\t<span class=\"fusion-column-inner-bg-image\" style=\"background-image: url('https:\/\/ake.de\/wp-content\/uploads\/2019\/10\/Supersilent.jpg');background-position:left top;background-repeat:no-repeat;-webkit-background-size:cover;-moz-background-size:cover;-o-background-size:cover;background-size:cover;\"><\/span><\/a>\n\t\t\t\t\t<\/span>\n\t\t\t\t<\/div><div  data-animationType=fadeInDown data-animationDuration=0.6 data-animationOffset=100% class=\"fusion-layout-column fusion_builder_column fusion_builder_column_1_3  fusion-one-third fusion-column-last border-content-start1 fusion-column-inner-bg-wrapper fusion-animated 1_3\"  style='margin-top:5px;margin-bottom:20px;width:33.33%;width:calc(33.33% - ( ( 4% + 4% ) * 0.3333 ) );'>\n\t\t\t\t\t<div class=\"fusion-column-wrapper\" style=\"padding: 0px 0px 0px 0px;\" data-bg-url=\"https:\/\/ake.de\/wp-content\/uploads\/2019\/10\/Harmony1.jpg\">\n\t\t\t\t\t\t<style type='text\/css'>.reading-box-container-3 .element-bottomshadow:before,.reading-box-container-3 .element-bottomshadow:after{opacity:0.00;}<\/style><div class=\"fusion-reading-box-container reading-box-container-3\" style=\"margin-top:0px;margin-bottom:0px;\"><div class=\"reading-box\" style=\"background-color:rgba(229,229,229,0);border-width:0px;border-color:#b5dd44;border-style:solid;\"><h2>Harmony<\/h2><div class=\"reading-box-additional fusion-reading-box-additional\">\n<p><span style=\"color: #ffffff;\">Risultati eccezionali | Lunga durata<\/span><\/p>\n<\/div><div class=\"fusion-clearfix\"><\/div><\/div><\/div><div class=\"fusion-clearfix\"><\/div>\n\t\t\t\t\t<\/div>\n\t\t\t\t\t<span class=\"fusion-column-inner-bg hover-type-none\">\n\t\t\t\t\t\t<a href=\"https:\/\/ake.de\/it\/dp-e-fresa-z3\/\" aria-label=\"Harmony1\">\n\t\t\t\t\t\t\t<span class=\"fusion-column-inner-bg-image\" style=\"background-image: url('https:\/\/ake.de\/wp-content\/uploads\/2019\/10\/Harmony1.jpg');background-position:left center;background-repeat:no-repeat;-webkit-background-size:cover;-moz-background-size:cover;-o-background-size:cover;background-size:cover;\"><\/span><\/a>\n\t\t\t\t\t<\/span>\n\t\t\t\t<\/div><\/div><\/div><\/p>\n","protected":false},"excerpt":{"rendered":"","protected":false},"author":1,"featured_media":0,"parent":0,"menu_order":0,"comment_status":"closed","ping_status":"closed","template":"","meta":{"footnotes":""},"class_list":["post-19778","page","type-page","status-publish","hentry"],"_links":{"self":[{"href":"https:\/\/ake.de\/it\/wp-json\/wp\/v2\/pages\/19778","targetHints":{"allow":["GET"]}}],"collection":[{"href":"https:\/\/ake.de\/it\/wp-json\/wp\/v2\/pages"}],"about":[{"href":"https:\/\/ake.de\/it\/wp-json\/wp\/v2\/types\/page"}],"author":[{"embeddable":true,"href":"https:\/\/ake.de\/it\/wp-json\/wp\/v2\/users\/1"}],"replies":[{"embeddable":true,"href":"https:\/\/ake.de\/it\/wp-json\/wp\/v2\/comments?post=19778"}],"version-history":[{"count":5,"href":"https:\/\/ake.de\/it\/wp-json\/wp\/v2\/pages\/19778\/revisions"}],"predecessor-version":[{"id":20329,"href":"https:\/\/ake.de\/it\/wp-json\/wp\/v2\/pages\/19778\/revisions\/20329"}],"wp:attachment":[{"href":"https:\/\/ake.de\/it\/wp-json\/wp\/v2\/media?parent=19778"}],"curies":[{"name":"wp","href":"https:\/\/api.w.org\/{rel}","templated":true}]}}