{"id":23838,"date":"2026-02-06T14:53:11","date_gmt":"2026-02-06T13:53:11","guid":{"rendered":"https:\/\/ake.de\/?page_id=23838"},"modified":"2026-03-13T10:20:45","modified_gmt":"2026-03-13T09:20:45","slug":"expertenrat","status":"publish","type":"page","link":"https:\/\/ake.de\/hu\/expertenrat\/","title":{"rendered":"Expertenrat"},"content":{"rendered":"<p><div class=\"fusion-fullwidth fullwidth-box nonhundred-percent-fullwidth non-hundred-percent-height-scrolling\"  style='background-color: rgba(255,255,255,0);background-position: center center;background-repeat: no-repeat;padding-top:0px;padding-right:0px;padding-bottom:0px;padding-left:0px;'><div class=\"fusion-builder-row fusion-row \"><div  class=\"fusion-layout-column fusion_builder_column fusion_builder_column_1_1  fusion-one-full fusion-column-first fusion-column-last 1_1\"  style='margin-top:0px;margin-bottom:0px;'>\n\t\t\t\t\t<div class=\"fusion-column-wrapper\" style=\"padding: 0px 0px 0px 0px;background-position:left top;background-repeat:no-repeat;-webkit-background-size:cover;-moz-background-size:cover;-o-background-size:cover;background-size:cover;\"  data-bg-url=\"\">\n\t\t\t\t\t\t\n\t\t<!-- MasterSlider -->\n\t\t<div id=\"P_MS69a1af078e5ef\" class=\"master-slider-parent ms-parent-id-189\" style=\"\" >\n\n\t\t\t\n\t\t\t<!-- MasterSlider Main -->\n\t\t\t<div id=\"MS69a1af078e5ef\" class=\"master-slider ms-skin-default\" >\n\t\t\t\t \t\t\t\t \n\n\t\t\t<div  class=\"ms-slide\" data-delay=\"1\" data-fill-mode=\"fill\"   >\n\t<video data-autopause=\"false\" data-mute=\"true\" data-loop=\"true\" data-fill-mode=\"fill\" >\n\t\t<source src=\"https:\/\/ake.de\/wp-content\/uploads\/2026\/02\/Sliderfilm_Expertenrat_PKSB_720p.mp4\" type=\"video\/mp4\"\/>\n\t<\/video>\n\n\n\t\t\t\t<\/div>\n\n\t\t\t<\/div>\n\t\t\t<!-- END MasterSlider Main -->\n\n\t\t\t \n\t\t<\/div>\n\t\t<!-- END MasterSlider -->\n\n\t\t<script>\n\t\t( window.MSReady = window.MSReady || [] ).push( function( $ ) {\n\n\t\t\t\"use strict\";\n\t\t\tvar masterslider_e5ef = new MasterSlider();\n\n\t\t\t\/\/ slider controls\n\t\t\t\/\/ slider setup\n\t\t\tmasterslider_e5ef.setup(\"MS69a1af078e5ef\", {\n\t\t\t\twidth           : 1920,\n\t\t\t\theight          : 420,\n\t\t\t\tminHeight       : 0,\n\t\t\t\tspace           : 0,\n\t\t\t\tstart           : 1,\n\t\t\t\tgrabCursor      : true,\n\t\t\t\tswipe           : true,\n\t\t\t\tmouse           : true,\n\t\t\t\tkeyboard        : false,\n\t\t\t\tlayout          : \"fullwidth\",\n\t\t\t\twheel           : false,\n\t\t\t\tautoplay        : false,\n                instantStartLayers:false,\n\t\t\t\tmobileBGVideo:false,\n\t\t\t\tloop            : false,\n\t\t\t\tshuffle         : false,\n\t\t\t\tpreload         : 0,\n\t\t\t\theightLimit     : true,\n\t\t\t\tautoHeight      : false,\n\t\t\t\tsmoothHeight    : true,\n\t\t\t\tendPause        : false,\n\t\t\t\toverPause       : true,\n\t\t\t\tfillMode        : \"fill\",\n\t\t\t\tcenterControls  : true,\n\t\t\t\tstartOnAppear   : false,\n\t\t\t\tlayersMode      : \"center\",\n\t\t\t\tautofillTarget  : \"\",\n\t\t\t\thideLayers      : false,\n\t\t\t\tfullscreenMargin: 0,\n\t\t\t\tspeed           : 30,\n\t\t\t\tdir             : \"h\",\n\t\t\t\tresponsive      : true,\n\t\t\t\ttabletWidth     : 768,\n\t\t\t\ttabletHeight    : null,\n\t\t\t\tphoneWidth      : 480,\n\t\t\t\tphoneHeight    : null,\n\t\t\t\tsizingReference : window,\n\t\t\t\tparallaxMode    : 'swipe',\n\t\t\t\tview            : \"basic\"\n\t\t\t});\n\n\t\t\t\n\t\t\twindow.masterslider_instances = window.masterslider_instances || [];\n\t\t\twindow.masterslider_instances.push( masterslider_e5ef );\n\t\t});\n\t\t<\/script>\n\n<div class=\"fusion-text\"><p><span class=\"T286Pc\" style=\"color: #ffffff;\" data-sfc-cp=\"\"><code class=\"o8j0Mc\" dir=\"ltr\">&amp;nbsp;<\/code><\/span><\/p>\n<\/div><div class=\"fusion-title title fusion-sep-none fusion-title-size-one\" style=\"margin-top:20px;margin-bottom:0px;\"><h1 class=\"title-heading-left\"><p style=\"text-align: center; font-size: 20pt; color: #9d9d9d;\">Unsere Experten<\/p><\/h1><\/div><div class=\"fusion-sep-clear\"><\/div><div class=\"fusion-separator fusion-full-width-sep sep-shadow\" style=\"background:radial-gradient(ellipse at 50% -50% , #9d9d9d 0px, rgba(255, 255, 255, 0) 80%) repeat scroll 0 0 rgba(0, 0, 0, 0);background:-webkit-radial-gradient(ellipse at 50% -50% , #9d9d9d 0px, rgba(255, 255, 255, 0) 80%) repeat scroll 0 0 rgba(0, 0, 0, 0);background:-moz-radial-gradient(ellipse at 50% -50% , #9d9d9d 0px, rgba(255, 255, 255, 0) 80%) repeat scroll 0 0 rgba(0, 0, 0, 0);background:-o-radial-gradient(ellipse at 50% -50% , #9d9d9d 0px, rgba(255, 255, 255, 0) 80%) repeat scroll 0 0 rgba(0, 0, 0, 0);margin-left: auto;margin-right: auto;margin-top:;\"><\/div><div class=\"fusion-text\"><p><span class=\"T286Pc\" style=\"color: #ffffff;\" data-sfc-cp=\"\"><code class=\"o8j0Mc\" dir=\"ltr\">&amp;nbsp;<\/code><\/span><\/p>\n<\/div><div class=\"fusion-clearfix\"><\/div>\n\n\t\t\t\t\t<\/div>\n\t\t\t\t<\/div><\/div><\/div><div class=\"fusion-fullwidth fullwidth-box nonhundred-percent-fullwidth non-hundred-percent-height-scrolling\"  style='background-color: rgba(255,255,255,0);background-position: center center;background-repeat: no-repeat;padding-top:0px;padding-right:0px;padding-bottom:0px;padding-left:0px;'><div class=\"fusion-builder-row fusion-row \"><div  class=\"fusion-layout-column fusion_builder_column fusion_builder_column_1_5  fusion-one-fifth fusion-column-first 1_5\"  style='margin-top:0px;margin-bottom:0px;width:20%;width:calc(20% - ( ( 4% + 4% + 4% + 4% ) * 0.2 ) );margin-right: 4%;'>\n\t\t\t\t\t<div class=\"fusion-column-wrapper\" style=\"padding: 0px 0px 0px 0px;background-position:left top;background-repeat:no-repeat;-webkit-background-size:cover;-moz-background-size:cover;-o-background-size:cover;background-size:cover;\"  data-bg-url=\"\">\n\t\t\t\t\t\t<div class=\"fusion-person person fusion-person-left fusion-person-1 fusion-person-icon-top custom-person-card\"><div class=\"person-shortcode-image-wrapper\"><div class=\"person-image-container hover-type-zoomin person-rounded-overflow\" style=\"-webkit-border-radius:0px;-moz-border-radius:0px;border-radius:0px;border:0px solid #f6f6f6;-webkit-border-radius:0px;-moz-border-radius:0px;border-radius:0px;\"><img loading=\"lazy\" decoding=\"async\" class=\"person-img img-responsive wp-image-23862\" width=\"250\" height=\"300\" src=\"https:\/\/ake.de\/wp-content\/uploads\/2026\/02\/Experte_Wofgang.jpg\" alt=\"Wolfgang Lenhart\" srcset=\"https:\/\/ake.de\/wp-content\/uploads\/2026\/02\/Experte_Wofgang-200x240.jpg 200w, https:\/\/ake.de\/wp-content\/uploads\/2026\/02\/Experte_Wofgang.jpg 250w\" sizes=\"auto, (max-width: 1200px) 100vw, 250px\" \/><\/div><\/div><div class=\"person-desc\" style=\"background-color:#e5e5e5;padding:40px;margin-top:0;\"><div class=\"person-author\"><div class=\"person-author-wrapper\"><span class=\"person-name\">Wolfgang Lenhart<\/span><span class=\"person-title\">Anwendungstechnik<\/span><\/div><div class=\"fusion-social-networks boxed-icons\"><div class=\"fusion-social-networks-wrapper\"><a class=\"fusion-social-network-icon fusion-tooltip fusion-mail fusion-icon-mail\" aria-label=\"fusion-mail\" href=\"mailto:&#119;olfg&#097;&#110;&#103;.l&#101;nh&#097;r&#116;&#064;&#097;k&#101;&#046;&#100;&#101;\" target=\"_self\" style=\"color:#ffffff;background-color:#000000;border-color:#000000;border-radius:4px;font-size:16px;padding:8px;\" data-placement=\"right\" data-title=\"Mail\" title=\"Mail\" data-toggle=\"tooltip\"><\/a><\/div><\/div><\/div><div class=\"person-content fusion-clearfix\">Sie haben Fragen zu Rohholzbearbeitung &amp; S\u00e4gewerkstechnik zur Optimierung Ihrer Produktionsprozesse? Vereinbaren Sie gerne einen Beratungstermin.<\/div><\/div><\/div><div class=\"fusion-clearfix\"><\/div>\n\n\t\t\t\t\t<\/div>\n\t\t\t\t<\/div><div  class=\"fusion-layout-column fusion_builder_column fusion_builder_column_1_5  fusion-one-fifth 1_5\"  style='margin-top:0px;margin-bottom:0px;width:20%;width:calc(20% - ( ( 4% + 4% + 4% + 4% ) * 0.2 ) );margin-right: 4%;'>\n\t\t\t\t\t<div class=\"fusion-column-wrapper\" style=\"padding: 0px 0px 0px 0px;background-position:left top;background-repeat:no-repeat;-webkit-background-size:cover;-moz-background-size:cover;-o-background-size:cover;background-size:cover;\"  data-bg-url=\"\">\n\t\t\t\t\t\t<div class=\"fusion-person person fusion-person-left fusion-person-2 fusion-person-icon-top custom-person-card\"><div class=\"person-shortcode-image-wrapper\"><div class=\"person-image-container hover-type-zoomin person-rounded-overflow\" style=\"-webkit-border-radius:0px;-moz-border-radius:0px;border-radius:0px;border:0px solid #f6f6f6;-webkit-border-radius:0px;-moz-border-radius:0px;border-radius:0px;\"><img loading=\"lazy\" decoding=\"async\" class=\"person-img img-responsive wp-image-24199\" width=\"250\" height=\"300\" src=\"https:\/\/ake.de\/wp-content\/uploads\/2026\/02\/Experte_Rainer.jpg\" alt=\"Rainer Dickj\u00fcrgens\" srcset=\"https:\/\/ake.de\/wp-content\/uploads\/2026\/02\/Experte_Rainer-200x240.jpg 200w, https:\/\/ake.de\/wp-content\/uploads\/2026\/02\/Experte_Rainer.jpg 250w\" sizes=\"auto, (max-width: 1200px) 100vw, 250px\" \/><\/div><\/div><div class=\"person-desc\" style=\"background-color:#e5e5e5;padding:40px;margin-top:0;\"><div class=\"person-author\"><div class=\"person-author-wrapper\"><span class=\"person-name\">Rainer Dickj\u00fcrgens<\/span><span class=\"person-title\">Anwendungstechnik<\/span><\/div><div class=\"fusion-social-networks boxed-icons\"><div class=\"fusion-social-networks-wrapper\"><a class=\"fusion-social-network-icon fusion-tooltip fusion-mail fusion-icon-mail\" aria-label=\"fusion-mail\" href=\"mailto:&#114;aine&#114;&#046;&#100;ic&#107;j&#117;&#101;&#114;g&#101;ns&#064;ak&#101;&#046;&#100;e\" target=\"_self\" style=\"color:#ffffff;background-color:#000000;border-color:#000000;border-radius:4px;font-size:16px;padding:8px;\" data-placement=\"right\" data-title=\"Mail\" title=\"Mail\" data-toggle=\"tooltip\"><\/a><\/div><\/div><\/div><div class=\"person-content fusion-clearfix\">Sie haben Fragen zu Schaft-, Bohrungsfr\u00e4sern sowie Zerspanern und modernen Spannsystemen? Vereinbaren Sie gerne einen Beratungstermin.<\/div><\/div><\/div><div class=\"fusion-clearfix\"><\/div>\n\n\t\t\t\t\t<\/div>\n\t\t\t\t<\/div><div  class=\"fusion-layout-column fusion_builder_column fusion_builder_column_1_5  fusion-one-fifth 1_5\"  style='margin-top:0px;margin-bottom:0px;width:20%;width:calc(20% - ( ( 4% + 4% + 4% + 4% ) * 0.2 ) );margin-right: 4%;'>\n\t\t\t\t\t<div class=\"fusion-column-wrapper\" style=\"padding: 0px 0px 0px 0px;background-position:left top;background-repeat:no-repeat;-webkit-background-size:cover;-moz-background-size:cover;-o-background-size:cover;background-size:cover;\"  data-bg-url=\"\">\n\t\t\t\t\t\t<div class=\"fusion-person person fusion-person-left fusion-person-3 fusion-person-icon-top custom-person-card\"><div class=\"person-shortcode-image-wrapper\"><div class=\"person-image-container hover-type-zoomin person-rounded-overflow\" style=\"-webkit-border-radius:0px;-moz-border-radius:0px;border-radius:0px;border:0px solid #f6f6f6;-webkit-border-radius:0px;-moz-border-radius:0px;border-radius:0px;\"><img loading=\"lazy\" decoding=\"async\" class=\"person-img img-responsive wp-image-23855\" width=\"250\" height=\"300\" src=\"https:\/\/ake.de\/wp-content\/uploads\/2026\/02\/Experte_Stefan.jpg\" alt=\"Stefan Weckenmann\" srcset=\"https:\/\/ake.de\/wp-content\/uploads\/2026\/02\/Experte_Stefan-200x240.jpg 200w, https:\/\/ake.de\/wp-content\/uploads\/2026\/02\/Experte_Stefan.jpg 250w\" sizes=\"auto, (max-width: 1200px) 100vw, 250px\" \/><\/div><\/div><div class=\"person-desc\" style=\"background-color:#e5e5e5;padding:40px;margin-top:0;\"><div class=\"person-author\"><div class=\"person-author-wrapper\"><span class=\"person-name\">Stefan Weckenmann<\/span><span class=\"person-title\">Anwendungstechnik<\/span><\/div><div class=\"fusion-social-networks boxed-icons\"><div class=\"fusion-social-networks-wrapper\"><a class=\"fusion-social-network-icon fusion-tooltip fusion-mail fusion-icon-mail\" aria-label=\"fusion-mail\" href=\"mailto:&#115;te&#102;an.weck&#101;&#110;&#109;an&#110;&#064;a&#107;&#101;.de\" target=\"_self\" style=\"color:#ffffff;background-color:#000000;border-color:#000000;border-radius:4px;font-size:16px;padding:8px;\" data-placement=\"right\" data-title=\"Mail\" title=\"Mail\" data-toggle=\"tooltip\"><\/a><\/div><\/div><\/div><div class=\"person-content fusion-clearfix\">Sie haben Fragen zu Platten-, Kunststoff- &amp; D\u00e4mmstoffbearbeitung f\u00fcr pr\u00e4zise Fertigungsprozesse? Vereinbaren Sie gerne einen Beratungstermin.<\/div><\/div><\/div><div class=\"fusion-clearfix\"><\/div>\n\n\t\t\t\t\t<\/div>\n\t\t\t\t<\/div><div  class=\"fusion-layout-column fusion_builder_column fusion_builder_column_1_5  fusion-one-fifth 1_5\"  style='margin-top:0px;margin-bottom:0px;width:20%;width:calc(20% - ( ( 4% + 4% + 4% + 4% ) * 0.2 ) );margin-right: 4%;'>\n\t\t\t\t\t<div class=\"fusion-column-wrapper\" style=\"padding: 0px 0px 0px 0px;background-position:left top;background-repeat:no-repeat;-webkit-background-size:cover;-moz-background-size:cover;-o-background-size:cover;background-size:cover;\"  data-bg-url=\"\">\n\t\t\t\t\t\t<div class=\"fusion-person person fusion-person-left fusion-person-4 fusion-person-icon-top custom-person-card\"><div class=\"person-shortcode-image-wrapper\"><div class=\"person-image-container hover-type-zoomin person-rounded-overflow\" style=\"-webkit-border-radius:0px;-moz-border-radius:0px;border-radius:0px;border:0px solid #f6f6f6;-webkit-border-radius:0px;-moz-border-radius:0px;border-radius:0px;\"><img loading=\"lazy\" decoding=\"async\" class=\"person-img img-responsive wp-image-23848\" width=\"250\" height=\"300\" src=\"https:\/\/ake.de\/wp-content\/uploads\/2026\/02\/Experte_Lothar.jpg\" alt=\"Lothar Schneider\" srcset=\"https:\/\/ake.de\/wp-content\/uploads\/2026\/02\/Experte_Lothar-200x240.jpg 200w, https:\/\/ake.de\/wp-content\/uploads\/2026\/02\/Experte_Lothar.jpg 250w\" sizes=\"auto, (max-width: 1200px) 100vw, 250px\" \/><\/div><\/div><div class=\"person-desc\" style=\"background-color:#e5e5e5;padding:40px;margin-top:0;\"><div class=\"person-author\"><div class=\"person-author-wrapper\"><span class=\"person-name\">Lothar Schneider<\/span><span class=\"person-title\">Anwendungstechnik<\/span><\/div><div class=\"fusion-social-networks boxed-icons\"><div class=\"fusion-social-networks-wrapper\"><a class=\"fusion-social-network-icon fusion-tooltip fusion-mail fusion-icon-mail\" aria-label=\"fusion-mail\" href=\"mailto:lo&#116;&#104;ar.&#115;&#099;&#104;ne&#105;&#100;&#101;&#114;&#064;ake.&#100;e\" target=\"_self\" style=\"color:#ffffff;background-color:#000000;border-color:#000000;border-radius:4px;font-size:16px;padding:8px;\" data-placement=\"right\" data-title=\"Mail\" title=\"Mail\" data-toggle=\"tooltip\"><\/a><\/div><\/div><\/div><div class=\"person-content fusion-clearfix\">Sie haben Fragen zu Metall- und Aluminiumbearbeitung &amp; Werkzeugl\u00f6sungen f\u00fcr Industrieanwendungen? Vereinbaren Sie gerne einen Beratungstermin.<\/div><\/div><\/div><div class=\"fusion-clearfix\"><\/div>\n\n\t\t\t\t\t<\/div>\n\t\t\t\t<\/div><div  class=\"fusion-layout-column fusion_builder_column fusion_builder_column_1_5  fusion-one-fifth fusion-column-last 1_5\"  style='margin-top:0px;margin-bottom:0px;width:20%;width:calc(20% - ( ( 4% + 4% + 4% + 4% ) * 0.2 ) );'>\n\t\t\t\t\t<div class=\"fusion-column-wrapper\" style=\"padding: 0px 0px 0px 0px;background-position:left top;background-repeat:no-repeat;-webkit-background-size:cover;-moz-background-size:cover;-o-background-size:cover;background-size:cover;\"  data-bg-url=\"\">\n\t\t\t\t\t\t<div class=\"fusion-person person fusion-person-left fusion-person-5 fusion-person-icon-top custom-person-card\"><div class=\"person-shortcode-image-wrapper\"><div class=\"person-image-container hover-type-zoomin person-rounded-overflow\" style=\"-webkit-border-radius:0px;-moz-border-radius:0px;border-radius:0px;border:0px solid #f6f6f6;-webkit-border-radius:0px;-moz-border-radius:0px;border-radius:0px;\"><img loading=\"lazy\" decoding=\"async\" class=\"person-img img-responsive wp-image-24192\" width=\"250\" height=\"300\" src=\"https:\/\/ake.de\/wp-content\/uploads\/2026\/02\/Experte_Kai.jpg\" alt=\"Dr. Kai Schumacher\" srcset=\"https:\/\/ake.de\/wp-content\/uploads\/2026\/02\/Experte_Kai-200x240.jpg 200w, https:\/\/ake.de\/wp-content\/uploads\/2026\/02\/Experte_Kai.jpg 250w\" sizes=\"auto, (max-width: 1200px) 100vw, 250px\" \/><\/div><\/div><div class=\"person-desc\" style=\"background-color:#e5e5e5;padding:40px;margin-top:0;\"><div class=\"person-author\"><div class=\"person-author-wrapper\"><span class=\"person-name\">Dr. Kai Schumacher<\/span><span class=\"person-title\">Anwendungstechnik<\/span><\/div><div class=\"fusion-social-networks boxed-icons\"><div class=\"fusion-social-networks-wrapper\"><a class=\"fusion-social-network-icon fusion-tooltip fusion-mail fusion-icon-mail\" aria-label=\"fusion-mail\" href=\"mailto:ka&#105;&#046;s&#099;&#104;u&#109;ach&#101;&#114;&#064;&#097;&#107;e&#046;d&#101;\" target=\"_self\" style=\"color:#ffffff;background-color:#000000;border-color:#000000;border-radius:4px;font-size:16px;padding:8px;\" data-placement=\"right\" data-title=\"Mail\" title=\"Mail\" data-toggle=\"tooltip\"><\/a><\/div><\/div><\/div><div class=\"person-content fusion-clearfix\">Sie haben Fragen zu Kaltkreiss\u00e4gebl\u00e4ttern &amp; D\u00fcnnschnitts\u00e4gen zur Bearbeitung von Stahl, Leicht- &amp; Buntmetallen? Vereinbaren Sie gerne einen Beratungstermin.<\/div><\/div><\/div><div class=\"fusion-clearfix\"><\/div>\n\n\t\t\t\t\t<\/div>\n\t\t\t\t<\/div><div  class=\"fusion-layout-column fusion_builder_column fusion_builder_column_1_1  fusion-one-full fusion-column-first fusion-column-last 1_1\"  style='margin-top:0px;margin-bottom:0px;'>\n\t\t\t\t\t<div class=\"fusion-column-wrapper\" style=\"padding: 0px 0px 0px 0px;background-position:left top;background-repeat:no-repeat;-webkit-background-size:cover;-moz-background-size:cover;-o-background-size:cover;background-size:cover;\"  data-bg-url=\"\">\n\t\t\t\t\t\t<div class=\"fusion-text\"><p><span class=\"T286Pc\" style=\"color: #ffffff;\" data-sfc-cp=\"\"><code class=\"o8j0Mc\" dir=\"ltr\">&amp;nbsp;<\/code><\/span><\/p>\n<\/div><div class=\"fusion-sep-clear\"><\/div><div class=\"fusion-separator fusion-full-width-sep sep-shadow\" style=\"background:radial-gradient(ellipse at 50% -50% , #9d9d9d 0px, rgba(255, 255, 255, 0) 80%) repeat scroll 0 0 rgba(0, 0, 0, 0);background:-webkit-radial-gradient(ellipse at 50% -50% , #9d9d9d 0px, rgba(255, 255, 255, 0) 80%) repeat scroll 0 0 rgba(0, 0, 0, 0);background:-moz-radial-gradient(ellipse at 50% -50% , #9d9d9d 0px, rgba(255, 255, 255, 0) 80%) repeat scroll 0 0 rgba(0, 0, 0, 0);background:-o-radial-gradient(ellipse at 50% -50% , #9d9d9d 0px, rgba(255, 255, 255, 0) 80%) repeat scroll 0 0 rgba(0, 0, 0, 0);margin-left: auto;margin-right: auto;margin-top:;\"><\/div><div class=\"fusion-clearfix\"><\/div>\n\n\t\t\t\t\t<\/div>\n\t\t\t\t<\/div><\/div><\/div><div class=\"fusion-fullwidth fullwidth-box nonhundred-percent-fullwidth non-hundred-percent-height-scrolling\"  style='background-color: rgba(255,255,255,0);background-position: center center;background-repeat: no-repeat;padding-top:0px;padding-right:0px;padding-bottom:0px;padding-left:0px;'><div class=\"fusion-builder-row fusion-row \"><div  class=\"fusion-layout-column fusion_builder_column fusion_builder_column_1_1  fusion-one-full fusion-column-first fusion-column-last 1_1\"  style='margin-top:0px;margin-bottom:0px;'>\n\t\t\t\t\t<div class=\"fusion-column-wrapper\" style=\"padding: 0px 0px 0px 0px;background-position:left top;background-repeat:no-repeat;-webkit-background-size:cover;-moz-background-size:cover;-o-background-size:cover;background-size:cover;\"  data-bg-url=\"\">\n\t\t\t\t\t\t<div class=\"fusion-text\"><p><span class=\"T286Pc\" style=\"color: #ffffff;\" data-sfc-cp=\"\"><code class=\"o8j0Mc\" dir=\"ltr\">\u00a0<\/code><\/span><\/p>\n<\/div><div class=\"fusion-title title fusion-sep-none fusion-title-size-one\" style=\"margin-top:0px;margin-bottom:0px;\"><h1 class=\"title-heading-left\"><p style=\"text-align: center; font-size: 15pt; color: #9d9d9d;\">Sie haben ein Problem mit Ihrem Werkzeug oder Ihrer Anwendung?<\/p>\n<p style=\"text-align: center; font-size: 15pt; color: #9d9d9d;\">Wir haben den passenden Rat f\u00fcr Sie<\/p>\n<p style=\"text-align: center; font-size: 13pt;\">Vereinbaren Sie einen Termin mit einem unserer Experten<\/p><\/h1><\/div><div class=\"fusion-text\"><p><span class=\"T286Pc\" style=\"color: #ffffff;\" data-sfc-cp=\"\"><code class=\"o8j0Mc\" dir=\"ltr\">\u00a0<\/code><\/span><\/p>\n<\/div><div class=\"fusion-sep-clear\"><\/div><div class=\"fusion-separator fusion-full-width-sep sep-shadow\" style=\"background:radial-gradient(ellipse at 50% -50% , #9d9d9d 0px, rgba(255, 255, 255, 0) 80%) repeat scroll 0 0 rgba(0, 0, 0, 0);background:-webkit-radial-gradient(ellipse at 50% -50% , #9d9d9d 0px, rgba(255, 255, 255, 0) 80%) repeat scroll 0 0 rgba(0, 0, 0, 0);background:-moz-radial-gradient(ellipse at 50% -50% , #9d9d9d 0px, rgba(255, 255, 255, 0) 80%) repeat scroll 0 0 rgba(0, 0, 0, 0);background:-o-radial-gradient(ellipse at 50% -50% , #9d9d9d 0px, rgba(255, 255, 255, 0) 80%) repeat scroll 0 0 rgba(0, 0, 0, 0);margin-left: auto;margin-right: auto;margin-top:;\"><\/div><div class=\"fusion-text\"><p><span class=\"T286Pc\" style=\"color: #ffffff;\" data-sfc-cp=\"\"><code class=\"o8j0Mc\" dir=\"ltr\">\u00a0<\/code><\/span><\/p>\n<\/div><iframe\nsrc='https:\/\/outlook.office.com\/book\/ake@sharepoint.c6-tooling.de\/?ismsaljsauthenabled'\nwidth='100%'\nheight='1500'\nscrolling='yes'\nstyle='border:0'>\n<\/iframe><div class=\"fusion-clearfix\"><\/div>\n\n\t\t\t\t\t<\/div>\n\t\t\t\t<\/div><\/div><\/div><\/p>\n","protected":false},"excerpt":{"rendered":"","protected":false},"author":1,"featured_media":0,"parent":0,"menu_order":0,"comment_status":"closed","ping_status":"closed","template":"","meta":{"footnotes":""},"class_list":["post-23838","page","type-page","status-publish","hentry"],"_links":{"self":[{"href":"https:\/\/ake.de\/hu\/wp-json\/wp\/v2\/pages\/23838","targetHints":{"allow":["GET"]}}],"collection":[{"href":"https:\/\/ake.de\/hu\/wp-json\/wp\/v2\/pages"}],"about":[{"href":"https:\/\/ake.de\/hu\/wp-json\/wp\/v2\/types\/page"}],"author":[{"embeddable":true,"href":"https:\/\/ake.de\/hu\/wp-json\/wp\/v2\/users\/1"}],"replies":[{"embeddable":true,"href":"https:\/\/ake.de\/hu\/wp-json\/wp\/v2\/comments?post=23838"}],"version-history":[{"count":43,"href":"https:\/\/ake.de\/hu\/wp-json\/wp\/v2\/pages\/23838\/revisions"}],"predecessor-version":[{"id":24832,"href":"https:\/\/ake.de\/hu\/wp-json\/wp\/v2\/pages\/23838\/revisions\/24832"}],"wp:attachment":[{"href":"https:\/\/ake.de\/hu\/wp-json\/wp\/v2\/media?parent=23838"}],"curies":[{"name":"wp","href":"https:\/\/api.w.org\/{rel}","templated":true}]}}