{"id":11702,"date":"2019-11-20T09:12:36","date_gmt":"2019-11-20T08:12:36","guid":{"rendered":"https:\/\/ake.de\/nincs-hozzaferes\/"},"modified":"2019-11-20T09:12:36","modified_gmt":"2019-11-20T08:12:36","slug":"nincs-hozzaferes","status":"publish","type":"page","link":"https:\/\/ake.de\/hu\/nincs-hozzaferes\/","title":{"rendered":"Nincs hozz\u00e1f\u00e9r\u00e9s"},"content":{"rendered":"\n","protected":false},"excerpt":{"rendered":"","protected":false},"author":1,"featured_media":0,"parent":0,"menu_order":0,"comment_status":"closed","ping_status":"closed","template":"","meta":{"footnotes":""},"class_list":["post-11702","page","type-page","status-publish","hentry"],"_links":{"self":[{"href":"https:\/\/ake.de\/hu\/wp-json\/wp\/v2\/pages\/11702","targetHints":{"allow":["GET"]}}],"collection":[{"href":"https:\/\/ake.de\/hu\/wp-json\/wp\/v2\/pages"}],"about":[{"href":"https:\/\/ake.de\/hu\/wp-json\/wp\/v2\/types\/page"}],"author":[{"embeddable":true,"href":"https:\/\/ake.de\/hu\/wp-json\/wp\/v2\/users\/1"}],"replies":[{"embeddable":true,"href":"https:\/\/ake.de\/hu\/wp-json\/wp\/v2\/comments?post=11702"}],"version-history":[{"count":0,"href":"https:\/\/ake.de\/hu\/wp-json\/wp\/v2\/pages\/11702\/revisions"}],"wp:attachment":[{"href":"https:\/\/ake.de\/hu\/wp-json\/wp\/v2\/media?parent=11702"}],"curies":[{"name":"wp","href":"https:\/\/api.w.org\/{rel}","templated":true}]}}