{"id":11546,"date":"2019-11-13T14:37:38","date_gmt":"2019-11-13T13:37:38","guid":{"rendered":"https:\/\/ake.de\/cegtoertenet\/"},"modified":"2020-02-27T14:40:51","modified_gmt":"2020-02-27T13:40:51","slug":"cegtoertenet","status":"publish","type":"page","link":"https:\/\/ake.de\/hu\/cegtoertenet\/","title":{"rendered":"C\u00e9gt\u00f6rt\u00e9net"},"content":{"rendered":"<div class=\"fusion-fullwidth fullwidth-box nonhundred-percent-fullwidth non-hundred-percent-height-scrolling\"  style='background-color: rgba(255,255,255,0);background-position: center center;background-repeat: no-repeat;padding-top:0px;padding-right:0px;padding-bottom:0px;padding-left:0px;'><div class=\"fusion-builder-row fusion-row \"><div  class=\"fusion-layout-column fusion_builder_column fusion_builder_column_1_1  fusion-one-full fusion-column-first fusion-column-last 1_1\"  style='margin-top:0px;margin-bottom:20px;'>\n\t\t\t\t\t<div class=\"fusion-column-wrapper\" style=\"padding: 0px 0px 0px 0px;background-position:left top;background-repeat:no-repeat;-webkit-background-size:cover;-moz-background-size:cover;-o-background-size:cover;background-size:cover;\"  data-bg-url=\"\">\n\t\t\t\t\t\t<div class=\"fusion-title title fusion-sep-none fusion-title-size-one\" style=\"margin-top:20px;margin-bottom:0px;\"><h1 class=\"title-heading-left\"><p style=\"text-align: left;\"><span style=\"color: #9d9d9d;\">C\u00e9gt\u00f6rt\u00e9net<\/span><\/p><\/h1><\/div>\n\t\t<!-- MasterSlider -->\n\t\t<div id=\"P_MS6246092124200\" class=\"master-slider-parent ms-parent-id-142\" style=\"\" >\n\n\t\t\t\n\t\t\t<!-- MasterSlider Main -->\n\t\t\t<div id=\"MS6246092124200\" class=\"master-slider ms-skin-default\" >\n\t\t\t\t \t\t\t\t \n<div class=\"ms-overlay-layers\">\t\t\t\t\t<div  class=\"ms-layer  msp-cn-33-18\" style=\"\"   data-effect=\"t(true,-150,n,n,n,n,n,n,n,n,n,n,n,n,n)\"  data-delay=\"400\" data-ease=\"easeOutQuint\"              data-widthlimit=\"500\"  data-offset-x=\"0\" data-offset-y=\"100\" data-origin=\"tl\"   >\n<h2 style=\"text-align: right;\"><span style=\"color: #ffffff;\"><em>\"<\/em><em>M\u00e1s, mint <br \/>mindenki m\u00e1s!\"<br \/><br \/><\/em>- Albert Knebel<\/span><em><br \/><\/em><\/h2><\/div>\n\n\t\t\t\t\t<div  class=\"ms-layer  msp-cn-9-17\" style=\"\"   data-effect=\"t(true,-150,n,n,n,n,n,n,n,n,n,n,n,n,n)\"   data-ease=\"easeOutQuint\"              data-widthlimit=\"1750\"  data-offset-x=\"0\" data-offset-y=\"20\" data-origin=\"tl\"   >\n<h3 style=\"text-align: left;\"><span style=\"color: #ffffff;\">C\u00e9galap\u00edt\u00f3<\/span><\/h3><\/div>\n\n\t\t\t\t\t<img decoding=\"async\"  class=\"ms-layer\" src=\"https:\/\/ake.de\/wp-content\/plugins\/masterslider\/public\/assets\/css\/blank.gif\" data-src=\"https:\/\/ake.de\/wp-content\/uploads\/2019\/04\/Herr-Frau-Knebel_2005_Foto.png\" alt=\"\" style=\"width:350px;\"  data-effect=\"t(true,-500,n,n,n,n,n,n,n,n,n,n,n,n,n)\" data-duration=\"600\"  data-ease=\"easeOutQuint\"        data-type=\"image\"      data-widthlimit=\"500\"    data-offset-x=\"-20\" data-offset-y=\"30\" data-origin=\"tl\"  \/>\n\n<\/div>\n\t\t\t<div  class=\"ms-slide\" data-delay=\"3\" data-fill-mode=\"fill\"   >\n\t\t\t\t\t<img decoding=\"async\" src=\"https:\/\/ake.de\/wp-content\/plugins\/masterslider\/public\/assets\/css\/blank.gif\" alt=\"\" title=\"\" data-src=\"https:\/\/ake.de\/wp-content\/uploads\/2019\/04\/Geb\u00e4ude_Luftbild-1.jpg\" \/>\n\n\n\t\t\t\t<\/div>\n\n\t\t\t<\/div>\n\t\t\t<!-- END MasterSlider Main -->\n\n\t\t\t \n\t\t<\/div>\n\t\t<!-- END MasterSlider -->\n\n\t\t<script>\n\t\t( window.MSReady = window.MSReady || [] ).push( function( $ ) {\n\n\t\t\t\"use strict\";\n\t\t\tvar masterslider_4200 = new MasterSlider();\n\n\t\t\t\/\/ slider controls\n\t\t\t\/\/ slider setup\n\t\t\tmasterslider_4200.setup(\"MS6246092124200\", {\n\t\t\t\twidth           : 1920,\n\t\t\t\theight          : 360,\n\t\t\t\tminHeight       : 200,\n\t\t\t\tspace           : 0,\n\t\t\t\tstart           : 1,\n\t\t\t\tgrabCursor      : true,\n\t\t\t\tswipe           : false,\n\t\t\t\tmouse           : false,\n\t\t\t\tkeyboard        : false,\n\t\t\t\tlayout          : \"fullwidth\",\n\t\t\t\twheel           : false,\n\t\t\t\tautoplay        : false,\n                instantStartLayers:false,\n\t\t\t\tmobileBGVideo:false,\n\t\t\t\tloop            : false,\n\t\t\t\tshuffle         : false,\n\t\t\t\tpreload         : 'all',\n\t\t\t\theightLimit     : true,\n\t\t\t\tautoHeight      : false,\n\t\t\t\tsmoothHeight    : true,\n\t\t\t\tendPause        : false,\n\t\t\t\toverPause       : false,\n\t\t\t\tfillMode        : \"fill\",\n\t\t\t\tcenterControls  : false,\n\t\t\t\tstartOnAppear   : false,\n\t\t\t\tlayersMode      : \"center\",\n\t\t\t\tautofillTarget  : \"\",\n\t\t\t\thideLayers      : false,\n\t\t\t\tfullscreenMargin: 0,\n\t\t\t\tspeed           : 20,\n\t\t\t\tdir             : \"h\",\n\t\t\t\tresponsive      : true,\n\t\t\t\ttabletWidth     : 768,\n\t\t\t\ttabletHeight    : null,\n\t\t\t\tphoneWidth      : 480,\n\t\t\t\tphoneHeight    : null,\n\t\t\t\tsizingReference : window,\n\t\t\t\tparallaxMode    : 'swipe',\n\t\t\t\tview            : \"fade\"\n\t\t\t});\n\n\t\t\t\n\t\t\twindow.masterslider_instances = window.masterslider_instances || [];\n\t\t\twindow.masterslider_instances.push( masterslider_4200 );\n\t\t});\n\t\t<\/script>\n\n<div class=\"fusion-clearfix\"><\/div>\n\n\t\t\t\t\t<\/div>\n\t\t\t\t<\/div><div  class=\"fusion-layout-column fusion_builder_column fusion_builder_column_1_5  fusion-one-fifth fusion-column-first 1_5\"  style='margin-top:0px;margin-bottom:0px;width:20%;width:calc(20% - ( ( 4% + 4% ) * 0.2 ) );margin-right: 4%;'>\n\t\t\t\t\t<div class=\"fusion-column-wrapper\" style=\"padding: 0px 0px 0px 0px;background-position:left top;background-repeat:no-repeat;-webkit-background-size:cover;-moz-background-size:cover;-o-background-size:cover;background-size:cover;\"  data-bg-url=\"\">\n\t\t\t\t\t\t<div class=\"fusion-clearfix\"><\/div>\n\n\t\t\t\t\t<\/div>\n\t\t\t\t<\/div><div  class=\"fusion-layout-column fusion_builder_column fusion_builder_column_3_5  fusion-three-fifth 3_5\"  style='margin-top:0px;margin-bottom:20px;width:60%;width:calc(60% - ( ( 4% + 4% ) * 0.6 ) );margin-right: 4%;'>\n\t\t\t\t\t<div class=\"fusion-column-wrapper\" style=\"padding: 0px 0px 0px 0px;background-position:left top;background-repeat:no-repeat;-webkit-background-size:cover;-moz-background-size:cover;-o-background-size:cover;background-size:cover;\"  data-bg-url=\"\">\n\t\t\t\t\t\t<div class=\"fusion-text\"><h3 style=\"text-align: left;\"><strong>\u00dat a reszel\u0151k\u00e9sz\u00edt\u0151 kis \u00fczemt\u0151l a szersz\u00e1mok szak\u00e9rt\u0151\u00e9ig &#8211; T\u00f6bb, 60 \u00e9ve a piacon vagyunk<br \/>\n<\/strong><\/h3>\n<\/div><div class=\"fusion-text\"><p style=\"text-align: left;\"><span style=\"font-size: 11.0pt; font-family: 'Arial',sans-serif;\">Amikor 1960-ban az engslatti \u00fczemben elk\u00e9sz\u00fcltek az els\u0151 kem\u00e9nyf\u00e9mlapk\u00e1s k\u00f6rf\u0171r\u00e9szlapok, m\u00e9g sem Albert Knebel, sem \u00f6t munkat\u00e1rsa nem gondoltak volna arra, hogy a kis \u00fczem az elk\u00f6vetkez\u0151 50 \u00e9vben egy vil\u00e1gszerte tev\u00e9kenyked\u0151, 500 f\u0151t foglalkoztat\u00f3 v\u00e1llalkoz\u00e1ss\u00e1 n\u00f6vekszik. Minden kezdet neh\u00e9z. A kis manufakt\u00far\u00e1nak, amely 1961-ben 25.000 DM \u00e9ves forgalmat bonyol\u00edtott le, t\u00f6bb alkalommal is meg kellett k\u00fczdenie a t\u00fal\u00e9l\u00e9s\u00e9rt.<\/span><\/p>\n<\/div><div class=\"fusion-text\"><p style=\"text-align: left;\">El\u0151sz\u00f6r a 60&#8242;-as \u00e9vek v\u00e9g\u00e9n indult el a v\u00e1llalkoz\u00e1s \u00e9let\u00e9ben egy igazi n\u00f6veked\u00e9si folyamat, amikor a kem\u00e9nyf\u00e9mlapk\u00e1s f\u0171r\u00e9szlapok t\u00e9rh\u00f3d\u00edt\u00e1sa a faiparban egyre jelent\u0151sebb\u00e9 v\u00e1lt, illetve amikor mindezzel egyidej\u0171leg egy nagy versenyt\u00e1rs \u00fczletk\u00f6t\u0151i az A. Knebel v\u00e1llalat sz\u00e1m\u00e1ra kezdtek tev\u00e9kenykedni. Akkoriban a kem\u00e9nyf\u00e9mlapk\u00e1s f\u0171r\u00e9sz m\u00e9g igaz\u00e1n dr\u00e1ga volt. 1968-ban egy v\u00e1l\u00f3fogaz\u00e1s\u00fa, 300 mm \u00e1tm\u00e9r\u0151j\u0171, 96 fog\u00fa f\u0171r\u00e9sz 190,00 DM-ba ker\u00fclt. \u00d6sszehasonl\u00edt\u00e1sk\u00e9nt: a havi b\u00e9r akkor 350,75 DM volt N\u00e9metorsz\u00e1gban.<\/p>\n<\/div><div class=\"fusion-text\"><p>A\u00a0sikeres m\u0171k\u00f6d\u00e9s\u00a0\u00faj befektet\u00e9seket tett lehet\u0151v\u00e9. Sor ker\u00fclhetett l\u00e9tsz\u00e1mb\u0151v\u00edt\u00e9sre, \u00faj g\u00e9pek alkalmaz\u00e1s\u00e1ra, \u00e9s 1971-ben egy \u00faj \u00e9p\u00fcletbe t\u00f6rt\u00e9n\u0151 beruh\u00e1z\u00e1sra is. Ezt k\u00f6vette a n\u00e9metorsz\u00e1gi herfordi telephely,\u00a0valamint az els\u0151 k\u00fclf\u00f6ldi kirendelts\u00e9g l\u00e9trehoz\u00e1sa Stra\u00dfburgban.\u00a0 Amikor 1975-ben a rendelkez\u00e9sre \u00e1ll\u00f3 \u00e9lez\u0151 g\u00e9pek m\u00e1r nem voltak el\u00e9g j\u00f3k ahhoz, hogy\u00a0az A|K|E &#8211; min\u0151s\u00e9get el\u0151 lehessen \u00e1ll\u00edtani vel\u00fck, Albert Knebel elkezdte saj\u00e1t g\u00e9peinek, az\u00a0\u201eAKEmat\u201c-oknak az \u00e9p\u00edt\u00e9s\u00e9t.<\/p>\n<\/div><div class=\"fusion-text\"><p>A gy\u00e1rt\u00e1s el\u0151sz\u00f6r a n\u00e9metorsz\u00e1gi\u00a0ig\u00e9nyek kiel\u00e9g\u00edt\u00e9s\u00e9t szolg\u00e1lta, k\u00e9s\u0151bb azonban m\u00e1r a vil\u00e1g valamennyi r\u00e9sz\u00e9r\u0151l voltak v\u00e1s\u00e1rl\u00f3i a v\u00e1llalkoz\u00e1snak. A felt\u00f6rekv\u0151 AKE Knebel v\u00e1llalkoz\u00e1s \u00e9let\u00e9ben tov\u00e1bbi m\u00e9rf\u00f6ldk\u00f6vet jelentett a l\u00e9zerrel t\u00f6rt\u00e9n\u0151 v\u00e1g\u00e1si technol\u00f3gia bevezet\u00e9se, a mar\u00f3szersz\u00e1mok,\u00a0\u00e9s a gy\u00e9m\u00e1nt f\u0171r\u00e9szlapok gy\u00e1rt\u00e1sa, tov\u00e1bb\u00e1 a vil\u00e1gszint\u0171 partnerh\u00e1l\u00f3zat telephelyeinek fel\u00e9p\u00edt\u00e9se. T\u00f6bb szabadalom \u00e9s piacform\u00e1l\u00f3 innov\u00e1ci\u00f3 &#8211;\u00a0mint a t\u00f6m\u00f6rfa v\u00e1g\u00e1s\u00e1ra szolg\u00e1l\u00f3 Mustang k\u00f6rf\u0171r\u00e9szlapok\u00a0vagy az alum\u00ednium megmunk\u00e1l\u00e1shoz haszn\u00e1lt Bombastic k\u00f6rf\u0171r\u00e9szlapok &#8211; meger\u0151s\u00edtett\u00e9k a v\u00e1llalkoz\u00e1s piaci helyzet\u00e9t. A gener\u00e1ci\u00f3v\u00e1lt\u00e1ssal az ezredfordul\u00f3t k\u00f6vet\u0151en &#8211;\u00a0amikor Albert Knebel-t\u0151l fia, Alexander Knebel vette \u00e1t a v\u00e1llalat ir\u00e1ny\u00edt\u00e1s\u00e1t &#8211;\u00a0megt\u00f6rt\u00e9ntek azok a fontos v\u00e1lt\u00e1sok, amelyek a csal\u00e1di v\u00e1llalkoz\u00e1s m\u00e1ig tart\u00f3 sikert\u00f6rt\u00e9net\u00e9nek folytat\u00e1s\u00e1t biztos\u00edtj\u00e1k.<\/p>\n<\/div><div class=\"fusion-clearfix\"><\/div>\n\n\t\t\t\t\t<\/div>\n\t\t\t\t<\/div><div  class=\"fusion-layout-column fusion_builder_column fusion_builder_column_1_5  fusion-one-fifth fusion-column-last 1_5\"  style='margin-top:0px;margin-bottom:0px;width:20%;width:calc(20% - ( ( 4% + 4% ) * 0.2 ) );'>\n\t\t\t\t\t<div class=\"fusion-column-wrapper\" style=\"padding: 0px 0px 0px 0px;background-position:left top;background-repeat:no-repeat;-webkit-background-size:cover;-moz-background-size:cover;-o-background-size:cover;background-size:cover;\"  data-bg-url=\"\">\n\t\t\t\t\t\t<div class=\"fusion-clearfix\"><\/div>\n\n\t\t\t\t\t<\/div>\n\t\t\t\t<\/div><div  class=\"fusion-layout-column fusion_builder_column fusion_builder_column_1_1  fusion-one-full fusion-column-first fusion-column-last 1_1\"  style='margin-top:0px;margin-bottom:0px;'>\n\t\t\t\t\t<div class=\"fusion-column-wrapper\" style=\"padding: 0px 0px 0px 0px;background-position:left top;background-repeat:no-repeat;-webkit-background-size:cover;-moz-background-size:cover;-o-background-size:cover;background-size:cover;\"  data-bg-url=\"\">\n\t\t\t\t\t\t<div class=\"fusion-sep-clear\"><\/div><div class=\"fusion-separator fusion-full-width-sep sep-shadow\" style=\"background:radial-gradient(ellipse at 50% -50% , #9d9d9d 0px, rgba(255, 255, 255, 0) 80%) repeat scroll 0 0 rgba(0, 0, 0, 0);background:-webkit-radial-gradient(ellipse at 50% -50% , #9d9d9d 0px, rgba(255, 255, 255, 0) 80%) repeat scroll 0 0 rgba(0, 0, 0, 0);background:-moz-radial-gradient(ellipse at 50% -50% , #9d9d9d 0px, rgba(255, 255, 255, 0) 80%) repeat scroll 0 0 rgba(0, 0, 0, 0);background:-o-radial-gradient(ellipse at 50% -50% , #9d9d9d 0px, rgba(255, 255, 255, 0) 80%) repeat scroll 0 0 rgba(0, 0, 0, 0);margin-left: auto;margin-right: auto;margin-top:;margin-bottom:20px;\"><\/div><div class=\"fusion-clearfix\"><\/div>\n\n\t\t\t\t\t<\/div>\n\t\t\t\t<\/div><div  data-animationType=fadeInDown data-animationDuration=0.6 data-animationOffset=100% class=\"fusion-layout-column fusion_builder_column fusion_builder_column_2_3  fusion-two-third fusion-column-first fusion-animated 2_3\"  style='margin-top:20px;margin-bottom:0px;width:66.66%;width:calc(66.66% - ( ( 4% ) * 0.6666 ) );margin-right: 4%;'>\n\t\t\t\t\t<div class=\"fusion-column-wrapper\" style=\"padding: 0px 0px 0px 0px;background-position:left top;background-repeat:no-repeat;-webkit-background-size:cover;-moz-background-size:cover;-o-background-size:cover;background-size:cover;\"  data-bg-url=\"\">\n\t\t\t\t\t\t<span class=\"fusion-imageframe imageframe-none imageframe-1 hover-type-none\"><img decoding=\"async\" src=\"http:\/\/ake.de\/wp-content\/uploads\/2019\/04\/AKEWerk1960.jpg\" width=\"\" height=\"\" alt=\"\" title=\"AKE\u00dczem1960\" class=\"img-responsive wp-image-7582\" srcset=\"https:\/\/ake.de\/wp-content\/uploads\/2019\/04\/AKEWerk1960-200x53.jpg 200w, https:\/\/ake.de\/wp-content\/uploads\/2019\/04\/AKEWerk1960-400x107.jpg 400w, https:\/\/ake.de\/wp-content\/uploads\/2019\/04\/AKEWerk1960-600x160.jpg 600w, https:\/\/ake.de\/wp-content\/uploads\/2019\/04\/AKEWerk1960-800x213.jpg 800w, https:\/\/ake.de\/wp-content\/uploads\/2019\/04\/AKEWerk1960-1200x320.jpg 1200w, https:\/\/ake.de\/wp-content\/uploads\/2019\/04\/AKEWerk1960.jpg 6250w\" sizes=\"(max-width: 1200px) 100vw, 1200px\" \/><\/span><div class=\"fusion-clearfix\"><\/div>\n\n\t\t\t\t\t<\/div>\n\t\t\t\t<\/div><div  data-animationType=fadeInDown data-animationDuration=0.6 data-animationOffset=100% class=\"fusion-layout-column fusion_builder_column fusion_builder_column_1_3  fusion-one-third fusion-column-last fusion-animated 1_3\"  style='margin-top:0px;margin-bottom:0px;width:33.33%;width:calc(33.33% - ( ( 4% ) * 0.3333 ) );'>\n\t\t\t\t\t<div class=\"fusion-column-wrapper\" style=\"padding: 0px 0px 0px 0px;background-position:left top;background-repeat:no-repeat;-webkit-background-size:cover;-moz-background-size:cover;-o-background-size:cover;background-size:cover;\"  data-bg-url=\"\">\n\t\t\t\t\t\t<div class=\"fusion-text\"><h3 style=\"text-align: left;\">\u00dat<strong>&#8230;<\/strong><\/h3>\n<\/div><div class=\"fusion-text\"><p><strong>1960 Alap\u00edt\u00e1s &#8211;\u00a0 AKE Knebel<\/strong><br \/>\n1975 Alap\u00edt\u00e1s &#8211; AKE France<br \/>\n1980 Alap\u00edt\u00e1s &#8211; AKE Knebel &amp; Forster<br \/>\n1990 Alap\u00edt\u00e1s &#8211; AKE Bernau AKE Magyarorsz\u00e1g<br \/>\n1995 Alap\u00edt\u00e1s &#8211; AKE Rietberg<br \/>\n1997 WAGNER f\u0171r\u00e9szgy\u00e1rt\u00e1s megv\u00e1s\u00e1rl\u00e1sa<br \/>\n1999 Alap\u00edt\u00e1s &#8211; AKE Rom\u00e1nia<br \/>\n2002 Alap\u00edt\u00e1s &#8211; AKE Lengyelorsz\u00e1g<br \/>\n2004 Thermoface k\u00f6rnyezetv\u00e9delmi d\u00edj &amp; alap\u00edt\u00e1s &#8211; AKE UK<\/p>\n<\/div><div class=\"fusion-clearfix\"><\/div>\n\n\t\t\t\t\t<\/div>\n\t\t\t\t<\/div><div  data-animationType=fadeInDown data-animationDuration=0.6 data-animationOffset=100% class=\"fusion-layout-column fusion_builder_column fusion_builder_column_1_3  fusion-one-third fusion-column-first fusion-animated 1_3\"  style='margin-top:20px;margin-bottom:20px;width:33.33%;width:calc(33.33% - ( ( 4% ) * 0.3333 ) );margin-right: 4%;'>\n\t\t\t\t\t<div class=\"fusion-column-wrapper\" style=\"padding: 0px 0px 0px 0px;background-position:left top;background-repeat:no-repeat;-webkit-background-size:cover;-moz-background-size:cover;-o-background-size:cover;background-size:cover;\"  data-bg-url=\"\">\n\t\t\t\t\t\t<div class=\"fusion-text\"><h3 style=\"text-align: left;\"><strong>\u2026 a sikerhez<br \/>\n<\/strong><\/h3>\n<\/div><div class=\"fusion-text\"><p>2006 Alap\u00edt\u00e1s &#8211; AKE Technology Thailand<br \/>\n2006 AKE China<br \/>\n2007 Bad Oeynhausen \u00e9s Rietberg telephelyek \u00f6sszevon\u00e1sa<br \/>\n2008 Alap\u00edt\u00e1s &#8211;\u00a0 AKE Csehorsz\u00e1g &amp; AKE RUS<br \/>\n2009 Exkluz\u00edv CMT partner N\u00e9metorsz\u00e1gban<br \/>\n2010 50-\u00e9ves v\u00e1llalati jubileum<br \/>\n2011 Alap\u00edt\u00e1s &#8211; AKE Woodtech Malaysia<br \/>\n2013 A Ligna innov\u00e1ci\u00f3s d\u00edj\u00e1nak elnyer\u00e9se<br \/>\n2014 A RedDot Award &amp; VR innov\u00e1ci\u00f3s d\u00edj elnyer\u00e9se<br \/>\n<strong>2020 60-\u00e9ves v\u00e1llalati jubileum<\/strong><\/p>\n<\/div><div class=\"fusion-clearfix\"><\/div>\n\n\t\t\t\t\t<\/div>\n\t\t\t\t<\/div><div  data-animationType=fadeInDown data-animationDuration=0.6 data-animationOffset=100% class=\"fusion-layout-column fusion_builder_column fusion_builder_column_2_3  fusion-two-third fusion-column-last fusion-animated 2_3\"  style='margin-top:40px;margin-bottom:30px;width:66.66%;width:calc(66.66% - ( ( 4% ) * 0.6666 ) );'>\n\t\t\t\t\t<div class=\"fusion-column-wrapper\" style=\"padding: 0px 0px 0px 0px;background-position:left top;background-repeat:no-repeat;-webkit-background-size:cover;-moz-background-size:cover;-o-background-size:cover;background-size:cover;\"  data-bg-url=\"\">\n\t\t\t\t\t\t<span class=\"fusion-imageframe imageframe-none imageframe-2 hover-type-none\"><img decoding=\"async\" src=\"http:\/\/ake.de\/wp-content\/uploads\/2019\/04\/Ausstellung.jpg\" width=\"\" height=\"\" alt=\"\" title=\"Ki\u00e1ll\u00edt\u00e1s\" class=\"img-responsive wp-image-7588\" srcset=\"https:\/\/ake.de\/wp-content\/uploads\/2019\/04\/Ausstellung-200x53.jpg 200w, https:\/\/ake.de\/wp-content\/uploads\/2019\/04\/Ausstellung-400x107.jpg 400w, https:\/\/ake.de\/wp-content\/uploads\/2019\/04\/Ausstellung-600x160.jpg 600w, https:\/\/ake.de\/wp-content\/uploads\/2019\/04\/Ausstellung-800x213.jpg 800w, https:\/\/ake.de\/wp-content\/uploads\/2019\/04\/Ausstellung-1200x320.jpg 1200w, https:\/\/ake.de\/wp-content\/uploads\/2019\/04\/Ausstellung.jpg 6250w\" sizes=\"(max-width: 1200px) 100vw, 1200px\" \/><\/span><div class=\"fusion-clearfix\"><\/div>\n\n\t\t\t\t\t<\/div>\n\t\t\t\t<\/div><\/div><\/div>\n","protected":false},"excerpt":{"rendered":"","protected":false},"author":1,"featured_media":0,"parent":0,"menu_order":0,"comment_status":"closed","ping_status":"closed","template":"","meta":{"footnotes":""},"class_list":["post-11546","page","type-page","status-publish","hentry"],"_links":{"self":[{"href":"https:\/\/ake.de\/hu\/wp-json\/wp\/v2\/pages\/11546","targetHints":{"allow":["GET"]}}],"collection":[{"href":"https:\/\/ake.de\/hu\/wp-json\/wp\/v2\/pages"}],"about":[{"href":"https:\/\/ake.de\/hu\/wp-json\/wp\/v2\/types\/page"}],"author":[{"embeddable":true,"href":"https:\/\/ake.de\/hu\/wp-json\/wp\/v2\/users\/1"}],"replies":[{"embeddable":true,"href":"https:\/\/ake.de\/hu\/wp-json\/wp\/v2\/comments?post=11546"}],"version-history":[{"count":12,"href":"https:\/\/ake.de\/hu\/wp-json\/wp\/v2\/pages\/11546\/revisions"}],"predecessor-version":[{"id":12384,"href":"https:\/\/ake.de\/hu\/wp-json\/wp\/v2\/pages\/11546\/revisions\/12384"}],"wp:attachment":[{"href":"https:\/\/ake.de\/hu\/wp-json\/wp\/v2\/media?parent=11546"}],"curies":[{"name":"wp","href":"https:\/\/api.w.org\/{rel}","templated":true}]}}