{"id":11542,"date":"2019-11-13T13:51:55","date_gmt":"2019-11-13T12:51:55","guid":{"rendered":"https:\/\/ake.de\/kezdolap\/"},"modified":"2020-02-27T09:39:30","modified_gmt":"2020-02-27T08:39:30","slug":"kezdolap","status":"publish","type":"page","link":"https:\/\/ake.de\/hu\/","title":{"rendered":"Kezd\u0151lap"},"content":{"rendered":"<p><div class=\"fusion-fullwidth fullwidth-box nonhundred-percent-fullwidth non-hundred-percent-height-scrolling\"  style='background-color: rgba(255,255,255,0);background-position: center center;background-repeat: no-repeat;padding-top:0px;padding-right:0px;padding-bottom:0px;padding-left:0px;'><div class=\"fusion-builder-row fusion-row \"><div  class=\"fusion-layout-column fusion_builder_column fusion_builder_column_1_1  fusion-one-full fusion-column-first fusion-column-last 1_1\"  style='margin-top:0px;margin-bottom:0px;'>\n\t\t\t\t\t<div class=\"fusion-column-wrapper\" style=\"padding: 0px 0px 0px 0px;background-position:left top;background-repeat:no-repeat;-webkit-background-size:cover;-moz-background-size:cover;-o-background-size:cover;background-size:cover;\"  data-bg-url=\"\">\n\t\t\t\t\t\t\n\t\t<!-- MasterSlider -->\n\t\t<div id=\"P_MS62444450169b9\" class=\"master-slider-parent ms-parent-id-121\" style=\"\" >\n\n\t\t\t\n\t\t\t<!-- MasterSlider Main -->\n\t\t\t<div id=\"MS62444450169b9\" class=\"master-slider ms-skin-minimal\" >\n\t\t\t\t \t\t\t\t \n\t\t\t<div  class=\"ms-slide\" data-delay=\"8\" data-fill-mode=\"fill\"   >\n\t\t\t\t\t<img decoding=\"async\" src=\"https:\/\/www.ake.de\/wp-content\/plugins\/masterslider\/public\/assets\/css\/blank.gif\" alt=\"\" title=\"\" data-src=\"https:\/\/www.ake.de\/wp-content\/uploads\/2019\/04\/WerkzeugcollageBanner-4.jpg\" \/>\n\t<a href=\"https:\/\/ake.de\/hu\/szerszamok-iparagankent\/\" target=\"_self\"    ><\/a>\n\n\t\t\t\t\t<div  class=\"ms-layer  msp-cn-8-17\" style=\"\"   data-effect=\"t(true,-150,n,n,n,n,n,n,n,n,n,n,n,n,n)\"   data-ease=\"easeOutQuint\"              data-widthlimit=\"250\"  data-offset-x=\"0\" data-offset-y=\"20\" data-origin=\"tl\"   >\n<h1><span style=\"color: #ffffff;\"><strong>\u00dcdv\u00f6z\u00f6lj\u00fck<\/strong><strong>!<\/strong><\/span><\/h1><\/div>\n\n\n\t\t\t\t<\/div>\n\t\t\t<div  class=\"ms-slide\" data-delay=\"10\" data-fill-mode=\"fill\"   >\n\t\t\t\t\t<img decoding=\"async\" src=\"https:\/\/www.ake.de\/wp-content\/plugins\/masterslider\/public\/assets\/css\/blank.gif\" alt=\"\" title=\"\" data-src=\"https:\/\/www.ake.de\/wp-content\/uploads\/2019\/03\/m\u00f6bel_mit-Logo-2.jpg\" \/>\n\t<a href=\"https:\/\/ake.de\/hu\/butoripar\/\" target=\"_self\"    ><\/a>\n\n\t\t\t\t\t<div  class=\"ms-layer  msp-cn-121-27\" style=\"\"   data-effect=\"t(true,-150,n,n,n,n,n,n,n,n,n,n,n,n,n)\"  data-delay=\"400\" data-ease=\"easeOutQuint\"              data-widthlimit=\"1750\"  data-offset-x=\"0\" data-offset-y=\"100\" data-origin=\"tl\"   >\n<h3 style=\"text-align: right;\"><span style=\"color: #ffffff;\"><em>\"<\/em><em>Az <strong>AKE<\/strong> a legjobb min\u0151s\u00e9g\u0171 \u00e9s a <br \/><\/em><em>leghosszabb \u00e9lettartam\u00fa <br \/>szersz\u00e1mokat biztos\u00edtja <br \/>v\u00e1s\u00e1rl\u00f3inak!\"<\/em><em><br \/><br \/><\/em>- Marco Campana\u00a0<\/span><\/h3><\/div>\n\n\t\t\t\t\t<div  class=\"ms-layer  msp-cn-8-26\" style=\"\"   data-effect=\"t(true,-150,n,n,n,n,n,n,n,n,n,n,n,n,n)\"   data-ease=\"easeOutQuint\"              data-widthlimit=\"250\"  data-offset-x=\"0\" data-offset-y=\"20\" data-origin=\"tl\"   >\n<img loading=\"lazy\" decoding=\"async\" class=\"alignnone wp-image-11100\" src=\"https:\/\/ake.de\/wp-content\/uploads\/2019\/10\/LOGO_Biesse-1.png\" alt=\"\" width=\"204\" height=\"33\" srcset=\"https:\/\/ake.de\/wp-content\/uploads\/2019\/10\/LOGO_Biesse-1-200x33.png 200w, https:\/\/ake.de\/wp-content\/uploads\/2019\/10\/LOGO_Biesse-1-300x49.png 300w, https:\/\/ake.de\/wp-content\/uploads\/2019\/10\/LOGO_Biesse-1-400x65.png 400w, https:\/\/ake.de\/wp-content\/uploads\/2019\/10\/LOGO_Biesse-1-500x81.png 500w, https:\/\/ake.de\/wp-content\/uploads\/2019\/10\/LOGO_Biesse-1-600x98.png 600w, https:\/\/ake.de\/wp-content\/uploads\/2019\/10\/LOGO_Biesse-1-768x125.png 768w, https:\/\/ake.de\/wp-content\/uploads\/2019\/10\/LOGO_Biesse-1-800x130.png 800w, https:\/\/ake.de\/wp-content\/uploads\/2019\/10\/LOGO_Biesse-1-1200x195.png 1200w, https:\/\/ake.de\/wp-content\/uploads\/2019\/10\/LOGO_Biesse-1-1280x208.png 1280w, https:\/\/ake.de\/wp-content\/uploads\/2019\/10\/LOGO_Biesse-1-1500x244.png 1500w, https:\/\/ake.de\/wp-content\/uploads\/2019\/10\/LOGO_Biesse-1-1920x312.png 1920w, https:\/\/ake.de\/wp-content\/uploads\/2019\/10\/LOGO_Biesse-1.png 2354w\" sizes=\"auto, (max-width: 204px) 100vw, 204px\" \/><\/div>\n\n\t\t\t\t\t<img decoding=\"async\"  class=\"ms-layer\" src=\"https:\/\/www.ake.de\/wp-content\/plugins\/masterslider\/public\/assets\/css\/blank.gif\" data-src=\"https:\/\/www.ake.de\/wp-content\/uploads\/2019\/05\/MarcoCampana-3.png\" alt=\"\" style=\"width:300px;\"  data-effect=\"t(true,-150,n,n,n,n,n,n,n,n,n,n,n,n,n)\"  data-delay=\"400\" data-ease=\"easeOutQuint\"        data-type=\"image\"      data-widthlimit=\"500\"    data-offset-x=\"25\" data-offset-y=\"30\" data-origin=\"tl\"  \/>\n\n\n\t\t\t\t<\/div>\n\t\t\t<div  class=\"ms-slide\" data-delay=\"10\" data-fill-mode=\"fill\"   >\n\t\t\t\t\t<img decoding=\"async\" src=\"https:\/\/www.ake.de\/wp-content\/plugins\/masterslider\/public\/assets\/css\/blank.gif\" alt=\"\" title=\"\" data-src=\"https:\/\/www.ake.de\/wp-content\/uploads\/2019\/10\/RohholzStamm.jpg\" \/>\n\t<a href=\"https:\/\/ake.de\/hu\/nyersfa-megmunkalas\/\" target=\"_self\"    ><\/a>\n\n\t\t\t\t\t<div  class=\"ms-layer  msp-cn-121-30\" style=\"\"   data-effect=\"t(true,-150,n,n,n,n,n,n,n,n,n,n,n,n,n)\"  data-delay=\"400\" data-ease=\"easeOutQuint\"              data-widthlimit=\"1750\"  data-offset-x=\"0\" data-offset-y=\"100\" data-origin=\"tl\"   >\n<h3 style=\"text-align: right;\"><span style=\"color: #ffffff;\"><em>\"Az <strong>AKE<\/strong> er\u0151s <br \/><\/em><em>csapattal \u00e1ll <br \/>mellet\u00fcnk<\/em><em>!\"<\/em><\/span><em><br \/><\/em><span style=\"color: #ffffff;\"><em><br \/><\/em>- Stefan Holtmeyer<\/span><\/h3><\/div>\n\n\t\t\t\t\t<div  class=\"ms-layer  msp-cn-8-29\" style=\"\"   data-effect=\"t(true,-150,n,n,n,n,n,n,n,n,n,n,n,n,n)\"   data-ease=\"easeOutQuint\"              data-widthlimit=\"250\"  data-offset-x=\"0\" data-offset-y=\"20\" data-origin=\"tl\"   >\n<img loading=\"lazy\" decoding=\"async\" class=\"alignnone wp-image-11104\" src=\"https:\/\/ake.de\/wp-content\/uploads\/2019\/10\/Holtmeyer.png\" alt=\"\" width=\"204\" height=\"47\" srcset=\"https:\/\/ake.de\/wp-content\/uploads\/2019\/10\/Holtmeyer-200x46.png 200w, https:\/\/ake.de\/wp-content\/uploads\/2019\/10\/Holtmeyer-300x69.png 300w, https:\/\/ake.de\/wp-content\/uploads\/2019\/10\/Holtmeyer-400x92.png 400w, https:\/\/ake.de\/wp-content\/uploads\/2019\/10\/Holtmeyer-500x115.png 500w, https:\/\/ake.de\/wp-content\/uploads\/2019\/10\/Holtmeyer-600x139.png 600w, https:\/\/ake.de\/wp-content\/uploads\/2019\/10\/Holtmeyer-768x177.png 768w, https:\/\/ake.de\/wp-content\/uploads\/2019\/10\/Holtmeyer-800x185.png 800w, https:\/\/ake.de\/wp-content\/uploads\/2019\/10\/Holtmeyer-1200x277.png 1200w, https:\/\/ake.de\/wp-content\/uploads\/2019\/10\/Holtmeyer-1280x296.png 1280w, https:\/\/ake.de\/wp-content\/uploads\/2019\/10\/Holtmeyer-1500x346.png 1500w, https:\/\/ake.de\/wp-content\/uploads\/2019\/10\/Holtmeyer-1920x443.png 1920w, https:\/\/ake.de\/wp-content\/uploads\/2019\/10\/Holtmeyer.png 3071w\" sizes=\"auto, (max-width: 204px) 100vw, 204px\" \/><\/div>\n\n\t\t\t\t\t<img decoding=\"async\"  class=\"ms-layer\" src=\"https:\/\/www.ake.de\/wp-content\/plugins\/masterslider\/public\/assets\/css\/blank.gif\" data-src=\"https:\/\/www.ake.de\/wp-content\/uploads\/2019\/10\/Stefan_Holtmeyer_2019_freisteller_15x10-1.png\" alt=\"\" style=\"width:300px;\"  data-effect=\"t(true,-150,n,n,n,n,n,n,n,n,n,n,n,n,n)\"  data-delay=\"400\" data-ease=\"easeOutQuint\"        data-type=\"image\"      data-widthlimit=\"500\"    data-offset-x=\"13\" data-offset-y=\"30\" data-origin=\"tl\"  \/>\n\n\n\t\t\t\t<\/div>\n\n\t\t\t<\/div>\n\t\t\t<!-- END MasterSlider Main -->\n\n\t\t\t \n\t\t<\/div>\n\t\t<!-- END MasterSlider -->\n\n\t\t<script>\n\t\t( window.MSReady = window.MSReady || [] ).push( function( $ ) {\n\n\t\t\t\"use strict\";\n\t\t\tvar masterslider_69b9 = new MasterSlider();\n\n\t\t\t\/\/ slider controls\n\t\t\tmasterslider_69b9.control('bullets'    ,{ autohide:false, overVideo:true, dir:'h', align:'bottom', space:6 , margin:10  });\n\t\t\t\/\/ slider setup\n\t\t\tmasterslider_69b9.setup(\"MS62444450169b9\", {\n\t\t\t\twidth           : 1920,\n\t\t\t\theight          : 360,\n\t\t\t\tminHeight       : 200,\n\t\t\t\tspace           : 0,\n\t\t\t\tstart           : 1,\n\t\t\t\tgrabCursor      : false,\n\t\t\t\tswipe           : true,\n\t\t\t\tmouse           : false,\n\t\t\t\tkeyboard        : false,\n\t\t\t\tlayout          : \"fullwidth\",\n\t\t\t\twheel           : false,\n\t\t\t\tautoplay        : true,\n                instantStartLayers:false,\n\t\t\t\tmobileBGVideo:false,\n\t\t\t\tloop            : true,\n\t\t\t\tshuffle         : false,\n\t\t\t\tpreload         : 0,\n\t\t\t\theightLimit     : true,\n\t\t\t\tautoHeight      : false,\n\t\t\t\tsmoothHeight    : true,\n\t\t\t\tendPause        : false,\n\t\t\t\toverPause       : true,\n\t\t\t\tfillMode        : \"fill\",\n\t\t\t\tcenterControls  : false,\n\t\t\t\tstartOnAppear   : false,\n\t\t\t\tlayersMode      : \"center\",\n\t\t\t\tautofillTarget  : \"\",\n\t\t\t\thideLayers      : false,\n\t\t\t\tfullscreenMargin: 0,\n\t\t\t\tspeed           : 5,\n\t\t\t\tdir             : \"h\",\n\t\t\t\tresponsive      : true,\n\t\t\t\ttabletWidth     : 768,\n\t\t\t\ttabletHeight    : null,\n\t\t\t\tphoneWidth      : 480,\n\t\t\t\tphoneHeight    : null,\n\t\t\t\tsizingReference : window,\n\t\t\t\tparallaxMode    : 'swipe',\n\t\t\t\tview            : \"basic\"\n\t\t\t});\n\n\t\t\t\n\t\t\twindow.masterslider_instances = window.masterslider_instances || [];\n\t\t\twindow.masterslider_instances.push( masterslider_69b9 );\n\t\t});\n\t\t<\/script>\n\n<div class=\"fusion-clearfix\"><\/div>\n\n\t\t\t\t\t<\/div>\n\t\t\t\t<\/div><\/div><\/div><div class=\"fusion-fullwidth fullwidth-box nonhundred-percent-fullwidth non-hundred-percent-height-scrolling\"  style='background-color: #f4f4f4;background-position: center center;background-repeat: no-repeat;padding-top:0px;padding-right:0px;padding-bottom:0px;padding-left:0px;'><div class=\"fusion-builder-row fusion-row \"><div  class=\"fusion-layout-column fusion_builder_column fusion_builder_column_1_3  fusion-one-third fusion-column-first border-content-start1 fusion-column-inner-bg-wrapper 1_3\"  style='margin-top:20px;margin-bottom:20px;width:33.33%;width:calc(33.33% - ( ( 4% + 4% ) * 0.3333 ) );margin-right: 4%;'>\n\t\t\t\t\t<div class=\"fusion-column-wrapper\" style=\"padding: 0px 0px 0px 0px;\" data-bg-url=\"https:\/\/ake.de\/wp-content\/uploads\/2019\/10\/Gewerbegebiet.jpg\">\n\t\t\t\t\t\t<style type='text\/css'>.reading-box-container-1 .element-bottomshadow:before,.reading-box-container-1 .element-bottomshadow:after{opacity:0.00;}<\/style><div class=\"fusion-reading-box-container reading-box-container-1\" style=\"margin-top:0px;margin-bottom:0px;\"><div class=\"reading-box\" style=\"background-color:rgba(229,229,229,0);border-width:0px;border-color:#b5dd44;border-style:solid;\"><h2>Ipar\u00e1gak<\/h2><div class=\"reading-box-additional fusion-reading-box-additional\">\n<p><span style=\"color: #ffffff;\">Tal\u00e1lja meg az \u00d6n felhaszn\u00e1l\u00e1si<br \/>\nter\u00fclet\u00e9nek megfelel\u0151 szersz\u00e1mokat!<\/span><\/p>\n<\/div><div class=\"fusion-clearfix\"><\/div><\/div><\/div><div class=\"fusion-clearfix\"><\/div>\n\t\t\t\t\t<\/div>\n\t\t\t\t\t<span class=\"fusion-column-inner-bg hover-type-none\">\n\t\t\t\t\t\t<a href=\"https:\/\/ake.de\/hu\/szerszamok-iparagankent\/\" aria-label=\"Ipari ter\u00fclet\">\n\t\t\t\t\t\t\t<span class=\"fusion-column-inner-bg-image\" style=\"background-image: url('https:\/\/ake.de\/wp-content\/uploads\/2019\/10\/Gewerbegebiet.jpg');background-position:left center;background-repeat:no-repeat;-webkit-background-size:cover;-moz-background-size:cover;-o-background-size:cover;background-size:cover;\"><\/span><\/a>\n\t\t\t\t\t<\/span>\n\t\t\t\t<\/div><div  class=\"fusion-layout-column fusion_builder_column fusion_builder_column_1_3  fusion-one-third border-content-start1 fusion-column-inner-bg-wrapper 1_3\"  style='margin-top:20px;margin-bottom:20px;width:33.33%;width:calc(33.33% - ( ( 4% + 4% ) * 0.3333 ) );margin-right: 4%;'>\n\t\t\t\t\t<div class=\"fusion-column-wrapper\" style=\"padding: 0px 0px 0px 0px;\" data-bg-url=\"https:\/\/ake.de\/wp-content\/uploads\/2019\/04\/Gl\u00fchbirne.jpg\">\n\t\t\t\t\t\t<style type='text\/css'>.reading-box-container-2 .element-bottomshadow:before,.reading-box-container-2 .element-bottomshadow:after{opacity:0.00;}<\/style><div class=\"fusion-reading-box-container reading-box-container-2\" style=\"margin-top:0px;margin-bottom:0px;\"><div class=\"reading-box\" style=\"background-color:rgba(229,229,229,0);border-width:0px;border-color:#b5dd44;border-style:solid;\"><h2>M\u00e1rk\u00e1k; term\u00e9kek<\/h2><div class=\"reading-box-additional fusion-reading-box-additional\">\n<p><span style=\"color: #ffffff;\">Tudjon meg t\u00f6bbet m\u00e1rk\u00e1inkr\u00f3l,<br \/>\ntechnol\u00f3gi\u00e1nkr\u00f3l \u00e9s term\u00e9keinkr\u0151l!<\/span><\/p>\n<\/div><div class=\"fusion-clearfix\"><\/div><\/div><\/div><div class=\"fusion-clearfix\"><\/div>\n\t\t\t\t\t<\/div>\n\t\t\t\t\t<span class=\"fusion-column-inner-bg hover-type-none\">\n\t\t\t\t\t\t<a href=\"https:\/\/ake.de\/hu\/markak-termekek\/\" aria-label=\"Villanyk\u00f6rte\">\n\t\t\t\t\t\t\t<span class=\"fusion-column-inner-bg-image\" style=\"background-image: url('https:\/\/ake.de\/wp-content\/uploads\/2019\/04\/Gl\u00fchbirne.jpg');background-position:left center;background-repeat:no-repeat;-webkit-background-size:cover;-moz-background-size:cover;-o-background-size:cover;background-size:cover;\"><\/span><\/a>\n\t\t\t\t\t<\/span>\n\t\t\t\t<\/div><div  class=\"fusion-layout-column fusion_builder_column fusion_builder_column_1_3  fusion-one-third fusion-column-last border-content-start1 fusion-column-inner-bg-wrapper 1_3\"  style='margin-top:20px;margin-bottom:20px;width:33.33%;width:calc(33.33% - ( ( 4% + 4% ) * 0.3333 ) );'>\n\t\t\t\t\t<div class=\"fusion-column-wrapper\" style=\"padding: 0px 0px 0px 0px;\" data-bg-url=\"https:\/\/ake.de\/wp-content\/uploads\/2019\/10\/Katalogeoffen.jpg\">\n\t\t\t\t\t\t<style type='text\/css'>.reading-box-container-3 .element-bottomshadow:before,.reading-box-container-3 .element-bottomshadow:after{opacity:0.00;}<\/style><div class=\"fusion-reading-box-container reading-box-container-3\" style=\"margin-top:0px;margin-bottom:0px;\"><div class=\"reading-box\" style=\"background-color:rgba(229,229,229,0);border-width:0px;border-color:#b5dd44;border-style:solid;\"><h2>Katal\u00f3gusok; bross\u00far\u00e1k<\/h2><div class=\"reading-box-additional fusion-reading-box-additional\">\n<p><span style=\"color: #ffffff;\">Ismerje meg \u00e1tfog\u00f3<br \/>\nterm\u00e9kprogramunkat!<\/span><\/p>\n<\/div><div class=\"fusion-clearfix\"><\/div><\/div><\/div><div class=\"fusion-clearfix\"><\/div>\n\t\t\t\t\t<\/div>\n\t\t\t\t\t<span class=\"fusion-column-inner-bg hover-type-none\">\n\t\t\t\t\t\t<a href=\"https:\/\/ake.de\/hu\/katalogusok-brossurak\/\" aria-label=\"Nyitott katal\u00f3gus\">\n\t\t\t\t\t\t\t<span class=\"fusion-column-inner-bg-image\" style=\"background-image: url('https:\/\/ake.de\/wp-content\/uploads\/2019\/10\/Katalogeoffen.jpg');background-position:left center;background-repeat:no-repeat;-webkit-background-size:cover;-moz-background-size:cover;-o-background-size:cover;background-size:cover;\"><\/span><\/a>\n\t\t\t\t\t<\/span>\n\t\t\t\t<\/div><div  class=\"fusion-layout-column fusion_builder_column fusion_builder_column_1_3  fusion-one-third fusion-column-first border-content-start1 fusion-column-inner-bg-wrapper 1_3\"  style='margin-top:20px;margin-bottom:20px;width:33.33%;width:calc(33.33% - ( ( 4% + 4% ) * 0.3333 ) );margin-right: 4%;'>\n\t\t\t\t\t<div class=\"fusion-column-wrapper\" style=\"padding: 0px 0px 0px 0px;\" data-bg-url=\"https:\/\/ake.de\/wp-content\/uploads\/2019\/04\/AktuellesZeitung.jpg\">\n\t\t\t\t\t\t<style type='text\/css'>.reading-box-container-4 .element-bottomshadow:before,.reading-box-container-4 .element-bottomshadow:after{opacity:0.00;}<\/style><div class=\"fusion-reading-box-container reading-box-container-4\" style=\"margin-top:0px;margin-bottom:0px;\"><div class=\"reading-box\" style=\"background-color:rgba(229,229,229,0);border-width:0px;border-color:#b5dd44;border-style:solid;\"><h2>AKE - Aktualit\u00e1sok<\/h2><div class=\"reading-box-additional fusion-reading-box-additional\">\n<p><span style=\"color: #ffffff;\">A legfontosabb \u00fajdons\u00e1gok<\/p>\n<p><\/span><\/p>\n<\/div><div class=\"fusion-clearfix\"><\/div><\/div><\/div><div class=\"fusion-clearfix\"><\/div>\n\t\t\t\t\t<\/div>\n\t\t\t\t\t<span class=\"fusion-column-inner-bg hover-type-none\">\n\t\t\t\t\t\t<a href=\"https:\/\/ake.de\/hu\/ake-aktualitasok\/\" aria-label=\"Aktuelles\u00dajs\u00e1g\">\n\t\t\t\t\t\t\t<span class=\"fusion-column-inner-bg-image\" style=\"background-image: url('https:\/\/ake.de\/wp-content\/uploads\/2019\/04\/AktuellesZeitung.jpg');background-position:left center;background-repeat:no-repeat;-webkit-background-size:cover;-moz-background-size:cover;-o-background-size:cover;background-size:cover;\"><\/span><\/a>\n\t\t\t\t\t<\/span>\n\t\t\t\t<\/div><div  class=\"fusion-layout-column fusion_builder_column fusion_builder_column_1_3  fusion-one-third border-content-start1 fusion-column-inner-bg-wrapper 1_3\"  style='margin-top:20px;margin-bottom:20px;width:33.33%;width:calc(33.33% - ( ( 4% + 4% ) * 0.3333 ) );margin-right: 4%;'>\n\t\t\t\t\t<div class=\"fusion-column-wrapper\" style=\"padding: 0px 0px 0px 0px;\" data-bg-url=\"https:\/\/ake.de\/wp-content\/uploads\/2019\/04\/UnternehmenH\u00e4nde.jpg\">\n\t\t\t\t\t\t<style type='text\/css'>.reading-box-container-5 .element-bottomshadow:before,.reading-box-container-5 .element-bottomshadow:after{opacity:0.00;}<\/style><div class=\"fusion-reading-box-container reading-box-container-5\" style=\"margin-top:0px;margin-bottom:0px;\"><div class=\"reading-box\" style=\"background-color:rgba(229,229,229,0);border-width:0px;border-color:#b5dd44;border-style:solid;\"><h2>V\u00e1llalat<\/h2><div class=\"reading-box-additional fusion-reading-box-additional\">\n<p><span style=\"color: #ffffff;\">Szeretne t\u00f6bbet megtudni az AKE-r\u00f3l?<br \/>\nSzeretne siker\u00fcnk r\u00e9szes\u00e9v\u00e9 v\u00e1lni?<\/span><\/p>\n<\/div><div class=\"fusion-clearfix\"><\/div><\/div><\/div><div class=\"fusion-clearfix\"><\/div>\n\t\t\t\t\t<\/div>\n\t\t\t\t\t<span class=\"fusion-column-inner-bg hover-type-none\">\n\t\t\t\t\t\t<a href=\"https:\/\/ake.de\/hu\/magunkrol\/\" aria-label=\"V\u00e1llalatKezek\">\n\t\t\t\t\t\t\t<span class=\"fusion-column-inner-bg-image\" style=\"background-image: url('https:\/\/ake.de\/wp-content\/uploads\/2019\/04\/UnternehmenH\u00e4nde.jpg');background-position:left center;background-repeat:no-repeat;-webkit-background-size:cover;-moz-background-size:cover;-o-background-size:cover;background-size:cover;\"><\/span><\/a>\n\t\t\t\t\t<\/span>\n\t\t\t\t<\/div><div  class=\"fusion-layout-column fusion_builder_column fusion_builder_column_1_3  fusion-one-third fusion-column-last border-content-start1 fusion-column-inner-bg-wrapper 1_3\"  style='margin-top:20px;margin-bottom:20px;width:33.33%;width:calc(33.33% - ( ( 4% + 4% ) * 0.3333 ) );'>\n\t\t\t\t\t<div class=\"fusion-column-wrapper\" style=\"padding: 0px 0px 0px 0px;\" data-bg-url=\"https:\/\/ake.de\/wp-content\/uploads\/2019\/04\/KontaktBild-1.jpg\">\n\t\t\t\t\t\t<style type='text\/css'>.reading-box-container-6 .element-bottomshadow:before,.reading-box-container-6 .element-bottomshadow:after{opacity:0.00;}<\/style><div class=\"fusion-reading-box-container reading-box-container-6\" style=\"margin-top:0px;margin-bottom:0px;\"><div class=\"reading-box\" style=\"background-color:rgba(229,229,229,0);border-width:0px;border-color:#b5dd44;border-style:solid;\"><h2>Kapcsolat<\/h2><div class=\"reading-box-additional fusion-reading-box-additional\">\n<p><span style=\"color: #ffffff;\">K\u00e9rd\u00e9s eset\u00e9n l\u00e9pjen<br \/>\nvel\u00fcnk kapcsolatba!<\/span><\/p>\n<\/div><div class=\"fusion-clearfix\"><\/div><\/div><\/div><div class=\"fusion-clearfix\"><\/div>\n\t\t\t\t\t<\/div>\n\t\t\t\t\t<span class=\"fusion-column-inner-bg hover-type-none\">\n\t\t\t\t\t\t<a href=\"https:\/\/ake.de\/hu\/kapcsolat\/\" aria-label=\"KontaktK\u00e9p\">\n\t\t\t\t\t\t\t<span class=\"fusion-column-inner-bg-image\" style=\"background-image: url('https:\/\/ake.de\/wp-content\/uploads\/2019\/04\/KontaktBild-1.jpg');background-position:left center;background-repeat:no-repeat;-webkit-background-size:cover;-moz-background-size:cover;-o-background-size:cover;background-size:cover;\"><\/span><\/a>\n\t\t\t\t\t<\/span>\n\t\t\t\t<\/div><\/div><\/div><\/p>\n","protected":false},"excerpt":{"rendered":"","protected":false},"author":1,"featured_media":0,"parent":0,"menu_order":0,"comment_status":"closed","ping_status":"closed","template":"","meta":{"footnotes":""},"class_list":["post-11542","page","type-page","status-publish","hentry"],"_links":{"self":[{"href":"https:\/\/ake.de\/hu\/wp-json\/wp\/v2\/pages\/11542","targetHints":{"allow":["GET"]}}],"collection":[{"href":"https:\/\/ake.de\/hu\/wp-json\/wp\/v2\/pages"}],"about":[{"href":"https:\/\/ake.de\/hu\/wp-json\/wp\/v2\/types\/page"}],"author":[{"embeddable":true,"href":"https:\/\/ake.de\/hu\/wp-json\/wp\/v2\/users\/1"}],"replies":[{"embeddable":true,"href":"https:\/\/ake.de\/hu\/wp-json\/wp\/v2\/comments?post=11542"}],"version-history":[{"count":10,"href":"https:\/\/ake.de\/hu\/wp-json\/wp\/v2\/pages\/11542\/revisions"}],"predecessor-version":[{"id":12225,"href":"https:\/\/ake.de\/hu\/wp-json\/wp\/v2\/pages\/11542\/revisions\/12225"}],"wp:attachment":[{"href":"https:\/\/ake.de\/hu\/wp-json\/wp\/v2\/media?parent=11542"}],"curies":[{"name":"wp","href":"https:\/\/api.w.org\/{rel}","templated":true}]}}