{"id":11531,"date":"2019-11-13T09:27:00","date_gmt":"2019-11-13T08:27:00","guid":{"rendered":"https:\/\/ake.de\/kapcsolat\/"},"modified":"2020-04-06T10:40:02","modified_gmt":"2020-04-06T09:40:02","slug":"kapcsolat","status":"publish","type":"page","link":"https:\/\/ake.de\/hu\/kapcsolat\/","title":{"rendered":"Kapcsolat"},"content":{"rendered":"<div class=\"fusion-fullwidth fullwidth-box nonhundred-percent-fullwidth non-hundred-percent-height-scrolling\"  style='background-color: rgba(255,255,255,0);background-position: center center;background-repeat: no-repeat;padding-top:0px;padding-right:0px;padding-bottom:0px;padding-left:0px;'><div class=\"fusion-builder-row fusion-row \"><div  class=\"fusion-layout-column fusion_builder_column fusion_builder_column_1_1  fusion-one-full fusion-column-first fusion-column-last 1_1\"  style='margin-top:0px;margin-bottom:0px;'>\n\t\t\t\t\t<div class=\"fusion-column-wrapper\" style=\"padding: 0px 0px 0px 0px;background-position:left top;background-repeat:no-repeat;-webkit-background-size:cover;-moz-background-size:cover;-o-background-size:cover;background-size:cover;\"  data-bg-url=\"\">\n\t\t\t\t\t\t<div class=\"fusion-title title fusion-sep-none fusion-title-size-one\" style=\"margin-top:20px;margin-bottom:0px;\"><h1 class=\"title-heading-left\"><p style=\"text-align: left;\"><span style=\"color: #9d9d9d;\">Kapcsolat &#8211; AKE Hung\u00e1ria Kft<\/span><\/p><\/h1><\/div><div class=\"fusion-clearfix\"><\/div>\n\n\t\t\t\t\t<\/div>\n\t\t\t\t<\/div><div  class=\"fusion-layout-column fusion_builder_column fusion_builder_column_2_5  fusion-two-fifth fusion-column-first 2_5\"  style='margin-top:50px;margin-bottom:0px;width:40%;width:calc(40% - ( ( 4% ) * 0.4 ) );margin-right: 4%;'>\n\t\t\t\t\t<div class=\"fusion-column-wrapper\" style=\"padding: 0px 0px 0px 0px;background-position:left top;background-repeat:no-repeat;-webkit-background-size:cover;-moz-background-size:cover;-o-background-size:cover;background-size:cover;\"  data-bg-url=\"\">\n\t\t\t\t\t\t<div class=\"fusion-text\"><p>Az AKE c\u00e9gcsoport magyarorsz\u00e1gi egys\u00e9g\u00e9nek, a KSS Kft-nek a megalap\u00edt\u00e1s\u00e1ra 1990-ben ker\u00fclt sor Nyugat-Magyarorsz\u00e1gon, Szombathelyen. 2000-t\u0151l a v\u00e1llalat AKE Hung\u00e1ria Kft n\u00e9ven m\u0171k\u00f6dik, \u00e9s ma m\u00e1r Magyarorsz\u00e1g vezet\u0151 f\u0171r\u00e9szlap \u00e9s mar\u00f3szersz\u00e1m gy\u00e1rt\u00f3ja. Az AKE Hung\u00e1ria Kft. term\u00e9kei a legkimagasl\u00f3bb min\u0151s\u00e9get k\u00e9pviselik mind az ipari felhaszn\u00e1l\u00f3k, mind a kis\u00fczemek sz\u00e1m\u00e1ra. A kiv\u00e1l\u00f3 min\u0151s\u00e9g\u0171 standard szersz\u00e1mok el\u0151\u00e1ll\u00edt\u00e1sa mellett a v\u00e1llalat er\u0151ss\u00e9gei k\u00f6z\u00e9 tartozik az egyedi ig\u00e9nyeknek megfelel\u0151 szersz\u00e1mok tervez\u00e9se \u00e9s gy\u00e1rt\u00e1sa, a vev\u0151orient\u00e1lt m\u0171szaki tan\u00e1csad\u00e1s. \u00dczletk\u00f6t\u0151i h\u00e1l\u00f3zatunk az orsz\u00e1g teljes ter\u00fclet\u00e9t lefedi, amely lehet\u0151s\u00e9get biztos\u00edt sz\u00e1munkra, hogy gyorsan, rugalmasan reag\u00e1lhassunk az \u00d6n\u00f6k ig\u00e9nyeire, \u00e9s rendszeres szem\u00e9lyes kapcsolatot \u00e1polhassunk v\u00e1s\u00e1rl\u00f3inkkal.<\/p>\n<\/div><div class=\"fusion-clearfix\"><\/div>\n\n\t\t\t\t\t<\/div>\n\t\t\t\t<\/div><div  class=\"fusion-layout-column fusion_builder_column fusion_builder_column_3_5  fusion-three-fifth fusion-column-last 3_5\"  style='margin-top:0px;margin-bottom:0px;width:60%;width:calc(60% - ( ( 4% ) * 0.6 ) );'>\n\t\t\t\t\t<div class=\"fusion-column-wrapper\" style=\"padding: 0px 0px 0px 0px;background-position:left top;background-repeat:no-repeat;-webkit-background-size:cover;-moz-background-size:cover;-o-background-size:cover;background-size:cover;\"  data-bg-url=\"\">\n\t\t\t\t\t\t <!-- start Fla-shop.com HTML5 Map --> <div class='hungaryHtml5Mapbottom htmlMapResponsive' style='max-width:980px'><div id='hungary-html5-map-map-container_0' class='hungaryHtml5MapContainer' data-map-variable='hungaryhtml5map_map_0'><\/div><div style='clear:both; height: 20px;'><\/div> <style> #hungary-html5-map-map-container_0 { } #hungary-html5-map-map-container_0 .fm-tooltip-name { color: #000000; font-size: 20px; } #hungary-html5-map-map-container_0 .fm-tooltip-comment { } #hungary-html5-map-map-container_0 .fm-tooltip-comment p { } @media only screen and (max-width: 480px) { #hungary-html5-map-map-container_0 { float: none; width: 100%; } } <\/style><script type=\"text\/javascript\"> jQuery(function(){ var hightlighted = null; hungaryhtml5map_map_0 = new flashophungarymap(hungaryhtml5map_map_cfg_0); hungaryhtml5map_map_0.draw('hungary-html5-map-map-container_0'); hungaryhtml5map_map_0.on('mousein', function(ev, sid, map) { if (hightlighted && sid != hightlighted) { map.stateHighlightOut(hightlighted); hightlighted = null; } }); var html5map_onclick = function(ev, sid, map) { var cfg = hungaryhtml5map_map_cfg_0; var link = map.fetchStateAttr(sid, 'link'); var is_group = map.fetchStateAttr(sid, 'group'); var popup_id = map.fetchStateAttr(sid, 'popup-id'); var is_group_info = false; if (typeof cfg.map_data[sid] !== 'undefined') jQuery('#hungary-html5-map-selector_0').val(sid); else jQuery('#hungary-html5-map-selector_0').val(''); if (is_group==undefined) { if (sid.substr(0,1)=='p') { popup_id = map.fetchPointAttr(sid, 'popup_id'); link = map.fetchPointAttr(sid, 'link'); } } else if (typeof cfg.groups[is_group]['ignore_link'] == 'undefined' || ! cfg.groups[is_group].ignore_link) { link = cfg.groups[is_group].link; popup_id = cfg.groups[is_group]['popup_id']; is_group_info = true; } if (link=='#popup') { if (typeof SG_POPUP_DATA == \"object\") { if (popup_id in SG_POPUP_DATA) { SGPopup.prototype.showPopup(popup_id,false); } else { jQuery.ajax({ type: 'POST', url: 'https:\/\/ake.de\/index.php?hungaryhtml5map_get_popup', data: {popup_id:popup_id}, }).done(function(data) { jQuery('body').append(data); SGPopup.prototype.showPopup(popup_id,false); }); } } else if (typeof SGPBPopup == \"function\") { var popup = SGPBPopup.createPopupObjById(popup_id); popup.prepareOpen(); popup.open(); } return false; } if (link == '#info') { var id = is_group_info ? is_group : (sid.substr(0,1)=='p' ? sid : map.fetchStateAttr(sid, 'id')); jQuery('#hungary-html5-map-state-info_0').html('Loading...'); jQuery.ajax({ type: 'POST', url: 'https:\/\/ake.de\/index.php?hungaryhtml5map_get_'+(is_group_info ? 'group' : 'state')+'_info='+id+'&map_id=0', success: function(data, textStatus, jqXHR){ jQuery('#hungary-html5-map-state-info_0').html(data); }, dataType: 'text' }); return false; } if (ev===null && link!='') { if (!jQuery('.html5dummilink').length) { jQuery('body').append('<a href=\"#\" class=\"html5dummilink\" style=\"display:none\"><\/a>'); } jQuery('.html5dummilink').attr('href',link).attr('target',(map.fetchStateAttr(sid, 'isNewWindow') ? '_blank' : '_self'))[0].click(); } }; hungaryhtml5map_map_0.on('click',html5map_onclick); }); <\/script><div id='hungary-html5-map-state-info_0' class='hungaryHtml5MapStateInfo'><\/div> <\/div> <div style='clear: both'><\/div> <!-- end HTML5 Map --> <div class=\"fusion-clearfix\"><\/div>\n\n\t\t\t\t\t<\/div>\n\t\t\t\t<\/div><\/div><\/div>\n","protected":false},"excerpt":{"rendered":"","protected":false},"author":1,"featured_media":0,"parent":0,"menu_order":0,"comment_status":"closed","ping_status":"closed","template":"","meta":{"footnotes":""},"class_list":["post-11531","page","type-page","status-publish","hentry"],"_links":{"self":[{"href":"https:\/\/ake.de\/hu\/wp-json\/wp\/v2\/pages\/11531","targetHints":{"allow":["GET"]}}],"collection":[{"href":"https:\/\/ake.de\/hu\/wp-json\/wp\/v2\/pages"}],"about":[{"href":"https:\/\/ake.de\/hu\/wp-json\/wp\/v2\/types\/page"}],"author":[{"embeddable":true,"href":"https:\/\/ake.de\/hu\/wp-json\/wp\/v2\/users\/1"}],"replies":[{"embeddable":true,"href":"https:\/\/ake.de\/hu\/wp-json\/wp\/v2\/comments?post=11531"}],"version-history":[{"count":13,"href":"https:\/\/ake.de\/hu\/wp-json\/wp\/v2\/pages\/11531\/revisions"}],"predecessor-version":[{"id":12485,"href":"https:\/\/ake.de\/hu\/wp-json\/wp\/v2\/pages\/11531\/revisions\/12485"}],"wp:attachment":[{"href":"https:\/\/ake.de\/hu\/wp-json\/wp\/v2\/media?parent=11531"}],"curies":[{"name":"wp","href":"https:\/\/api.w.org\/{rel}","templated":true}]}}