{"id":11525,"date":"2019-11-13T09:25:40","date_gmt":"2019-11-13T08:25:40","guid":{"rendered":"https:\/\/ake.de\/ertekesites\/"},"modified":"2020-02-27T13:51:19","modified_gmt":"2020-02-27T12:51:19","slug":"ertekesites","status":"publish","type":"page","link":"https:\/\/ake.de\/hu\/ertekesites\/","title":{"rendered":"\u00c9rt\u00e9kes\u00edt\u00e9s"},"content":{"rendered":"<p><div class=\"fusion-fullwidth fullwidth-box nonhundred-percent-fullwidth non-hundred-percent-height-scrolling\"  style='background-color: rgba(255,255,255,0);background-position: center center;background-repeat: no-repeat;padding-top:0px;padding-right:0px;padding-bottom:0px;padding-left:0px;'><div class=\"fusion-builder-row fusion-row \"><div  class=\"fusion-layout-column fusion_builder_column fusion_builder_column_1_1  fusion-one-full fusion-column-first fusion-column-last 1_1\"  style='margin-top:0px;margin-bottom:20px;'>\n\t\t\t\t\t<div class=\"fusion-column-wrapper\" style=\"padding: 0px 0px 0px 0px;background-position:left top;background-repeat:no-repeat;-webkit-background-size:cover;-moz-background-size:cover;-o-background-size:cover;background-size:cover;\"  data-bg-url=\"\">\n\t\t\t\t\t\t<div class=\"fusion-title title fusion-sep-none fusion-title-size-one\" style=\"margin-top:20px;margin-bottom:0px;\"><h1 class=\"title-heading-left\"><p style=\"text-align: left;\"><span style=\"color: #9d9d9d;\">Term\u00e9kek szakkeresked\u0151knek<\/span><\/p><\/h1><\/div>\n\t\t<!-- MasterSlider -->\n\t\t<div id=\"P_MS6245ccc7ec558\" class=\"master-slider-parent ms-parent-id-135\" style=\"\" >\n\n\t\t\t\n\t\t\t<!-- MasterSlider Main -->\n\t\t\t<div id=\"MS6245ccc7ec558\" class=\"master-slider ms-skin-default\" >\n\t\t\t\t \t\t\t\t \n<div class=\"ms-overlay-layers\">\t\t\t\t\t<div  class=\"ms-layer  msp-cn-24-18\" style=\"\"   data-effect=\"t(true,-150,n,n,n,n,n,n,n,n,n,n,n,n,n)\"  data-delay=\"400\" data-ease=\"easeOutQuint\"              data-widthlimit=\"1750\"  data-offset-x=\"0\" data-offset-y=\"120\" data-origin=\"tl\"   >\n<h3 style=\"text-align: right;\"><span style=\"color: #ffffff;\"><em>\"Az <strong>AKE<\/strong>-val egyed\u00fcl\u00e1ll\u00f3 <br \/>el\u0151ny\u00f6ket tudunk k\u00edn\u00e1lni <br \/>v\u00e1s\u00e1rl\u00f3inknak!\"<\/em><\/span><em><br \/><\/em><span style=\"color: #ffffff;\"><em><br \/><\/em>- Sam Travers<\/span><em><br \/><\/em><\/h3><\/div>\n\n\t\t\t\t\t<div  class=\"ms-layer  msp-cn-24-17\" style=\"\"   data-effect=\"t(true,-150,n,n,n,n,n,n,n,n,n,n,n,n,n)\"   data-ease=\"easeOutQuint\"              data-widthlimit=\"500\"  data-offset-x=\"0\" data-offset-y=\"20\" data-origin=\"tl\"   >\n<h2 style=\"text-align: left;\"><strong><img loading=\"lazy\" decoding=\"async\" class=\"alignnone wp-image-8011\" src=\"https:\/\/ake.de\/wp-content\/uploads\/2019\/04\/LOGO_Salestech.png\" alt=\"\" width=\"204\" height=\"33\" srcset=\"https:\/\/ake.de\/wp-content\/uploads\/2019\/04\/LOGO_Salestech-200x33.png 200w, https:\/\/ake.de\/wp-content\/uploads\/2019\/04\/LOGO_Salestech-300x49.png 300w, https:\/\/ake.de\/wp-content\/uploads\/2019\/04\/LOGO_Salestech-400x65.png 400w, https:\/\/ake.de\/wp-content\/uploads\/2019\/04\/LOGO_Salestech-600x98.png 600w, https:\/\/ake.de\/wp-content\/uploads\/2019\/04\/LOGO_Salestech-768x125.png 768w, https:\/\/ake.de\/wp-content\/uploads\/2019\/04\/LOGO_Salestech-800x130.png 800w, https:\/\/ake.de\/wp-content\/uploads\/2019\/04\/LOGO_Salestech-1200x195.png 1200w, https:\/\/ake.de\/wp-content\/uploads\/2019\/04\/LOGO_Salestech-1500x244.png 1500w, https:\/\/ake.de\/wp-content\/uploads\/2019\/04\/LOGO_Salestech.png 2354w\" sizes=\"auto, (max-width: 204px) 100vw, 204px\" \/><br \/><\/strong><\/h2><\/div>\n\n\t\t\t\t\t<img decoding=\"async\"  class=\"ms-layer\" src=\"https:\/\/www.ake.de\/wp-content\/plugins\/masterslider\/public\/assets\/css\/blank.gif\" data-src=\"https:\/\/www.ake.de\/wp-content\/uploads\/2019\/05\/SamTravers.png\" alt=\"\" style=\"width:280px;\"  data-effect=\"t(true,-500,n,n,n,n,n,n,n,n,n,n,n,n,n)\" data-duration=\"600\"  data-ease=\"easeOutQuint\"        data-type=\"image\"      data-widthlimit=\"500\"    data-offset-x=\"5\" data-offset-y=\"30\" data-origin=\"tl\"  \/>\n\n<\/div>\n\t\t\t<div  class=\"ms-slide\" data-delay=\"3\" data-fill-mode=\"fill\"   >\n\t\t\t\t\t<img decoding=\"async\" src=\"https:\/\/www.ake.de\/wp-content\/plugins\/masterslider\/public\/assets\/css\/blank.gif\" alt=\"\" title=\"\" data-src=\"https:\/\/www.ake.de\/wp-content\/uploads\/2019\/04\/Handel-1.jpg\" \/>\n\n\n\t\t\t\t<\/div>\n\n\t\t\t<\/div>\n\t\t\t<!-- END MasterSlider Main -->\n\n\t\t\t \n\t\t<\/div>\n\t\t<!-- END MasterSlider -->\n\n\t\t<script>\n\t\t( window.MSReady = window.MSReady || [] ).push( function( $ ) {\n\n\t\t\t\"use strict\";\n\t\t\tvar masterslider_c558 = new MasterSlider();\n\n\t\t\t\/\/ slider controls\n\t\t\t\/\/ slider setup\n\t\t\tmasterslider_c558.setup(\"MS6245ccc7ec558\", {\n\t\t\t\twidth           : 1920,\n\t\t\t\theight          : 360,\n\t\t\t\tminHeight       : 200,\n\t\t\t\tspace           : 0,\n\t\t\t\tstart           : 1,\n\t\t\t\tgrabCursor      : true,\n\t\t\t\tswipe           : false,\n\t\t\t\tmouse           : false,\n\t\t\t\tkeyboard        : false,\n\t\t\t\tlayout          : \"fullwidth\",\n\t\t\t\twheel           : false,\n\t\t\t\tautoplay        : false,\n                instantStartLayers:false,\n\t\t\t\tmobileBGVideo:false,\n\t\t\t\tloop            : false,\n\t\t\t\tshuffle         : false,\n\t\t\t\tpreload         : 'all',\n\t\t\t\theightLimit     : true,\n\t\t\t\tautoHeight      : false,\n\t\t\t\tsmoothHeight    : true,\n\t\t\t\tendPause        : false,\n\t\t\t\toverPause       : false,\n\t\t\t\tfillMode        : \"fill\",\n\t\t\t\tcenterControls  : false,\n\t\t\t\tstartOnAppear   : false,\n\t\t\t\tlayersMode      : \"center\",\n\t\t\t\tautofillTarget  : \"\",\n\t\t\t\thideLayers      : false,\n\t\t\t\tfullscreenMargin: 0,\n\t\t\t\tspeed           : 20,\n\t\t\t\tdir             : \"h\",\n\t\t\t\tresponsive      : true,\n\t\t\t\ttabletWidth     : 768,\n\t\t\t\ttabletHeight    : null,\n\t\t\t\tphoneWidth      : 480,\n\t\t\t\tphoneHeight    : null,\n\t\t\t\tsizingReference : window,\n\t\t\t\tparallaxMode    : 'swipe',\n\t\t\t\tview            : \"fade\"\n\t\t\t});\n\n\t\t\t\n\t\t\twindow.masterslider_instances = window.masterslider_instances || [];\n\t\t\twindow.masterslider_instances.push( masterslider_c558 );\n\t\t});\n\t\t<\/script>\n\n<div class=\"fusion-clearfix\"><\/div>\n\n\t\t\t\t\t<\/div>\n\t\t\t\t<\/div><div  class=\"fusion-layout-column fusion_builder_column fusion_builder_column_1_5  fusion-one-fifth fusion-column-first 1_5\"  style='margin-top:0px;margin-bottom:0px;width:20%;width:calc(20% - ( ( 4% + 4% ) * 0.2 ) );margin-right: 4%;'>\n\t\t\t\t\t<div class=\"fusion-column-wrapper\" style=\"padding: 0px 0px 0px 0px;background-position:left top;background-repeat:no-repeat;-webkit-background-size:cover;-moz-background-size:cover;-o-background-size:cover;background-size:cover;\"  data-bg-url=\"\">\n\t\t\t\t\t\t<div class=\"fusion-clearfix\"><\/div>\n\n\t\t\t\t\t<\/div>\n\t\t\t\t<\/div><div  class=\"fusion-layout-column fusion_builder_column fusion_builder_column_3_5  fusion-three-fifth 3_5\"  style='margin-top:0px;margin-bottom:20px;width:60%;width:calc(60% - ( ( 4% + 4% ) * 0.6 ) );margin-right: 4%;'>\n\t\t\t\t\t<div class=\"fusion-column-wrapper\" style=\"padding: 0px 0px 0px 0px;background-position:left top;background-repeat:no-repeat;-webkit-background-size:cover;-moz-background-size:cover;-o-background-size:cover;background-size:cover;\"  data-bg-url=\"\">\n\t\t\t\t\t\t<div class=\"fusion-text\"><h3 style=\"text-align: left;\"><strong>AKE &#8211; az ipar \u00e9s kisipar szakkeresked\u0151inek megb\u00edzhat\u00f3 partnere<br \/>\n<\/strong><\/h3>\n<\/div><div class=\"fusion-text\"><p>A kompetens partnerek fontosak sz\u00e1munkra, mert csak csapatmunk\u00e1val juthatunk el\u0151bbre.<br \/>\nEz\u00e9rt keres\u00fcnk folyamatosan olyan partnereket, akik \u00e9rt\u00e9kes\u00edtik term\u00e9keinket.<\/p>\n<p><strong>Fontos sz\u00e1munkra a megb\u00edzhat\u00f3s\u00e1g<\/strong><\/p>\n<p>Hosszan tart\u00f3, sikeres partneri kapcsolatokat \u00e9p\u00edt\u00fcnk, mert \u00fagy gondoljuk, hogy\u00a0 csak folyamatos kapcsolattart\u00e1ssal \u00e9p\u00edthet\u0151 \u00e9s b\u0151v\u00edthet\u0151 egy m\u0171k\u00f6d\u0151 \u00e9s hat\u00e9kony \u00e9rt\u00e9kes\u00edt\u00e9si h\u00e1l\u00f3zat.<\/p>\n<\/div><div class=\"fusion-clearfix\"><\/div>\n\n\t\t\t\t\t<\/div>\n\t\t\t\t<\/div><div  class=\"fusion-layout-column fusion_builder_column fusion_builder_column_1_5  fusion-one-fifth fusion-column-last 1_5\"  style='margin-top:0px;margin-bottom:0px;width:20%;width:calc(20% - ( ( 4% + 4% ) * 0.2 ) );'>\n\t\t\t\t\t<div class=\"fusion-column-wrapper\" style=\"padding: 0px 0px 0px 0px;background-position:left top;background-repeat:no-repeat;-webkit-background-size:cover;-moz-background-size:cover;-o-background-size:cover;background-size:cover;\"  data-bg-url=\"\">\n\t\t\t\t\t\t<div class=\"fusion-clearfix\"><\/div>\n\n\t\t\t\t\t<\/div>\n\t\t\t\t<\/div><div  class=\"fusion-layout-column fusion_builder_column fusion_builder_column_1_1  fusion-one-full fusion-column-first fusion-column-last 1_1\"  style='margin-top:0px;margin-bottom:0px;'>\n\t\t\t\t\t<div class=\"fusion-column-wrapper\" style=\"padding: 0px 0px 0px 0px;background-position:left top;background-repeat:no-repeat;-webkit-background-size:cover;-moz-background-size:cover;-o-background-size:cover;background-size:cover;\"  data-bg-url=\"\">\n\t\t\t\t\t\t<div class=\"fusion-sep-clear\"><\/div><div class=\"fusion-separator fusion-full-width-sep sep-shadow\" style=\"background:radial-gradient(ellipse at 50% -50% , #9d9d9d 0px, rgba(255, 255, 255, 0) 80%) repeat scroll 0 0 rgba(0, 0, 0, 0);background:-webkit-radial-gradient(ellipse at 50% -50% , #9d9d9d 0px, rgba(255, 255, 255, 0) 80%) repeat scroll 0 0 rgba(0, 0, 0, 0);background:-moz-radial-gradient(ellipse at 50% -50% , #9d9d9d 0px, rgba(255, 255, 255, 0) 80%) repeat scroll 0 0 rgba(0, 0, 0, 0);background:-o-radial-gradient(ellipse at 50% -50% , #9d9d9d 0px, rgba(255, 255, 255, 0) 80%) repeat scroll 0 0 rgba(0, 0, 0, 0);margin-left: auto;margin-right: auto;margin-top:;margin-bottom:20px;\"><\/div><div class=\"fusion-clearfix\"><\/div>\n\n\t\t\t\t\t<\/div>\n\t\t\t\t<\/div><div  class=\"fusion-layout-column fusion_builder_column fusion_builder_column_2_3  fusion-two-third fusion-column-first 2_3\"  style='margin-top:20px;margin-bottom:0px;width:66.66%;width:calc(66.66% - ( ( 4% ) * 0.6666 ) );margin-right: 4%;'>\n\t\t\t\t\t<div class=\"fusion-column-wrapper\" style=\"padding: 0px 0px 0px 0px;background-position:left top;background-repeat:no-repeat;-webkit-background-size:cover;-moz-background-size:cover;-o-background-size:cover;background-size:cover;\"  data-bg-url=\"\">\n\t\t\t\t\t\t<span class=\"fusion-imageframe imageframe-none imageframe-1 hover-type-none\"><img loading=\"lazy\" decoding=\"async\" src=\"https:\/\/ake.de\/wp-content\/uploads\/2019\/04\/Handel_Werkzeugkollage.jpg\" width=\"1500\" height=\"400\" alt=\"\" title=\"Handel_Werkzeugkollage\" class=\"img-responsive wp-image-8027\" srcset=\"https:\/\/ake.de\/wp-content\/uploads\/2019\/04\/Handel_Werkzeugkollage-200x53.jpg 200w, https:\/\/ake.de\/wp-content\/uploads\/2019\/04\/Handel_Werkzeugkollage-400x107.jpg 400w, https:\/\/ake.de\/wp-content\/uploads\/2019\/04\/Handel_Werkzeugkollage-600x160.jpg 600w, https:\/\/ake.de\/wp-content\/uploads\/2019\/04\/Handel_Werkzeugkollage-800x213.jpg 800w, https:\/\/ake.de\/wp-content\/uploads\/2019\/04\/Handel_Werkzeugkollage-1200x320.jpg 1200w, https:\/\/ake.de\/wp-content\/uploads\/2019\/04\/Handel_Werkzeugkollage.jpg 1500w\" sizes=\"auto, (max-width: 1200px) 100vw, 1200px\" \/><\/span><div class=\"fusion-clearfix\"><\/div>\n\n\t\t\t\t\t<\/div>\n\t\t\t\t<\/div><div  class=\"fusion-layout-column fusion_builder_column fusion_builder_column_1_3  fusion-one-third fusion-column-last 1_3\"  style='margin-top:0px;margin-bottom:0px;width:33.33%;width:calc(33.33% - ( ( 4% ) * 0.3333 ) );'>\n\t\t\t\t\t<div class=\"fusion-column-wrapper\" style=\"padding: 0px 0px 0px 0px;background-position:left top;background-repeat:no-repeat;-webkit-background-size:cover;-moz-background-size:cover;-o-background-size:cover;background-size:cover;\"  data-bg-url=\"\">\n\t\t\t\t\t\t<div class=\"fusion-text\"><h3 style=\"text-align: left;\"><strong>Minden ig\u00e9nynek megfelel\u0151 szerviz<\/strong><\/h3>\n<\/div><div class=\"fusion-text\"><p>Mindegy, hogy a szersz\u00e1mokat k\u00f6zvetlen\u00fcl n\u00e1lunk vagy egy szakkeresked\u0151n\u00e9l szerezte be, mi biztos\u00edtjuk a h\u00e1tteret! \u00c1tfog\u00f3 szerviz aj\u00e1nlatunknak k\u00f6sz\u00f6nhet\u0151en minden vev\u0151i ig\u00e9nyt egyedileg teljes\u00edt\u00fcnk.<br \/>\nA kapcsolattart\u00f3inkon kereszt\u00fcl azonnal seg\u00edts\u00e9get ny\u00fajtunk \u00d6nnek, \u00e9s egy k\u00f6telezetts\u00e9g n\u00e9lk\u00fcli aj\u00e1nlatot k\u00e9sz\u00edt\u00fcnk. Aj\u00e1nlatunk \u00e1tfog\u00f3, \u00edgy az \u00d6n vev\u0151i \u00d6n\u00f6n kereszt\u00fcl a szersz\u00e1mokat n\u00e1lunk \u00e9leztethetik.<\/p>\n<\/div><div class=\"fusion-clearfix\"><\/div>\n\n\t\t\t\t\t<\/div>\n\t\t\t\t<\/div><div  class=\"fusion-layout-column fusion_builder_column fusion_builder_column_1_3  fusion-one-third fusion-column-first 1_3\"  style='margin-top:20px;margin-bottom:20px;width:33.33%;width:calc(33.33% - ( ( 4% ) * 0.3333 ) );margin-right: 4%;'>\n\t\t\t\t\t<div class=\"fusion-column-wrapper\" style=\"padding: 0px 0px 0px 0px;background-position:left top;background-repeat:no-repeat;-webkit-background-size:cover;-moz-background-size:cover;-o-background-size:cover;background-size:cover;\"  data-bg-url=\"\">\n\t\t\t\t\t\t<div class=\"fusion-text\"><h3 style=\"text-align: left;\"><strong>Szersz\u00e1mok kisiparosok sz\u00e1m\u00e1ra profi sz\u00ednvonalon.<br \/>\n<\/strong><\/h3>\n<\/div><div class=\"fusion-text\"><p><span class=\"exampleContent\">\u201eblueline by AKE\u201c \u2013 az ig\u00e9nyes kisiparosok m\u00e1rk\u00e1ja. Magas min\u0151s\u00e9gi sz\u00ednvonalat k\u00e9pvisel\u0151 szersz\u00e1mok el\u00e9rhet\u0151 \u00e1ron, melyek sokf\u00e9les\u00e9ge minden ig\u00e9nyt kiel\u00e9g\u00edt.<br \/>\nAz A|K|E 50 \u00e9ve gy\u00e1rt min\u0151s\u00e9gi szersz\u00e1mokat az ipari felhaszn\u00e1l\u00f3k r\u00e9sz\u00e9re. A blueline sorozattal most a kisiparosok is profit\u00e1lhatnak abb\u00f3l a sok\u00e9ves tapasztalatunkb\u00f3l, melyet az ig\u00e9nyes szersz\u00e1mok gy\u00e1rt\u00e1sa ter\u00fclet\u00e9n szerezt\u00fcnk.<\/span><\/p>\n<\/div><div class=\"fusion-clearfix\"><\/div>\n\n\t\t\t\t\t<\/div>\n\t\t\t\t<\/div><div  class=\"fusion-layout-column fusion_builder_column fusion_builder_column_2_3  fusion-two-third fusion-column-last 2_3\"  style='margin-top:40px;margin-bottom:30px;width:66.66%;width:calc(66.66% - ( ( 4% ) * 0.6666 ) );'>\n\t\t\t\t\t<div class=\"fusion-column-wrapper\" style=\"padding: 0px 0px 0px 0px;background-position:left top;background-repeat:no-repeat;-webkit-background-size:cover;-moz-background-size:cover;-o-background-size:cover;background-size:cover;\"  data-bg-url=\"\">\n\t\t\t\t\t\t<span class=\"fusion-imageframe imageframe-none imageframe-2 hover-type-none\"><img loading=\"lazy\" decoding=\"async\" src=\"https:\/\/ake.de\/wp-content\/uploads\/2019\/10\/blueline.jpg\" width=\"1500\" height=\"400\" alt=\"\" title=\"blueline\" class=\"img-responsive wp-image-11705\" srcset=\"https:\/\/ake.de\/wp-content\/uploads\/2019\/10\/blueline-200x53.jpg 200w, https:\/\/ake.de\/wp-content\/uploads\/2019\/10\/blueline-400x107.jpg 400w, https:\/\/ake.de\/wp-content\/uploads\/2019\/10\/blueline-600x160.jpg 600w, https:\/\/ake.de\/wp-content\/uploads\/2019\/10\/blueline-800x213.jpg 800w, https:\/\/ake.de\/wp-content\/uploads\/2019\/10\/blueline-1200x320.jpg 1200w, https:\/\/ake.de\/wp-content\/uploads\/2019\/10\/blueline.jpg 1500w\" sizes=\"auto, (max-width: 1200px) 100vw, 1200px\" \/><\/span><div class=\"fusion-clearfix\"><\/div>\n\n\t\t\t\t\t<\/div>\n\t\t\t\t<\/div><\/div><\/div><div class=\"fusion-fullwidth fullwidth-box nonhundred-percent-fullwidth non-hundred-percent-height-scrolling\"  style='background-color: rgba(255,255,255,0);background-position: center center;background-repeat: no-repeat;padding-top:0px;padding-right:0px;padding-bottom:0px;padding-left:0px;'><div class=\"fusion-builder-row fusion-row \"><div  class=\"fusion-layout-column fusion_builder_column fusion_builder_column_1_1  fusion-one-full fusion-column-first fusion-column-last 1_1\"  style='margin-top:0px;margin-bottom:0px;'>\n\t\t\t\t\t<div class=\"fusion-column-wrapper\" style=\"padding: 0px 0px 0px 0px;background-position:left top;background-repeat:no-repeat;-webkit-background-size:cover;-moz-background-size:cover;-o-background-size:cover;background-size:cover;\"  data-bg-url=\"\">\n\t\t\t\t\t\t<div class=\"fusion-sep-clear\"><\/div><div class=\"fusion-separator fusion-full-width-sep sep-shadow\" style=\"background:radial-gradient(ellipse at 50% -50% , #9d9d9d 0px, rgba(255, 255, 255, 0) 80%) repeat scroll 0 0 rgba(0, 0, 0, 0);background:-webkit-radial-gradient(ellipse at 50% -50% , #9d9d9d 0px, rgba(255, 255, 255, 0) 80%) repeat scroll 0 0 rgba(0, 0, 0, 0);background:-moz-radial-gradient(ellipse at 50% -50% , #9d9d9d 0px, rgba(255, 255, 255, 0) 80%) repeat scroll 0 0 rgba(0, 0, 0, 0);background:-o-radial-gradient(ellipse at 50% -50% , #9d9d9d 0px, rgba(255, 255, 255, 0) 80%) repeat scroll 0 0 rgba(0, 0, 0, 0);margin-left: auto;margin-right: auto;margin-top:;margin-bottom:30px;\"><\/div><div class=\"fusion-text\"><h3 style=\"text-align: center;\"><strong>Highlights<\/strong><\/h3>\n<\/div><div class=\"fusion-clearfix\"><\/div>\n\n\t\t\t\t\t<\/div>\n\t\t\t\t<\/div><div  class=\"fusion-layout-column fusion_builder_column fusion_builder_column_1_2  fusion-one-half fusion-column-first border-content-start1 fusion-column-inner-bg-wrapper 1_2\"  style='margin-top:20px;margin-bottom:20px;width:50%;width:calc(50% - ( ( 4% ) * 0.5 ) );margin-right: 4%;'>\n\t\t\t\t\t<div class=\"fusion-column-wrapper\" style=\"padding: 0px 0px 0px 0px;\" data-bg-url=\"https:\/\/ake.de\/wp-content\/uploads\/2019\/05\/bluelinebuttonneu.jpg\">\n\t\t\t\t\t\t<style type='text\/css'>.reading-box-container-1 .element-bottomshadow:before,.reading-box-container-1 .element-bottomshadow:after{opacity:0.00;}<\/style><div class=\"fusion-reading-box-container reading-box-container-1\" style=\"margin-top:0px;margin-bottom:0px;\"><div class=\"reading-box\" style=\"background-color:rgba(229,229,229,0);border-width:0px;border-color:#b5dd44;border-style:solid;\"><h2>blueline<\/h2><div class=\"reading-box-additional fusion-reading-box-additional\">\n<p><span style=\"color: #ffffff;\">hagyja,<br \/>\nhogy elk\u00e1pr\u00e1ztassuk.<br \/>\n<\/span><\/p>\n<\/div><div class=\"fusion-clearfix\"><\/div><\/div><\/div><div class=\"fusion-clearfix\"><\/div>\n\t\t\t\t\t<\/div>\n\t\t\t\t\t<span class=\"fusion-column-inner-bg hover-type-none\">\n\t\t\t\t\t\t<a href=\"https:\/\/ake.de\/hu\/blueline\/\" aria-label=\"bluelinebuttonneu\">\n\t\t\t\t\t\t\t<span class=\"fusion-column-inner-bg-image\" style=\"background-image: url('https:\/\/ake.de\/wp-content\/uploads\/2019\/05\/bluelinebuttonneu.jpg');background-position:left center;background-repeat:no-repeat;-webkit-background-size:cover;-moz-background-size:cover;-o-background-size:cover;background-size:cover;\"><\/span><\/a>\n\t\t\t\t\t<\/span>\n\t\t\t\t<\/div><div  class=\"fusion-layout-column fusion_builder_column fusion_builder_column_1_2  fusion-one-half fusion-column-last border-content-start1 fusion-column-inner-bg-wrapper 1_2\"  style='margin-top:20px;margin-bottom:20px;width:50%;width:calc(50% - ( ( 4% ) * 0.5 ) );'>\n\t\t\t\t\t<div class=\"fusion-column-wrapper\" style=\"padding: 10px 0px 10px 0px;\" data-bg-url=\"https:\/\/ake.de\/wp-content\/uploads\/2019\/10\/RtaAllg.jpg\">\n\t\t\t\t\t\t<style type='text\/css'>.reading-box-container-2 .element-bottomshadow:before,.reading-box-container-2 .element-bottomshadow:after{opacity:0.00;}<\/style><div class=\"fusion-reading-box-container reading-box-container-2\" style=\"margin-top:0px;margin-bottom:0px;\"><div class=\"reading-box\" style=\"background-color:rgba(229,229,229,0);border-width:0px;border-color:#b5dd44;border-style:solid;\"><h2>Real - Time - Analyser<\/h2><div class=\"reading-box-additional fusion-reading-box-additional\">\n<p><span style=\"color: #ffffff;\">V\u00e1g\u00e1stechnika<\/span><\/p>\n<\/div><div class=\"fusion-clearfix\"><\/div><\/div><\/div><div class=\"fusion-clearfix\"><\/div>\n\t\t\t\t\t<\/div>\n\t\t\t\t\t<span class=\"fusion-column-inner-bg hover-type-none\">\n\t\t\t\t\t\t<a href=\"https:\/\/www.real-time-analyser.de\/en\" aria-label=\"Rta\u00c1lt\">\n\t\t\t\t\t\t\t<span class=\"fusion-column-inner-bg-image\" style=\"background-image: url('https:\/\/ake.de\/wp-content\/uploads\/2019\/10\/RtaAllg.jpg');background-position:left center;background-repeat:no-repeat;-webkit-background-size:cover;-moz-background-size:cover;-o-background-size:cover;background-size:cover;\"><\/span><\/a>\n\t\t\t\t\t<\/span>\n\t\t\t\t<\/div><div  class=\"fusion-layout-column fusion_builder_column fusion_builder_column_1_1  fusion-one-full fusion-column-first fusion-column-last 1_1\"  style='margin-top:30px;margin-bottom:0px;'>\n\t\t\t\t\t<div class=\"fusion-column-wrapper\" style=\"padding: 0px 0px 0px 0px;background-position:left top;background-repeat:no-repeat;-webkit-background-size:cover;-moz-background-size:cover;-o-background-size:cover;background-size:cover;\"  data-bg-url=\"\">\n\t\t\t\t\t\t\n\t\t<!-- MasterSlider -->\n\t\t<div id=\"P_MS62442b432ea24\" class=\"master-slider-parent ms-parent-id-123\" style=\"\" >\n\n\t\t\t\n\t\t\t<!-- MasterSlider Main -->\n\t\t\t<div id=\"MS62442b432ea24\" class=\"master-slider ms-skin-default\" >\n\t\t\t\t \t\t\t\t \n<div class=\"ms-overlay-layers\">\t\t\t\t\t<div  class=\"ms-layer  msp-cn-28-17\" style=\"\"   data-effect=\"t(true,-150,n,n,n,n,n,n,n,n,n,n,n,n,n)\"   data-ease=\"easeOutQuint\"              data-widthlimit=\"1750\"  data-offset-x=\"0\" data-offset-y=\"20\" data-origin=\"tl\"   >\n<h2 style=\"text-align: left;\"><strong>Lapozza \u00e1t <br \/>katal\u00f3gusunkat!<br \/><\/strong><\/h2><\/div>\n\n<\/div>\n\t\t\t<div  class=\"ms-slide\" data-delay=\"3\" data-fill-mode=\"fill\"   >\n\t\t\t\t\t<img decoding=\"async\" src=\"https:\/\/ake.de\/wp-content\/plugins\/masterslider\/public\/assets\/css\/blank.gif\" alt=\"\" title=\"\" data-src=\"https:\/\/ake.de\/wp-content\/uploads\/2019\/05\/Katalog2019katalogmitHolz_EN.jpg\" \/>\n\t<a href=\"https:\/\/ake.de\/flip-pdf\/en\/AKE%20Gesamtkatalog%20EN\/mobile\/index.html\" target=\"_blank\"    ><\/a>\n\n\n\t\t\t\t<\/div>\n\n\t\t\t<\/div>\n\t\t\t<!-- END MasterSlider Main -->\n\n\t\t\t \n\t\t<\/div>\n\t\t<!-- END MasterSlider -->\n\n\t\t<script>\n\t\t( window.MSReady = window.MSReady || [] ).push( function( $ ) {\n\n\t\t\t\"use strict\";\n\t\t\tvar masterslider_ea24 = new MasterSlider();\n\n\t\t\t\/\/ slider controls\n\t\t\t\/\/ slider setup\n\t\t\tmasterslider_ea24.setup(\"MS62442b432ea24\", {\n\t\t\t\twidth           : 1920,\n\t\t\t\theight          : 450,\n\t\t\t\tminHeight       : 200,\n\t\t\t\tspace           : 0,\n\t\t\t\tstart           : 1,\n\t\t\t\tgrabCursor      : true,\n\t\t\t\tswipe           : false,\n\t\t\t\tmouse           : false,\n\t\t\t\tkeyboard        : false,\n\t\t\t\tlayout          : \"fullwidth\",\n\t\t\t\twheel           : false,\n\t\t\t\tautoplay        : false,\n                instantStartLayers:false,\n\t\t\t\tmobileBGVideo:false,\n\t\t\t\tloop            : false,\n\t\t\t\tshuffle         : false,\n\t\t\t\tpreload         : 'all',\n\t\t\t\theightLimit     : true,\n\t\t\t\tautoHeight      : false,\n\t\t\t\tsmoothHeight    : true,\n\t\t\t\tendPause        : false,\n\t\t\t\toverPause       : false,\n\t\t\t\tfillMode        : \"fill\",\n\t\t\t\tcenterControls  : false,\n\t\t\t\tstartOnAppear   : false,\n\t\t\t\tlayersMode      : \"center\",\n\t\t\t\tautofillTarget  : \"\",\n\t\t\t\thideLayers      : false,\n\t\t\t\tfullscreenMargin: 0,\n\t\t\t\tspeed           : 20,\n\t\t\t\tdir             : \"h\",\n\t\t\t\tresponsive      : true,\n\t\t\t\ttabletWidth     : 768,\n\t\t\t\ttabletHeight    : null,\n\t\t\t\tphoneWidth      : 480,\n\t\t\t\tphoneHeight    : null,\n\t\t\t\tsizingReference : window,\n\t\t\t\tparallaxMode    : 'swipe',\n\t\t\t\tview            : \"fade\"\n\t\t\t});\n\n\t\t\t\n\t\t\twindow.masterslider_instances = window.masterslider_instances || [];\n\t\t\twindow.masterslider_instances.push( masterslider_ea24 );\n\t\t});\n\t\t<\/script>\n\n<div class=\"fusion-clearfix\"><\/div>\n\n\t\t\t\t\t<\/div>\n\t\t\t\t<\/div><\/div><\/div><\/p>\n","protected":false},"excerpt":{"rendered":"","protected":false},"author":1,"featured_media":0,"parent":0,"menu_order":0,"comment_status":"closed","ping_status":"closed","template":"","meta":{"footnotes":""},"class_list":["post-11525","page","type-page","status-publish","hentry"],"_links":{"self":[{"href":"https:\/\/ake.de\/hu\/wp-json\/wp\/v2\/pages\/11525","targetHints":{"allow":["GET"]}}],"collection":[{"href":"https:\/\/ake.de\/hu\/wp-json\/wp\/v2\/pages"}],"about":[{"href":"https:\/\/ake.de\/hu\/wp-json\/wp\/v2\/types\/page"}],"author":[{"embeddable":true,"href":"https:\/\/ake.de\/hu\/wp-json\/wp\/v2\/users\/1"}],"replies":[{"embeddable":true,"href":"https:\/\/ake.de\/hu\/wp-json\/wp\/v2\/comments?post=11525"}],"version-history":[{"count":27,"href":"https:\/\/ake.de\/hu\/wp-json\/wp\/v2\/pages\/11525\/revisions"}],"predecessor-version":[{"id":12309,"href":"https:\/\/ake.de\/hu\/wp-json\/wp\/v2\/pages\/11525\/revisions\/12309"}],"wp:attachment":[{"href":"https:\/\/ake.de\/hu\/wp-json\/wp\/v2\/media?parent=11525"}],"curies":[{"name":"wp","href":"https:\/\/api.w.org\/{rel}","templated":true}]}}