{"id":11478,"date":"2019-11-11T13:42:12","date_gmt":"2019-11-11T12:42:12","guid":{"rendered":"https:\/\/ake.de\/impresszum\/"},"modified":"2019-11-11T13:42:15","modified_gmt":"2019-11-11T12:42:15","slug":"impresszum","status":"publish","type":"page","link":"https:\/\/ake.de\/hu\/impresszum\/","title":{"rendered":"Impresszum"},"content":{"rendered":"<div class=\"fusion-fullwidth fullwidth-box nonhundred-percent-fullwidth non-hundred-percent-height-scrolling\"  style='background-color: rgba(255,255,255,0);background-position: center center;background-repeat: no-repeat;padding-top:0px;padding-right:0px;padding-bottom:0px;padding-left:0px;'><div class=\"fusion-builder-row fusion-row \"><div  class=\"fusion-layout-column fusion_builder_column fusion_builder_column_1_1  fusion-one-full fusion-column-first fusion-column-last 1_1\"  style='margin-top:0px;margin-bottom:0px;'>\n\t\t\t\t\t<div class=\"fusion-column-wrapper\" style=\"padding: 0px 0px 0px 0px;background-position:left top;background-repeat:no-repeat;-webkit-background-size:cover;-moz-background-size:cover;-o-background-size:cover;background-size:cover;\"  data-bg-url=\"\">\n\t\t\t\t\t\t<div class=\"fusion-title title fusion-sep-none fusion-title-size-one\" style=\"margin-top:20px;margin-bottom:0px;\"><h1 class=\"title-heading-left\"><p style=\"text-align: left;\"><span style=\"color: #9d9d9d;\">Impresszum<\/span><\/p><\/h1><\/div><div class=\"fusion-text\"><p><b><span style=\"margin: 0px; color: #444444; font-family: '&amp;quot','serif';\">AKE Hung\u00e1ria Kft.<\/span><\/b><\/p>\n<p><span style=\"margin: 0px; color: #444444; font-family: '&amp;quot','serif';\">V\u00e1s\u00e1rt\u00e9r utca 12.<br \/>\n9700 Szombathely | Magyarorsz\u00e1g <\/span><\/p>\n<p><span style=\"margin: 0px; color: #444444; font-family: '&amp;quot','serif';\"><span style=\"color: #000000; font-family: Times New Roman;\"><br \/>\n<\/span> Telefon: +36 94 513 270<br \/>\nTelefax: +36 94 513 299<br \/>\nE-Mail: <a>akehungaria(at)ake.hu<\/a><br \/>\nWebsite: <a href=\"http:\/\/www.ake.hu\/\" target=\"_blank\" rel=\"noopener noreferrer\">www.ake.hu<\/a> <\/span><\/p>\n<p><span style=\"margin: 0px; color: #444444; font-family: '&amp;quot','serif';\"><span style=\"color: #000000; font-family: Times New Roman;\"><br \/>\n<\/span> A t\u00e1rsas\u00e1g sz\u00e9khelye: H \u2013 9700 Szombathely, V\u00e1s\u00e1rt\u00e9r utca 12. <\/span><\/p>\n<p><span style=\"margin: 0px; color: #444444; font-family: '&amp;quot','serif';\"><span style=\"color: #000000; font-family: Times New Roman;\"><br \/>\n<\/span> \u00dcgyvezet\u0151 igazgat\u00f3:<br \/>\nOliver G\u00fcnter Schliesser<br \/>\nAd\u00f3sz\u00e1m: 10418192-2-18 <\/span><\/p>\n<p><span style=\"margin: 0px; color: #444444; font-family: '&amp;quot','serif';\">A gondos tartalmi ellen\u0151rz\u00e9s ellen\u00e9re az\u00a0 AKE Hung\u00e1ria Kft. nem v\u00e1llal felel\u0151ss\u00e9get olyan harmadik f\u00e9l \u00e1ltal l\u00e9trehozott, tov\u00e1bb\u00edtott, t\u00e1rolt, hozz\u00e1f\u00e9rhet\u0151v\u00e9 tett, vagy publik\u00e1lt tartalmak\u00e9rt, melyekhez az AKE Hung\u00e1ria Kft. weboldalai kapcsol\u00f3dnak, vagy amelyekre hivatkoznak.\u00a0 Ezeknek az oldalaknak a tartalm\u00e1\u00e9rt kiz\u00e1r\u00f3lag azok \u00fczemeltet\u0151je felel.<\/span><\/p>\n<\/div><div class=\"fusion-text\"><h3>Forr\u00e1sok megjel\u00f6l\u00e9se &#8211; k\u00e9pek:<\/h3>\n<p>\u00a9 <span class=\"blue bleu-de-france-text\" data-t=\"detail-panel-content-author-name\">Ulia Koltyrina <\/span>\u2013 stock.adobe.com<\/p>\n<p>\u00a9\u00a0<span class=\"blue bleu-de-france-text\" data-t=\"detail-panel-content-author-name\">bunditinay <\/span>\u2013 stock.adobe.com<\/p>\n<p>\u00a9\u00a0<span class=\"blue bleu-de-france-text\" data-t=\"detail-panel-content-author-name\"> surfmedia <\/span>\u2013 stock.adobe.com<\/p>\n<p>\u00a9\u00a0<span class=\"blue bleu-de-france-text\" data-t=\"detail-panel-content-author-name\">Alexander Zamaraev <\/span>\u2013 stock.adobe.com<\/p>\n<p>\u00a9 <span class=\"blue bleu-de-france-text\" data-t=\"detail-panel-content-author-name\">Guntar Feldmann <\/span>\u2013 stock.adobe.com<\/p>\n<p>\u00a9\u00a0<span class=\"blue bleu-de-france-text\" data-t=\"detail-panel-content-author-name\">Artem <\/span>\u2013 stock.adobe.com<\/p>\n<p>\u00a9 <span class=\"blue bleu-de-france-text\" data-t=\"detail-panel-content-author-name\">Stefan Richter <\/span>\u2013 stock.adobe.com<\/p>\n<p>\u00a9\u00a0<span class=\"blue bleu-de-france-text\" data-t=\"detail-panel-content-author-name\">Artem Shadrin <\/span>\u2013 stock.adobe.com<\/p>\n<p>\u00a9\u00a0<span class=\"blue bleu-de-france-text\" data-t=\"detail-panel-content-author-name\">Dusan Kostic <\/span>\u2013 stock.adobe.com<\/p>\n<p>\u00a9 sveta \u2013 stock.adobe.com<\/p>\n<p>\u00a9 oatawa \u2013 stock.adobe.com<\/p>\n<p>\u00a9 crazymedia \u2013 stock.adobe.com<\/p>\n<p>\u00a9 Worawut \u2013 stock.adobe.com<\/p>\n<p class=\"no-margin\"><span class=\"blue bleu-de-france-text\" data-t=\"detail-panel-content-author-name\">\u00a9 peterschreiber.media \u2013 stock.adobe.com<\/span><\/p>\n<p><span class=\"blue bleu-de-france-text\" data-t=\"detail-panel-content-author-name\">\u00a9 pathdoc \u2013 stock.adobe.com<\/span><\/p>\n<p><span class=\"blue bleu-de-france-text\" data-t=\"detail-panel-content-author-name\">\u00a9 <\/span><span class=\"blue bleu-de-france-text\" data-t=\"detail-panel-content-author-name\">Philip Steury <\/span><span class=\"blue bleu-de-france-text\" data-t=\"detail-panel-content-author-name\">\u2013 stock.adobe.com<\/span><\/p>\n<p><span class=\"blue bleu-de-france-text\" data-t=\"detail-panel-content-author-name\">\u00a9\u00a0<\/span><span class=\"blue bleu-de-france-text\" data-t=\"detail-panel-content-author-name\">Olivier Le Moal <\/span><span class=\"blue bleu-de-france-text\" data-t=\"detail-panel-content-author-name\">\u2013 stock.adobe.com<\/span><\/p>\n<p><span class=\"blue bleu-de-france-text\" data-t=\"detail-panel-content-author-name\">\u00a9\u00a0<\/span><span class=\"blue bleu-de-france-text\" data-t=\"detail-panel-content-author-name\">eyetronic <\/span><span class=\"blue bleu-de-france-text\" data-t=\"detail-panel-content-author-name\">\u2013 stock.adobe.com<\/span><\/p>\n<p><span class=\"blue bleu-de-france-text\" data-t=\"detail-panel-content-author-name\">\u00a9\u00a0<\/span><span class=\"blue bleu-de-france-text\" data-t=\"detail-panel-content-author-name\">Hoda Bogdan <\/span><span class=\"blue bleu-de-france-text\" data-t=\"detail-panel-content-author-name\">\u2013 stock.adobe.com<\/span><\/p>\n<p><span class=\"blue bleu-de-france-text\" data-t=\"detail-panel-content-author-name\">\u00a9\u00a0<\/span><span class=\"blue bleu-de-france-text\" data-t=\"detail-panel-content-author-name\">Ramona Heim <\/span><span class=\"blue bleu-de-france-text\" data-t=\"detail-panel-content-author-name\">\u2013 stock.adobe.com<\/span><\/p>\n<p><span class=\"blue bleu-de-france-text\" data-t=\"detail-panel-content-author-name\">\u00a9\u00a0<\/span><span class=\"blue bleu-de-france-text\" data-t=\"detail-panel-content-author-name\">KPixMining <\/span><span class=\"blue bleu-de-france-text\" data-t=\"detail-panel-content-author-name\">\u2013 stock.adobe.com<\/span><\/p>\n<p><span class=\"blue bleu-de-france-text\" data-t=\"detail-panel-content-author-name\">\u00a9 <\/span><span class=\"blue bleu-de-france-text\" data-t=\"detail-panel-content-author-name\">fotomek <\/span><span class=\"blue bleu-de-france-text\" data-t=\"detail-panel-content-author-name\">\u2013 stock.adobe.com<\/span><\/p>\n<p><span class=\"blue bleu-de-france-text\" data-t=\"detail-panel-content-author-name\">\u00a9 <\/span><span class=\"blue bleu-de-france-text\" data-t=\"detail-panel-content-author-name\">doomu <\/span><span class=\"blue bleu-de-france-text\" data-t=\"detail-panel-content-author-name\">\u2013 stock.adobe.com<\/span><\/p>\n<p><span class=\"blue bleu-de-france-text\" data-t=\"detail-panel-content-author-name\">\u00a9 Aleksander<\/span> <span class=\"blue bleu-de-france-text\" data-t=\"detail-panel-content-author-name\">\u2013 stock.adobe.com<\/span><\/p>\n<p><span class=\"blue bleu-de-france-text\" data-t=\"detail-panel-content-author-name\">\u00a9 <\/span><span class=\"blue bleu-de-france-text\" data-t=\"detail-panel-content-author-name\">anammarques <\/span> <span class=\"blue bleu-de-france-text\" data-t=\"detail-panel-content-author-name\">\u2013 stock.adobe.com<\/span><\/p>\n<p><span class=\"blue bleu-de-france-text\" data-t=\"detail-panel-content-author-name\">\u00a9 <\/span><span class=\"blue bleu-de-france-text\" data-t=\"detail-panel-content-author-name\">Grecaud Paul<\/span> <span class=\"blue bleu-de-france-text\" data-t=\"detail-panel-content-author-name\">\u2013 stock.adobe.com<\/span><\/p>\n<p><span class=\"blue bleu-de-france-text\" data-t=\"detail-panel-content-author-name\">\u00a9 <\/span><span class=\"blue bleu-de-france-text\" data-t=\"detail-panel-content-author-name\">Viktoria <\/span><span class=\"blue bleu-de-france-text\" data-t=\"detail-panel-content-author-name\">\u2013 stock.adobe.com<\/span><\/p>\n<p><span class=\"blue bleu-de-france-text\" data-t=\"detail-panel-content-author-name\">\u00a9 <\/span><span class=\"blue bleu-de-france-text\" data-t=\"detail-panel-content-author-name\">vit <\/span><span class=\"blue bleu-de-france-text\" data-t=\"detail-panel-content-author-name\">\u2013 stock.adobe.com<\/span><\/p>\n<p><span class=\"blue bleu-de-france-text\" data-t=\"detail-panel-content-author-name\">\u00a9 <\/span><span class=\"blue bleu-de-france-text\" data-t=\"detail-panel-content-author-name\">Zerbor <\/span><span class=\"blue bleu-de-france-text\" data-t=\"detail-panel-content-author-name\">\u2013 stock.adobe.com<\/span><\/p>\n<p><span class=\"blue bleu-de-france-text\" data-t=\"detail-panel-content-author-name\">\u00a9\u00a0<\/span><span class=\"blue bleu-de-france-text\" data-t=\"detail-panel-content-author-name\">EtiAmmos <\/span><span class=\"blue bleu-de-france-text\" data-t=\"detail-panel-content-author-name\">\u2013 stock.adobe.com<\/span><\/p>\n<p><span class=\"blue bleu-de-france-text\" data-t=\"detail-panel-content-author-name\">\u00a9 <\/span><span class=\"blue bleu-de-france-text\" data-t=\"detail-panel-content-author-name\">Joachim Wendler <\/span><span class=\"blue bleu-de-france-text\" data-t=\"detail-panel-content-author-name\">\u2013 stock.adobe.com<\/span><\/p>\n<p><span class=\"blue bleu-de-france-text\" data-t=\"detail-panel-content-author-name\">\u00a9\u00a0<\/span><span class=\"blue bleu-de-france-text\" data-t=\"detail-panel-content-author-name\">zephyr_p <\/span><span class=\"blue bleu-de-france-text\" data-t=\"detail-panel-content-author-name\">\u2013 stock.adobe.com<\/span><\/p>\n<p><span class=\"blue bleu-de-france-text\" data-t=\"detail-panel-content-author-name\">\u00a9 tiero<\/span> <span class=\"blue bleu-de-france-text\" data-t=\"detail-panel-content-author-name\">\u2013 stock.adobe.com<\/span><\/p>\n<p><span class=\"blue bleu-de-france-text\" data-t=\"detail-panel-content-author-name\">\u00a9 <\/span><span class=\"blue bleu-de-france-text\" data-t=\"detail-panel-content-author-name\">srki66 <\/span><span class=\"blue bleu-de-france-text\" data-t=\"detail-panel-content-author-name\">\u2013 stock.adobe.com<\/span><\/p>\n<p><span class=\"blue bleu-de-france-text\" data-t=\"detail-panel-content-author-name\">\u00a9 <\/span><span class=\"blue bleu-de-france-text\" data-t=\"detail-panel-content-author-name\">sveta <\/span><span class=\"blue bleu-de-france-text\" data-t=\"detail-panel-content-author-name\">\u2013 stock.adobe.com<\/span><\/p>\n<p><span class=\"blue bleu-de-france-text\" data-t=\"detail-panel-content-author-name\">\u00a9 aykuterd<\/span> <span class=\"blue bleu-de-france-text\" data-t=\"detail-panel-content-author-name\">\u2013 stock.adobe.com<\/span><\/p>\n<p><span class=\"blue bleu-de-france-text\" data-t=\"detail-panel-content-author-name\">\u00a9 <\/span><span class=\"blue bleu-de-france-text\" data-t=\"detail-panel-content-author-name\">jarrycz <\/span><span class=\"blue bleu-de-france-text\" data-t=\"detail-panel-content-author-name\">\u2013 stock.adobe.com<\/span><\/p>\n<p><span class=\"blue bleu-de-france-text\" data-t=\"detail-panel-content-author-name\">\u00a9 gen_A<\/span> <span class=\"blue bleu-de-france-text\" data-t=\"detail-panel-content-author-name\">\u2013 stock.adobe.com<\/span><\/p>\n<p><span class=\"blue bleu-de-france-text\" data-t=\"detail-panel-content-author-name\">\u00a9 <\/span><span class=\"blue bleu-de-france-text\" data-t=\"detail-panel-content-author-name\">Maksym Yemelyanov <\/span> <span class=\"blue bleu-de-france-text\" data-t=\"detail-panel-content-author-name\">\u2013 stock.adobe.com<\/span><\/p>\n<p><span class=\"blue bleu-de-france-text\" data-t=\"detail-panel-content-author-name\">\u00a9\u00a0<\/span><span class=\"blue bleu-de-france-text\" data-t=\"detail-panel-content-author-name\">Andrei Merkulov <\/span> <span class=\"blue bleu-de-france-text\" data-t=\"detail-panel-content-author-name\">\u2013 stock.adobe.com<\/span><\/p>\n<p><span class=\"blue bleu-de-france-text\" data-t=\"detail-panel-content-author-name\">\u00a9 <\/span><span class=\"blue bleu-de-france-text\" data-t=\"detail-panel-content-author-name\">Anton Balazh <\/span> <span class=\"blue bleu-de-france-text\" data-t=\"detail-panel-content-author-name\">\u2013 stock.adobe.com<\/span><\/p>\n<p><span class=\"blue bleu-de-france-text\" data-t=\"detail-panel-content-author-name\">\u00a9\u00a0<\/span><span class=\"blue bleu-de-france-text\" data-t=\"detail-panel-content-author-name\">kishivan <\/span> <span class=\"blue bleu-de-france-text\" data-t=\"detail-panel-content-author-name\">\u2013 stock.adobe.com<\/span><\/p>\n<p><span class=\"blue bleu-de-france-text\" data-t=\"detail-panel-content-author-name\">\u00a9 3desc<\/span> <span class=\"blue bleu-de-france-text\" data-t=\"detail-panel-content-author-name\">\u2013 stock.adobe.com<\/span><\/p>\n<p><span class=\"blue bleu-de-france-text\" data-t=\"detail-panel-content-author-name\">\u00a9 Florian Manz<br \/>\n<\/span><\/p>\n<p>\u00a9\u00ae\u2122Karrideo Image- und Eventfilm Inh. Christian Wei\u00dfe<\/p>\n<p>\u00a9 Norman Ill<span class=\"blue bleu-de-france-text\" data-t=\"detail-panel-content-author-name\"><br \/>\n<\/span><\/p>\n<\/div><div class=\"fusion-clearfix\"><\/div>\n\n\t\t\t\t\t<\/div>\n\t\t\t\t<\/div><\/div><\/div>\n","protected":false},"excerpt":{"rendered":"","protected":false},"author":1,"featured_media":0,"parent":0,"menu_order":0,"comment_status":"closed","ping_status":"closed","template":"","meta":{"footnotes":""},"class_list":["post-11478","page","type-page","status-publish","hentry"],"_links":{"self":[{"href":"https:\/\/ake.de\/hu\/wp-json\/wp\/v2\/pages\/11478","targetHints":{"allow":["GET"]}}],"collection":[{"href":"https:\/\/ake.de\/hu\/wp-json\/wp\/v2\/pages"}],"about":[{"href":"https:\/\/ake.de\/hu\/wp-json\/wp\/v2\/types\/page"}],"author":[{"embeddable":true,"href":"https:\/\/ake.de\/hu\/wp-json\/wp\/v2\/users\/1"}],"replies":[{"embeddable":true,"href":"https:\/\/ake.de\/hu\/wp-json\/wp\/v2\/comments?post=11478"}],"version-history":[{"count":1,"href":"https:\/\/ake.de\/hu\/wp-json\/wp\/v2\/pages\/11478\/revisions"}],"predecessor-version":[{"id":11479,"href":"https:\/\/ake.de\/hu\/wp-json\/wp\/v2\/pages\/11478\/revisions\/11479"}],"wp:attachment":[{"href":"https:\/\/ake.de\/hu\/wp-json\/wp\/v2\/media?parent=11478"}],"curies":[{"name":"wp","href":"https:\/\/api.w.org\/{rel}","templated":true}]}}