{"id":11460,"date":"2019-11-11T09:40:11","date_gmt":"2019-11-11T08:40:11","guid":{"rendered":"https:\/\/ake.de\/vallalati-filozofia\/"},"modified":"2020-02-27T14:41:13","modified_gmt":"2020-02-27T13:41:13","slug":"vallalati-filozofia","status":"publish","type":"page","link":"https:\/\/ake.de\/hu\/vallalati-filozofia\/","title":{"rendered":"V\u00e1llalati filoz\u00f3fia"},"content":{"rendered":"<div class=\"fusion-fullwidth fullwidth-box nonhundred-percent-fullwidth non-hundred-percent-height-scrolling\"  style='background-color: rgba(255,255,255,0);background-position: center center;background-repeat: no-repeat;padding-top:0px;padding-right:0px;padding-bottom:0px;padding-left:0px;'><div class=\"fusion-builder-row fusion-row \"><div  class=\"fusion-layout-column fusion_builder_column fusion_builder_column_1_1  fusion-one-full fusion-column-first fusion-column-last 1_1\"  style='margin-top:0px;margin-bottom:20px;'>\n\t\t\t\t\t<div class=\"fusion-column-wrapper\" style=\"padding: 0px 0px 0px 0px;background-position:left top;background-repeat:no-repeat;-webkit-background-size:cover;-moz-background-size:cover;-o-background-size:cover;background-size:cover;\"  data-bg-url=\"\">\n\t\t\t\t\t\t<div class=\"fusion-title title fusion-sep-none fusion-title-size-one\" style=\"margin-top:20px;margin-bottom:0px;\"><h1 class=\"title-heading-left\"><p style=\"text-align: left;\"><span style=\"color: #9d9d9d;\">V\u00e1llalati filoz\u00f3fia<\/span><\/p><\/h1><\/div>\n\t\t<!-- MasterSlider -->\n\t\t<div id=\"P_MS6245d5b8b1817\" class=\"master-slider-parent ms-parent-id-143\" style=\"\" >\n\n\t\t\t\n\t\t\t<!-- MasterSlider Main -->\n\t\t\t<div id=\"MS6245d5b8b1817\" class=\"master-slider ms-skin-default\" >\n\t\t\t\t \t\t\t\t \n<div class=\"ms-overlay-layers\">\t\t\t\t\t<div  class=\"ms-layer  msp-cn-32-18\" style=\"\"   data-effect=\"t(true,-150,n,n,n,n,n,n,n,n,n,n,n,n,n)\"  data-delay=\"400\" data-ease=\"easeOutQuint\"              data-widthlimit=\"500\"  data-offset-x=\"0\" data-offset-y=\"100\" data-origin=\"tl\"   >\n<h3 style=\"text-align: right;\"><span style=\"color: #ffffff;\"><em>\"Think global<br \/>- act local!\"<br \/><br \/><\/em>- Alexander Knebel<\/span><em><br \/><\/em><\/h3><\/div>\n\n\t\t\t\t\t<div  class=\"ms-layer  msp-cn-9-17\" style=\"\"   data-effect=\"t(true,-150,n,n,n,n,n,n,n,n,n,n,n,n,n)\"   data-ease=\"easeOutQuint\"              data-widthlimit=\"1750\"  data-offset-x=\"0\" data-offset-y=\"20\" data-origin=\"tl\"   >\n<h3 style=\"text-align: left;\"><span style=\"color: #ffffff;\">\u00dcgyvezet\u0151<\/span><strong><br \/><\/strong><\/h3><\/div>\n\n\t\t\t\t\t<img decoding=\"async\"  class=\"ms-layer\" src=\"https:\/\/ake.de\/wp-content\/plugins\/masterslider\/public\/assets\/css\/blank.gif\" data-src=\"https:\/\/ake.de\/wp-content\/uploads\/2019\/04\/AlexanderKnebel-3.png\" alt=\"\" style=\"width:250px;\"  data-effect=\"t(true,-500,n,n,n,n,n,n,n,n,n,n,n,n,n)\" data-duration=\"600\"  data-ease=\"easeOutQuint\"        data-type=\"image\"      data-widthlimit=\"500\"    data-offset-x=\"0\" data-offset-y=\"30\" data-origin=\"tl\"  \/>\n\n<\/div>\n\t\t\t<div  class=\"ms-slide\" data-delay=\"3\" data-fill-mode=\"fill\"   >\n\t\t\t\t\t<img decoding=\"async\" src=\"https:\/\/ake.de\/wp-content\/plugins\/masterslider\/public\/assets\/css\/blank.gif\" alt=\"\" title=\"\" data-src=\"https:\/\/ake.de\/wp-content\/uploads\/2019\/04\/PhilosophieUHR-1.jpg\" \/>\n\n\n\t\t\t\t<\/div>\n\n\t\t\t<\/div>\n\t\t\t<!-- END MasterSlider Main -->\n\n\t\t\t \n\t\t<\/div>\n\t\t<!-- END MasterSlider -->\n\n\t\t<script>\n\t\t( window.MSReady = window.MSReady || [] ).push( function( $ ) {\n\n\t\t\t\"use strict\";\n\t\t\tvar masterslider_1817 = new MasterSlider();\n\n\t\t\t\/\/ slider controls\n\t\t\t\/\/ slider setup\n\t\t\tmasterslider_1817.setup(\"MS6245d5b8b1817\", {\n\t\t\t\twidth           : 1920,\n\t\t\t\theight          : 360,\n\t\t\t\tminHeight       : 200,\n\t\t\t\tspace           : 0,\n\t\t\t\tstart           : 1,\n\t\t\t\tgrabCursor      : true,\n\t\t\t\tswipe           : false,\n\t\t\t\tmouse           : false,\n\t\t\t\tkeyboard        : false,\n\t\t\t\tlayout          : \"fullwidth\",\n\t\t\t\twheel           : false,\n\t\t\t\tautoplay        : false,\n                instantStartLayers:false,\n\t\t\t\tmobileBGVideo:false,\n\t\t\t\tloop            : false,\n\t\t\t\tshuffle         : false,\n\t\t\t\tpreload         : 'all',\n\t\t\t\theightLimit     : true,\n\t\t\t\tautoHeight      : false,\n\t\t\t\tsmoothHeight    : true,\n\t\t\t\tendPause        : false,\n\t\t\t\toverPause       : false,\n\t\t\t\tfillMode        : \"fill\",\n\t\t\t\tcenterControls  : false,\n\t\t\t\tstartOnAppear   : false,\n\t\t\t\tlayersMode      : \"center\",\n\t\t\t\tautofillTarget  : \"\",\n\t\t\t\thideLayers      : false,\n\t\t\t\tfullscreenMargin: 0,\n\t\t\t\tspeed           : 20,\n\t\t\t\tdir             : \"h\",\n\t\t\t\tresponsive      : true,\n\t\t\t\ttabletWidth     : 768,\n\t\t\t\ttabletHeight    : null,\n\t\t\t\tphoneWidth      : 480,\n\t\t\t\tphoneHeight    : null,\n\t\t\t\tsizingReference : window,\n\t\t\t\tparallaxMode    : 'swipe',\n\t\t\t\tview            : \"fade\"\n\t\t\t});\n\n\t\t\t\n\t\t\twindow.masterslider_instances = window.masterslider_instances || [];\n\t\t\twindow.masterslider_instances.push( masterslider_1817 );\n\t\t});\n\t\t<\/script>\n\n<div class=\"fusion-clearfix\"><\/div>\n\n\t\t\t\t\t<\/div>\n\t\t\t\t<\/div><div  class=\"fusion-layout-column fusion_builder_column fusion_builder_column_1_5  fusion-one-fifth fusion-column-first 1_5\"  style='margin-top:0px;margin-bottom:0px;width:20%;width:calc(20% - ( ( 4% + 4% ) * 0.2 ) );margin-right: 4%;'>\n\t\t\t\t\t<div class=\"fusion-column-wrapper\" style=\"padding: 0px 0px 0px 0px;background-position:left top;background-repeat:no-repeat;-webkit-background-size:cover;-moz-background-size:cover;-o-background-size:cover;background-size:cover;\"  data-bg-url=\"\">\n\t\t\t\t\t\t<div class=\"fusion-clearfix\"><\/div>\n\n\t\t\t\t\t<\/div>\n\t\t\t\t<\/div><div  class=\"fusion-layout-column fusion_builder_column fusion_builder_column_3_5  fusion-three-fifth 3_5\"  style='margin-top:0px;margin-bottom:20px;width:60%;width:calc(60% - ( ( 4% + 4% ) * 0.6 ) );margin-right: 4%;'>\n\t\t\t\t\t<div class=\"fusion-column-wrapper\" style=\"padding: 0px 0px 0px 0px;background-position:left top;background-repeat:no-repeat;-webkit-background-size:cover;-moz-background-size:cover;-o-background-size:cover;background-size:cover;\"  data-bg-url=\"\">\n\t\t\t\t\t\t<div class=\"fusion-text\"><h3 style=\"text-align: left;\"><strong>Tud\u00e1sunk \u00e9s tapasztalatunk az \u00d6n siker\u00e9nek szolg\u00e1lat\u00e1ban<br \/>\n<\/strong><\/h3>\n<\/div><div class=\"fusion-text\"><p>Az AKE egy csal\u00e1di k\u00f6z\u00e9pv\u00e1llalkoz\u00e1s, amely a nemzetk\u00f6zi sz\u00ednt\u00e9ren is jelen van. V\u00e1llalati fel\u00e9p\u00edt\u00e9s\u00fcnk v\u00e1s\u00e1rl\u00f3ink sz\u00e1m\u00e1ra meghat\u00e1roz\u00f3 el\u0151ny\u00f6ket k\u00edn\u00e1l. N\u00e1lunk megtal\u00e1lhatj\u00e1k a nagyv\u00e1llalatok soksz\u00edn\u0171s\u00e9g\u00e9t, kompetenci\u00e1j\u00e1t; \u00e9s egyben a kisv\u00e1llalatok gyorsas\u00e1g\u00e1b\u00f3l \u00e9s rugalmass\u00e1g\u00e1b\u00f3l is profit\u00e1lhatnak. Specialit\u00e1sunk a precizit\u00e1s, az innov\u00e1ci\u00f3s kedv \u00e9s a m\u00e9rhetetlen tapasztalat, amelyek seg\u00edtenek abban, hogy v\u00e1s\u00e1rl\u00f3ink a legjobbak legyenek. Az AKE t\u00f6bb, mint 50 \u00e9ve k\u00edn\u00e1lja a legjobb min\u0151s\u00e9g\u0171 szersz\u00e1mokat az ipari \u00e9s egy\u00e9ni felhaszn\u00e1l\u00f3k sz\u00e1m\u00e1ra.<br \/>\nMa az AKE a vil\u00e1g vezet\u0151 k\u00f6rf\u0171r\u00e9szlap \u00e9s mar\u00f3szersz\u00e1m gy\u00e1rt\u00f3i k\u00f6z\u00e9 tartozik.<\/p>\n<\/div><div class=\"fusion-clearfix\"><\/div>\n\n\t\t\t\t\t<\/div>\n\t\t\t\t<\/div><div  class=\"fusion-layout-column fusion_builder_column fusion_builder_column_1_5  fusion-one-fifth fusion-column-last 1_5\"  style='margin-top:0px;margin-bottom:0px;width:20%;width:calc(20% - ( ( 4% + 4% ) * 0.2 ) );'>\n\t\t\t\t\t<div class=\"fusion-column-wrapper\" style=\"padding: 0px 0px 0px 0px;background-position:left top;background-repeat:no-repeat;-webkit-background-size:cover;-moz-background-size:cover;-o-background-size:cover;background-size:cover;\"  data-bg-url=\"\">\n\t\t\t\t\t\t<div class=\"fusion-clearfix\"><\/div>\n\n\t\t\t\t\t<\/div>\n\t\t\t\t<\/div><div  class=\"fusion-layout-column fusion_builder_column fusion_builder_column_1_1  fusion-one-full fusion-column-first fusion-column-last 1_1\"  style='margin-top:0px;margin-bottom:0px;'>\n\t\t\t\t\t<div class=\"fusion-column-wrapper\" style=\"padding: 0px 0px 0px 0px;background-position:left top;background-repeat:no-repeat;-webkit-background-size:cover;-moz-background-size:cover;-o-background-size:cover;background-size:cover;\"  data-bg-url=\"\">\n\t\t\t\t\t\t<div class=\"fusion-sep-clear\"><\/div><div class=\"fusion-separator fusion-full-width-sep sep-shadow\" style=\"background:radial-gradient(ellipse at 50% -50% , #9d9d9d 0px, rgba(255, 255, 255, 0) 80%) repeat scroll 0 0 rgba(0, 0, 0, 0);background:-webkit-radial-gradient(ellipse at 50% -50% , #9d9d9d 0px, rgba(255, 255, 255, 0) 80%) repeat scroll 0 0 rgba(0, 0, 0, 0);background:-moz-radial-gradient(ellipse at 50% -50% , #9d9d9d 0px, rgba(255, 255, 255, 0) 80%) repeat scroll 0 0 rgba(0, 0, 0, 0);background:-o-radial-gradient(ellipse at 50% -50% , #9d9d9d 0px, rgba(255, 255, 255, 0) 80%) repeat scroll 0 0 rgba(0, 0, 0, 0);margin-left: auto;margin-right: auto;margin-top:;margin-bottom:20px;\"><\/div><div class=\"fusion-clearfix\"><\/div>\n\n\t\t\t\t\t<\/div>\n\t\t\t\t<\/div><div  data-animationType=fadeInDown data-animationDuration=0.6 data-animationOffset=100% class=\"fusion-layout-column fusion_builder_column fusion_builder_column_2_3  fusion-two-third fusion-column-first fusion-animated 2_3\"  style='margin-top:20px;margin-bottom:0px;width:66.66%;width:calc(66.66% - ( ( 4% ) * 0.6666 ) );margin-right: 4%;'>\n\t\t\t\t\t<div class=\"fusion-column-wrapper\" style=\"padding: 0px 0px 0px 0px;background-position:left top;background-repeat:no-repeat;-webkit-background-size:cover;-moz-background-size:cover;-o-background-size:cover;background-size:cover;\"  data-bg-url=\"\">\n\t\t\t\t\t\t<span class=\"fusion-imageframe imageframe-none imageframe-1 hover-type-none\"><img decoding=\"async\" src=\"http:\/\/ake.de\/wp-content\/uploads\/2019\/04\/PhilosophieTeam.jpg\" width=\"\" height=\"\" alt=\"\" title=\"Filoz\u00f3fiaTeam\" class=\"img-responsive wp-image-8140\" srcset=\"https:\/\/ake.de\/wp-content\/uploads\/2019\/04\/PhilosophieTeam-200x53.jpg 200w, https:\/\/ake.de\/wp-content\/uploads\/2019\/04\/PhilosophieTeam-400x107.jpg 400w, https:\/\/ake.de\/wp-content\/uploads\/2019\/04\/PhilosophieTeam-600x160.jpg 600w, https:\/\/ake.de\/wp-content\/uploads\/2019\/04\/PhilosophieTeam-800x213.jpg 800w, https:\/\/ake.de\/wp-content\/uploads\/2019\/04\/PhilosophieTeam-1200x320.jpg 1200w, https:\/\/ake.de\/wp-content\/uploads\/2019\/04\/PhilosophieTeam.jpg 1500w\" sizes=\"(max-width: 1200px) 100vw, 1200px\" \/><\/span><div class=\"fusion-clearfix\"><\/div>\n\n\t\t\t\t\t<\/div>\n\t\t\t\t<\/div><div  data-animationType=fadeInDown data-animationDuration=0.6 data-animationOffset=100% class=\"fusion-layout-column fusion_builder_column fusion_builder_column_1_3  fusion-one-third fusion-column-last fusion-animated 1_3\"  style='margin-top:0px;margin-bottom:0px;width:33.33%;width:calc(33.33% - ( ( 4% ) * 0.3333 ) );'>\n\t\t\t\t\t<div class=\"fusion-column-wrapper\" style=\"padding: 0px 0px 0px 0px;background-position:left top;background-repeat:no-repeat;-webkit-background-size:cover;-moz-background-size:cover;-o-background-size:cover;background-size:cover;\"  data-bg-url=\"\">\n\t\t\t\t\t\t<div class=\"fusion-text\"><h3 style=\"text-align: left;\"><strong>Cutting &amp; better &#8211; T\u00f6bb, mint egy tiszta v\u00e1g\u00e1s<br \/>\n<\/strong><\/h3>\n<\/div><div class=\"fusion-text\"><p>V\u00e1s\u00e1rl\u00f3inkat soha nem hagyjuk egyed\u00fcl a term\u00e9kkel. A legmagasabb szint\u0171 el\u00e9gedetts\u00e9g intenz\u00edv kommunik\u00e1ci\u00f3 \u00fatj\u00e1n \u00e9s egym\u00e1s m\u00e9lys\u00e9gi meg\u00e9rt\u00e9se r\u00e9v\u00e9n alakul ki, Az a t\u00f6rekv\u00e9s, hogy v\u00e1s\u00e1rl\u00f3inknak mindig a legjobbat ny\u00fajtsuk \u00e9s mindig egy l\u00e9p\u00e9ssel el\u0151bbre j\u00e1rjunk, a &#8220;Cutting &amp; better&#8221; &#8211; ben ker\u00fcl kifejez\u00e9sre. A v\u00e1s\u00e1rl\u00f3 sz\u00e1m\u00e1ra ezzel lehets\u00e9gess\u00e9 v\u00e1lt a &#8220;feel better&#8221;, &#8220;be better&#8221; szlogen megval\u00f3s\u00edt\u00e1sa.<\/p>\n<\/div><div class=\"fusion-clearfix\"><\/div>\n\n\t\t\t\t\t<\/div>\n\t\t\t\t<\/div><div  data-animationType=fadeInDown data-animationDuration=0.6 data-animationOffset=100% class=\"fusion-layout-column fusion_builder_column fusion_builder_column_1_3  fusion-one-third fusion-column-first fusion-animated 1_3\"  style='margin-top:20px;margin-bottom:20px;width:33.33%;width:calc(33.33% - ( ( 4% ) * 0.3333 ) );margin-right: 4%;'>\n\t\t\t\t\t<div class=\"fusion-column-wrapper\" style=\"padding: 0px 0px 0px 0px;background-position:left top;background-repeat:no-repeat;-webkit-background-size:cover;-moz-background-size:cover;-o-background-size:cover;background-size:cover;\"  data-bg-url=\"\">\n\t\t\t\t\t\t<div class=\"fusion-text\"><h3 style=\"text-align: left;\"><strong>Specializ\u00e1ci\u00f3 \u00e9s sikert\u00e9nyez\u0151<br \/>\n<\/strong><\/h3>\n<\/div><div class=\"fusion-text\"><p>Amikor az AKE-n\u00e1l l\u00e9trej\u00f6n egy k\u00f6rf\u0171r\u00e9szlap, akkor a teljes folyamat &#8211; a f\u00e9mlap be\u00e9rkez\u00e9s\u00e9t\u0151l a High-Tech szersz\u00e1m elk\u00e9sz\u00fcl\u00e9s\u00e9ig &#8211; h\u00e1zon bel\u00fcl nyomon k\u00f6vethet\u0151. \u00cdgy elmondhatjuk, hogy a sz\u00f3 legszorosabb \u00e9rtelm\u00e9ben magunk &#8220;tartjuk kez\u00fcnkben&#8221; a term\u00e9kek min\u0151s\u00e9g\u00e9t. Amennyiben azonban az \u00e1ltalunk t\u00e1masztott magas standardok nem lenn\u00e9nek elegend\u0151ek, alkalmaz\u00e1s technol\u00f3gusaink egyedi megold\u00e1sokat dolgoznak ki v\u00e1s\u00e1rl\u00f3ink sz\u00e1m\u00e1ra.<\/p>\n<\/div><div class=\"fusion-clearfix\"><\/div>\n\n\t\t\t\t\t<\/div>\n\t\t\t\t<\/div><div  data-animationType=fadeInDown data-animationDuration=0.6 data-animationOffset=100% class=\"fusion-layout-column fusion_builder_column fusion_builder_column_2_3  fusion-two-third fusion-column-last fusion-animated 2_3\"  style='margin-top:40px;margin-bottom:30px;width:66.66%;width:calc(66.66% - ( ( 4% ) * 0.6666 ) );'>\n\t\t\t\t\t<div class=\"fusion-column-wrapper\" style=\"padding: 0px 0px 0px 0px;background-position:left top;background-repeat:no-repeat;-webkit-background-size:cover;-moz-background-size:cover;-o-background-size:cover;background-size:cover;\"  data-bg-url=\"\">\n\t\t\t\t\t\t<span class=\"fusion-imageframe imageframe-none imageframe-2 hover-type-none\"><img loading=\"lazy\" decoding=\"async\" src=\"https:\/\/ake.de\/wp-content\/uploads\/2019\/10\/PhilosophieSpezi.jpg\" width=\"6250\" height=\"1667\" alt=\"\" title=\"Filoz\u00f3fiaSpecializ\u00e1ci\u00f3\" class=\"img-responsive wp-image-11461\" srcset=\"https:\/\/ake.de\/wp-content\/uploads\/2019\/10\/PhilosophieSpezi-200x53.jpg 200w, https:\/\/ake.de\/wp-content\/uploads\/2019\/10\/PhilosophieSpezi-400x107.jpg 400w, https:\/\/ake.de\/wp-content\/uploads\/2019\/10\/PhilosophieSpezi-600x160.jpg 600w, https:\/\/ake.de\/wp-content\/uploads\/2019\/10\/PhilosophieSpezi-800x213.jpg 800w, https:\/\/ake.de\/wp-content\/uploads\/2019\/10\/PhilosophieSpezi-1200x320.jpg 1200w, https:\/\/ake.de\/wp-content\/uploads\/2019\/10\/PhilosophieSpezi.jpg 6250w\" sizes=\"auto, (max-width: 1200px) 100vw, 1200px\" \/><\/span><div class=\"fusion-clearfix\"><\/div>\n\n\t\t\t\t\t<\/div>\n\t\t\t\t<\/div><\/div><\/div>\n","protected":false},"excerpt":{"rendered":"","protected":false},"author":1,"featured_media":0,"parent":0,"menu_order":0,"comment_status":"closed","ping_status":"closed","template":"","meta":{"footnotes":""},"class_list":["post-11460","page","type-page","status-publish","hentry"],"_links":{"self":[{"href":"https:\/\/ake.de\/hu\/wp-json\/wp\/v2\/pages\/11460","targetHints":{"allow":["GET"]}}],"collection":[{"href":"https:\/\/ake.de\/hu\/wp-json\/wp\/v2\/pages"}],"about":[{"href":"https:\/\/ake.de\/hu\/wp-json\/wp\/v2\/types\/page"}],"author":[{"embeddable":true,"href":"https:\/\/ake.de\/hu\/wp-json\/wp\/v2\/users\/1"}],"replies":[{"embeddable":true,"href":"https:\/\/ake.de\/hu\/wp-json\/wp\/v2\/comments?post=11460"}],"version-history":[{"count":8,"href":"https:\/\/ake.de\/hu\/wp-json\/wp\/v2\/pages\/11460\/revisions"}],"predecessor-version":[{"id":12387,"href":"https:\/\/ake.de\/hu\/wp-json\/wp\/v2\/pages\/11460\/revisions\/12387"}],"wp:attachment":[{"href":"https:\/\/ake.de\/hu\/wp-json\/wp\/v2\/media?parent=11460"}],"curies":[{"name":"wp","href":"https:\/\/api.w.org\/{rel}","templated":true}]}}