{"id":13161,"date":"2021-07-20T07:50:42","date_gmt":"2021-07-20T06:50:42","guid":{"rendered":"https:\/\/ake.de\/diamant-type-7040\/"},"modified":"2021-07-27T14:28:58","modified_gmt":"2021-07-27T13:28:58","slug":"diamant-type-7040","status":"publish","type":"page","link":"https:\/\/ake.de\/fr\/diamant-type-7040\/","title":{"rendered":"Diamant Type 7040"},"content":{"rendered":"<div class=\"fusion-fullwidth fullwidth-box nonhundred-percent-fullwidth non-hundred-percent-height-scrolling\"  style='background-color: rgba(255,255,255,0);background-position: center center;background-repeat: no-repeat;padding-top:0px;padding-right:0px;padding-bottom:0px;padding-left:0px;'><div class=\"fusion-builder-row fusion-row \"><div  class=\"fusion-layout-column fusion_builder_column fusion_builder_column_1_1  fusion-one-full fusion-column-first fusion-column-last 1_1\"  style='margin-top:0px;margin-bottom:20px;'>\n\t\t\t\t\t<div class=\"fusion-column-wrapper\" style=\"padding: 0px 0px 0px 0px;background-position:left top;background-repeat:no-repeat;-webkit-background-size:cover;-moz-background-size:cover;-o-background-size:cover;background-size:cover;\"  data-bg-url=\"\">\n\t\t\t\t\t\t<div class=\"fusion-title title fusion-sep-none fusion-title-size-one\" style=\"margin-top:20px;margin-bottom:0px;\"><h1 class=\"title-heading-left\"><p style=\"text-align: left;\"><span style=\"color: #9d9d9d;\">Diamant | Type 7040<\/span><\/p><\/h1><\/div>\n\t\t<!-- MasterSlider -->\n\t\t<div id=\"P_MS62444e6faa161\" class=\"master-slider-parent ms-parent-id-86\" style=\"\" >\n\n\t\t\t\n\t\t\t<!-- MasterSlider Main -->\n\t\t\t<div id=\"MS62444e6faa161\" class=\"master-slider ms-skin-default\" >\n\t\t\t\t \t\t\t\t \n\t\t\t<div  class=\"ms-slide\" data-delay=\"3\" data-fill-mode=\"fill\"   >\n\t\t\t\t\t<img decoding=\"async\" src=\"https:\/\/ake.de\/wp-content\/plugins\/masterslider\/public\/assets\/css\/blank.gif\" alt=\"\" title=\"\" data-src=\"https:\/\/ake.de\/wp-content\/uploads\/2019\/10\/eu.jpg\" \/>\n\n\n\t\t\t\t<\/div>\n\n\t\t\t<\/div>\n\t\t\t<!-- END MasterSlider Main -->\n\n\t\t\t \n\t\t<\/div>\n\t\t<!-- END MasterSlider -->\n\n\t\t<script>\n\t\t( window.MSReady = window.MSReady || [] ).push( function( $ ) {\n\n\t\t\t\"use strict\";\n\t\t\tvar masterslider_a161 = new MasterSlider();\n\n\t\t\t\/\/ slider controls\n\t\t\t\/\/ slider setup\n\t\t\tmasterslider_a161.setup(\"MS62444e6faa161\", {\n\t\t\t\twidth           : 1920,\n\t\t\t\theight          : 360,\n\t\t\t\tminHeight       : 200,\n\t\t\t\tspace           : 0,\n\t\t\t\tstart           : 1,\n\t\t\t\tgrabCursor      : true,\n\t\t\t\tswipe           : false,\n\t\t\t\tmouse           : false,\n\t\t\t\tkeyboard        : false,\n\t\t\t\tlayout          : \"fullwidth\",\n\t\t\t\twheel           : false,\n\t\t\t\tautoplay        : false,\n                instantStartLayers:false,\n\t\t\t\tmobileBGVideo:false,\n\t\t\t\tloop            : false,\n\t\t\t\tshuffle         : false,\n\t\t\t\tpreload         : 'all',\n\t\t\t\theightLimit     : true,\n\t\t\t\tautoHeight      : false,\n\t\t\t\tsmoothHeight    : true,\n\t\t\t\tendPause        : false,\n\t\t\t\toverPause       : false,\n\t\t\t\tfillMode        : \"fill\",\n\t\t\t\tcenterControls  : false,\n\t\t\t\tstartOnAppear   : false,\n\t\t\t\tlayersMode      : \"center\",\n\t\t\t\tautofillTarget  : \"\",\n\t\t\t\thideLayers      : false,\n\t\t\t\tfullscreenMargin: 0,\n\t\t\t\tspeed           : 20,\n\t\t\t\tdir             : \"h\",\n\t\t\t\tresponsive      : true,\n\t\t\t\ttabletWidth     : 768,\n\t\t\t\ttabletHeight    : null,\n\t\t\t\tphoneWidth      : 480,\n\t\t\t\tphoneHeight    : null,\n\t\t\t\tsizingReference : window,\n\t\t\t\tparallaxMode    : 'swipe',\n\t\t\t\tview            : \"fade\"\n\t\t\t});\n\n\t\t\t\n\t\t\twindow.masterslider_instances = window.masterslider_instances || [];\n\t\t\twindow.masterslider_instances.push( masterslider_a161 );\n\t\t});\n\t\t<\/script>\n\n<div class=\"fusion-clearfix\"><\/div>\n\n\t\t\t\t\t<\/div>\n\t\t\t\t<\/div><div  class=\"fusion-layout-column fusion_builder_column fusion_builder_column_1_5  fusion-one-fifth fusion-column-first 1_5\"  style='margin-top:0px;margin-bottom:0px;width:20%;width:calc(20% - ( ( 4% + 4% ) * 0.2 ) );margin-right: 4%;'>\n\t\t\t\t\t<div class=\"fusion-column-wrapper\" style=\"padding: 0px 0px 0px 0px;background-position:left top;background-repeat:no-repeat;-webkit-background-size:cover;-moz-background-size:cover;-o-background-size:cover;background-size:cover;\"  data-bg-url=\"\">\n\t\t\t\t\t\t<div class=\"fusion-clearfix\"><\/div>\n\n\t\t\t\t\t<\/div>\n\t\t\t\t<\/div><div  class=\"fusion-layout-column fusion_builder_column fusion_builder_column_3_5  fusion-three-fifth 3_5\"  style='margin-top:0px;margin-bottom:20px;width:60%;width:calc(60% - ( ( 4% + 4% ) * 0.6 ) );margin-right: 4%;'>\n\t\t\t\t\t<div class=\"fusion-column-wrapper\" style=\"padding: 0px 0px 0px 0px;background-position:left top;background-repeat:no-repeat;-webkit-background-size:cover;-moz-background-size:cover;-o-background-size:cover;background-size:cover;\"  data-bg-url=\"\">\n\t\t\t\t\t\t<div class=\"fusion-text\"><h3 style=\"text-align: left;\"><strong>Pour tous les alliages d&#8217;aluminium<br \/>\n<\/strong><\/h3>\n<\/div><div class=\"fusion-text\"><p>L\u00e0 o\u00f9 d&#8217;autres lames de scies circulaires abandonnent, les lames de scies circulaires diamant\u00e9es AKE restent tr\u00e8s performantes !<\/p>\n<p>Nous avons d\u00e9velopp\u00e9 des lames de scie circulaire diamant\u00e9es sp\u00e9cialement pour l&#8217;usinage des alliages d&#8217;aluminium \u00e0 haute r\u00e9sistance. Vous b\u00e9n\u00e9ficiez ici de dur\u00e9es de vie d&#8217;outil r\u00e9volutionnaires, qui r\u00e9duisent consid\u00e9rablement la n\u00e9cessit\u00e9 de changer d&#8217;outil. Cela permet non seulement de minimiser les temps d&#8217;arr\u00eat de votre machine, mais aussi d&#8217;augmenter votre rendement.<\/p>\n<\/div><div class=\"fusion-clearfix\"><\/div>\n\n\t\t\t\t\t<\/div>\n\t\t\t\t<\/div><div  class=\"fusion-layout-column fusion_builder_column fusion_builder_column_1_5  fusion-one-fifth fusion-column-last 1_5\"  style='margin-top:0px;margin-bottom:0px;width:20%;width:calc(20% - ( ( 4% + 4% ) * 0.2 ) );'>\n\t\t\t\t\t<div class=\"fusion-column-wrapper\" style=\"padding: 0px 0px 0px 0px;background-position:left top;background-repeat:no-repeat;-webkit-background-size:cover;-moz-background-size:cover;-o-background-size:cover;background-size:cover;\"  data-bg-url=\"\">\n\t\t\t\t\t\t<div class=\"fusion-clearfix\"><\/div>\n\n\t\t\t\t\t<\/div>\n\t\t\t\t<\/div><div  class=\"fusion-layout-column fusion_builder_column fusion_builder_column_1_1  fusion-one-full fusion-column-first fusion-column-last 1_1\"  style='margin-top:0px;margin-bottom:0px;'>\n\t\t\t\t\t<div class=\"fusion-column-wrapper\" style=\"padding: 0px 0px 0px 0px;background-position:left top;background-repeat:no-repeat;-webkit-background-size:cover;-moz-background-size:cover;-o-background-size:cover;background-size:cover;\"  data-bg-url=\"\">\n\t\t\t\t\t\t<div class=\"fusion-sep-clear\"><\/div><div class=\"fusion-separator fusion-full-width-sep sep-shadow\" style=\"background:radial-gradient(ellipse at 50% -50% , #9d9d9d 0px, rgba(255, 255, 255, 0) 80%) repeat scroll 0 0 rgba(0, 0, 0, 0);background:-webkit-radial-gradient(ellipse at 50% -50% , #9d9d9d 0px, rgba(255, 255, 255, 0) 80%) repeat scroll 0 0 rgba(0, 0, 0, 0);background:-moz-radial-gradient(ellipse at 50% -50% , #9d9d9d 0px, rgba(255, 255, 255, 0) 80%) repeat scroll 0 0 rgba(0, 0, 0, 0);background:-o-radial-gradient(ellipse at 50% -50% , #9d9d9d 0px, rgba(255, 255, 255, 0) 80%) repeat scroll 0 0 rgba(0, 0, 0, 0);margin-left: auto;margin-right: auto;margin-top:;margin-bottom:20px;\"><\/div><div class=\"fusion-clearfix\"><\/div>\n\n\t\t\t\t\t<\/div>\n\t\t\t\t<\/div><div  data-animationType=fadeInDown data-animationDuration=0.6 data-animationOffset=100% class=\"fusion-layout-column fusion_builder_column fusion_builder_column_2_3  fusion-two-third fusion-column-first fusion-animated 2_3\"  style='margin-top:20px;margin-bottom:40px;width:66.66%;width:calc(66.66% - ( ( 4% ) * 0.6666 ) );margin-right: 4%;'>\n\t\t\t\t\t<div class=\"fusion-column-wrapper\" style=\"padding: 0px 0px 0px 0px;background-position:left top;background-repeat:no-repeat;-webkit-background-size:cover;-moz-background-size:cover;-o-background-size:cover;background-size:cover;\"  data-bg-url=\"\">\n\t\t\t\t\t\t<span class=\"fusion-imageframe imageframe-none imageframe-1 hover-type-none\"><img decoding=\"async\" src=\"http:\/\/ake.de\/wp-content\/uploads\/2019\/05\/DIA7040Alu.jpg\" width=\"\" height=\"\" alt=\"\" title=\"DIA7040Alu\" class=\"img-responsive wp-image-9116\" srcset=\"https:\/\/ake.de\/wp-content\/uploads\/2019\/05\/DIA7040Alu-200x53.jpg 200w, https:\/\/ake.de\/wp-content\/uploads\/2019\/05\/DIA7040Alu-400x107.jpg 400w, https:\/\/ake.de\/wp-content\/uploads\/2019\/05\/DIA7040Alu-600x160.jpg 600w, https:\/\/ake.de\/wp-content\/uploads\/2019\/05\/DIA7040Alu-800x213.jpg 800w, https:\/\/ake.de\/wp-content\/uploads\/2019\/05\/DIA7040Alu-1200x320.jpg 1200w, https:\/\/ake.de\/wp-content\/uploads\/2019\/05\/DIA7040Alu.jpg 1500w\" sizes=\"(max-width: 1200px) 100vw, 1200px\" \/><\/span><div class=\"fusion-clearfix\"><\/div>\n\n\t\t\t\t\t<\/div>\n\t\t\t\t<\/div><div  data-animationType=fadeInDown data-animationDuration=0.6 data-animationOffset=100% class=\"fusion-layout-column fusion_builder_column fusion_builder_column_1_3  fusion-one-third fusion-column-last fusion-animated 1_3\"  style='margin-top:0px;margin-bottom:0px;width:33.33%;width:calc(33.33% - ( ( 4% ) * 0.3333 ) );'>\n\t\t\t\t\t<div class=\"fusion-column-wrapper\" style=\"padding: 0px 0px 0px 0px;background-position:left top;background-repeat:no-repeat;-webkit-background-size:cover;-moz-background-size:cover;-o-background-size:cover;background-size:cover;\"  data-bg-url=\"\">\n\t\t\t\t\t\t<div class=\"fusion-text\"><h3 style=\"text-align: left;\"><strong>Les avantages de notre lame de scie circulaire diamant\u00e9e<br \/>\n<\/strong><\/h3>\n<\/div><div class=\"fusion-text\"><ul>\n<li>Convient aux mat\u00e9riaux difficiles \u00e0 usiner<\/li>\n<li>Dur\u00e9e de vie extr\u00eamement longue<\/li>\n<li>R\u00e9duction au minimum des temps d&#8217;arr\u00eat des machines<\/li>\n<li>Rendement sup\u00e9rieur<\/li>\n<\/ul>\n<\/div><div class=\"fusion-clearfix\"><\/div>\n\n\t\t\t\t\t<\/div>\n\t\t\t\t<\/div><div  data-animationType=fadeInDown data-animationDuration=0.6 data-animationOffset=100% class=\"fusion-layout-column fusion_builder_column fusion_builder_column_1_1  fusion-one-full fusion-column-first fusion-column-last fusion-animated 1_1\"  style='margin-top:30px;margin-bottom:0px;'>\n\t\t\t\t\t<div class=\"fusion-column-wrapper\" style=\"padding: 0px 0px 0px 0px;background-position:left top;background-repeat:no-repeat;-webkit-background-size:cover;-moz-background-size:cover;-o-background-size:cover;background-size:cover;\"  data-bg-url=\"\">\n\t\t\t\t\t\t\t\n\t\t<!-- MasterSlider -->\n\t\t<div id=\"P_MS68503cf56cf7a\" class=\"master-slider-parent ms-parent-id-28\" style=\"\" >\n\n\t\t\t\n\t\t\t<!-- MasterSlider Main -->\n\t\t\t<div id=\"MS68503cf56cf7a\" class=\"master-slider ms-skin-default\" >\n\t\t\t\t \t\t\t\t \n<div class=\"ms-overlay-layers\">\t\t\t\t\t<div  class=\"ms-layer  msp-cn-28-17\" style=\"\"   data-effect=\"t(true,-150,n,n,n,n,n,n,n,n,n,n,n,n,n)\"   data-ease=\"easeOutQuint\"              data-widthlimit=\"1750\"  data-offset-x=\"0\" data-offset-y=\"20\" data-origin=\"tl\"   >\n<h2 style=\"text-align: left;\"><strong>Bl\u00e4ttern Sie sich <br \/>durch unseren Katalog!<br \/><\/strong><\/h2><\/div>\n\n<\/div>\n\t\t\t<div  class=\"ms-slide\" data-delay=\"3\" data-fill-mode=\"fill\"   >\n\t\t\t\t\t<img decoding=\"async\" src=\"https:\/\/ake.de\/wp-content\/plugins\/masterslider\/public\/assets\/css\/blank.gif\" alt=\"\" title=\"Katalog2025+katalogmitHolz_EN\" data-src=\"https:\/\/ake.de\/wp-content\/uploads\/2025\/06\/Katalog2025katalogmitHolz_DE-scaled.jpg\" \/>\n\t<a href=\"https:\/\/ake.de\/flip-pdf\/de\/AKE%20Gesamtkatalog\/index.html\" target=\"_blank\"    >Katalog2025+katalogmitHolz_EN<\/a>\n\n\n\t\t\t\t<\/div>\n\n\t\t\t<\/div>\n\t\t\t<!-- END MasterSlider Main -->\n\n\t\t\t \n\t\t<\/div>\n\t\t<!-- END MasterSlider -->\n\n\t\t<script>\n\t\t( window.MSReady = window.MSReady || [] ).push( function( $ ) {\n\n\t\t\t\"use strict\";\n\t\t\tvar masterslider_cf7a = new MasterSlider();\n\n\t\t\t\/\/ slider controls\n\t\t\t\/\/ slider setup\n\t\t\tmasterslider_cf7a.setup(\"MS68503cf56cf7a\", {\n\t\t\t\twidth           : 1920,\n\t\t\t\theight          : 520,\n\t\t\t\tminHeight       : 200,\n\t\t\t\tspace           : 0,\n\t\t\t\tstart           : 1,\n\t\t\t\tgrabCursor      : true,\n\t\t\t\tswipe           : false,\n\t\t\t\tmouse           : false,\n\t\t\t\tkeyboard        : false,\n\t\t\t\tlayout          : \"fullwidth\",\n\t\t\t\twheel           : false,\n\t\t\t\tautoplay        : false,\n                instantStartLayers:false,\n\t\t\t\tmobileBGVideo:false,\n\t\t\t\tloop            : false,\n\t\t\t\tshuffle         : false,\n\t\t\t\tpreload         : 'all',\n\t\t\t\theightLimit     : true,\n\t\t\t\tautoHeight      : false,\n\t\t\t\tsmoothHeight    : true,\n\t\t\t\tendPause        : false,\n\t\t\t\toverPause       : false,\n\t\t\t\tfillMode        : \"fill\",\n\t\t\t\tcenterControls  : false,\n\t\t\t\tstartOnAppear   : false,\n\t\t\t\tlayersMode      : \"center\",\n\t\t\t\tautofillTarget  : \"\",\n\t\t\t\thideLayers      : false,\n\t\t\t\tfullscreenMargin: 0,\n\t\t\t\tspeed           : 20,\n\t\t\t\tdir             : \"h\",\n\t\t\t\tresponsive      : true,\n\t\t\t\ttabletWidth     : 768,\n\t\t\t\ttabletHeight    : null,\n\t\t\t\tphoneWidth      : 480,\n\t\t\t\tphoneHeight    : null,\n\t\t\t\tsizingReference : window,\n\t\t\t\tparallaxMode    : 'swipe',\n\t\t\t\tview            : \"fade\"\n\t\t\t});\n\n\t\t\t\n\t\t\twindow.masterslider_instances = window.masterslider_instances || [];\n\t\t\twindow.masterslider_instances.push( masterslider_cf7a );\n\t\t});\n\t\t<\/script>\n\n<div class=\"fusion-clearfix\"><\/div>\n\n\t\t\t\t\t<\/div>\n\t\t\t\t<\/div><\/div><\/div>\n","protected":false},"excerpt":{"rendered":"","protected":false},"author":1,"featured_media":0,"parent":0,"menu_order":0,"comment_status":"closed","ping_status":"closed","template":"","meta":{"footnotes":""},"class_list":["post-13161","page","type-page","status-publish","hentry"],"_links":{"self":[{"href":"https:\/\/ake.de\/fr\/wp-json\/wp\/v2\/pages\/13161","targetHints":{"allow":["GET"]}}],"collection":[{"href":"https:\/\/ake.de\/fr\/wp-json\/wp\/v2\/pages"}],"about":[{"href":"https:\/\/ake.de\/fr\/wp-json\/wp\/v2\/types\/page"}],"author":[{"embeddable":true,"href":"https:\/\/ake.de\/fr\/wp-json\/wp\/v2\/users\/1"}],"replies":[{"embeddable":true,"href":"https:\/\/ake.de\/fr\/wp-json\/wp\/v2\/comments?post=13161"}],"version-history":[{"count":11,"href":"https:\/\/ake.de\/fr\/wp-json\/wp\/v2\/pages\/13161\/revisions"}],"predecessor-version":[{"id":13316,"href":"https:\/\/ake.de\/fr\/wp-json\/wp\/v2\/pages\/13161\/revisions\/13316"}],"wp:attachment":[{"href":"https:\/\/ake.de\/fr\/wp-json\/wp\/v2\/media?parent=13161"}],"curies":[{"name":"wp","href":"https:\/\/api.w.org\/{rel}","templated":true}]}}