{"id":13155,"date":"2021-07-16T14:05:10","date_gmt":"2021-07-16T13:05:10","guid":{"rendered":"https:\/\/ake.de\/mentions-legales\/"},"modified":"2024-08-26T07:35:15","modified_gmt":"2024-08-26T06:35:15","slug":"mentions-legales","status":"publish","type":"page","link":"https:\/\/ake.de\/fr\/mentions-legales\/","title":{"rendered":"\u00c0 propos"},"content":{"rendered":"<div class=\"fusion-fullwidth fullwidth-box nonhundred-percent-fullwidth non-hundred-percent-height-scrolling\"  style='background-color: rgba(255,255,255,0);background-position: center center;background-repeat: no-repeat;padding-top:0px;padding-right:0px;padding-bottom:0px;padding-left:0px;'><div class=\"fusion-builder-row fusion-row \"><div  class=\"fusion-layout-column fusion_builder_column fusion_builder_column_1_1  fusion-one-full fusion-column-first fusion-column-last 1_1\"  style='margin-top:0px;margin-bottom:0px;'>\n\t\t\t\t\t<div class=\"fusion-column-wrapper\" style=\"padding: 0px 0px 0px 0px;background-position:left top;background-repeat:no-repeat;-webkit-background-size:cover;-moz-background-size:cover;-o-background-size:cover;background-size:cover;\"  data-bg-url=\"\">\n\t\t\t\t\t\t<div class=\"fusion-title title fusion-sep-none fusion-title-size-one\" style=\"margin-top:20px;margin-bottom:0px;\"><h1 class=\"title-heading-left\"><p style=\"text-align: left;\"><span style=\"color: #9d9d9d;\">\u00c0 propos<br \/>\n<\/span><\/p><\/h1><\/div><div class=\"fusion-text\"><p><strong>AKE Knebel GmbH &amp; Co KG<br \/>\n<\/strong><br \/>\nH\u00f6lzlestra\u00dfe 14 + 16<br \/>\n72336 Balingen | Allemagne<\/p>\n<p>T\u00e9l\u00e9phone : +49 (0) 7433 | 261-0<br \/>\nFax : +49 (0) 7433 | 261-100<br \/>\nCourriel <u><a href=\"mailto:info@ake.de\">info(at)ake.de<\/a><\/u><br \/>\nSite web <u><a href=\"http:\/\/www.ake.de\">www.ake.de<\/a><\/u><\/p>\n<p>Si\u00e8ge social : Balingen<br \/>\nRegistre du commerce du tribunal local de Stuttgart : HRA 410660<br \/>\nPartenaire personnellement responsable : Verwaltungs- und Beteiligungsgesellschaft AKE Knebel GmbH, Balingen-Engstlatt, registre du commerce de Stuttgart Tribunal d&#8217;instance : HRB 410418<\/p>\n<p>Directeur g\u00e9n\u00e9ral :<br \/>\nAlexander Knebel, ing\u00e9nieur dipl\u00f4m\u00e9 (TU) MBE<\/p>\n<p>Num\u00e9ro d&#8217;identification de la taxe sur les ventes conform\u00e9ment \u00e0 l&#8217;article 27 a de la Umsatzsteuergesetz :<br \/>\nDE144842232<\/p>\n<p>Clause de non-responsabilit\u00e9 : Malgr\u00e9 un contr\u00f4le minutieux du contenu, nous n&#8217;assumons aucune responsabilit\u00e9 quant au contenu des liens externes. Les op\u00e9rateurs des pages li\u00e9es sont seuls responsables de leur contenu.<\/p>\n<\/div><div class=\"fusion-text\"><h3><strong>Cr\u00e9dits photo :<\/strong><\/h3>\n<p>\u00a9 <span class=\"blue bleu-de-france-text\" data-t=\"detail-panel-content-author-name\">Ulia Koltyrina <\/span>\u2013 stock.adobe.com<\/p>\n<p>\u00a9\u00a0<span class=\"blue bleu-de-france-text\" data-t=\"detail-panel-content-author-name\">bunditinay <\/span>\u2013 stock.adobe.com<\/p>\n<p>\u00a9\u00a0<span class=\"blue bleu-de-france-text\" data-t=\"detail-panel-content-author-name\"> surfmedia <\/span>\u2013 stock.adobe.com<\/p>\n<p>\u00a9\u00a0<span class=\"blue bleu-de-france-text\" data-t=\"detail-panel-content-author-name\">Alexander Zamaraev <\/span>\u2013 stock.adobe.com<\/p>\n<p>\u00a9 <span class=\"blue bleu-de-france-text\" data-t=\"detail-panel-content-author-name\">Guntar Feldmann <\/span>\u2013 stock.adobe.com<\/p>\n<p>\u00a9\u00a0<span class=\"blue bleu-de-france-text\" data-t=\"detail-panel-content-author-name\">Artem <\/span>\u2013 stock.adobe.com<\/p>\n<p>\u00a9 <span class=\"blue bleu-de-france-text\" data-t=\"detail-panel-content-author-name\">Stefan Richter <\/span>\u2013 stock.adobe.com<\/p>\n<p>\u00a9\u00a0<span class=\"blue bleu-de-france-text\" data-t=\"detail-panel-content-author-name\">Artem Shadrin <\/span>\u2013 stock.adobe.com<\/p>\n<p>\u00a9\u00a0<span class=\"blue bleu-de-france-text\" data-t=\"detail-panel-content-author-name\">Dusan Kostic <\/span>\u2013 stock.adobe.com<\/p>\n<p>\u00a9 sveta \u2013 stock.adobe.com<\/p>\n<p>\u00a9 oatawa \u2013 stock.adobe.com<\/p>\n<p>\u00a9 crazymedia \u2013 stock.adobe.com<\/p>\n<p>\u00a9 Worawut \u2013 stock.adobe.com<\/p>\n<p class=\"no-margin\"><span class=\"blue bleu-de-france-text\" data-t=\"detail-panel-content-author-name\">\u00a9 peterschreiber.media \u2013 stock.adobe.com<\/span><\/p>\n<p><span class=\"blue bleu-de-france-text\" data-t=\"detail-panel-content-author-name\">\u00a9 pathdoc \u2013 stock.adobe.com<\/span><\/p>\n<p><span class=\"blue bleu-de-france-text\" data-t=\"detail-panel-content-author-name\">\u00a9 <\/span><span class=\"blue bleu-de-france-text\" data-t=\"detail-panel-content-author-name\">Philip Steury <\/span><span class=\"blue bleu-de-france-text\" data-t=\"detail-panel-content-author-name\">\u2013 stock.adobe.com<\/span><\/p>\n<p><span class=\"blue bleu-de-france-text\" data-t=\"detail-panel-content-author-name\">\u00a9\u00a0<\/span><span class=\"blue bleu-de-france-text\" data-t=\"detail-panel-content-author-name\">Olivier Le Moal <\/span><span class=\"blue bleu-de-france-text\" data-t=\"detail-panel-content-author-name\">\u2013 stock.adobe.com<\/span><\/p>\n<p><span class=\"blue bleu-de-france-text\" data-t=\"detail-panel-content-author-name\">\u00a9\u00a0<\/span><span class=\"blue bleu-de-france-text\" data-t=\"detail-panel-content-author-name\">eyetronic <\/span><span class=\"blue bleu-de-france-text\" data-t=\"detail-panel-content-author-name\">\u2013 stock.adobe.com<\/span><\/p>\n<p><span class=\"blue bleu-de-france-text\" data-t=\"detail-panel-content-author-name\">\u00a9\u00a0<\/span><span class=\"blue bleu-de-france-text\" data-t=\"detail-panel-content-author-name\">Hoda Bogdan <\/span><span class=\"blue bleu-de-france-text\" data-t=\"detail-panel-content-author-name\">\u2013 stock.adobe.com<\/span><\/p>\n<p><span class=\"blue bleu-de-france-text\" data-t=\"detail-panel-content-author-name\">\u00a9\u00a0<\/span><span class=\"blue bleu-de-france-text\" data-t=\"detail-panel-content-author-name\">Ramona Heim <\/span><span class=\"blue bleu-de-france-text\" data-t=\"detail-panel-content-author-name\">\u2013 stock.adobe.com<\/span><\/p>\n<p><span class=\"blue bleu-de-france-text\" data-t=\"detail-panel-content-author-name\">\u00a9\u00a0<\/span><span class=\"blue bleu-de-france-text\" data-t=\"detail-panel-content-author-name\">KPixMining <\/span><span class=\"blue bleu-de-france-text\" data-t=\"detail-panel-content-author-name\">\u2013 stock.adobe.com<\/span><\/p>\n<p><span class=\"blue bleu-de-france-text\" data-t=\"detail-panel-content-author-name\">\u00a9 <\/span><span class=\"blue bleu-de-france-text\" data-t=\"detail-panel-content-author-name\">fotomek <\/span><span class=\"blue bleu-de-france-text\" data-t=\"detail-panel-content-author-name\">\u2013 stock.adobe.com<\/span><\/p>\n<p><span class=\"blue bleu-de-france-text\" data-t=\"detail-panel-content-author-name\">\u00a9 <\/span><span class=\"blue bleu-de-france-text\" data-t=\"detail-panel-content-author-name\">doomu <\/span><span class=\"blue bleu-de-france-text\" data-t=\"detail-panel-content-author-name\">\u2013 stock.adobe.com<\/span><\/p>\n<p><span class=\"blue bleu-de-france-text\" data-t=\"detail-panel-content-author-name\">\u00a9 Aleksander<\/span> <span class=\"blue bleu-de-france-text\" data-t=\"detail-panel-content-author-name\">\u2013 stock.adobe.com<\/span><\/p>\n<p><span class=\"blue bleu-de-france-text\" data-t=\"detail-panel-content-author-name\">\u00a9 <\/span><span class=\"blue bleu-de-france-text\" data-t=\"detail-panel-content-author-name\">anammarques <\/span> <span class=\"blue bleu-de-france-text\" data-t=\"detail-panel-content-author-name\">\u2013 stock.adobe.com<\/span><\/p>\n<p><span class=\"blue bleu-de-france-text\" data-t=\"detail-panel-content-author-name\">\u00a9 <\/span><span class=\"blue bleu-de-france-text\" data-t=\"detail-panel-content-author-name\">Grecaud Paul<\/span> <span class=\"blue bleu-de-france-text\" data-t=\"detail-panel-content-author-name\">\u2013 stock.adobe.com<\/span><\/p>\n<p><span class=\"blue bleu-de-france-text\" data-t=\"detail-panel-content-author-name\">\u00a9 <\/span><span class=\"blue bleu-de-france-text\" data-t=\"detail-panel-content-author-name\">Viktoria <\/span><span class=\"blue bleu-de-france-text\" data-t=\"detail-panel-content-author-name\">\u2013 stock.adobe.com<\/span><\/p>\n<p><span class=\"blue bleu-de-france-text\" data-t=\"detail-panel-content-author-name\">\u00a9 <\/span><span class=\"blue bleu-de-france-text\" data-t=\"detail-panel-content-author-name\">vit <\/span><span class=\"blue bleu-de-france-text\" data-t=\"detail-panel-content-author-name\">\u2013 stock.adobe.com<\/span><\/p>\n<p><span class=\"blue bleu-de-france-text\" data-t=\"detail-panel-content-author-name\">\u00a9 <\/span><span class=\"blue bleu-de-france-text\" data-t=\"detail-panel-content-author-name\">Zerbor <\/span><span class=\"blue bleu-de-france-text\" data-t=\"detail-panel-content-author-name\">\u2013 stock.adobe.com<\/span><\/p>\n<p><span class=\"blue bleu-de-france-text\" data-t=\"detail-panel-content-author-name\">\u00a9\u00a0<\/span><span class=\"blue bleu-de-france-text\" data-t=\"detail-panel-content-author-name\">EtiAmmos <\/span><span class=\"blue bleu-de-france-text\" data-t=\"detail-panel-content-author-name\">\u2013 stock.adobe.com<\/span><\/p>\n<p><span class=\"blue bleu-de-france-text\" data-t=\"detail-panel-content-author-name\">\u00a9 <\/span><span class=\"blue bleu-de-france-text\" data-t=\"detail-panel-content-author-name\">Joachim Wendler <\/span><span class=\"blue bleu-de-france-text\" data-t=\"detail-panel-content-author-name\">\u2013 stock.adobe.com<\/span><\/p>\n<p><span class=\"blue bleu-de-france-text\" data-t=\"detail-panel-content-author-name\">\u00a9\u00a0<\/span><span class=\"blue bleu-de-france-text\" data-t=\"detail-panel-content-author-name\">zephyr_p <\/span><span class=\"blue bleu-de-france-text\" data-t=\"detail-panel-content-author-name\">\u2013 stock.adobe.com<\/span><\/p>\n<p><span class=\"blue bleu-de-france-text\" data-t=\"detail-panel-content-author-name\">\u00a9 tiero<\/span> <span class=\"blue bleu-de-france-text\" data-t=\"detail-panel-content-author-name\">\u2013 stock.adobe.com<\/span><\/p>\n<p><span class=\"blue bleu-de-france-text\" data-t=\"detail-panel-content-author-name\">\u00a9 <\/span><span class=\"blue bleu-de-france-text\" data-t=\"detail-panel-content-author-name\">srki66 <\/span><span class=\"blue bleu-de-france-text\" data-t=\"detail-panel-content-author-name\">\u2013 stock.adobe.com<\/span><\/p>\n<p><span class=\"blue bleu-de-france-text\" data-t=\"detail-panel-content-author-name\">\u00a9 <\/span><span class=\"blue bleu-de-france-text\" data-t=\"detail-panel-content-author-name\">sveta <\/span><span class=\"blue bleu-de-france-text\" data-t=\"detail-panel-content-author-name\">\u2013 stock.adobe.com<\/span><\/p>\n<p><span class=\"blue bleu-de-france-text\" data-t=\"detail-panel-content-author-name\">\u00a9 aykuterd<\/span> <span class=\"blue bleu-de-france-text\" data-t=\"detail-panel-content-author-name\">\u2013 stock.adobe.com<\/span><\/p>\n<p><span class=\"blue bleu-de-france-text\" data-t=\"detail-panel-content-author-name\">\u00a9 <\/span><span class=\"blue bleu-de-france-text\" data-t=\"detail-panel-content-author-name\">jarrycz <\/span><span class=\"blue bleu-de-france-text\" data-t=\"detail-panel-content-author-name\">\u2013 stock.adobe.com<\/span><\/p>\n<p><span class=\"blue bleu-de-france-text\" data-t=\"detail-panel-content-author-name\">\u00a9 gen_A<\/span> <span class=\"blue bleu-de-france-text\" data-t=\"detail-panel-content-author-name\">\u2013 stock.adobe.com<\/span><\/p>\n<p><span class=\"blue bleu-de-france-text\" data-t=\"detail-panel-content-author-name\">\u00a9 <\/span><span class=\"blue bleu-de-france-text\" data-t=\"detail-panel-content-author-name\">Maksym Yemelyanov <\/span> <span class=\"blue bleu-de-france-text\" data-t=\"detail-panel-content-author-name\">\u2013 stock.adobe.com<\/span><\/p>\n<p><span class=\"blue bleu-de-france-text\" data-t=\"detail-panel-content-author-name\">\u00a9\u00a0<\/span><span class=\"blue bleu-de-france-text\" data-t=\"detail-panel-content-author-name\">Andrei Merkulov <\/span> <span class=\"blue bleu-de-france-text\" data-t=\"detail-panel-content-author-name\">\u2013 stock.adobe.com<\/span><\/p>\n<p><span class=\"blue bleu-de-france-text\" data-t=\"detail-panel-content-author-name\">\u00a9 <\/span><span class=\"blue bleu-de-france-text\" data-t=\"detail-panel-content-author-name\">Anton Balazh <\/span> <span class=\"blue bleu-de-france-text\" data-t=\"detail-panel-content-author-name\">\u2013 stock.adobe.com<\/span><\/p>\n<p><span class=\"blue bleu-de-france-text\" data-t=\"detail-panel-content-author-name\">\u00a9\u00a0<\/span><span class=\"blue bleu-de-france-text\" data-t=\"detail-panel-content-author-name\">kishivan <\/span> <span class=\"blue bleu-de-france-text\" data-t=\"detail-panel-content-author-name\">\u2013 stock.adobe.com<\/span><\/p>\n<p><span class=\"blue bleu-de-france-text\" data-t=\"detail-panel-content-author-name\">\u00a9 3desc<\/span> <span class=\"blue bleu-de-france-text\" data-t=\"detail-panel-content-author-name\">\u2013 stock.adobe.com<\/span><\/p>\n<p><span class=\"blue bleu-de-france-text\" data-t=\"detail-panel-content-author-name\">\u00a9 Florian Manz<br \/>\n<\/span><\/p>\n<p>\u00a9\u00ae\u2122Karrideo Image- und Eventfilm Inh. Christian Wei\u00dfe<\/p>\n<p>\u00a9 Norman Ill<span class=\"blue bleu-de-france-text\" data-t=\"detail-panel-content-author-name\"><br \/>\n<\/span><\/p>\n<\/div><div class=\"fusion-clearfix\"><\/div>\n\n\t\t\t\t\t<\/div>\n\t\t\t\t<\/div><\/div><\/div>\n","protected":false},"excerpt":{"rendered":"","protected":false},"author":1,"featured_media":0,"parent":0,"menu_order":0,"comment_status":"closed","ping_status":"closed","template":"","meta":{"footnotes":""},"class_list":["post-13155","page","type-page","status-publish","hentry"],"_links":{"self":[{"href":"https:\/\/ake.de\/fr\/wp-json\/wp\/v2\/pages\/13155","targetHints":{"allow":["GET"]}}],"collection":[{"href":"https:\/\/ake.de\/fr\/wp-json\/wp\/v2\/pages"}],"about":[{"href":"https:\/\/ake.de\/fr\/wp-json\/wp\/v2\/types\/page"}],"author":[{"embeddable":true,"href":"https:\/\/ake.de\/fr\/wp-json\/wp\/v2\/users\/1"}],"replies":[{"embeddable":true,"href":"https:\/\/ake.de\/fr\/wp-json\/wp\/v2\/comments?post=13155"}],"version-history":[{"count":9,"href":"https:\/\/ake.de\/fr\/wp-json\/wp\/v2\/pages\/13155\/revisions"}],"predecessor-version":[{"id":22579,"href":"https:\/\/ake.de\/fr\/wp-json\/wp\/v2\/pages\/13155\/revisions\/22579"}],"wp:attachment":[{"href":"https:\/\/ake.de\/fr\/wp-json\/wp\/v2\/media?parent=13155"}],"curies":[{"name":"wp","href":"https:\/\/api.w.org\/{rel}","templated":true}]}}