{"id":13078,"date":"2021-07-15T09:42:36","date_gmt":"2021-07-15T08:42:36","guid":{"rendered":"https:\/\/ake.de\/histoire\/"},"modified":"2021-08-11T10:01:28","modified_gmt":"2021-08-11T09:01:28","slug":"histoire","status":"publish","type":"page","link":"https:\/\/ake.de\/fr\/histoire\/","title":{"rendered":"Histoire"},"content":{"rendered":"<div class=\"fusion-fullwidth fullwidth-box nonhundred-percent-fullwidth non-hundred-percent-height-scrolling\"  style='background-color: rgba(255,255,255,0);background-position: center center;background-repeat: no-repeat;padding-top:0px;padding-right:0px;padding-bottom:0px;padding-left:0px;'><div class=\"fusion-builder-row fusion-row \"><div  class=\"fusion-layout-column fusion_builder_column fusion_builder_column_1_1  fusion-one-full fusion-column-first fusion-column-last 1_1\"  style='margin-top:0px;margin-bottom:20px;'>\n\t\t\t\t\t<div class=\"fusion-column-wrapper\" style=\"padding: 0px 0px 0px 0px;background-position:left top;background-repeat:no-repeat;-webkit-background-size:cover;-moz-background-size:cover;-o-background-size:cover;background-size:cover;\"  data-bg-url=\"\">\n\t\t\t\t\t\t<div class=\"fusion-title title fusion-sep-none fusion-title-size-one\" style=\"margin-top:20px;margin-bottom:0px;\"><h1 class=\"title-heading-left\"><p style=\"text-align: left;\"><span style=\"color: #9d9d9d;\">Histoire de l&#8217;entreprise<\/span><\/p><\/h1><\/div>\n\t\t<!-- MasterSlider -->\n\t\t<div id=\"P_MS624451881a99b\" class=\"master-slider-parent ms-parent-id-33\" style=\"\" >\n\n\t\t\t\n\t\t\t<!-- MasterSlider Main -->\n\t\t\t<div id=\"MS624451881a99b\" class=\"master-slider ms-skin-default\" >\n\t\t\t\t \t\t\t\t \n<div class=\"ms-overlay-layers\">\t\t\t\t\t<div  class=\"ms-layer  msp-cn-33-18\" style=\"\"   data-effect=\"t(true,-150,n,n,n,n,n,n,n,n,n,n,n,n,n)\"  data-delay=\"400\" data-ease=\"easeOutQuint\"              data-widthlimit=\"500\"  data-offset-x=\"0\" data-offset-y=\"100\" data-origin=\"tl\"   >\n<h2 style=\"text-align: right;\"><span style=\"color: #ffffff;\"><em>\"Anders als <\/em><em>alle <\/em><em>Anderen!\"<br \/><br \/><\/em>- Albert Knebel<\/span><em><br \/><\/em><\/h2><\/div>\n\n\t\t\t\t\t<div  class=\"ms-layer  msp-cn-9-17\" style=\"\"   data-effect=\"t(true,-150,n,n,n,n,n,n,n,n,n,n,n,n,n)\"   data-ease=\"easeOutQuint\"              data-widthlimit=\"1750\"  data-offset-x=\"0\" data-offset-y=\"20\" data-origin=\"tl\"   >\n<h3 style=\"text-align: left;\"><strong><span style=\"color: #ffffff;\">Firmengr\u00fcnder<\/span><br \/><\/strong><\/h3><\/div>\n\n\t\t\t\t\t<img decoding=\"async\"  class=\"ms-layer\" src=\"https:\/\/ake.de\/wp-content\/plugins\/masterslider\/public\/assets\/css\/blank.gif\" data-src=\"https:\/\/ake.de\/wp-content\/uploads\/2019\/04\/Herr-Frau-Knebel_2005_Foto.png\" alt=\"\" style=\"width:350px;\"  data-effect=\"t(true,-500,n,n,n,n,n,n,n,n,n,n,n,n,n)\" data-duration=\"600\"  data-ease=\"easeOutQuint\"        data-type=\"image\"      data-widthlimit=\"500\"    data-offset-x=\"-20\" data-offset-y=\"30\" data-origin=\"tl\"  \/>\n\n<\/div>\n\t\t\t<div  class=\"ms-slide\" data-delay=\"3\" data-fill-mode=\"fill\"   >\n\t\t\t\t\t<img decoding=\"async\" src=\"https:\/\/ake.de\/wp-content\/plugins\/masterslider\/public\/assets\/css\/blank.gif\" alt=\"\" title=\"\" data-src=\"https:\/\/ake.de\/wp-content\/uploads\/2019\/04\/Geb\u00e4ude_Luftbild-1.jpg\" \/>\n\n\n\t\t\t\t<\/div>\n\n\t\t\t<\/div>\n\t\t\t<!-- END MasterSlider Main -->\n\n\t\t\t \n\t\t<\/div>\n\t\t<!-- END MasterSlider -->\n\n\t\t<script>\n\t\t( window.MSReady = window.MSReady || [] ).push( function( $ ) {\n\n\t\t\t\"use strict\";\n\t\t\tvar masterslider_a99b = new MasterSlider();\n\n\t\t\t\/\/ slider controls\n\t\t\t\/\/ slider setup\n\t\t\tmasterslider_a99b.setup(\"MS624451881a99b\", {\n\t\t\t\twidth           : 1920,\n\t\t\t\theight          : 360,\n\t\t\t\tminHeight       : 200,\n\t\t\t\tspace           : 0,\n\t\t\t\tstart           : 1,\n\t\t\t\tgrabCursor      : true,\n\t\t\t\tswipe           : false,\n\t\t\t\tmouse           : false,\n\t\t\t\tkeyboard        : false,\n\t\t\t\tlayout          : \"fullwidth\",\n\t\t\t\twheel           : false,\n\t\t\t\tautoplay        : false,\n                instantStartLayers:false,\n\t\t\t\tmobileBGVideo:false,\n\t\t\t\tloop            : false,\n\t\t\t\tshuffle         : false,\n\t\t\t\tpreload         : 'all',\n\t\t\t\theightLimit     : true,\n\t\t\t\tautoHeight      : false,\n\t\t\t\tsmoothHeight    : true,\n\t\t\t\tendPause        : false,\n\t\t\t\toverPause       : false,\n\t\t\t\tfillMode        : \"fill\",\n\t\t\t\tcenterControls  : false,\n\t\t\t\tstartOnAppear   : false,\n\t\t\t\tlayersMode      : \"center\",\n\t\t\t\tautofillTarget  : \"\",\n\t\t\t\thideLayers      : false,\n\t\t\t\tfullscreenMargin: 0,\n\t\t\t\tspeed           : 20,\n\t\t\t\tdir             : \"h\",\n\t\t\t\tresponsive      : true,\n\t\t\t\ttabletWidth     : 768,\n\t\t\t\ttabletHeight    : null,\n\t\t\t\tphoneWidth      : 480,\n\t\t\t\tphoneHeight    : null,\n\t\t\t\tsizingReference : window,\n\t\t\t\tparallaxMode    : 'swipe',\n\t\t\t\tview            : \"fade\"\n\t\t\t});\n\n\t\t\t\n\t\t\twindow.masterslider_instances = window.masterslider_instances || [];\n\t\t\twindow.masterslider_instances.push( masterslider_a99b );\n\t\t});\n\t\t<\/script>\n\n<div class=\"fusion-clearfix\"><\/div>\n\n\t\t\t\t\t<\/div>\n\t\t\t\t<\/div><div  class=\"fusion-layout-column fusion_builder_column fusion_builder_column_1_5  fusion-one-fifth fusion-column-first 1_5\"  style='margin-top:0px;margin-bottom:0px;width:20%;width:calc(20% - ( ( 4% + 4% ) * 0.2 ) );margin-right: 4%;'>\n\t\t\t\t\t<div class=\"fusion-column-wrapper\" style=\"padding: 0px 0px 0px 0px;background-position:left top;background-repeat:no-repeat;-webkit-background-size:cover;-moz-background-size:cover;-o-background-size:cover;background-size:cover;\"  data-bg-url=\"\">\n\t\t\t\t\t\t<div class=\"fusion-clearfix\"><\/div>\n\n\t\t\t\t\t<\/div>\n\t\t\t\t<\/div><div  class=\"fusion-layout-column fusion_builder_column fusion_builder_column_3_5  fusion-three-fifth 3_5\"  style='margin-top:0px;margin-bottom:20px;width:60%;width:calc(60% - ( ( 4% + 4% ) * 0.6 ) );margin-right: 4%;'>\n\t\t\t\t\t<div class=\"fusion-column-wrapper\" style=\"padding: 0px 0px 0px 0px;background-position:left top;background-repeat:no-repeat;-webkit-background-size:cover;-moz-background-size:cover;-o-background-size:cover;background-size:cover;\"  data-bg-url=\"\">\n\t\t\t\t\t\t<div class=\"fusion-text\"><h3 style=\"text-align: left;\"><strong>Du coupeur de limes au sp\u00e9cialiste international de l&#8217;outillage &#8211; Plus de 50 ans d&#8217;histoire de l&#8217;entreprise<br \/>\n<\/strong><\/h3>\n<\/div><div class=\"fusion-text\"><p style=\"text-align: left;\"><span style=\"font-size: 11.0pt; font-family: 'Arial',sans-serif;\">Lorsque les premi\u00e8res lames de scie circulaire \u00e0 pointe en carbure ont \u00e9t\u00e9 fabriqu\u00e9es en 1960 dans l&#8217;entreprise de limage de son p\u00e8re \u00e0 Engstlatt, ni Albert Knebel ni ses cinq employ\u00e9s ne pensaient probablement que cette entreprise deviendrait une soci\u00e9t\u00e9 active dans le monde entier et comptant 500 employ\u00e9s au cours des 50 ann\u00e9es suivantes. Tous les d\u00e9buts ont \u00e9t\u00e9 difficiles et la petite manufacture, dont le chiffre d&#8217;affaires annuel \u00e9tait de 25 000 DM en 1961, a d\u00fb se battre plus d&#8217;une fois pour survivre. <\/span><\/p>\n<\/div><div class=\"fusion-text\"><p style=\"text-align: left;\">Ce n&#8217;est qu&#8217;\u00e0 la fin des ann\u00e9es 1960 que les choses ont vraiment d\u00e9coll\u00e9, lorsque les lames de scie au carbure ont connu un boom dans l&#8217;industrie du bois et qu&#8217;au m\u00eame moment plusieurs repr\u00e9sentants commerciaux d&#8217;un grand concurrent ont commenc\u00e9 \u00e0 travailler pour la soci\u00e9t\u00e9 A. Knebel Werkzeugfabrik. \u00c0 l&#8217;\u00e9poque, une scie au carbure \u00e9tait tr\u00e8s ch\u00e8re. En 1968, une scie \u00e0 dents interchangeables d&#8217;un diam\u00e8tre de 300 mm et de 96 dents co\u00fbtait 190,00 DM. \u00c0 titre de comparaison, le salaire standard \u00e9tait de 350,75 DM par mois.<\/p>\n<\/div><div class=\"fusion-text\"><p style=\"text-align: left;\">Avec l&#8217;argent gagn\u00e9, il a \u00e9t\u00e9 possible d&#8217;investir dans de nouveaux employ\u00e9s, des machines et, en 1971, \u00e9galement dans un nouveau b\u00e2timent dans la H\u00f6lzlestra\u00dfe. Des succursales \u00e0 Herford et la premi\u00e8re succursale \u00e9trang\u00e8re \u00e0 Strasbourg ont suivi. Lorsqu&#8217;en 1975, les rectifieuses existantes ne suffisent plus \u00e0 produire la qualit\u00e9 A|K|E, Albert Knebel commence \u00e0 construire ses propres machines &#8220;AKEmat&#8221;.<\/p>\n<\/div><div class=\"fusion-text\"><p>Au d\u00e9part, pour les besoins propres de l&#8217;entreprise, puis pour des clients du monde entier. L&#8217;introduction de la technologie de d\u00e9coupe au laser, la production de fraises et de lames de scie diamant\u00e9es ainsi que l&#8217;\u00e9tablissement d&#8217;autres sites et d&#8217;un r\u00e9seau mondial de partenaires ont constitu\u00e9 d&#8217;autres \u00e9tapes importantes pour la soci\u00e9t\u00e9 \u00e9mergente AKE Knebel. Plusieurs brevets et des innovations qui fa\u00e7onnent le march\u00e9, comme les lames de scie circulaire pour bois massif Mustang ou la lame de scie circulaire Bombastic pour le traitement de l&#8217;aluminium, ont renforc\u00e9 la position de l&#8217;entreprise sur le march\u00e9. Avec le changement de g\u00e9n\u00e9ration d&#8217;Albert Knebel \u00e0 son fils Alexander Knebel au d\u00e9but du mill\u00e9naire, un cap important a \u00e9t\u00e9 fix\u00e9 pour la r\u00e9ussite de l&#8217;entreprise traditionnelle, qui se poursuit aujourd&#8217;hui.<\/p>\n<\/div><div class=\"fusion-clearfix\"><\/div>\n\n\t\t\t\t\t<\/div>\n\t\t\t\t<\/div><div  class=\"fusion-layout-column fusion_builder_column fusion_builder_column_1_5  fusion-one-fifth fusion-column-last 1_5\"  style='margin-top:0px;margin-bottom:0px;width:20%;width:calc(20% - ( ( 4% + 4% ) * 0.2 ) );'>\n\t\t\t\t\t<div class=\"fusion-column-wrapper\" style=\"padding: 0px 0px 0px 0px;background-position:left top;background-repeat:no-repeat;-webkit-background-size:cover;-moz-background-size:cover;-o-background-size:cover;background-size:cover;\"  data-bg-url=\"\">\n\t\t\t\t\t\t<div class=\"fusion-clearfix\"><\/div>\n\n\t\t\t\t\t<\/div>\n\t\t\t\t<\/div><div  class=\"fusion-layout-column fusion_builder_column fusion_builder_column_1_1  fusion-one-full fusion-column-first fusion-column-last 1_1\"  style='margin-top:0px;margin-bottom:0px;'>\n\t\t\t\t\t<div class=\"fusion-column-wrapper\" style=\"padding: 0px 0px 0px 0px;background-position:left top;background-repeat:no-repeat;-webkit-background-size:cover;-moz-background-size:cover;-o-background-size:cover;background-size:cover;\"  data-bg-url=\"\">\n\t\t\t\t\t\t<div class=\"fusion-sep-clear\"><\/div><div class=\"fusion-separator fusion-full-width-sep sep-shadow\" style=\"background:radial-gradient(ellipse at 50% -50% , #9d9d9d 0px, rgba(255, 255, 255, 0) 80%) repeat scroll 0 0 rgba(0, 0, 0, 0);background:-webkit-radial-gradient(ellipse at 50% -50% , #9d9d9d 0px, rgba(255, 255, 255, 0) 80%) repeat scroll 0 0 rgba(0, 0, 0, 0);background:-moz-radial-gradient(ellipse at 50% -50% , #9d9d9d 0px, rgba(255, 255, 255, 0) 80%) repeat scroll 0 0 rgba(0, 0, 0, 0);background:-o-radial-gradient(ellipse at 50% -50% , #9d9d9d 0px, rgba(255, 255, 255, 0) 80%) repeat scroll 0 0 rgba(0, 0, 0, 0);margin-left: auto;margin-right: auto;margin-top:;margin-bottom:20px;\"><\/div><div class=\"fusion-clearfix\"><\/div>\n\n\t\t\t\t\t<\/div>\n\t\t\t\t<\/div><div  data-animationType=fadeInDown data-animationDuration=0.6 data-animationOffset=100% class=\"fusion-layout-column fusion_builder_column fusion_builder_column_2_3  fusion-two-third fusion-column-first fusion-animated 2_3\"  style='margin-top:20px;margin-bottom:0px;width:66.66%;width:calc(66.66% - ( ( 4% ) * 0.6666 ) );margin-right: 4%;'>\n\t\t\t\t\t<div class=\"fusion-column-wrapper\" style=\"padding: 0px 0px 0px 0px;background-position:left top;background-repeat:no-repeat;-webkit-background-size:cover;-moz-background-size:cover;-o-background-size:cover;background-size:cover;\"  data-bg-url=\"\">\n\t\t\t\t\t\t<span class=\"fusion-imageframe imageframe-none imageframe-1 hover-type-none\"><img decoding=\"async\" src=\"http:\/\/ake.de\/wp-content\/uploads\/2019\/04\/AKEWerk1960.jpg\" width=\"\" height=\"\" alt=\"\" title=\"AKEWerk1960\" class=\"img-responsive wp-image-7581\" srcset=\"https:\/\/ake.de\/wp-content\/uploads\/2019\/04\/AKEWerk1960-200x53.jpg 200w, https:\/\/ake.de\/wp-content\/uploads\/2019\/04\/AKEWerk1960-400x107.jpg 400w, https:\/\/ake.de\/wp-content\/uploads\/2019\/04\/AKEWerk1960-600x160.jpg 600w, https:\/\/ake.de\/wp-content\/uploads\/2019\/04\/AKEWerk1960-800x213.jpg 800w, https:\/\/ake.de\/wp-content\/uploads\/2019\/04\/AKEWerk1960-1200x320.jpg 1200w, https:\/\/ake.de\/wp-content\/uploads\/2019\/04\/AKEWerk1960.jpg 6250w\" sizes=\"(max-width: 1200px) 100vw, 1200px\" \/><\/span><div class=\"fusion-clearfix\"><\/div>\n\n\t\t\t\t\t<\/div>\n\t\t\t\t<\/div><div  data-animationType=fadeInDown data-animationDuration=0.6 data-animationOffset=100% class=\"fusion-layout-column fusion_builder_column fusion_builder_column_1_3  fusion-one-third fusion-column-last fusion-animated 1_3\"  style='margin-top:0px;margin-bottom:0px;width:33.33%;width:calc(33.33% - ( ( 4% ) * 0.3333 ) );'>\n\t\t\t\t\t<div class=\"fusion-column-wrapper\" style=\"padding: 0px 0px 0px 0px;background-position:left top;background-repeat:no-repeat;-webkit-background-size:cover;-moz-background-size:cover;-o-background-size:cover;background-size:cover;\"  data-bg-url=\"\">\n\t\t\t\t\t\t<div class=\"fusion-text\"><h3 style=\"text-align: left;\"><strong>Notre parcours&#8230;<br \/>\n<\/strong><\/h3>\n<\/div><div class=\"fusion-text\"><p><strong>1960 Fondation de AKE Knebel<\/strong><br \/>\n1975 Fondation de l&#8217;AKE France<br \/>\n1980 Fondation de l&#8217;AKE Knebel &amp; Forster<br \/>\n1990 Fondation de l&#8217;AKE Bernau AKE Hongrie<br \/>\n1995 Fondation de l&#8217;AKE Rietberg<br \/>\n1997 Achat de la fabrication de scies WAGNER<br \/>\n1999 Fondation d&#8217;AKE Roumanie<br \/>\n2002 Fondation d&#8217;AKE Pologne<br \/>\n2004 Prix Thermoface pour la protection de l&#8217;environnement &amp; fondation de AKE UK<\/p>\n<\/div><div class=\"fusion-clearfix\"><\/div>\n\n\t\t\t\t\t<\/div>\n\t\t\t\t<\/div><div  data-animationType=fadeInDown data-animationDuration=0.6 data-animationOffset=100% class=\"fusion-layout-column fusion_builder_column fusion_builder_column_1_3  fusion-one-third fusion-column-first fusion-animated 1_3\"  style='margin-top:20px;margin-bottom:20px;width:33.33%;width:calc(33.33% - ( ( 4% ) * 0.3333 ) );margin-right: 4%;'>\n\t\t\t\t\t<div class=\"fusion-column-wrapper\" style=\"padding: 0px 0px 0px 0px;background-position:left top;background-repeat:no-repeat;-webkit-background-size:cover;-moz-background-size:cover;-o-background-size:cover;background-size:cover;\"  data-bg-url=\"\">\n\t\t\t\t\t\t<div class=\"fusion-text\"><h3 style=\"text-align: left;\"><strong>&#8230; jusqu&#8217;\u00e0 aujourd&#8217;hui<br \/>\n<\/strong><\/h3>\n<\/div><div class=\"fusion-text\"><p>2006 Fondation AKE Technology Tha\u00eflande<br \/>\n2006 AKE Chine<br \/>\n2007 Fusion de NL Bad Oeynhausen et NL Rietberg<br \/>\n2008 Fondation AKE R\u00e9publique Tch\u00e8que &amp; AKE RUS<br \/>\n2009 Partenaire exclusif de CMT en Allemagne<br \/>\n2010 50e anniversaire de l&#8217;entreprise<br \/>\n2011 Fondation de AKE Woodtech Malaysia<br \/>\nGagnant 2013 du prix de l&#8217;innovation Ligna<br \/>\n2014 Remise du prix RedDot et du prix de l&#8217;innovation VR<br \/>\n<strong>2020 60e anniversaire de l&#8217;entreprise<\/strong><\/p>\n<\/div><div class=\"fusion-clearfix\"><\/div>\n\n\t\t\t\t\t<\/div>\n\t\t\t\t<\/div><div  data-animationType=fadeInDown data-animationDuration=0.6 data-animationOffset=100% class=\"fusion-layout-column fusion_builder_column fusion_builder_column_2_3  fusion-two-third fusion-column-last fusion-animated 2_3\"  style='margin-top:40px;margin-bottom:30px;width:66.66%;width:calc(66.66% - ( ( 4% ) * 0.6666 ) );'>\n\t\t\t\t\t<div class=\"fusion-column-wrapper\" style=\"padding: 0px 0px 0px 0px;background-position:left top;background-repeat:no-repeat;-webkit-background-size:cover;-moz-background-size:cover;-o-background-size:cover;background-size:cover;\"  data-bg-url=\"\">\n\t\t\t\t\t\t<span class=\"fusion-imageframe imageframe-none imageframe-2 hover-type-none\"><img decoding=\"async\" src=\"http:\/\/ake.de\/wp-content\/uploads\/2019\/04\/Ausstellung.jpg\" width=\"\" height=\"\" alt=\"\" title=\"Ausstellung\" class=\"img-responsive wp-image-7587\" srcset=\"https:\/\/ake.de\/wp-content\/uploads\/2019\/04\/Ausstellung-200x53.jpg 200w, https:\/\/ake.de\/wp-content\/uploads\/2019\/04\/Ausstellung-400x107.jpg 400w, https:\/\/ake.de\/wp-content\/uploads\/2019\/04\/Ausstellung-600x160.jpg 600w, https:\/\/ake.de\/wp-content\/uploads\/2019\/04\/Ausstellung-800x213.jpg 800w, https:\/\/ake.de\/wp-content\/uploads\/2019\/04\/Ausstellung-1200x320.jpg 1200w, https:\/\/ake.de\/wp-content\/uploads\/2019\/04\/Ausstellung.jpg 6250w\" sizes=\"(max-width: 1200px) 100vw, 1200px\" \/><\/span><div class=\"fusion-clearfix\"><\/div>\n\n\t\t\t\t\t<\/div>\n\t\t\t\t<\/div><\/div><\/div>\n","protected":false},"excerpt":{"rendered":"","protected":false},"author":1,"featured_media":0,"parent":0,"menu_order":0,"comment_status":"closed","ping_status":"closed","template":"","meta":{"footnotes":""},"class_list":["post-13078","page","type-page","status-publish","hentry"],"_links":{"self":[{"href":"https:\/\/ake.de\/fr\/wp-json\/wp\/v2\/pages\/13078","targetHints":{"allow":["GET"]}}],"collection":[{"href":"https:\/\/ake.de\/fr\/wp-json\/wp\/v2\/pages"}],"about":[{"href":"https:\/\/ake.de\/fr\/wp-json\/wp\/v2\/types\/page"}],"author":[{"embeddable":true,"href":"https:\/\/ake.de\/fr\/wp-json\/wp\/v2\/users\/1"}],"replies":[{"embeddable":true,"href":"https:\/\/ake.de\/fr\/wp-json\/wp\/v2\/comments?post=13078"}],"version-history":[{"count":11,"href":"https:\/\/ake.de\/fr\/wp-json\/wp\/v2\/pages\/13078\/revisions"}],"predecessor-version":[{"id":13512,"href":"https:\/\/ake.de\/fr\/wp-json\/wp\/v2\/pages\/13078\/revisions\/13512"}],"wp:attachment":[{"href":"https:\/\/ake.de\/fr\/wp-json\/wp\/v2\/media?parent=13078"}],"curies":[{"name":"wp","href":"https:\/\/api.w.org\/{rel}","templated":true}]}}