{"id":13066,"date":"2021-07-15T09:09:51","date_gmt":"2021-07-15T08:09:51","guid":{"rendered":"https:\/\/ake.de\/jeunes-professionnels\/"},"modified":"2021-08-11T10:21:41","modified_gmt":"2021-08-11T09:21:41","slug":"jeunes-professionnels","status":"publish","type":"page","link":"https:\/\/ake.de\/fr\/jeunes-professionnels\/","title":{"rendered":"Jeunes professionnels"},"content":{"rendered":"<div class=\"fusion-fullwidth fullwidth-box nonhundred-percent-fullwidth non-hundred-percent-height-scrolling\"  style='background-color: rgba(255,255,255,0);background-position: center center;background-repeat: no-repeat;padding-top:0px;padding-right:0px;padding-bottom:0px;padding-left:0px;'><div class=\"fusion-builder-row fusion-row \"><div  class=\"fusion-layout-column fusion_builder_column fusion_builder_column_1_1  fusion-one-full fusion-column-first fusion-column-last 1_1\"  style='margin-top:0px;margin-bottom:0px;'>\n\t\t\t\t\t<div class=\"fusion-column-wrapper\" style=\"padding: 0px 0px 0px 0px;background-position:left top;background-repeat:no-repeat;-webkit-background-size:cover;-moz-background-size:cover;-o-background-size:cover;background-size:cover;\"  data-bg-url=\"\">\n\t\t\t\t\t\t<div class=\"fusion-title title fusion-sep-none fusion-title-size-one\" style=\"margin-top:20px;margin-bottom:0px;\"><h1 class=\"title-heading-left\"><p style=\"text-align: left;\"><span style=\"color: #999999;\">D\u00e9buts de carri\u00e8re<\/span><\/p><\/h1><\/div>\n\t\t<!-- MasterSlider -->\n\t\t<div id=\"P_MS672898d433955\" class=\"master-slider-parent ms-parent-id-59\" style=\"\" >\n\n\t\t\t\n\t\t\t<!-- MasterSlider Main -->\n\t\t\t<div id=\"MS672898d433955\" class=\"master-slider ms-skin-default\" >\n\t\t\t\t \t\t\t\t \n<div class=\"ms-overlay-layers\">\t\t\t\t\t<div  class=\"ms-layer  msp-cn-9-18\" style=\"\"   data-effect=\"t(true,-150,n,n,n,n,n,n,n,n,n,n,n,n,n)\"  data-delay=\"350\" data-ease=\"easeOutQuint\"              data-widthlimit=\"500\"  data-offset-x=\"119\" data-offset-y=\"-28\" data-origin=\"ml\"   >\n<p style=\"font-size:18px\"><strong>Ausbildungsleiter<\/strong><br\/><br\/>\n<span style=\"font-size:13px\">\"Deine Chance, dein<br\/>Grundstein f\u00fcr die Zukunft.<br\/>Komm jetzt zum<br\/>Werkzeugexperten: AKE.\"<\/span><br\/><br\/>\n<span style=\"font-size:15px\">Timo Buckenmaier<\/span><\/p><\/div>\n\n\t\t\t\t\t<img decoding=\"async\"  class=\"ms-layer\" src=\"https:\/\/ake.de\/wp-content\/plugins\/masterslider\/public\/assets\/css\/blank.gif\" data-src=\"https:\/\/ake.de\/wp-content\/uploads\/2024\/10\/Timo.png\" alt=\"\" style=\"width:350px;\"  data-effect=\"t(true,-500,n,n,n,n,n,n,n,n,n,n,n,n,n)\" data-duration=\"862\"  data-ease=\"easeOutQuint\"        data-type=\"image\"      data-widthlimit=\"500\"    data-offset-x=\"0\" data-offset-y=\"2\" data-origin=\"tl\"  \/>\n\n<\/div>\n\t\t\t<div  class=\"ms-slide\" data-delay=\"3\" data-fill-mode=\"fill\"   >\n\t\t\t\t\t<img decoding=\"async\" src=\"https:\/\/ake.de\/wp-content\/plugins\/masterslider\/public\/assets\/css\/blank.gif\" alt=\"\" title=\"\" data-src=\"https:\/\/ake.de\/wp-content\/uploads\/2019\/04\/IMG_1037.jpg\" \/>\n\n\n\t\t\t\t<\/div>\n\n\t\t\t<\/div>\n\t\t\t<!-- END MasterSlider Main -->\n\n\t\t\t \n\t\t<\/div>\n\t\t<!-- END MasterSlider -->\n\n\t\t<script>\n\t\t( window.MSReady = window.MSReady || [] ).push( function( $ ) {\n\n\t\t\t\"use strict\";\n\t\t\tvar masterslider_3955 = new MasterSlider();\n\n\t\t\t\/\/ slider controls\n\t\t\t\/\/ slider setup\n\t\t\tmasterslider_3955.setup(\"MS672898d433955\", {\n\t\t\t\twidth           : 1920,\n\t\t\t\theight          : 360,\n\t\t\t\tminHeight       : 200,\n\t\t\t\tspace           : 0,\n\t\t\t\tstart           : 1,\n\t\t\t\tgrabCursor      : true,\n\t\t\t\tswipe           : false,\n\t\t\t\tmouse           : false,\n\t\t\t\tkeyboard        : false,\n\t\t\t\tlayout          : \"fullwidth\",\n\t\t\t\twheel           : false,\n\t\t\t\tautoplay        : false,\n                instantStartLayers:false,\n\t\t\t\tmobileBGVideo:false,\n\t\t\t\tloop            : false,\n\t\t\t\tshuffle         : false,\n\t\t\t\tpreload         : 'all',\n\t\t\t\theightLimit     : true,\n\t\t\t\tautoHeight      : false,\n\t\t\t\tsmoothHeight    : true,\n\t\t\t\tendPause        : false,\n\t\t\t\toverPause       : false,\n\t\t\t\tfillMode        : \"fill\",\n\t\t\t\tcenterControls  : false,\n\t\t\t\tstartOnAppear   : false,\n\t\t\t\tlayersMode      : \"center\",\n\t\t\t\tautofillTarget  : \"\",\n\t\t\t\thideLayers      : false,\n\t\t\t\tfullscreenMargin: 0,\n\t\t\t\tspeed           : 20,\n\t\t\t\tdir             : \"h\",\n\t\t\t\tresponsive      : true,\n\t\t\t\ttabletWidth     : 768,\n\t\t\t\ttabletHeight    : null,\n\t\t\t\tphoneWidth      : 480,\n\t\t\t\tphoneHeight    : null,\n\t\t\t\tsizingReference : window,\n\t\t\t\tparallaxMode    : 'swipe',\n\t\t\t\tview            : \"fade\"\n\t\t\t});\n\n\t\t\t\n\t\t\twindow.masterslider_instances = window.masterslider_instances || [];\n\t\t\twindow.masterslider_instances.push( masterslider_3955 );\n\t\t});\n\t\t<\/script>\n\n<div class=\"fusion-clearfix\"><\/div>\n\n\t\t\t\t\t<\/div>\n\t\t\t\t<\/div><div  class=\"fusion-layout-column fusion_builder_column fusion_builder_column_1_5  fusion-one-fifth fusion-column-first 1_5\"  style='margin-top:0px;margin-bottom:0px;width:20%;width:calc(20% - ( ( 4% + 4% ) * 0.2 ) );margin-right: 4%;'>\n\t\t\t\t\t<div class=\"fusion-column-wrapper\" style=\"padding: 0px 0px 0px 0px;background-position:left top;background-repeat:no-repeat;-webkit-background-size:cover;-moz-background-size:cover;-o-background-size:cover;background-size:cover;\"  data-bg-url=\"\">\n\t\t\t\t\t\t<div class=\"fusion-clearfix\"><\/div>\n\n\t\t\t\t\t<\/div>\n\t\t\t\t<\/div><div  class=\"fusion-layout-column fusion_builder_column fusion_builder_column_3_5  fusion-three-fifth 3_5\"  style='margin-top:0px;margin-bottom:0px;width:60%;width:calc(60% - ( ( 4% + 4% ) * 0.6 ) );margin-right: 4%;'>\n\t\t\t\t\t<div class=\"fusion-column-wrapper\" style=\"padding: 0px 0px 0px 0px;background-position:left top;background-repeat:no-repeat;-webkit-background-size:cover;-moz-background-size:cover;-o-background-size:cover;background-size:cover;\"  data-bg-url=\"\">\n\t\t\t\t\t\t<div class=\"fusion-text\"><h3 style=\"text-align: left;\"><strong>D\u00c9MARREZ VOTRE CARRI\u00c8RE CHEZ AKE<br \/>\n<\/strong><\/h3>\n<\/div><div class=\"fusion-text\"><p>Le premier pas dans la vie professionnelle est particuli\u00e8rement important. Il est important de trouver le bon &#8220;partenaire&#8221; qui prend les stagiaires et votre formation au s\u00e9rieux.<\/p>\n<p>Nous vous proposons une formation vari\u00e9e dans laquelle vous pouvez apporter vos comp\u00e9tences et int\u00e9r\u00eats personnels et contribuer ainsi \u00e0 notre r\u00e9ussite commune d\u00e8s le premier jour. Saisissez votre chance maintenant chez AKE. Nous attendons des stagiaires et des \u00e9tudiants engag\u00e9s et motiv\u00e9s<br \/>\nde l&#8217;Universit\u00e9 double (DH) qui veulent fa\u00e7onner activement leur avenir !<\/p>\n<p>Des t\u00e2ches passionnantes et de bonnes perspectives vous attendent. Rejoignez la grande famille AKE !<\/p>\n<\/div><div class=\"fusion-clearfix\"><\/div>\n\n\t\t\t\t\t<\/div>\n\t\t\t\t<\/div><div  class=\"fusion-layout-column fusion_builder_column fusion_builder_column_1_5  fusion-one-fifth fusion-column-last 1_5\"  style='margin-top:0px;margin-bottom:0px;width:20%;width:calc(20% - ( ( 4% + 4% ) * 0.2 ) );'>\n\t\t\t\t\t<div class=\"fusion-column-wrapper\" style=\"padding: 0px 0px 0px 0px;background-position:left top;background-repeat:no-repeat;-webkit-background-size:cover;-moz-background-size:cover;-o-background-size:cover;background-size:cover;\"  data-bg-url=\"\">\n\t\t\t\t\t\t<div class=\"fusion-clearfix\"><\/div>\n\n\t\t\t\t\t<\/div>\n\t\t\t\t<\/div><div  class=\"fusion-layout-column fusion_builder_column fusion_builder_column_1_1  fusion-one-full fusion-column-first fusion-column-last 1_1\"  style='margin-top:0px;margin-bottom:0px;'>\n\t\t\t\t\t<div class=\"fusion-column-wrapper\" style=\"padding: 0px 0px 0px 0px;background-position:left top;background-repeat:no-repeat;-webkit-background-size:cover;-moz-background-size:cover;-o-background-size:cover;background-size:cover;\"  data-bg-url=\"\">\n\t\t\t\t\t\t<div class=\"fusion-sep-clear\"><\/div><div class=\"fusion-separator fusion-full-width-sep sep-shadow\" style=\"background:radial-gradient(ellipse at 50% -50% , #9d9d9d 0px, rgba(255, 255, 255, 0) 80%) repeat scroll 0 0 rgba(0, 0, 0, 0);background:-webkit-radial-gradient(ellipse at 50% -50% , #9d9d9d 0px, rgba(255, 255, 255, 0) 80%) repeat scroll 0 0 rgba(0, 0, 0, 0);background:-moz-radial-gradient(ellipse at 50% -50% , #9d9d9d 0px, rgba(255, 255, 255, 0) 80%) repeat scroll 0 0 rgba(0, 0, 0, 0);background:-o-radial-gradient(ellipse at 50% -50% , #9d9d9d 0px, rgba(255, 255, 255, 0) 80%) repeat scroll 0 0 rgba(0, 0, 0, 0);margin-left: auto;margin-right: auto;margin-top:;margin-bottom:20px;\"><\/div><div class=\"fusion-clearfix\"><\/div>\n\n\t\t\t\t\t<\/div>\n\t\t\t\t<\/div><div  data-animationType=fadeInDown data-animationDuration=0.6 data-animationOffset=100% class=\"fusion-layout-column fusion_builder_column fusion_builder_column_2_3  fusion-two-third fusion-column-first fusion-animated 2_3\"  style='margin-top:20px;margin-bottom:0px;width:66.66%;width:calc(66.66% - ( ( 4% ) * 0.6666 ) );margin-right: 4%;'>\n\t\t\t\t\t<div class=\"fusion-column-wrapper\" style=\"padding: 0px 0px 0px 0px;background-position:left top;background-repeat:no-repeat;-webkit-background-size:cover;-moz-background-size:cover;-o-background-size:cover;background-size:cover;\"  data-bg-url=\"\">\n\t\t\t\t\t\t<span class=\"fusion-imageframe imageframe-none imageframe-1 hover-type-none\"><img decoding=\"async\" src=\"http:\/\/ake.de\/wp-content\/uploads\/2019\/04\/AzubisaneinerMaschine.jpg\" width=\"\" height=\"\" alt=\"\" title=\"Stagiaires sur une machine\" class=\"img-responsive wp-image-6389\" srcset=\"https:\/\/ake.de\/wp-content\/uploads\/2019\/04\/AzubisaneinerMaschine-200x53.jpg 200w, https:\/\/ake.de\/wp-content\/uploads\/2019\/04\/AzubisaneinerMaschine-400x107.jpg 400w, https:\/\/ake.de\/wp-content\/uploads\/2019\/04\/AzubisaneinerMaschine-600x160.jpg 600w, https:\/\/ake.de\/wp-content\/uploads\/2019\/04\/AzubisaneinerMaschine-800x213.jpg 800w, https:\/\/ake.de\/wp-content\/uploads\/2019\/04\/AzubisaneinerMaschine-1200x320.jpg 1200w, https:\/\/ake.de\/wp-content\/uploads\/2019\/04\/AzubisaneinerMaschine.jpg 6250w\" sizes=\"(max-width: 1200px) 100vw, 1200px\" \/><\/span><div class=\"fusion-clearfix\"><\/div>\n\n\t\t\t\t\t<\/div>\n\t\t\t\t<\/div><div  data-animationType=fadeInDown data-animationDuration=0.6 data-animationOffset=100% class=\"fusion-layout-column fusion_builder_column fusion_builder_column_1_3  fusion-one-third fusion-column-last fusion-animated 1_3\"  style='margin-top:0px;margin-bottom:0px;width:33.33%;width:calc(33.33% - ( ( 4% ) * 0.3333 ) );'>\n\t\t\t\t\t<div class=\"fusion-column-wrapper\" style=\"padding: 0px 0px 0px 0px;background-position:left top;background-repeat:no-repeat;-webkit-background-size:cover;-moz-background-size:cover;-o-background-size:cover;background-size:cover;\"  data-bg-url=\"\">\n\t\t\t\t\t\t<div class=\"fusion-text\"><h3 style=\"text-align: left;\"><strong>Formation industrielle et technique<br \/>\n<\/strong><\/h3>\n<\/div><div class=\"fusion-text\"><p>Sur le site de Balingen<\/p>\n<p>Dans notre propre atelier de formation, nous vous enseignons les comp\u00e9tences de base telles que le tra\u00e7age, le fraisage et le tournage pendant la premi\u00e8re ann\u00e9e de formation. Avec ces connaissances de base, vous serez ensuite activement impliqu\u00e9 dans notre production au cours de la deuxi\u00e8me ann\u00e9e de votre apprentissage. Vous y apprendrez de mani\u00e8re pratique l&#8217;ensemble du processus de production, de la soudure des dents en carbure \u00e0 l&#8217;inspection finale.<\/p>\n<\/div><div class=\"fusion-clearfix\"><\/div>\n\n\t\t\t\t\t<\/div>\n\t\t\t\t<\/div><div  data-animationType=fadeInDown data-animationDuration=0.6 data-animationOffset=100% class=\"fusion-layout-column fusion_builder_column fusion_builder_column_1_3  fusion-one-third fusion-column-first fusion-animated 1_3\"  style='margin-top:20px;margin-bottom:0px;width:33.33%;width:calc(33.33% - ( ( 4% ) * 0.3333 ) );margin-right: 4%;'>\n\t\t\t\t\t<div class=\"fusion-column-wrapper\" style=\"padding: 0px 0px 0px 0px;background-position:left top;background-repeat:no-repeat;-webkit-background-size:cover;-moz-background-size:cover;-o-background-size:cover;background-size:cover;\"  data-bg-url=\"\">\n\t\t\t\t\t\t<div class=\"fusion-text\"><h3 style=\"text-align: left;\"><strong>Formation commerciale et technique<br \/>\n<\/strong><\/h3>\n<\/div><div class=\"fusion-text\"><p>Sur le site de Balingen\/Rietberg<\/p>\n<p>En tant que stagiaire chez AKE, vous apprendrez \u00e0 conna\u00eetre le large \u00e9ventail d&#8217;une entreprise industrielle de taille moyenne. Vous travaillerez dans tous les d\u00e9partements, tant commerciaux que techniques. Vous participerez activement \u00e0 la vente de nos outils, vous vous procurerez les mati\u00e8res premi\u00e8res n\u00e9cessaires dans le cadre des achats ou vous prendrez en charge la r\u00e9ception des marchandises et<br \/>\nles paiements de nos clients. Par ailleurs, vous d\u00e9couvrirez le contexte technique de nos outils, comme la conception de nos lames de scie circulaire ou de nos fraises.<\/p>\n<\/div><div class=\"fusion-clearfix\"><\/div>\n\n\t\t\t\t\t<\/div>\n\t\t\t\t<\/div><div  data-animationType=fadeInDown data-animationDuration=0.6 data-animationOffset=100% class=\"fusion-layout-column fusion_builder_column fusion_builder_column_2_3  fusion-two-third fusion-column-last fusion-animated 2_3\"  style='margin-top:40px;margin-bottom:0px;width:66.66%;width:calc(66.66% - ( ( 4% ) * 0.6666 ) );'>\n\t\t\t\t\t<div class=\"fusion-column-wrapper\" style=\"padding: 0px 0px 0px 0px;background-position:left top;background-repeat:no-repeat;-webkit-background-size:cover;-moz-background-size:cover;-o-background-size:cover;background-size:cover;\"  data-bg-url=\"\">\n\t\t\t\t\t\t<span class=\"fusion-imageframe imageframe-none imageframe-2 hover-type-none\"><img decoding=\"async\" src=\"http:\/\/ake.de\/wp-content\/uploads\/2019\/04\/AzubismitLKW.jpg\" width=\"\" height=\"\" alt=\"\" title=\"AzubismitLKW\" class=\"img-responsive wp-image-6383\" srcset=\"https:\/\/ake.de\/wp-content\/uploads\/2019\/04\/AzubismitLKW-200x53.jpg 200w, https:\/\/ake.de\/wp-content\/uploads\/2019\/04\/AzubismitLKW-400x107.jpg 400w, https:\/\/ake.de\/wp-content\/uploads\/2019\/04\/AzubismitLKW-600x160.jpg 600w, https:\/\/ake.de\/wp-content\/uploads\/2019\/04\/AzubismitLKW-800x213.jpg 800w, https:\/\/ake.de\/wp-content\/uploads\/2019\/04\/AzubismitLKW-1200x320.jpg 1200w, https:\/\/ake.de\/wp-content\/uploads\/2019\/04\/AzubismitLKW.jpg 6250w\" sizes=\"(max-width: 1200px) 100vw, 1200px\" \/><\/span><div class=\"fusion-clearfix\"><\/div>\n\n\t\t\t\t\t<\/div>\n\t\t\t\t<\/div><div  data-animationType=fadeInDown data-animationDuration=0.6 data-animationOffset=100% class=\"fusion-layout-column fusion_builder_column fusion_builder_column_2_3  fusion-two-third fusion-column-first fusion-animated 2_3\"  style='margin-top:20px;margin-bottom:30px;width:66.66%;width:calc(66.66% - ( ( 4% ) * 0.6666 ) );margin-right: 4%;'>\n\t\t\t\t\t<div class=\"fusion-column-wrapper\" style=\"padding: 0px 0px 0px 0px;background-position:left top;background-repeat:no-repeat;-webkit-background-size:cover;-moz-background-size:cover;-o-background-size:cover;background-size:cover;\"  data-bg-url=\"\">\n\t\t\t\t\t\t<span class=\"fusion-imageframe imageframe-none imageframe-3 hover-type-none\"><img decoding=\"async\" src=\"http:\/\/ake.de\/wp-content\/uploads\/2019\/04\/AzubisamLaptop.jpg\" width=\"\" height=\"\" alt=\"\" title=\"Stagiaires sur ordinateur portable\" class=\"img-responsive wp-image-6376\" srcset=\"https:\/\/ake.de\/wp-content\/uploads\/2019\/04\/AzubisamLaptop-200x53.jpg 200w, https:\/\/ake.de\/wp-content\/uploads\/2019\/04\/AzubisamLaptop-400x107.jpg 400w, https:\/\/ake.de\/wp-content\/uploads\/2019\/04\/AzubisamLaptop-600x160.jpg 600w, https:\/\/ake.de\/wp-content\/uploads\/2019\/04\/AzubisamLaptop-800x213.jpg 800w, https:\/\/ake.de\/wp-content\/uploads\/2019\/04\/AzubisamLaptop-1200x320.jpg 1200w, https:\/\/ake.de\/wp-content\/uploads\/2019\/04\/AzubisamLaptop.jpg 6250w\" sizes=\"(max-width: 1200px) 100vw, 1200px\" \/><\/span><div class=\"fusion-clearfix\"><\/div>\n\n\t\t\t\t\t<\/div>\n\t\t\t\t<\/div><div  data-animationType=fadeInDown data-animationDuration=0.6 data-animationOffset=100% class=\"fusion-layout-column fusion_builder_column fusion_builder_column_1_3  fusion-one-third fusion-column-last fusion-animated 1_3\"  style='margin-top:0px;margin-bottom:0px;width:33.33%;width:calc(33.33% - ( ( 4% ) * 0.3333 ) );'>\n\t\t\t\t\t<div class=\"fusion-column-wrapper\" style=\"padding: 0px 0px 0px 0px;background-position:left top;background-repeat:no-repeat;-webkit-background-size:cover;-moz-background-size:cover;-o-background-size:cover;background-size:cover;\"  data-bg-url=\"\">\n\t\t\t\t\t\t<div class=\"fusion-text\"><h3 style=\"text-align: left;\"><strong>Double \u00e9tudes<br \/>\n<\/strong><\/h3>\n<\/div><div class=\"fusion-text\"><p>Sur le site de Balingen<\/p>\n<p>En tant qu&#8217;\u00e9tudiant DH chez AKE, vous d\u00e9couvrirez le large \u00e9ventail d&#8217;une entreprise industrielle de taille moyenne. Vous participerez activement aux activit\u00e9s quotidiennes et vous nous soutiendrez dans les projets interd\u00e9partementaux. Gr\u00e2ce \u00e0 l&#8217;orientation internationale et \u00e0 la formation compl\u00e8te, tant dans les d\u00e9partements sp\u00e9cialis\u00e9s classiques que dans les domaines techniques sp\u00e9ciaux, les meilleures perspectives de carri\u00e8re s&#8217;offrent \u00e0 vous.<\/p>\n<\/div><div class=\"fusion-clearfix\"><\/div>\n\n\t\t\t\t\t<\/div>\n\t\t\t\t<\/div><div  class=\"fusion-layout-column fusion_builder_column fusion_builder_column_1_1  fusion-one-full fusion-column-first fusion-column-last 1_1\"  style='margin-top:0px;margin-bottom:0px;'>\n\t\t\t\t\t<div class=\"fusion-column-wrapper\" style=\"padding: 0px 0px 0px 0px;background-position:left top;background-repeat:no-repeat;-webkit-background-size:cover;-moz-background-size:cover;-o-background-size:cover;background-size:cover;\"  data-bg-url=\"\">\n\t\t\t\t\t\t<div class=\"fusion-sep-clear\"><\/div><div class=\"fusion-separator fusion-full-width-sep sep-shadow\" style=\"background:radial-gradient(ellipse at 50% -50% , #9d9d9d 0px, rgba(255, 255, 255, 0) 80%) repeat scroll 0 0 rgba(0, 0, 0, 0);background:-webkit-radial-gradient(ellipse at 50% -50% , #9d9d9d 0px, rgba(255, 255, 255, 0) 80%) repeat scroll 0 0 rgba(0, 0, 0, 0);background:-moz-radial-gradient(ellipse at 50% -50% , #9d9d9d 0px, rgba(255, 255, 255, 0) 80%) repeat scroll 0 0 rgba(0, 0, 0, 0);background:-o-radial-gradient(ellipse at 50% -50% , #9d9d9d 0px, rgba(255, 255, 255, 0) 80%) repeat scroll 0 0 rgba(0, 0, 0, 0);margin-left: auto;margin-right: auto;margin-top:;margin-bottom:30px;\"><\/div><div class=\"fusion-text\"><h3 style=\"text-align: left;\"><strong>Apprentissages chez AKE :<br \/>\n<\/strong><\/h3>\n<\/div><div class=\"fusion-clearfix\"><\/div>\n\n\t\t\t\t\t<\/div>\n\t\t\t\t<\/div><div  class=\"fusion-layout-column fusion_builder_column fusion_builder_column_1_5  fusion-one-fifth fusion-column-first 1_5\"  style='margin-top:40px;margin-bottom:30px;width:20%;width:calc(20% - ( ( 4% + 4% ) * 0.2 ) );margin-right: 4%;'>\n\t\t\t\t\t<div class=\"fusion-column-wrapper\" style=\"padding: 0px 0px 0px 0px;background-position:left top;background-repeat:no-repeat;-webkit-background-size:cover;-moz-background-size:cover;-o-background-size:cover;background-size:cover;\"  data-bg-url=\"\">\n\t\t\t\t\t\t<div class=\"fusion-clearfix\"><\/div>\n\n\t\t\t\t\t<\/div>\n\t\t\t\t<\/div><div  class=\"fusion-layout-column fusion_builder_column fusion_builder_column_3_5  fusion-three-fifth 3_5\"  style='margin-top:40px;margin-bottom:30px;width:60%;width:calc(60% - ( ( 4% + 4% ) * 0.6 ) );margin-right: 4%;'>\n\t\t\t\t\t<div class=\"fusion-column-wrapper\" style=\"padding: 0px 0px 0px 0px;background-position:left top;background-repeat:no-repeat;-webkit-background-size:cover;-moz-background-size:cover;-o-background-size:cover;background-size:cover;\"  data-bg-url=\"\">\n\t\t\t\t\t\t<div id=\"psJobWidget\"><\/div>\r\n    <script src=\"https:\/\/ake-knebel.jobbase.io\/widget\/iframe.js?config=uly4cb2u\"><\/script>\r\n\r\n<div class=\"fusion-clearfix\"><\/div>\n\n\t\t\t\t\t<\/div>\n\t\t\t\t<\/div><div  class=\"fusion-layout-column fusion_builder_column fusion_builder_column_1_5  fusion-one-fifth fusion-column-last 1_5\"  style='margin-top:40px;margin-bottom:30px;width:20%;width:calc(20% - ( ( 4% + 4% ) * 0.2 ) );'>\n\t\t\t\t\t<div class=\"fusion-column-wrapper\" style=\"padding: 0px 0px 0px 0px;background-position:left top;background-repeat:no-repeat;-webkit-background-size:cover;-moz-background-size:cover;-o-background-size:cover;background-size:cover;\"  data-bg-url=\"\">\n\t\t\t\t\t\t<div class=\"fusion-clearfix\"><\/div>\n\n\t\t\t\t\t<\/div>\n\t\t\t\t<\/div><\/div><\/div>\n","protected":false},"excerpt":{"rendered":"","protected":false},"author":1,"featured_media":0,"parent":0,"menu_order":0,"comment_status":"closed","ping_status":"closed","template":"","meta":{"footnotes":""},"class_list":["post-13066","page","type-page","status-publish","hentry"],"_links":{"self":[{"href":"https:\/\/ake.de\/fr\/wp-json\/wp\/v2\/pages\/13066","targetHints":{"allow":["GET"]}}],"collection":[{"href":"https:\/\/ake.de\/fr\/wp-json\/wp\/v2\/pages"}],"about":[{"href":"https:\/\/ake.de\/fr\/wp-json\/wp\/v2\/types\/page"}],"author":[{"embeddable":true,"href":"https:\/\/ake.de\/fr\/wp-json\/wp\/v2\/users\/1"}],"replies":[{"embeddable":true,"href":"https:\/\/ake.de\/fr\/wp-json\/wp\/v2\/comments?post=13066"}],"version-history":[{"count":11,"href":"https:\/\/ake.de\/fr\/wp-json\/wp\/v2\/pages\/13066\/revisions"}],"predecessor-version":[{"id":13558,"href":"https:\/\/ake.de\/fr\/wp-json\/wp\/v2\/pages\/13066\/revisions\/13558"}],"wp:attachment":[{"href":"https:\/\/ake.de\/fr\/wp-json\/wp\/v2\/media?parent=13066"}],"curies":[{"name":"wp","href":"https:\/\/api.w.org\/{rel}","templated":true}]}}